{"id":13,"date":"2024-04-04T02:50:16","date_gmt":"2024-04-03T23:50:16","guid":{"rendered":"https:\/\/sisu.ut.ee\/epaev\/e-oppe-paev-keskendub-e-portfooliotele\/"},"modified":"2024-04-04T02:50:30","modified_gmt":"2024-04-03T23:50:30","slug":"e-oppe-paev-keskendub-e-portfooliotele","status":"publish","type":"page","link":"https:\/\/sisu.ut.ee\/epaev\/e-oppe-paev-keskendub-e-portfooliotele\/","title":{"rendered":"2015. aasta e-\u00f5ppe p\u00e4ev keskendus e-portfooliotele"},"content":{"rendered":"<h4><strong>E-\u00f5ppe p\u00e4eva seminar \u201cAvasta enda jaoks Mahara\u201c<\/strong><\/h4>\n<p>Seminari juhtis Tartu \u00dclikooli haridustehnoloogia professor Margus Pedaste.<\/p>\n<p>Seminari eesm\u00e4rk oli tutvustada Mahara e-portfooliote keskkonda, mis on m\u00f5eldud kasutamiseks \u00f5ppijatele ning \u00f5ppej\u00f5ududele jt \u00fclikooli t\u00f6\u00f6tajatele. Mahara asub aadressil: <a style=\"background-color: #ffffff\" href=\"https:\/\/mahara.ut.ee\/\" target=\"_blank\" rel=\"noopener\">https:\/\/mahara.ut.ee<\/a><\/p>\n<p>Maharas saab luua lehti, pidada p\u00e4evikut, luua elulookirjelduse, koondada lehed erinevate kollektsioonide alla, avaldada neid ning esitada hindamiseks.<\/p>\n<p>E-portfoolio v\u00f5imaldab \u00f5ppijatel koondada oma \u00f5ppet\u00f6\u00f6 k\u00e4igus tehtavad iseseisvad t\u00f6\u00f6d jm elektroonilised materjalid ning isikliku arengu refleksiooni \u00fchtseks kogumikuks, mida saab \u00f5pingute jooksul pidevalt t\u00e4iendada. E-portfooliot v\u00f5ib koostada \u00fche \u00f5ppeaine v\u00f5i terve \u00f5pingute perioodi kohta.<\/p>\n<p>\u00d5ppej\u00f5ud saavad planeerida \u00f5ppeprotsessi tegevusi \u00f5ppijate hindamiseks e-portfooliotesse koondatud t\u00f6\u00f6de ja refleksiooni alusel.\u00a0 Samuti v\u00f5ib e-portfoolio olla esitluslik, sisaldades infot saavutustest ning materjale teatud p\u00e4devuste demonstreerimiseks (nn arenguportfoolio).<\/p>\n\n<p><\/p><div class=\"ratio ratio-16x9 mb-3\"><div class=\"video-placeholder-wrapper video-placeholder-wrapper--16x9\">\n\t\t\t    <div class=\"video-placeholder d-flex justify-content-center align-items-center\">\n\t\t\t        <div class=\"overlay text-white p-2 w-100 text-center d-block justify-content-center align-items-center\">\n\t\t\t            <div>Kolmandate osapoolte sisu n\u00e4gemiseks palun n\u00f5ustu k\u00fcpsistega.<\/div>\n\t\t\t            <button class=\"btn btn-secondary btn-sm mt-1 consent-change\">Muuda n\u00f5usolekut<\/button>\n\t\t\t        <\/div>\n\t\t\t    <\/div>\n\t\t\t<\/div>\n<\/div>\n","protected":false},"excerpt":{"rendered":"<p>E-\u00f5ppe p\u00e4eva seminar \u201cAvasta enda jaoks Mahara\u201c Seminari juhtis Tartu \u00dclikooli haridustehnoloogia professor Margus Pedaste. Seminari eesm\u00e4rk oli tutvustada Mahara e-portfooliote keskkonda, mis on m\u00f5eldud kasutamiseks \u00f5ppijatele ning \u00f5ppej\u00f5ududele jt \u00fclikooli t\u00f6\u00f6tajatele. Mahara asub aadressil: https:\/\/mahara.ut.ee Maharas saab luua lehti, &#8230;<\/p>\n","protected":false},"author":6,"featured_media":0,"parent":0,"menu_order":0,"comment_status":"closed","ping_status":"closed","template":"","meta":{"_acf_changed":false,"inline_featured_image":false,"footnotes":""},"class_list":["post-13","page","type-page","status-publish","hentry"],"acf":[],"_links":{"self":[{"href":"https:\/\/sisu.ut.ee\/epaev\/wp-json\/wp\/v2\/pages\/13","targetHints":{"allow":["GET"]}}],"collection":[{"href":"https:\/\/sisu.ut.ee\/epaev\/wp-json\/wp\/v2\/pages"}],"about":[{"href":"https:\/\/sisu.ut.ee\/epaev\/wp-json\/wp\/v2\/types\/page"}],"author":[{"embeddable":true,"href":"https:\/\/sisu.ut.ee\/epaev\/wp-json\/wp\/v2\/users\/6"}],"replies":[{"embeddable":true,"href":"https:\/\/sisu.ut.ee\/epaev\/wp-json\/wp\/v2\/comments?post=13"}],"version-history":[{"count":1,"href":"https:\/\/sisu.ut.ee\/epaev\/wp-json\/wp\/v2\/pages\/13\/revisions"}],"predecessor-version":[{"id":113,"href":"https:\/\/sisu.ut.ee\/epaev\/wp-json\/wp\/v2\/pages\/13\/revisions\/113"}],"wp:attachment":[{"href":"https:\/\/sisu.ut.ee\/epaev\/wp-json\/wp\/v2\/media?parent=13"}],"curies":[{"name":"wp","href":"https:\/\/api.w.org\/{rel}","templated":true}]}}