{"id":11,"date":"2024-04-04T02:50:16","date_gmt":"2024-04-03T23:50:16","guid":{"rendered":"https:\/\/sisu.ut.ee\/epaev\/meelespea\/"},"modified":"2024-04-04T02:50:30","modified_gmt":"2024-04-03T23:50:30","slug":"meelespea","status":"publish","type":"page","link":"https:\/\/sisu.ut.ee\/epaev\/meelespea\/","title":{"rendered":"Meelespea"},"content":{"rendered":"<p><strong><span data-mce-mark=\"1\">Soovitusi e-kursusel osalemiseks<\/span><\/strong><\/p>\n<div class=\"entry-content\">\n<p><img loading=\"lazy\" decoding=\"async\" style=\"margin-left: 5px;margin-right: 5px;float: right\" class=\" wp-image-328 alignright\" src=\"https:\/\/sisu.ut.ee\/wp-content\/uploads\/sites\/175\/meelespea_1.png\" width=\"250\" height=\"187\">E-\u00f5pe on paljude \u00f5ppijate jaoks ikka veel uudne kogemus. Selleks, et veebip\u00f5hises \u00f5ppes edukalt toime tulla ning efektiivselt \u00f5ppida, vajavad \u00f5ppijad teatud liiki uusi teadmisi ja oskusi. Siinkohal on \u00e4ra toodud m\u00f5ningad soovitused, mida e-kursustel osalejad v\u00f5iksid silmas pidada:<\/p>\n<p><span data-mce-mark=\"1\"><strong>Ettevalmistamine<\/strong><\/span><\/p>\n<ul>\n<li>Enne kursusele registreerumist tutvuge kursuse sisu, eesm\u00e4rkide, \u00fclesannete, ajakava, kohustuslike n\u00f5uete jm \u00f5ppekavas sisalduvaga ning otsustage, kas te suudate antud kursuse puhul edukalt iseseisvalt \u00f5ppida.<\/li>\n<li>Tehke kindlaks, millist tehnoloogiat te vajate veebip\u00f5hisel kursusel osalemiseks. Kas teil on v\u00f5imalik kasutada vastava tehnoloogiaga arvutit oma t\u00f6\u00f6kohas, raamatukogus, arvutiklassis v\u00f5i kodus? Kas teil on v\u00f5imalik seal segamatult t\u00f6\u00f6tada?<\/li>\n<li>Enne \u00f5ppeprotsessi algust tutvuge p\u00f5hjalikult \u00f5pikeskkonnaga. Milliseid vahendeid kasutatakse? Kuidas keskkonnas navigeerida? Kuidas kontakteeruda \u00f5ppej\u00f5u ja kaas\u00f5ppijatega?<\/li>\n<\/ul>\n<p><span data-mce-mark=\"1\"><strong>Ajaplaneerimine<\/strong><\/span><\/p>\n<ul>\n<li>Suhtuge kursusesse t\u00f5siselt. Veebip\u00f5hine \u00f5pikeskkond annab teile k\u00fcll teatud vabaduse ja paindlikkuse, kuid n\u00f5uab enesedistsipliini, motivatsiooni olemasolu, kohustuste \u00f5igeaegset t\u00e4itmist ning oskust planeerida aega. Veebip\u00f5hine keskkond on mugav viis teadmiste omandamiseks, aga mitte kergeim viis!<\/li>\n<li>K\u00fclastage kursust regulaarselt 3-5 korda n\u00e4dalas. See v\u00f5imaldab teil olla kursis t\u00e4htaegade, arutelude ning kursuse kohta k\u00e4iva informatsiooniga.<\/li>\n<li>Olge kursis kursuse ajakavaga ning j\u00e4rgige seda. M\u00e4rkige kalendrisse t\u00e4htajad, millal te peate t\u00e4itma \u00fclesanded, esitama essee, projekti v\u00f5i r\u00fchmat\u00f6\u00f6, sooritama testi v\u00f5i v\u00f5tma \u00fchendust \u00f5ppej\u00f5uga. Arvestage sellega, et kursuse alguses on alati rohkem aega kui kursuse l\u00f5pus. Kui te juba kord olete maha j\u00e4\u00e4nud, on raske end taas j\u00e4rjele viia ning v\u00f5ib tekkida k\u00e4egal\u00f6\u00f6mise meeleolu.<\/li>\n<\/ul>\n<p><span data-mce-mark=\"1\"><strong>Abi k\u00fcsimine<\/strong><\/span><\/p>\n<ul>\n<li>Kui teil esineb tehnilisi probleeme v\u00f5i k\u00fcsimusi kursuse sisu kohta, kontakteeruge julgelt \u00f5ppej\u00f5u, tuutori v\u00f5i kaas\u00f5ppijatega. Kui te oma probleemidest ei r\u00e4\u00e4gi, ei saa keegi teada, et midagi on valesti. Kannatajaks olete aga teie. Kui kaas\u00f5ppija k\u00fcsib foorumis k\u00fcsimuse, millele te ise vastata oskate, \u00e4rge j\u00e4\u00e4ge ootama, kuni \u00f5ppej\u00f5ud v\u00f5i tuutor k\u00fcsimusele vastab, vaid tehke seda ise. Kaaslaste toetus aitab s\u00e4ilitada vajalikku motivatsiooni.<\/li>\n<\/ul>\n<p><span data-mce-mark=\"1\"><strong>Suhtlemine<\/strong><\/span><\/p>\n<ul>\n<li>Olge valmis kirjalikult suhtlema. Kursuse veebip\u00f5hises keskkonnas k\u00e4ib peaaegu kogu suhtlemine kirjalikult. Seega on oluline, et te oskaksite end kirjalikult v\u00e4ljendada. \u00dchtse \u00f5pper\u00fchma kujunemisele aitab kaasa nn seltskondlik vestlus jututoas v\u00f5i spetsiaalselt selle jaoks ette n\u00e4htud foorumis.<\/li>\n<li>V\u00f5tke aktiivselt osa foorumi aruteludest. T\u00e4htis on see, et te mitte ainult ei loeks teiste kirjutisi, vaid postitaksite ka oma arvamusi, ideesid, kommentaare ja kogemusi antud teemal. \u00d5ppej\u00f5ud ei ole kursusel ainus informatsiooni allikas \u2013 te v\u00f5ite \u00f5ppida ka \u00fcksteiselt.<\/li>\n<li>Olge oma kaas\u00f5ppijate suhtes viisakas ja lugupidav. Positiivne \u00f5hkkond kursuse veebip\u00f5hises keskkonnas aitab kaasa p\u00fcstitatud eesm\u00e4rkide saavutamisele.<\/li>\n<\/ul>\n<p><span data-mce-mark=\"1\"><strong>\u00d5ppimine<\/strong><\/span><\/p>\n<ul>\n<li>Lugege kursusel olevaid materjale eesm\u00e4rgip\u00e4raselt, valmistudes lahendama teatud \u00fclesandeid, sooritama teste v\u00f5i koostama r\u00fchmat\u00f6\u00f6d.<\/li>\n<li>Olge valmis koost\u00f6\u00f6ks kaas\u00f5ppijatega r\u00fchmat\u00f6\u00f6de ning projektide tegemisel. \u00c4rge l\u00fckake k\u00f5iki kohustusi r\u00fchmakaaslaste \u00f5lgadele.<\/li>\n<li>P\u00fc\u00fcdke omandatud teadmisi koheselt rakendada oma igap\u00e4evases t\u00f6\u00f6s ning jagage saadud kogemusi kaas\u00f5ppijatega.<\/li>\n<\/ul>\n<p><span data-mce-mark=\"1\"><strong>Tagasiside andmine<\/strong><\/span><\/p>\n<ul>\n<li>Andke kursuse korraldajatele tagasisidet kursuse sisu, struktuuri, \u00fclesannete, ajakava ning \u00f5ppej\u00f5u\/tuutorite tegevuse \u00fcle, et neil oleks v\u00f5imalik teie kommentaaride p\u00f5hjal kursust edaspidi paremaks muuta.<\/li>\n<\/ul>\n<p><em>Soovitused on koostanud Lehti Pilt.<\/em><\/p>\n<\/div>\n","protected":false},"excerpt":{"rendered":"<p>Soovitusi e-kursusel osalemiseks E-\u00f5pe on paljude \u00f5ppijate jaoks ikka veel uudne kogemus. Selleks, et veebip\u00f5hises \u00f5ppes edukalt toime tulla ning efektiivselt \u00f5ppida, vajavad \u00f5ppijad teatud liiki uusi teadmisi ja oskusi. Siinkohal on \u00e4ra toodud m\u00f5ningad soovitused, mida e-kursustel osalejad v\u00f5iksid &#8230;<\/p>\n","protected":false},"author":6,"featured_media":0,"parent":0,"menu_order":0,"comment_status":"closed","ping_status":"closed","template":"","meta":{"_acf_changed":false,"inline_featured_image":false,"footnotes":""},"class_list":["post-11","page","type-page","status-publish","hentry"],"acf":[],"_links":{"self":[{"href":"https:\/\/sisu.ut.ee\/epaev\/wp-json\/wp\/v2\/pages\/11","targetHints":{"allow":["GET"]}}],"collection":[{"href":"https:\/\/sisu.ut.ee\/epaev\/wp-json\/wp\/v2\/pages"}],"about":[{"href":"https:\/\/sisu.ut.ee\/epaev\/wp-json\/wp\/v2\/types\/page"}],"author":[{"embeddable":true,"href":"https:\/\/sisu.ut.ee\/epaev\/wp-json\/wp\/v2\/users\/6"}],"replies":[{"embeddable":true,"href":"https:\/\/sisu.ut.ee\/epaev\/wp-json\/wp\/v2\/comments?post=11"}],"version-history":[{"count":1,"href":"https:\/\/sisu.ut.ee\/epaev\/wp-json\/wp\/v2\/pages\/11\/revisions"}],"predecessor-version":[{"id":115,"href":"https:\/\/sisu.ut.ee\/epaev\/wp-json\/wp\/v2\/pages\/11\/revisions\/115"}],"wp:attachment":[{"href":"https:\/\/sisu.ut.ee\/epaev\/wp-json\/wp\/v2\/media?parent=11"}],"curies":[{"name":"wp","href":"https:\/\/api.w.org\/{rel}","templated":true}]}}