{"id":9,"date":"2024-04-04T06:16:46","date_gmt":"2024-04-04T03:16:46","guid":{"rendered":"https:\/\/sisu.ut.ee\/eoppija\/plagiaadituvastus\/"},"modified":"2025-05-09T09:06:12","modified_gmt":"2025-05-09T06:06:12","slug":"plagiaadituvastus","status":"publish","type":"page","link":"https:\/\/sisu.ut.ee\/eoppija\/plagiaadituvastus\/","title":{"rendered":"Plagiaadituvastus"},"content":{"rendered":"<h5>NB! Alates 2024. aasta veebruarist kasutab \u00fclikool StrikePlagiarismi.<\/h5>\n<p>Vastavalt \u00f5ppekorralduseeskirjale on \u00fclikoolil \u00f5igus kontrollida \u00fcli\u00f5pilaste kirjalikke t\u00f6id plagiaadituvastuss\u00fcsteemi abil, laadides need \u00fcles plagiaadituvastuss\u00fcsteemi andmebaasi. [j\u00f5ustunud 02.05.2017]\u00a0\u00dcli\u00f5pilast\u00f6\u00f6de kontrollimine plagiaadituvastusprogrammi abil on \u00fcks osa t\u00f6\u00f6de hindamisprotsessist. \u00d5ppej\u00f5ud ei pea k\u00fcsima \u00fcli\u00f5pilaselt n\u00f5usolekut t\u00f6\u00f6de plagiaadituvastusprogrammiga kontrollimiseks, kuid soovitatav on sellest \u00fcli\u00f5pilasi teavitada.<\/p>\n<p>Plagiaadutuvastuss\u00fcsteem v\u00f5rdleb sinna \u00fcleslaaditavaid tekste internetis ja andmebaasides olevate allikatega.<\/p>\n<ul>\n<li>internetis avalikult k\u00e4ttesaadavad materjalid<\/li>\n<li>T\u00dc digitaalarhiivis <a href=\"https:\/\/dspace.ut.ee\/home\" target=\"_blank\" rel=\"noopener\">ADA<\/a> olevad publikatsioonid ja \u00fcli\u00f5pilast\u00f6\u00f6d<\/li>\n<li>Plagiaadituvastuss\u00fcsteemi andmebaasis olevad tekstid<\/li>\n<\/ul>\n<h5>\u00dcli\u00f5pilased iseseisvalt plagiaadituvastuss\u00fcsteemi kasutada ei saa \u2013 oluline on \u00f5ppej\u00f5u\/juhendaja ja \u00fcli\u00f5pilase vaheline koost\u00f6\u00f6.<\/h5>\n<p>Plagiaadituvastus\u00fcsteemi abil v\u00f5ivad \u00f5ppej\u00f5ud kontrollida \u00fcli\u00f5pilaste kirjalikke t\u00f6id erinevate \u00f5ppeainete raames (nt referaadid, uurimust\u00f6\u00f6d jms) ning l\u00f5put\u00f6id.\u00a0S\u00fcsteem tuvastab tekstilised kokkulangevused kontrollitava t\u00f6\u00f6 ning internetis olevate tekstide ja plagiaadituvastuss\u00fcsteemi \u00fchendatud andmebaasides olevate tekstide vahel. Seej\u00e4rel on \u00f5ppej\u00f5ul v\u00f5imalik kontrollida, kas \u00fcli\u00f5pilane on viidanud korrektselt, ja plagiaadi leidmise korral selgitada \u00fcli\u00f5pilasele, mille vastu on eksitud.<\/p>\n<p>K\u00f5ikide \u00fcli\u00f5pilaste poolt tehtavate t\u00f6\u00f6de puhul kuuluvad t\u00f6\u00f6 isiklikud (muuta, t\u00e4iendada) ja varalised \u00f5igused (koopiate tegemine, levitamine) \u00fcli\u00f5pilasele. L\u00f5put\u00f6\u00f6de puhul annavad \u00fcli\u00f5pilased lihtlitsentsiga \u00fclikoolile loa t\u00f6\u00f6de avaldamiseks.<\/p>\n<p>Plagiaadituvastuss\u00fcsteemi \u00fcleslaetud t\u00f6\u00f6d j\u00e4\u00e4vad s\u00fcsteemi andmebaasi, mida omakorda kasutatakse edaspidi allikatena. Plagiaadituvastuss\u00fcsteem ei ole t\u00f6\u00f6de avaldamise keskkond. \u00dcleslaetud t\u00f6\u00f6d ei ole andmebaasist otsinguga otsitavad. Materjalid, millele sa kattuvuste korral plagiaadituvastus\u00fcsteemis ligi p\u00e4\u00e4sed, ei ole kasutatavad tsiteerimiseks ja refereerimiseks, va juhul, kui sama t\u00f6\u00f6 on k\u00e4ttesaadav avalikult internetist ja\/v\u00f5i avalikest andmebaasidest. Viimasel juhul tuleb viidata avalikule allikale.<\/p>\n<p>Plagiaadituvastustarkvara ei taotle kasutaja poolt sisestatavate dokumentide autori\u00f5igust. Plagiaadituvastuss\u00fcsteemil puudub \u00f5igus sisestatud materjali levitamiseks ning selle edastamiseks kolmandatele isikutele ilma dokumendi autori kirjaliku n\u00f5usolekuta.<\/p>\n<h3>SrikePlagiarismi\u00a0kasutamine<\/h3>\n<p>StrikePlagiarismi saab kasutada kahel erineval viisil:<\/p>\n<ul>\n<li><strong>Kirjaliku t\u00f6\u00f6 esitamine Moodle\u2019i kursusel \u00fclesande, foorumi, \u00f5pikoja v\u00f5i testi esseek\u00fcsimuse kaudu<\/strong>, kuhu \u00f5ppej\u00f5ud on lisanud StrikePlagiarismi kontrolli. See t\u00e4hendab seda, et t\u00f6\u00f6d esitades saadetakse t\u00f6\u00f6 kontrollimisele StrikePlagiarismi ning esituse taga n\u00e4idatakse hiljem kattuvuse protsenti. \u00d5ppej\u00f5ud saab n\u00e4ha raportit ning v\u00f5ib raporti k\u00e4ttesaadavaks teha ka \u00f5ppijale<\/li>\n<li><strong>Sa saadad faili \u00f5ppej\u00f5ule tema e-posti aadressile\u00a0ja \u00f5ppej\u00f5ud laeb selle StrikePlagiarismi veebipaneelis \u00fcles. <\/strong>Sina automaatselt raportit ei saa, kuid \u00f5ppej\u00f5ud saab raportit sinuga jagada.<\/li>\n<\/ul>\n<p>\u00dcli\u00f5pilase failide kontrollimine k\u00e4ib alati \u00f5ppej\u00f5u\u00a0kaudu. L\u00f5put\u00f6\u00f6de puhul on soovitatav kindlasti kasutada oma juhendaja abi, kuna siis saab juhendaja sind aidata raporti t\u00f5lgendamisel ja annab soovitusi muudatuste tegemiseks.<\/p>\n<p>Kui sa soovid oma l\u00f5put\u00f6\u00f6d kontrollida juba mustandi faasis, kuid juhendaja ei paku sulle seda v\u00f5imalust v\u00e4lja, siis palu\u00a0juhendajalt seda v\u00f5imalust. Plagiaadituvastuss\u00fcsteem on sulle abiks l\u00f5put\u00f6\u00f6 kirjutamisel.<\/p>\n<h3>Plagiaadituvastus\u00fcsteemi raport ja selle t\u00f5lgendamine<\/h3>\n<p>Plagiaadituvastus\u00fcsteem koostab tekstide v\u00f5rdlemise tulemusel raporti, kus on n\u00e4idatud, kui suures osas on anal\u00fc\u00fcsitavas tekstis kattuvus teiste tekstidega (sh korrektselt vormistatud tsitaadid). Raportis n\u00e4idatakse, millised osad tekstis teiste allikatega kokku langevad.<\/p>\n<p>StrikePlagiarism kontrollib \u00fcleslaetava t\u00f6\u00f6 kattuvusi internetis ning StrikePlagiarismi andmebaasis olevate materjalide suhtes. Plagiaadituvastuss\u00fcsteemi poolt m\u00e4rgitud tekstide kattuvuste p\u00f5hjal saab \u00f5ppej\u00f5ud anal\u00fc\u00fcsida, kas tekstis esinevad tsitaadid on n\u00f5uetekohaselt vormistatud ning kas allikatele on korrektselt viidatud. Seda, kas kattuvuste korral on tegemist plagiaadiga v\u00f5i mitte, hindab \u00f5ppej\u00f5ud v\u00f5i juhendaja.<\/p>\n<p>Kui esialgu n\u00e4itab raport suurt kattuvuse protsenti, siis ei tasu ehmatada, sest kattuvused v\u00f5ivad olla lubatud kattuvused (nt oma t\u00f6\u00f6 varasem versioon v\u00f5i selle osad, korrektne viidatud tsitaat, l\u00f5put\u00f6\u00f6 kohustuslikud osad, viidatud kirjanduse allikad jms).<\/p>\n<h3>Abi<\/h3>\n<p>Kui sul on seoses StrikePlagiarismi kasutamisega probleeme v\u00f5i\u00a0soovid abi raporti t\u00f5lgendamisel, siis v\u00f5ta \u00fchendust \u00f5ppej\u00f5u v\u00f5i juhendajaga, kelle abil sinu t\u00f6\u00f6d plagiaadituvastus\u00fcsteemis kontrolliti.<\/p>\n","protected":false},"excerpt":{"rendered":"<p>NB! Alates 2024. aasta veebruarist kasutab \u00fclikool StrikePlagiarismi. Vastavalt \u00f5ppekorralduseeskirjale on \u00fclikoolil \u00f5igus kontrollida \u00fcli\u00f5pilaste kirjalikke t\u00f6id plagiaadituvastuss\u00fcsteemi abil, laadides need \u00fcles plagiaadituvastuss\u00fcsteemi andmebaasi. [j\u00f5ustunud 02.05.2017]\u00a0\u00dcli\u00f5pilast\u00f6\u00f6de kontrollimine plagiaadituvastusprogrammi abil on \u00fcks osa t\u00f6\u00f6de hindamisprotsessist. \u00d5ppej\u00f5ud ei pea k\u00fcsima \u00fcli\u00f5pilaselt n\u00f5usolekut &#8230;<\/p>\n","protected":false},"author":9,"featured_media":0,"parent":0,"menu_order":0,"comment_status":"closed","ping_status":"closed","template":"","meta":{"_acf_changed":false,"inline_featured_image":false,"footnotes":""},"class_list":["post-9","page","type-page","status-publish","hentry"],"acf":[],"_links":{"self":[{"href":"https:\/\/sisu.ut.ee\/eoppija\/wp-json\/wp\/v2\/pages\/9","targetHints":{"allow":["GET"]}}],"collection":[{"href":"https:\/\/sisu.ut.ee\/eoppija\/wp-json\/wp\/v2\/pages"}],"about":[{"href":"https:\/\/sisu.ut.ee\/eoppija\/wp-json\/wp\/v2\/types\/page"}],"author":[{"embeddable":true,"href":"https:\/\/sisu.ut.ee\/eoppija\/wp-json\/wp\/v2\/users\/9"}],"replies":[{"embeddable":true,"href":"https:\/\/sisu.ut.ee\/eoppija\/wp-json\/wp\/v2\/comments?post=9"}],"version-history":[{"count":2,"href":"https:\/\/sisu.ut.ee\/eoppija\/wp-json\/wp\/v2\/pages\/9\/revisions"}],"predecessor-version":[{"id":509,"href":"https:\/\/sisu.ut.ee\/eoppija\/wp-json\/wp\/v2\/pages\/9\/revisions\/509"}],"wp:attachment":[{"href":"https:\/\/sisu.ut.ee\/eoppija\/wp-json\/wp\/v2\/media?parent=9"}],"curies":[{"name":"wp","href":"https:\/\/api.w.org\/{rel}","templated":true}]}}