{"id":8,"date":"2024-04-04T06:16:46","date_gmt":"2024-04-04T03:16:46","guid":{"rendered":"https:\/\/sisu.ut.ee\/eoppija\/autorioigustest\/"},"modified":"2025-05-09T09:02:17","modified_gmt":"2025-05-09T06:02:17","slug":"autorioigustest","status":"publish","type":"page","link":"https:\/\/sisu.ut.ee\/eoppija\/autorioigustest\/","title":{"rendered":"Autori\u00f5igustest"},"content":{"rendered":"<p>E-\u00f5pe sisaldab enamasti erinevas formaadis elektroonilise sisu vahetamist, mis teeb selle muutmise ning levitamise oluliselt lihtsamaks, kuid muudab kergemaks ka reeglite\/seaduste vastu eksimise.<\/p>\n<p>Teise autori materjale v\u00f5ib eraldi autorilt luba k\u00fcsimata kasutada vastavalt autori poolt kehtestatud kasutamistingimustele v\u00f5i nende puudumisel (siis on kaitstud k\u00f5ik \u00f5igused) vastavalt autori\u00f5iguse seaduse (<a title=\"\" href=\"https:\/\/www.riigiteataja.ee\/akt\/106012011034\" target=\"_blank\" rel=\"noopener\" data-url=\"https:\/\/www.riigiteataja.ee\/akt\/106012011034\">https:\/\/www.riigiteataja.ee\/akt\/106012011034<\/a>) vaba kasutamise p\u00f5him\u00f5tetele.<\/p>\n<p>Teose vaba kasutamine on teose\u00a0reprodutseerimine ja t\u00f5lkimine isikliku kasutamise eesm\u00e4rkidel,\u00a0tsiteerimine ja refereerimine motiveeritud mahus,\u00a0kasutamine illustreeriva materjalina \u00f5ppe- ja teaduslikel eesm\u00e4rkidel, reprodutseerimine \u00f5ppe- ja teaduslikel eesm\u00e4rkidel.<\/p>\n<h5>Ainult e-kursusel olevad materjalid pole \u00fcldsusele avaldatud ja neile ei kehti teose vaba kasutamise v\u00f5imalused.<\/h5>\n<h3>\u00dcli\u00f5pilane kui autor<\/h3>\n<p>\u00dcli\u00f5pilaste poolt loodud tekstid\/pildid\/videod jm vormis teosed (foorumipostitused, \u00fclesannete vastused, referaadid jm) on autori\u00f5iguse objektid ja neid kaitseb autori\u00f5igus<b>. <\/b>E-kursusel olevad materjalid pole \u00fcldsusele avaldatud (kui need pole avalikust veebist e-kursusele lingitud) ja seega ei kehti neile teose vaba kasutamise v\u00f5imalused (autorilt luba k\u00fcsimata teose reprodutseerimine ja t\u00f5lkimine isikliku kasutamise eesm\u00e4rkidel, tsiteerimine ja refereerimine, kasutamine illustreeriva materjalina \u00f5ppe- ja teaduslikel eesm\u00e4rkidel, reprodutseerimine \u00f5ppe- ja teaduslikel eesm\u00e4rkidel). Autorilt luba saamata ei tohi tema materjale muuta, t\u00e4iendada, avalikustada. Varaliste \u00f5iguste omaja loata (autor v\u00f5i \u00fclikool) ja tohi teostest teha koopiaid, t\u00f5lkeid, neid levitada ega avalikult esitada.<\/p>\n<h5>Viita alati korrektselt k\u00f5igile oma t\u00f6\u00f6s kasutatud allikatele.<\/h5>\n<p>Teose vabal kasutamisel (kui materjalid on autori\/\u00fclikooli poolt \u00fcldsusele avaldatud, nt avalikult internetis) <strong>tuleb alati \u00e4ra n\u00e4idata autori nimi, teose nimetus ja avaldamise allikas<\/strong>. Kui \u00fcli\u00f5pilane enda teosed ise \u00fcldsuse jaoks avaldab (paneb nt avalikku internetti), v\u00f5ivad teised neid vastavalt vaba kasutamise v\u00f5imalustele kasutada.<\/p>\n<h5>Kui \u00f5ppej\u00f5ud pole \u00f6elnud teisiti, esita enda t\u00f6\u00f6d pdf-formaadis, millel on kirjas sinu nimi ja aastaarv.<\/h5>\n<p>K\u00f5ige kindlam on kasutada \u00fcldsusele avaldatud teoseid, korrektselt viidata k\u00f5igile oma t\u00f6\u00f6s kasutatud allikatele ja t\u00e4histada k\u00f5igis enda t\u00f6\u00f6des enda autorlus. Kui \u00f5ppej\u00f5ud pole \u00f6elnud teisiti, esita enda t\u00f6\u00f6d pdf-formaadis, millel on sinu nimi ja aastaarv. See n\u00e4itab, et teose isiklikud ja varalised \u00f5igused kuuluvad autorile ja annab infot, kelle poole teose kasutamisega seoses p\u00f6\u00f6rduda. Kui sinu t\u00f6\u00f6 on loodud t\u00f6\u00f6\u00fclesannete t\u00e4itmise k\u00e4igus (sul on \u00fclikooliga leping ja sa saad tasu), kuuluvad isiklikud autori\u00f5igused autorile ehk sulle ja varalised \u00f5igused kuuluvad \u00fclikoolile kui t\u00f6\u00f6andjale. Sellisel juhul tuleb t\u00f6\u00f6le m\u00e4rkida lisaks enda nimele ja aastaarvule ka Tartu \u00dclikool.<\/p>\n<p>Enda l\u00f5put\u00f6\u00f6 kohta annab \u00fcli\u00f5pilane \u00fclikoolile lihtlitsentsi (kirjaliku loa) selle reprodutseerimiseks ja \u00fcldsusele k\u00e4ttesaadavaks tegemiseks \u00fclikooli <span style=\"background: white;\"><span lang=\"ET\">digitaalarhiivis ADA <\/span><\/span><span style=\"background: white;\"><span lang=\"ET\">Creative Commonsi litsentsiga CC BY NC ND 3.0, mis lubab autorile viidates teost reprodutseerida, levitada ja \u00fcldsusele suunata ning keelab luua tuletatud teost ja kasutada teost \u00e4rieesm\u00e4rgil, <span style=\"letter-spacing: -.05pt;\">kuni autori\u00f5iguse kehtivuse l\u00f5ppemiseni.<\/span><\/span><\/span><\/p>\n<h3>\u00d5ppej\u00f5ud kui autor<\/h3>\n<p>Samamoodi kehtib autori\u00f5igus ka \u00fclikooli \u00f5ppej\u00f5udude poolt loodud loengumaterjalide, e-kursuste jm kohta. \u00dcli\u00f5pilane tohib e-kursusel olevat (kui see pole internetis ka \u00fcldsusele avalik) \u00f5ppej\u00f5u koostatud loengukonspekti, foorumipostitusi vm materjale kasutada ainult \u00f5ppimiseks. Nende levitamisel (nt internetis) rikud sa autori varalisi \u00f5igusi, mis kuuluvad \u00fclikoolile kui t\u00f6\u00f6andjale. Juhul, kui sa \u00f5ppematerjale muudad, j\u00e4tad \u00e4ra autori nime vms, rikud ka \u00f5ppej\u00f5u kui autori isiklikke \u00f5igusi.<\/p>\n<h3>Uuri lisaks<\/h3>\n<h5>Vaata t\u00e4psemalt akadeemilise petturluse kohta: <a title=\"\" href=\"https:\/\/sotsiaalteadused.ut.ee\/et\/akadeemiline-petturlus\" target=\"_blank\" rel=\"noopener\" data-url=\"https:\/\/sotsiaalteadused.ut.ee\/et\/akadeemiline-petturlus\">https:\/\/sotsiaalteadused.ut.ee\/<br>\net\/akadeemiline-petturlus<\/a><\/h5>\n<ul>\n<li>Intellektuaalne omand teadus- ja arendust\u00f6\u00f6s: <a title=\"\" href=\"https:\/\/dspace.ut.ee\/norepo\/2\/\" target=\"_blank\" rel=\"noopener\" data-url=\"http:\/\/dspace.ut.ee\/bitstream\/handle\/10062\/24773\/index.html?sequence=82&amp;isAllowed=y\">https:\/\/dspace.ut.ee\/norepo\/2\/<\/a><\/li>\n<li>Akadeemiline petturlus: <a title=\"\" href=\"https:\/\/ut.ee\/et\/sisu\/akadeemiline-petturlus\" target=\"_blank\" rel=\"noopener\" data-url=\"https:\/\/ut.ee\/et\/sisu\/akadeemiline-petturlus\">https:\/\/ut.ee\/et\/sisu\/akadeemiline-petturlus<\/a><\/li>\n<li>Isel\u00e4bitav e-kursus \u201cInfop\u00e4devus\u201d: <a title=\"\" href=\"https:\/\/sisu.ut.ee\/infootsitugi\/avaleht\" target=\"_blank\" rel=\"noopener\" data-url=\"https:\/\/sisu.ut.ee\/infootsitugi\/avaleht\">https:\/\/sisu.ut.ee\/infootsitugi\/avaleht<\/a><\/li>\n<\/ul>\n<h3>Kust leida enda t\u00f6\u00f6desse pilte, videosid ja audioklippe?<\/h3>\n<p>V\u00f5imalusel tee pildid, video-ja audioklipid ise.<\/p>\n<p>Pildimaterjale on k\u00f5ige lihtsam leida vastavatest portaalidest, nt:<\/p>\n<ul>\n<li>Pixabay (<a href=\"https:\/\/pixabay.com\/\" target=\"_blank\" rel=\"noopener\">https:\/\/pixabay.com\/<\/a>)<\/li>\n<li>Flickr (<a href=\"https:\/\/www.flickr.com\/creativecommons\" target=\"_blank\" rel=\"noopener\">https:\/\/www.flickr.com\/creativecommons<\/a>)<\/li>\n<li>The British Library (<a href=\"https:\/\/www.flickr.com\/photos\/britishlibrary\/albums\" target=\"_blank\" rel=\"noopener\">https:\/\/www.flickr.com\/photos\/britishlibrary\/albums<\/a>)<\/li>\n<li>Wikimedia Commons (<a href=\"https:\/\/commons.wikimedia.org\/wiki\/Main_Page\" target=\"_blank\" rel=\"noopener\">https:\/\/commons.wikimedia.org\/wiki\/Main_Page<\/a>)<\/li>\n<li>Stockvault (<a href=\"http:\/\/www.stockvault.net\/\" target=\"_blank\" rel=\"noopener\">http:\/\/www.stockvault.net\/<\/a>)<\/li>\n<li>Morguefile (<a href=\"http:\/\/morguefile.com\/\" target=\"_blank\" rel=\"noopener\">http:\/\/morguefile.com\/<\/a>)<\/li>\n<li>CSIRO images (<a href=\"http:\/\/scienceimage.csiro.au\/\" target=\"_blank\" rel=\"noopener\">http:\/\/scienceimage.csiro.au\/<\/a>)<\/li>\n<li>Free digital photos (<a href=\"http:\/\/www.freedigitalphotos.net\/\" target=\"_blank\" rel=\"noopener\">http:\/\/www.freedigitalphotos.net\/<\/a>)<\/li>\n<\/ul>\n<p>Kuid isegi siis tuleb l\u00e4htuda iga konkreetse pildi kasutamistingimustest.<\/p>\n<p>Videosid otsitakse tavaliselt YouTubest (<a href=\"http:\/\/youtube.com\/\" target=\"_blank\" rel=\"noopener\">http:\/\/youtube.com<\/a>), kus enamik klippe on YouTube tavalitsentsiga, mis lubab kasutada, esitada, levitada. Kui videole on lisatud CC litsents, v\u00f5ib videot ka endale salvestada ja monteerida. CC litsentsidega videoklippe pakub ka eelpool toodud Pixabay (<a href=\"https:\/\/pixabay.com\/\" target=\"_blank\" rel=\"noopener\">https:\/\/pixabay.com\/<\/a>).<\/p>\n<p>Audioklippe leiab nt portaalist Free Music Archive (<a title=\"\" href=\"https:\/\/freemusicarchive.org\/\" target=\"_blank\" rel=\"noopener\" data-url=\"https:\/\/freemusicarchive.org\/\">http:\/\/freemusicarchive.org\/<\/a>) ja Bensound (<a href=\"http:\/\/www.bensound.com\/royalty-free-music\" target=\"_blank\" rel=\"noopener\">http:\/\/www.bensound.com\/royalty-free-music<\/a>).<\/p>\n","protected":false},"excerpt":{"rendered":"<p>E-\u00f5pe sisaldab enamasti erinevas formaadis elektroonilise sisu vahetamist, mis teeb selle muutmise ning levitamise oluliselt lihtsamaks, kuid muudab kergemaks ka reeglite\/seaduste vastu eksimise. Teise autori materjale v\u00f5ib eraldi autorilt luba k\u00fcsimata kasutada vastavalt autori poolt kehtestatud kasutamistingimustele v\u00f5i nende puudumisel &#8230;<\/p>\n","protected":false},"author":9,"featured_media":0,"parent":0,"menu_order":0,"comment_status":"closed","ping_status":"closed","template":"","meta":{"_acf_changed":false,"inline_featured_image":false,"footnotes":""},"class_list":["post-8","page","type-page","status-publish","hentry"],"acf":[],"_links":{"self":[{"href":"https:\/\/sisu.ut.ee\/eoppija\/wp-json\/wp\/v2\/pages\/8","targetHints":{"allow":["GET"]}}],"collection":[{"href":"https:\/\/sisu.ut.ee\/eoppija\/wp-json\/wp\/v2\/pages"}],"about":[{"href":"https:\/\/sisu.ut.ee\/eoppija\/wp-json\/wp\/v2\/types\/page"}],"author":[{"embeddable":true,"href":"https:\/\/sisu.ut.ee\/eoppija\/wp-json\/wp\/v2\/users\/9"}],"replies":[{"embeddable":true,"href":"https:\/\/sisu.ut.ee\/eoppija\/wp-json\/wp\/v2\/comments?post=8"}],"version-history":[{"count":3,"href":"https:\/\/sisu.ut.ee\/eoppija\/wp-json\/wp\/v2\/pages\/8\/revisions"}],"predecessor-version":[{"id":505,"href":"https:\/\/sisu.ut.ee\/eoppija\/wp-json\/wp\/v2\/pages\/8\/revisions\/505"}],"wp:attachment":[{"href":"https:\/\/sisu.ut.ee\/eoppija\/wp-json\/wp\/v2\/media?parent=8"}],"curies":[{"name":"wp","href":"https:\/\/api.w.org\/{rel}","templated":true}]}}