{"id":7,"date":"2024-04-04T06:16:46","date_gmt":"2024-04-04T03:16:46","guid":{"rendered":"https:\/\/sisu.ut.ee\/eoppija\/e-portfoolio-loomine-maharas\/"},"modified":"2024-04-12T15:17:09","modified_gmt":"2024-04-12T12:17:09","slug":"e-portfoolio-loomine-maharas","status":"publish","type":"page","link":"https:\/\/sisu.ut.ee\/eoppija\/e-portfoolio-loomine-maharas\/","title":{"rendered":"E-portfoolio loomine Maharas"},"content":{"rendered":"<h5>\n\tMahara asub aadressil <a data-url=\"https:\/\/mahara.ut.ee\/\" href=\"https:\/\/mahara.ut.ee\/\" target=\"_blank\" title=\"\" rel=\"noopener\">https:\/\/mahara.ut.ee<\/a>.<br>\n<\/h5>\n<p>\n\tTartu \u00dclikoolis on kasutusel e-portfooliote keskkond Mahara (<a data-url=\"https:\/\/mahara.ut.ee\/\" href=\"https:\/\/mahara.ut.ee\/\" target=\"_blank\" title=\"\" rel=\"noopener\">https:\/\/mahara.ut.ee<\/a>). Tartu \u00dclikooli t\u00f6\u00f6tajad ja \u00fcli\u00f5pilased saavad Maharasse siseneda T\u00dc arvutiv\u00f5rgu kasutajatunnuse ja parooliga v\u00f5i e-kursuse kaudu.\n<\/p>\n<p>\n\tE-portfoolio ehk e-\u00f5pimapp ehk digitaalne arengumapp on elektrooniline keskkond (enamasti veebip\u00f5hine), milles saab kajastada nii oma formaalseid kui mitteformaalseid \u00f5pinguid, enda professionaalset arengut l\u00e4bi kogutud, avaldatud ja reflekteeritud t\u00f6\u00f6de ning kaas\u00f5ppijate\/\u00f5ppej\u00f5udude\/juhendajate tagasiside. E-portfoolio kasutamise eesm\u00e4rk on toetada \u00fcli\u00f5pilaste enesereflektsiooni, et avalduksid \u00fcli\u00f5pilase tugevad k\u00fcljed, unikaalsus, \u00f5pingute jooksul omandatud oskused. See aitab ka \u00fcli\u00f5pilasel endal selgusele j\u00f5uda oma eesm\u00e4rkides ja (\u00f5pi-)vajadustes ning soovides, j\u00e4lgida \u00fcli\u00f5pilasel endal oma arengut, v\u00e4ljendada oma originaalsust ja loomingulisust.\n<\/p>\n<p>\n\tMaharas saab luua lehti, pidada p\u00e4evikut, luua elulookirjelduse, koondada lehed erinevate kollektsioonide alla ning esitada hindamiseks. Oluline, et saad enda e-portfooliot (kollektsiooni) avalikustada vaid soovitud isikutele. E-portfooliod v\u00f5ivad sisaldada teksti, pilte, audio- ja videoklippe ning muid materjale (nt dokumendifaile).\n<\/p>\n<p>\n\tE-portfoolio v\u00f5ib olla erinevat t\u00fc\u00fcpi:\n<\/p>\n<ul>\n<li value=\"0\">\n\t\tt\u00f6\u00f6portfoolio \u2013 kogu materjal, mis koguneb \u00f5ppeperioodi jooksul v\u00f5i \u00f5ppe\u00fclesande t\u00e4itmise k\u00e4igus (k\u00f5ik alates ideekavanditest, protsessist, visanditest kuni l\u00f5pptulemuseni)\n\t<\/li>\n<li value=\"0\">\n\t\tn\u00e4idisportfoolio \u2013 \u00f5ppija valib tehtud t\u00f6\u00f6de hulgast parimad\n\t<\/li>\n<li value=\"0\">\n\t\t\u00f5ppija arenguportfoolio \u2013 t\u00f6\u00f6d, mis iseloomustavad k\u00f5ige paremini \u00f5ppija arengut pikema ajaperioodi jooksul\n\t<\/li>\n<li value=\"0\">\n\t\ttemaatiline portfoolio \u2013 materjalid \u00fche teema kohta\n\t<\/li>\n<\/ul>\n<p>\n\tKursuse \u00f5ppej\u00f5ud annab sulle teada, millise struktuuriga ja sisuga e-portfoolio olema peab.\n<\/p>\n<p>\n\tSinu Mahara konto aegub p\u00e4rast \u00fclikooli l\u00f5petamist, kui \u00fclikooli arvutiv\u00f5rgu kasutajatunnus muutub mitteaktiivseks. Soovitame enne \u00fclikoolist lahkumist salvestada e-portfoolio oma isiklikku arvutisse, et saaksid seda ka edaspidi kasutada. Vajadusel palu T\u00dc arvutiabilt (arvutiabi@ut.ee), et Sinu kasutajakontot kauem aktiivsena hoitaks.\n<\/p>\n<h3>\n\tJuhendid<br>\n<\/h3>\n<ul>\n<li>\n\t\tMahara juhend: <a data-url=\"https:\/\/sisu.ut.ee\/juhendid\/mahara\" href=\"https:\/\/sisu.ut.ee\/juhendid\/mahara\" target=\"_blank\" title=\"\" rel=\"noopener\">https:\/\/sisu.ut.ee\/juhendid\/mahara<\/a>\n\t<\/li>\n<\/ul>\n<h3>\n\tKontakt ja abi<br>\n<\/h3>\n<p>\n\tTehniliste probleemide ja k\u00fcsimuste korral v\u00f5ta \u00fchendust oma valdkonna \u00f5ppedisaineriga (vt\u00a0<a data-url=\"https:\/\/ut.ee\/et\/opetamisoskuste-konsultandid-oppedisainerid\" href=\"https:\/\/ut.ee\/et\/opetamisoskuste-konsultandid-oppedisainerid\" target=\"_blank\" title=\"\" rel=\"noopener\">https:\/\/ut.ee\/et\/opetamisoskuste-konsultandid-oppedisainerid<\/a>) v\u00f5i kirjuta aadressil\u00a0<a href=\"mailto:eope@ut.ee\">eope@ut.ee<\/a>. Sisulistes ja korralduslikes k\u00fcsimustes aitab kursuse \u00f5ppej\u00f5ud.<\/p>\n","protected":false},"excerpt":{"rendered":"<p>Mahara asub aadressil https:\/\/mahara.ut.ee. Tartu \u00dclikoolis on kasutusel e-portfooliote keskkond Mahara (https:\/\/mahara.ut.ee). Tartu \u00dclikooli t\u00f6\u00f6tajad ja \u00fcli\u00f5pilased saavad Maharasse siseneda T\u00dc arvutiv\u00f5rgu kasutajatunnuse ja parooliga v\u00f5i e-kursuse kaudu. E-portfoolio ehk e-\u00f5pimapp ehk digitaalne arengumapp on elektrooniline keskkond (enamasti veebip\u00f5hine), milles &#8230;<\/p>\n","protected":false},"author":9,"featured_media":0,"parent":0,"menu_order":0,"comment_status":"closed","ping_status":"closed","template":"","meta":{"_acf_changed":false,"inline_featured_image":false,"footnotes":""},"class_list":["post-7","page","type-page","status-publish","hentry"],"acf":[],"_links":{"self":[{"href":"https:\/\/sisu.ut.ee\/eoppija\/wp-json\/wp\/v2\/pages\/7","targetHints":{"allow":["GET"]}}],"collection":[{"href":"https:\/\/sisu.ut.ee\/eoppija\/wp-json\/wp\/v2\/pages"}],"about":[{"href":"https:\/\/sisu.ut.ee\/eoppija\/wp-json\/wp\/v2\/types\/page"}],"author":[{"embeddable":true,"href":"https:\/\/sisu.ut.ee\/eoppija\/wp-json\/wp\/v2\/users\/9"}],"replies":[{"embeddable":true,"href":"https:\/\/sisu.ut.ee\/eoppija\/wp-json\/wp\/v2\/comments?post=7"}],"version-history":[{"count":1,"href":"https:\/\/sisu.ut.ee\/eoppija\/wp-json\/wp\/v2\/pages\/7\/revisions"}],"predecessor-version":[{"id":171,"href":"https:\/\/sisu.ut.ee\/eoppija\/wp-json\/wp\/v2\/pages\/7\/revisions\/171"}],"wp:attachment":[{"href":"https:\/\/sisu.ut.ee\/eoppija\/wp-json\/wp\/v2\/media?parent=7"}],"curies":[{"name":"wp","href":"https:\/\/api.w.org\/{rel}","templated":true}]}}