{"id":6,"date":"2024-04-04T06:16:46","date_gmt":"2024-04-04T03:16:46","guid":{"rendered":"https:\/\/sisu.ut.ee\/eoppija\/osalemine-veebiseminarilpraktikumis\/"},"modified":"2024-04-12T15:13:00","modified_gmt":"2024-04-12T12:13:00","slug":"osalemine-veebiseminarilpraktikumis","status":"publish","type":"page","link":"https:\/\/sisu.ut.ee\/eoppija\/osalemine-veebiseminarilpraktikumis\/","title":{"rendered":"Osalemine veebiseminaril\/praktikumis"},"content":{"rendered":"<h5>\n\tVeebiseminarid ja -praktikumid toimuvad tavaliselt videokonverentsina BBBs, Teamsis v\u00f5i Zoomis.<br>\n<\/h5>\n<p>\n\tVeebiseminarid ja -praktikumid toimuvad tavaliselt videokonverentsina \u00f5ppej\u00f5u poolt valitud ja seadistatud keskkonnas, milleks v\u00f5ib olla BBB, Teams v\u00f5i Zoom. T\u00e4psed juhised keskkonna, sinna sisenemise ning reeglite kohta annab sulle kursuse \u00f5ppej\u00f5ud. \u00d5ppej\u00f5ud m\u00e4\u00e4rab, mida sa videokonverentsi keskkonnas teha saad \u2013 l\u00fclitada sisse oma mikrofoni ja veebikaamerat, jagada enda slaide, kasutada valget tahvlit v\u00f5i jututuba, l\u00e4bi viia k\u00fcsitlust.\n<\/p>\n<p>\n\tVeebiseminaril\/praktikumis osalemiseks vajad lisaks internetis olevale arvutile veebikaamerat, mikrofoni ning k\u00f5rvaklappe v\u00f5i k\u00f5lareid. Hea oleks, kui saad arvuti selleks ajaks \u00fchendada juhtmega vooluv\u00f5rku ning kaabliga internetti. Vajadusel ja ette teatades veebiseminar\/praktikum salvestatakse. Salvestusi hoitakse \u00fclikooli serveris ning kustutatakse hiljemalt \u00f5ppeaasta l\u00f5pus kui ei lepita kokku teisiti. Salvestise edastamiseks v\u00f5i avalikustamiseks k\u00fcsitakse kirjalikku luba.\n<\/p>\n<p>\n\tEnne veebiseminari\/praktikumi algust veendu, et:\n<\/p>\n<ul>\n<li>\n\t\tsinu arvuti on juhtmega vooluv\u00f5rgus v\u00f5i aku on piisavalt laetud\n\t<\/li>\n<li>\n\t\tarvutis on k\u00f5ik vajalikud programmid\n\t<\/li>\n<li>\n\t\tarvutis toimivad kaamera\/mikrofon\/k\u00f5rvaklapid v\u00f5i k\u00f5larid\n\t<\/li>\n<li>\n\t\tarvuti on kaabliga internetis, kuna wifi v\u00f5ib olla katkendlik\n\t<\/li>\n<li>\n\t\t\u00f5ppet\u00f6\u00f6 ajal pole sinu ruumis segavaid isikuid ja muid h\u00e4irivaid tegureid\n\t<\/li>\n<li>\n\t\truumis on hea valgustus (p\u00e4evavalgus, \u00fcldvalgustid)\n\t<\/li>\n<li>\n\t\tk\u00f5ik sinu kaamerast n\u00e4htu (ise, laud, ruum jm) on teistele n\u00e4itamiseks sobilik\n\t<\/li>\n<\/ul>\n<p>\n\tV\u00f5imalusel testi veebiseminari\/praktikumi keskkonda ja kui pead ise veebiseminaris ettekande tegema, siis harjuta esinemist, et ettekanne kulgeks viperusteta ning j\u00e4\u00e4ksid antud aja piiridesse.\n<\/p>\n<p>\n\tEt seminar kulgeks edukalt:\n<\/p>\n<ul>\n<li>\n\t\t\u00e4ra j\u00e4\u00e4 veebiseminarile\/praktikumi hiljaks\n\t<\/li>\n<li>\n\t\tvajadusel tutvusta ennast\n\t<\/li>\n<li>\n\t\tvalmistu seminariks: lahenda k\u00f5ik \u00fclesanded v\u00f5i loe l\u00e4bi kohustuslik kirjandus, koosta ettekanne, kui pead tegema ettekande\n\t<\/li>\n<li>\n\t\tkui pead teistega jagama faile (nt ettekanne), siis salvesta need PDF-formaati \u2013 siis on kindel, et vormindus j\u00e4\u00e4b erinevates keskkondades muutumatuks\n\t<\/li>\n<li>\n\t\tm\u00f5tle k\u00fcsimustele, mis v\u00f5ivad seminari k\u00e4igus tekkida ja otsi neile juba ette v\u00f5imalikud vastused\n\t<\/li>\n<li>\n\t\tole seminaris aktiivne ja avalda oma seisukohti argumenteeritult\n\t<\/li>\n<li>\n\t\tkuula \u00e4ra teiste seisukohad\n\t<\/li>\n<li>\n\t\t\u00e4ra sega teistele vahele \u2013 korraga r\u00e4\u00e4gib vaid \u00fcks inimene\n\t<\/li>\n<li>\n\t\tajal, mil oled kuulaja rollis, vaigista enda mikrofon ning kui \u00f5ppej\u00f5ud palub, l\u00fclita v\u00e4lja ka enda kaamera\n\t<\/li>\n<\/ul>\n<h3>\n\tJuhendid<br>\n<\/h3>\n<ul>\n<li>\n\t\tBBB juhend: <a data-url=\"https:\/\/sisu.ut.ee\/juhendid\/bbb-juhised-osalejale\" href=\"https:\/\/sisu.ut.ee\/juhendid\/bbb-juhised-osalejale\" target=\"_blank\" title=\"\" rel=\"noopener\">https:\/\/sisu.ut.ee\/juhendid\/bbb-juhised-osalejale<\/a>\n\t<\/li>\n<li>\n\t\tTeamsi juhend: <a data-url=\"https:\/\/wiki.ut.ee\/pages\/viewpage.action?pageId=90693829\" href=\"https:\/\/wiki.ut.ee\/pages\/viewpage.action?pageId=90693829\" target=\"_blank\" title=\"\" rel=\"noopener\">https:\/\/wiki.ut.ee\/pages\/viewpage.action?pageId=90693829<\/a>\n\t<\/li>\n<li>\n\t\tZoomi juhend: <a data-url=\"https:\/\/wiki.ut.ee\/pages\/viewpage.action?pageId=90695802\" href=\"https:\/\/wiki.ut.ee\/pages\/viewpage.action?pageId=90695802\" target=\"_blank\" title=\"\" rel=\"noopener\">https:\/\/wiki.ut.ee\/pages\/viewpage.action?pageId=90695802<\/a>\n\t<\/li>\n<\/ul>\n<h3>\n\tKontakt ja abi<br>\n<\/h3>\n<p>\n\tTehniliste probleemide ja k\u00fcsimuste korral v\u00f5ta \u00fchendust oma valdkonna \u00f5ppedisaineriga (vt <a data-url=\"https:\/\/ut.ee\/et\/opetamisoskuste-konsultandid-oppedisainerid\" href=\"https:\/\/ut.ee\/et\/opetamisoskuste-konsultandid-oppedisainerid\" target=\"_blank\" title=\"\" rel=\"noopener\">https:\/\/ut.ee\/et\/opetamisoskuste-konsultandid-oppedisainerid<\/a>) v\u00f5i kirjuta aadressil eope@ut.ee. Sisulistes ja korralduslikes k\u00fcsimustes aitab kursuse \u00f5ppej\u00f5ud.<\/p>\n","protected":false},"excerpt":{"rendered":"<p>Veebiseminarid ja -praktikumid toimuvad tavaliselt videokonverentsina BBBs, Teamsis v\u00f5i Zoomis. Veebiseminarid ja -praktikumid toimuvad tavaliselt videokonverentsina \u00f5ppej\u00f5u poolt valitud ja seadistatud keskkonnas, milleks v\u00f5ib olla BBB, Teams v\u00f5i Zoom. T\u00e4psed juhised keskkonna, sinna sisenemise ning reeglite kohta annab sulle kursuse &#8230;<\/p>\n","protected":false},"author":9,"featured_media":0,"parent":0,"menu_order":0,"comment_status":"closed","ping_status":"closed","template":"","meta":{"_acf_changed":false,"inline_featured_image":false,"footnotes":""},"class_list":["post-6","page","type-page","status-publish","hentry"],"acf":[],"_links":{"self":[{"href":"https:\/\/sisu.ut.ee\/eoppija\/wp-json\/wp\/v2\/pages\/6","targetHints":{"allow":["GET"]}}],"collection":[{"href":"https:\/\/sisu.ut.ee\/eoppija\/wp-json\/wp\/v2\/pages"}],"about":[{"href":"https:\/\/sisu.ut.ee\/eoppija\/wp-json\/wp\/v2\/types\/page"}],"author":[{"embeddable":true,"href":"https:\/\/sisu.ut.ee\/eoppija\/wp-json\/wp\/v2\/users\/9"}],"replies":[{"embeddable":true,"href":"https:\/\/sisu.ut.ee\/eoppija\/wp-json\/wp\/v2\/comments?post=6"}],"version-history":[{"count":1,"href":"https:\/\/sisu.ut.ee\/eoppija\/wp-json\/wp\/v2\/pages\/6\/revisions"}],"predecessor-version":[{"id":172,"href":"https:\/\/sisu.ut.ee\/eoppija\/wp-json\/wp\/v2\/pages\/6\/revisions\/172"}],"wp:attachment":[{"href":"https:\/\/sisu.ut.ee\/eoppija\/wp-json\/wp\/v2\/media?parent=6"}],"curies":[{"name":"wp","href":"https:\/\/api.w.org\/{rel}","templated":true}]}}