{"id":5,"date":"2024-04-04T06:16:45","date_gmt":"2024-04-04T03:16:45","guid":{"rendered":"https:\/\/sisu.ut.ee\/eoppija\/osalemine-e-ruhmatoos\/"},"modified":"2024-04-26T12:29:59","modified_gmt":"2024-04-26T09:29:59","slug":"osalemine-e-ruhmatoos","status":"publish","type":"page","link":"https:\/\/sisu.ut.ee\/eoppija\/osalemine-e-ruhmatoos\/","title":{"rendered":"Osalemine e-r\u00fchmat\u00f6\u00f6s"},"content":{"rendered":"<h5>Veebip\u00f5hiselt toimuv\u00a0r\u00fchmat\u00f6\u00f6 eeldab erinevate veebikeskkondade kasutamist suhtlemiseks, \u00fchisloomeks, failide haldamiseks, t\u00f6\u00f6 esitamiseks jne.<\/h5>\n<p>Veebip\u00f5hine r\u00fchmat\u00f6\u00f6 koosneb tavaliselt erinevatest etappidest ja eeldab erinevate veebikeskkondade kasutamist s\u00f5ltuvalt eesm\u00e4rgist: suhtlemine, \u00fchisloome, failide haldamine, t\u00f6\u00f6 esitamine jne. \u00d5ppej\u00f5ud v\u00f5ib k\u00f5ik vajalikud veebikeskkonnad ise v\u00e4lja valida ja seadistada ning anda sellest r\u00fchmat\u00f6\u00f6 \u00f5pijuhises t\u00e4pselt teada. V\u00f5ib aga juhtuda, et r\u00fchm saab ise otsustada, millistes keskkondades toimetab. K\u00fcll aga v\u00f5ivad vajalikuks osutuda: juhised r\u00fchmadesse jaotumiseks (kas jaotab \u00f5ppej\u00f5ud v\u00f5i arvuti v\u00f5i \u00f5ppijad ise, kus, milliseks ajaks, milliste kriteeriumide alusel); sisulised juhised (\u00fclesande eesm\u00e4rgid ja kirjeldus); r\u00fchmat\u00f6\u00f6 vormistamise ja esitamise juhised ning hindamise kriteeriumid ja osalemise n\u00f5uded (sh t\u00f6\u00f6ks planeeritud aeg).<\/p>\n<p>Soovitused r\u00fchmat\u00f6\u00f6s osalemiseks:<\/p>\n<ul>\n<li>P\u00fc\u00fca sundida end \u00f5igel ajal t\u00f6\u00f6d alustama ja l\u00f5petama.<\/li>\n<li>Kui oled ajah\u00e4das, informeeri oma r\u00fchmakaaslasi ette, mitte tagantj\u00e4rele.<\/li>\n<li>Loe t\u00e4helepanelikult l\u00e4bi \u00f5ppematerjal, millel \u00fclesanne baseerub.<\/li>\n<li>Loe t\u00e4helepanelikult l\u00e4bi juhised.<\/li>\n<li>Kontrollige, kas k\u00f5ik on r\u00fchmas \u00fchtemoodi \u00fclesandest aru saanud \u2013 kirjuta\/\u00fctle enda r\u00fchmakaaslastele, mida te sinu arvates peaksite edasi tegema.<\/li>\n<li>Leppige r\u00fchmas kokku osa\u00fclesanded ja t\u00e4htajad.<\/li>\n<li>Julgusta oma r\u00fchmakaaslasi ja vajadusel juhenda neid.<\/li>\n<li>Vajadusel (ka \u00fclesande t\u00e4psustamiseks) k\u00fcsi abi\/n\u00f5u kursuse juhendajalt v\u00f5i tuutorilt.<\/li>\n<li>\u00c4rge kalduge r\u00fchmas teemast k\u00f5rvale \u2013 vajadusel tee r\u00fchmakaaslasele asjakohane m\u00e4rkus v\u00f5i suuna teda k\u00fcsimusega.<\/li>\n<li>Kasutage r\u00fchmas suhtlemiseks erinevaid\/sobivaid vahendeid: as\u00fcnkroonseid ja s\u00fcnkroonseid.<\/li>\n<li>Suhtu kriitiliselt loetud ja kuuldud informatsiooni, mitte kirjutajasse ja \u00fctlejasse.<\/li>\n<li>Keskendu parima lahenduseni j\u00f5udmisele, mitte v\u00f5idule.<\/li>\n<li>Julgusta kaas\u00f5ppijaid oma m\u00f5tteid avaldama, et koguda v\u00f5imalikult palju vajalikku infot.<\/li>\n<li>Kuula \u00e4ra k\u00f5igi ideed, isegi kui ise nendega n\u00f5us ei ole.<\/li>\n<li>Kui kellegi m\u00f5te j\u00e4\u00e4b arusaamatuks, k\u00fcsi \u00fcle v\u00f5i palu t\u00e4psustada.<\/li>\n<li>P\u00fc\u00fca m\u00f5ista m\u00f5lema poole seisukohti.<\/li>\n<li>Ole valmis muutma oma isiklikku seisukohta, kui t\u00f5endid n\u00e4itavad selgelt vastupidist.<\/li>\n<\/ul>\n<p>\u00d5ppijad saavad videokohtumisteks, \u00fchisloomeks ja failide haldamiseks kasutada Teamsi. \u00d5ppej\u00f5ud v\u00f5ib olla Moodle\u2019i e-kursuse liidestanud Teamsiga ning siis lisatakse sind kursuse Teamsi t\u00f6\u00f6r\u00fchma auromaatselt. Kui \u00f5ppej\u00f5ud ei ole e-kursust Teamsiga liidestanud, siis on \u00f5ppijatel v\u00f5imalik Teamsi kasutada iseseisvalt, lisades kaas\u00f5ppijad ise Teamsi t\u00f6\u00f6r\u00fchma liikmeks. Samuti v\u00f5ib \u00f5ppej\u00f5ud r\u00fchmade jaoks luua ja seadistada videoaruteludeks BBB ruumid. E-kursusel Moodle\u2019is v\u00f5ib olla r\u00fchmat\u00f6\u00f6ks loodud privaatsed r\u00fchmafoorumid (saab suhelda tekstip\u00f5hiselt ja vahetada faile), r\u00fchmaviki (\u00fchise teksti loomine), \u00fclesanne.<\/p>\n<p>Soovid\u00a0saada kohest tagasisidet v\u00f5i vastuseid enda k\u00fcsimustele? Selleks sobib n\u00e4iteks Mentimeter (<a title=\"\" href=\"https:\/\/www.mentimeter.com\/\" target=\"_blank\" rel=\"noopener\" data-url=\"https:\/\/www.mentimeter.com\/\">https:\/\/www.mentimeter.com\/<\/a>). Sli.do (<a title=\"\" href=\"https:\/\/www.sli.do\/\" target=\"_blank\" rel=\"noopener\" data-url=\"https:\/\/www.sli.do\/\">https:\/\/www.sli.do\/<\/a>) abil saad lasta jooksvalt k\u00fcsimusi v\u00f5i kommentaare esitada ning viia l\u00e4bi l\u00fchik\u00fcsitlusi. Ajur\u00fcnnakuks sobib ka Tricider (<a title=\"\" href=\"https:\/\/www.tricider.com\/\" target=\"_blank\" rel=\"noopener\" data-url=\"https:\/\/www.tricider.com\/\">https:\/\/www.tricider.com\/<\/a>).\u00a0Soovid, et osalejad kirjutaksid midagi \u00fchisele veebitahvlile \u2013 n\u00e4iteks tutvustaksid ennast v\u00f5i teeksid ajur\u00fcnnaku v\u00f5i r\u00fchmitaks oma m\u00f5tteid v\u00f5i kogemusi? Veebitahvliks sobib Padlet (<a title=\"\" href=\"https:\/\/padlet.com\/\" target=\"_blank\" rel=\"noopener\" data-url=\"https:\/\/padlet.com\/\">https:\/\/padlet.com\/<\/a>).\u00a0\u00dcksi v\u00f5i r\u00fchmat\u00f6\u00f6na m\u00f5istekaardi tegemiseks v\u00f5ib kasutada veebirakendust Coggle.it (<a title=\"\" href=\"https:\/\/coggle.it\/\" target=\"_blank\" rel=\"noopener\" data-url=\"https:\/\/coggle.it\/\">https:\/\/coggle.it\/<\/a>).\u00a0 Et veebiaadresse l\u00fchendada kasuta\u00a0nt veebirakendust Bitly (<a href=\"https:\/\/bitly.com\/\" target=\"_blank\" rel=\"noopener\">https:\/\/bitly.com\/<\/a>) v\u00f5i veelgi parem (just nutitelefonide puhul) on tekitada veebilehek\u00fclgedest QR koodid nt lehel QR Code Generator (<a title=\"\" href=\"https:\/\/www.the-qrcode-generator.com\/\" target=\"_blank\" rel=\"noopener\" data-url=\"https:\/\/www.the-qrcode-generator.com\/\">https:\/\/www.the-qrcode-generator.com\/<\/a>).<\/p>\n<h3>Juhendid<\/h3>\n<ul>\n<li>BBB juhend: <a title=\"\" href=\"https:\/\/sisu.ut.ee\/juhendid\/bbb-juhised-osalejale\" target=\"_blank\" rel=\"noopener\" data-url=\"https:\/\/sisu.ut.ee\/juhendid\/bbb-juhised-osalejale\">https:\/\/sisu.ut.ee\/juhendid\/bbb-juhised-osalejale<\/a><\/li>\n<li>Teamsi juhend: <a title=\"\" href=\"https:\/\/wiki.ut.ee\/pages\/viewpage.action?pageId=90674578\" target=\"_blank\" rel=\"noopener\" data-url=\"https:\/\/wiki.ut.ee\/pages\/viewpage.action?pageId=90674578\">https:\/\/wiki.ut.ee\/pages\/viewpage.action?pageId=90674578<\/a><\/li>\n<li>Zoomi juhend: <a title=\"\" href=\"https:\/\/wiki.ut.ee\/pages\/viewpage.action?pageId=90695802\" target=\"_blank\" rel=\"noopener\" data-url=\"https:\/\/wiki.ut.ee\/pages\/viewpage.action?pageId=90695802\">https:\/\/wiki.ut.ee\/pages\/viewpage.action?pageId=90695802<\/a><\/li>\n<li>Moodle\u2019i juhend: <a title=\"\" href=\"https:\/\/sisu.ut.ee\/eoppija\/book\/%C3%B5ppimine-e-kursusel-moodle\" target=\"_blank\" rel=\"noopener\" data-url=\"https:\/\/sisu.ut.ee\/eoppija\/book\/%C3%B5ppimine-e-kursusel-moodle\">https:\/\/sisu.ut.ee\/eoppija\/book\/%C3%B5ppimine-e-kursusel-moodle<\/a><\/li>\n<\/ul>\n<h3>Kontakt ja abi<\/h3>\n<p>Tehniliste probleemide ja k\u00fcsimuste korral v\u00f5ta \u00fchendust oma valdkonna \u00f5ppedisaineriga (vt <a title=\"\" href=\"https:\/\/ut.ee\/et\/opetamisoskuste-konsultandid-oppedisainerid\" target=\"_blank\" rel=\"noopener\" data-url=\"https:\/\/ut.ee\/et\/opetamisoskuste-konsultandid-oppedisainerid\">https:\/\/ut.ee\/et\/opetamisoskuste-konsultandid-oppedisainerid<\/a>) v\u00f5i kirjuta aadressil eope@ut.ee. Sisulistes ja korralduslikes k\u00fcsimustes aitab kursuse \u00f5ppej\u00f5ud.<\/p>\n","protected":false},"excerpt":{"rendered":"<p>Veebip\u00f5hiselt toimuv\u00a0r\u00fchmat\u00f6\u00f6 eeldab erinevate veebikeskkondade kasutamist suhtlemiseks, \u00fchisloomeks, failide haldamiseks, t\u00f6\u00f6 esitamiseks jne. Veebip\u00f5hine r\u00fchmat\u00f6\u00f6 koosneb tavaliselt erinevatest etappidest ja eeldab erinevate veebikeskkondade kasutamist s\u00f5ltuvalt eesm\u00e4rgist: suhtlemine, \u00fchisloome, failide haldamine, t\u00f6\u00f6 esitamine jne. \u00d5ppej\u00f5ud v\u00f5ib k\u00f5ik vajalikud veebikeskkonnad ise v\u00e4lja &#8230;<\/p>\n","protected":false},"author":9,"featured_media":0,"parent":0,"menu_order":0,"comment_status":"closed","ping_status":"closed","template":"","meta":{"_acf_changed":false,"inline_featured_image":false,"footnotes":""},"class_list":["post-5","page","type-page","status-publish","hentry"],"acf":[],"_links":{"self":[{"href":"https:\/\/sisu.ut.ee\/eoppija\/wp-json\/wp\/v2\/pages\/5","targetHints":{"allow":["GET"]}}],"collection":[{"href":"https:\/\/sisu.ut.ee\/eoppija\/wp-json\/wp\/v2\/pages"}],"about":[{"href":"https:\/\/sisu.ut.ee\/eoppija\/wp-json\/wp\/v2\/types\/page"}],"author":[{"embeddable":true,"href":"https:\/\/sisu.ut.ee\/eoppija\/wp-json\/wp\/v2\/users\/9"}],"replies":[{"embeddable":true,"href":"https:\/\/sisu.ut.ee\/eoppija\/wp-json\/wp\/v2\/comments?post=5"}],"version-history":[{"count":2,"href":"https:\/\/sisu.ut.ee\/eoppija\/wp-json\/wp\/v2\/pages\/5\/revisions"}],"predecessor-version":[{"id":334,"href":"https:\/\/sisu.ut.ee\/eoppija\/wp-json\/wp\/v2\/pages\/5\/revisions\/334"}],"wp:attachment":[{"href":"https:\/\/sisu.ut.ee\/eoppija\/wp-json\/wp\/v2\/media?parent=5"}],"curies":[{"name":"wp","href":"https:\/\/api.w.org\/{rel}","templated":true}]}}