{"id":35,"date":"2024-04-04T06:16:48","date_gmt":"2024-04-04T03:16:48","guid":{"rendered":"https:\/\/sisu.ut.ee\/eoppija\/moodlei-jarelevalve-pluginaga-test\/"},"modified":"2024-04-12T15:16:17","modified_gmt":"2024-04-12T12:16:17","slug":"moodlei-jarelevalve-pluginaga-test","status":"publish","type":"page","link":"https:\/\/sisu.ut.ee\/eoppija\/moodlei-jarelevalve-pluginaga-test\/","title":{"rendered":"Moodle&#8217;i j\u00e4relevalve pluginaga test"},"content":{"rendered":"<p>Moodle\u2019is v\u00f5ib \u00f5ppej\u00f5ud testi puhul kasutada <strong>j\u00e4relevalve\u00a0pluginat<\/strong> (<em>Moodle\u00a0proctoring<\/em>), mis\u00a0n\u00f5uab testi sooritajalt veebilehitsejas veebikaamerale juurdep\u00e4\u00e4su lubamist.<\/p>\n<p>Veebikaamera salvestab \u00f5ppijast testi\u00a0sooritamise\u00a0ajal teatud ajavahemike tagant pildid, mida \u00f5ppej\u00f5ul on v\u00f5imalik peale testi sooritamist \u00fcle vaadata, et tuvastada v\u00f5imalikku rikkumist (nt on veebikaamera kaetud ja pildil pole n\u00e4ha \u00f5ppija kujutist;\u00a0pilte on liiga v\u00e4he, mis viitab sellele, et kaamerale juurdep\u00e4\u00e4s on vahepeal \u00e4ra v\u00f5etud;\u00a0\u00f5ppija on kadunud kaadrist;\u00a0kaadris on abiline;\u00a0\u00f5ppija paistab kellegagi vestlevat vms).<\/p>\n<h5>Pildid salvestatakse \u00fclikooli\u00a0Moodle\u2019i\u00a0serverisse ja kustutatakse automaatselt kolme n\u00e4dala m\u00f6\u00f6dumisel.<\/h5>\n<p>Kui\u00a0testi seadetest\u00a0on m\u00e4\u00e4ratud\u00a0testi j\u00e4relevalve\u00a0plugina\u00a0kasutamine, siis\u00a0n\u00f5utakse\u00a0\u00f5ppijalt testi soorituskatse alustamise eel veebilehitsejas veebikaamerale juurdep\u00e4\u00e4su\u00a0andmist. Kui \u00f5ppija luba ei anna, siis ei ole v\u00f5imalik testi sooritada.<\/p>\n<p>Testi lehel kuvatakse testi sooritajale teade, et selle testi puhul toimub j\u00e4relevalve ning info, et testi sooritamiseks tuleb lubada veebilehitsejas veebikaamerale juurdep\u00e4\u00e4s.<\/p>\n<h3>Veebilehitsejas veebikaamerale juurdep\u00e4\u00e4su\u00a0lubamine<\/h3>\n<p>Kui sa alustad testi tegemist ja sulle kuvatakse kaamerale juurdep\u00e4\u00e4su andmise aken, siis pead eelvaatena n\u00e4gema\u00a0oma\u00a0pilti. Kui veebikaamera pildi ala on ilma sinu kujutiseta (nt must v\u00f5i valge), siis on kaamera lubamise seadetes midagi valesti\u00a0ning peaksid\u00a0veebilehitseja\u00a0eelistuste lehel kaamera eelistused \u00fcle vaatama.\u00a0Testi sooritamise ajal ei tohi kaamerale ligip\u00e4\u00e4su andmise lubamist tagasi v\u00f5tta, sest vastasel korral ei pruugi sa enam saada testi edasi teha.<\/p>\n<p><strong>NB! <\/strong>Testi sooritamiseks tuleb kasutada arvutit. Mobiiltelefonis ei ole v\u00f5imalik j\u00e4relevalve pluginaga testi sooritada.<\/p>\n<p>Testi saab sooritada vaid uuendatud\u00a0ja uuemate\u00a0veebilehitsejatega\u00a0(Google Chrome,\u00a0Firefox). N\u00e4iteks ei saa testi sooritada Internet Exploreriga, mille tugi on Microsofti poolt l\u00f5petatud.\u00a0Veendu, et veebikaamerat ei kasuta enne testi alustamist \u00fckski teine programm.\u00a0Vajadusel luba testi sooritamiseks\u00a0popup\u00a0ehk h\u00fcpikaknad.<\/p>\n<p>Kui kaamerale juurdep\u00e4\u00e4su k\u00fcsitakse testi uuele lehele liikudes iga kord uuesti, siis tuleb\u00a0veebilehitseja\u00a0eelistuste lehel kaamera osas valida kaamera lubamine\u00a0(valik\u00a0<strong>Allow<\/strong>, mitte\u00a0<strong>Ask<\/strong>).\u00a0Vaata juhiseid vastavalt sellele, kas kasutad Windowsi v\u00f5i Maci arvutit.<\/p>\n<p><\/p><div class=\"accordion mb-3\">\n        <div class=\"accordion-item accordion-item--white\">\n        <h2 class=\"accordion-header\" id=\"accordion-69e038f70bc26-heading\">\n            <button class=\"accordion-button collapsed\" type=\"button\" data-bs-toggle=\"collapse\" data-bs-target=\"#accordion-69e038f70bc26-collapse\" aria-expanded=\"true\" aria-controls=\"accordion-69e038f70bc26-collapse\">Kasutan Windows arvutit<\/button>\n        <\/h2>\n        <div id=\"accordion-69e038f70bc26-collapse\" class=\"accordion-collapse collapse\" aria-labelledby=\"accordion-69e038f70bc26-heading\">\n            <div class=\"accordion-body\">\n<p><strong>Chrome<\/strong> \u2013\u00a0Kui kaamerale juurdep\u00e4\u00e4su k\u00fcsitakse iga kord testi uuele lehele liikudes, siis tuleb\u00a0veebilehitseja\u00a0eelistuste lehel kaamera osas valida kaamera lubamine (<em>Preferences<\/em>,\u00a0<em>Privacy\u00a0and\u00a0security<\/em>,\u00a0<em>Site\u00a0settings<\/em>,\u00a0<em>Camera<\/em>, valida\u00a0Moodle\u2019i\u00a0URL ja m\u00e4\u00e4rata\u00a0<em><strong>Allow<\/strong><\/em>).<\/p>\n<p><strong>Firefox<\/strong>\u00a0\u2013 Kui k\u00fcsitakse kaamerale juurdep\u00e4\u00e4su, siis soovitame kohe teha linnuke ka kasti\u00a0\u201c<strong><em>Remember\u00a0this\u00a0decision<\/em><\/strong>\u201d.\u00a0See lubab kaamerat kasutada ka j\u00e4rgmistel lehtedel.\u00a0 <\/p><\/div>\n        <\/div>\n        <\/div>\n    <\/div>\n<p><\/p><div class=\"accordion mb-3\">\n        <div class=\"accordion-item accordion-item--white\">\n        <h2 class=\"accordion-header\" id=\"accordion-69e038f70bc2c-heading\">\n            <button class=\"accordion-button collapsed\" type=\"button\" data-bs-toggle=\"collapse\" data-bs-target=\"#accordion-69e038f70bc2c-collapse\" aria-expanded=\"true\" aria-controls=\"accordion-69e038f70bc2c-collapse\">Kasutan Mac arvutit<\/button>\n        <\/h2>\n        <div id=\"accordion-69e038f70bc2c-collapse\" class=\"accordion-collapse collapse\" aria-labelledby=\"accordion-69e038f70bc2c-heading\">\n            <div class=\"accordion-body\">\n<p><strong>Chrome<\/strong>\u00a0\u2013 Kui kaamerale juurdep\u00e4\u00e4su k\u00fcsitakse iga kord testi uuele lehele liikudes, siis tuleb\u00a0veebilehitseja\u00a0eelistuste lehel kaamera osas valida kaamera lubamine\u00a0(<em>Preferences,\u00a0Privacy\u00a0and\u00a0security,\u00a0Site\u00a0settings,\u00a0Camera<\/em>, valida\u00a0Moodle\u2019i\u00a0URL ja m\u00e4\u00e4rata\u00a0<strong><em>Allow<\/em><\/strong>).<\/p>\n<p><strong>Safari<\/strong> \u2013\u00a0Kui kaamerale juurdep\u00e4\u00e4su k\u00fcsitakse iga kord testi uuele lehele liikudes, siis tuleb\u00a0veebilehitseja\u00a0eelistuste lehel kaamera osas valida kaamera\u00a0lubamine\u00a0(<em>Preferences,\u00a0Camera<\/em>, valida\u00a0Moodle\u2019i\u00a0URL ja m\u00e4\u00e4rata\u00a0<strong><em>Allow<\/em><\/strong>)\u00a0<\/p><\/div>\n        <\/div>\n        <\/div>\n    <\/div>\n","protected":false},"excerpt":{"rendered":"<p>Moodle\u2019is v\u00f5ib \u00f5ppej\u00f5ud testi puhul kasutada j\u00e4relevalve\u00a0pluginat (Moodle\u00a0proctoring), mis\u00a0n\u00f5uab testi sooritajalt veebilehitsejas veebikaamerale juurdep\u00e4\u00e4su lubamist. Veebikaamera salvestab \u00f5ppijast testi\u00a0sooritamise\u00a0ajal teatud ajavahemike tagant pildid, mida \u00f5ppej\u00f5ul on v\u00f5imalik peale testi sooritamist \u00fcle vaadata, et tuvastada v\u00f5imalikku rikkumist (nt on veebikaamera kaetud &#8230;<\/p>\n","protected":false},"author":9,"featured_media":0,"parent":0,"menu_order":0,"comment_status":"closed","ping_status":"closed","template":"","meta":{"_acf_changed":false,"inline_featured_image":false,"footnotes":""},"class_list":["post-35","page","type-page","status-publish","hentry"],"acf":[],"_links":{"self":[{"href":"https:\/\/sisu.ut.ee\/eoppija\/wp-json\/wp\/v2\/pages\/35","targetHints":{"allow":["GET"]}}],"collection":[{"href":"https:\/\/sisu.ut.ee\/eoppija\/wp-json\/wp\/v2\/pages"}],"about":[{"href":"https:\/\/sisu.ut.ee\/eoppija\/wp-json\/wp\/v2\/types\/page"}],"author":[{"embeddable":true,"href":"https:\/\/sisu.ut.ee\/eoppija\/wp-json\/wp\/v2\/users\/9"}],"replies":[{"embeddable":true,"href":"https:\/\/sisu.ut.ee\/eoppija\/wp-json\/wp\/v2\/comments?post=35"}],"version-history":[{"count":2,"href":"https:\/\/sisu.ut.ee\/eoppija\/wp-json\/wp\/v2\/pages\/35\/revisions"}],"predecessor-version":[{"id":261,"href":"https:\/\/sisu.ut.ee\/eoppija\/wp-json\/wp\/v2\/pages\/35\/revisions\/261"}],"wp:attachment":[{"href":"https:\/\/sisu.ut.ee\/eoppija\/wp-json\/wp\/v2\/media?parent=35"}],"curies":[{"name":"wp","href":"https:\/\/api.w.org\/{rel}","templated":true}]}}