{"id":30,"date":"2024-04-04T06:16:48","date_gmt":"2024-04-04T03:16:48","guid":{"rendered":"https:\/\/sisu.ut.ee\/eoppija\/tekstiroboti-kasutamisest\/"},"modified":"2025-10-31T11:36:35","modified_gmt":"2025-10-31T09:36:35","slug":"tekstiroboti-kasutamisest","status":"publish","type":"page","link":"https:\/\/sisu.ut.ee\/eoppija\/tekstiroboti-kasutamisest\/","title":{"rendered":"Tekstiroboti kasutamine"},"content":{"rendered":"<blockquote class=\"wp-block-quote has-primary-color has-text-color has-link-color has-regular-font-size wp-elements-ffbd003f2397f2b2e9eeaf3325d82135 is-layout-flow wp-block-quote-is-layout-flow\">\n<p>Vaata \u00f5ppematerjali \u201c\u00d5ppimine ja \u00f5petamine tehisintellekti ajastul: kuidas kasutada tekstiroboteid \u00f5ppet\u00f6\u00f6s\u201d: <a href=\"https:\/\/sisu.ut.ee\/ti\/oppematerjali-avaleht\/\" target=\"_blank\" rel=\"noreferrer noopener\">https:\/\/sisu.ut.ee\/ti\/oppematerjali-avaleht\/<\/a><\/p>\n<\/blockquote>\n\n\n<p>Microsoft Copilot (<a href=\"https:\/\/copilot.microsoft.com\/\" target=\"_blank\" rel=\"noopener\">https:\/\/copilot.microsoft.com\/<\/a>), ChatGPT (<a href=\"https:\/\/chat.openai.com\/\" target=\"_blank\" rel=\"noreferrer noopener\">https:\/\/chat.openai.com\/<\/a>), Gemini (<a href=\"https:\/\/gemini.google.com\/\" target=\"_blank\" rel=\"noopener\">https:\/\/gemini.google.com\/<\/a>), Claude AI (<a href=\"https:\/\/claude.ai\/\" target=\"_blank\" rel=\"noopener\">https:\/\/claude.ai\/<\/a>) ja teised tekstiloomemootorid ehk tekstirobotid on tehisintellekti (ingl <em>artificial intelligence, AI<\/em>) keelemudelitel p\u00f5hinevad s\u00fcsteemid, <span class=\"NormalTextRun SCXW192578458 BCX0\">mis <\/span><span class=\"NormalTextRun SpellingErrorV2Themed SCXW192578458 BCX0\">suudavad<\/span> <span class=\"NormalTextRun SpellingErrorV2Themed SCXW192578458 BCX0\">luua<\/span> <span class=\"NormalTextRun SpellingErrorV2Themed SCXW192578458 BCX0\">teksti<\/span> <span class=\"NormalTextRun SpellingErrorV2Themed SCXW192578458 BCX0\">nii<\/span> <span class=\"NormalTextRun SpellingErrorV2Themed SCXW192578458 BCX0\">h\u00e4sti<\/span><span class=\"NormalTextRun SCXW192578458 BCX0\">,\u00a0et <\/span><span class=\"NormalTextRun SpellingErrorV2Themed SCXW192578458 BCX0\">tulemust<\/span> <span class=\"NormalTextRun SpellingErrorV2Themed SCXW192578458 BCX0\">v\u00f5ib<\/span><span class=\"NormalTextRun SCXW192578458 BCX0\"> olla <\/span><span class=\"NormalTextRun SpellingErrorV2Themed SCXW192578458 BCX0\">inimese<\/span> <span class=\"NormalTextRun SpellingErrorV2Themed SCXW192578458 BCX0\">loodud<\/span> <span class=\"NormalTextRun SpellingErrorV2Themed SCXW192578458 BCX0\">sisust<\/span> <span class=\"NormalTextRun SpellingErrorV2Themed SCXW192578458 BCX0\">raske<\/span> <span class=\"NormalTextRun SpellingErrorV2Themed SCXW192578458 BCX0\">eristada<\/span><span class=\"NormalTextRun SCXW192578458 BCX0\">. Lisaks teksti genereerimisele saab erinevaid tehisintellekti rakendusi kasutada abivahendina ka n\u00e4iteks piltide, audio\/muusika ja videote loomisel.\u00a0<\/span><\/p>\n<p>Tekstirobotiga vesteldes pead sisestama l\u00e4htetekstina ehk viibana (ingl prompt) oma k\u00fcsimuse v\u00f5i soovi. Et saada parem tulemus, on kasulik koos k\u00fcsimuse v\u00f5i sooviga anda lisateavet ja konteksti. Tekstirobot annab seej\u00e4rel v\u00e4ljundi, mille p\u00f5hjal saad j\u00e4tkata dialoogi ja esitada t\u00e4psustavaid k\u00fcsimusi.<\/p>\n<h5>Kontrolli alati tekstiroboti esitatud fakte ja allikaviiteid!<\/h5>\n<p>Arvesta, et tekstirobot v\u00f5ib tsiteerida v\u00e4ljam\u00f5eldud allikaid, teha loogika-, vormindus-, arvutus- ja grammatikavigu ning anda eelarvamuslikke vastuseid, mis ei arvesta kultuurierinevusi ega sotsiaalseid norme. Vastus v\u00f5ib eirata andmekaitsereegleid ja sisaldada valesid isikuandmeid. Seep\u00e4rast tuleb esitatud fakte ja allikaviiteid kindlasti kontrollida. Tekstiroboti v\u00e4ljundi kasutamise eest vastutab selle kasutaja, kellel peavad koostatud teksti hindamiseks olema sobivad teadmised.<\/p>\n<h5>Soovitatav on kasutada T\u00dc kontoga sisselogitult Copiloti Chati, mis kindlustab, et vestlustes kasutatavad andmed on kaitstud.<br>Vt <a title=\"\" href=\"https:\/\/wiki.ut.ee\/spaces\/AA\/pages\/210994366\/Microsoft+365+Copilot+Chat\" target=\"_blank\" rel=\"noopener\" data-url=\"https:\/\/wiki.ut.ee\/display\/AA\/Microsoft+Copilot\">juhiseid<\/a>.<\/h5>\n<p>\u00dcldiselt julgustab \u00fclikool tekstiroboteid \u00f5ppet\u00f6\u00f6s kasutama, et toetada \u00f5ppimist ja \u00f5petamist ning arendada \u00fcli\u00f5pilaste \u00f5pi- ja t\u00f6\u00f6oskusi.<\/p>\n<p>Alates 2024. aastast saavad\u00a0k\u00f5ik \u00fclikoolipere liikmed kasutada Copiloti tekstirobotit. Selleks tuleb\u00a0Microsoft Edge\u2019i v\u00f5i Google Chrome\u2019i veebilehitsejas logida sisse lehel <a title=\"\" href=\"https:\/\/copilot.microsoft.com\/\" target=\"_blank\" rel=\"noopener\" data-url=\"https:\/\/copilot.microsoft.com\/\">https:\/\/copilot.microsoft.com\/<\/a> \u00fclikooli kasutajakontoga.<\/p>\n<p>N\u00e4iteks saad tekstirobotit kasutada iseseisva t\u00f6\u00f6 tegemisel, et paluda selgitada m\u00f5isteid, k\u00fcsida ideid, korrigeerida teksti ja esitada endale kontrollk\u00fcsimusi; kirjat\u00f6\u00f6 alustamise t\u00f5rkest ehk nn t\u00fchja paberi hirmust \u00fclesaamisel; ajur\u00fcnnaku abilisena; programmeerimise abivahendina; teksti toimetamisel ja t\u00f5lkimisel; kriitilise m\u00f5tlemise arendamisel, hinnates tekstiroboti v\u00e4ljundit; mahukast materjalist esmase \u00fclevaate saamiseks.<\/p>\n<h5>Tekstiroboti kasutamisel on suur \u00f6koloogiline jalaj\u00e4lg. Tekstirobotid vajavad v\u00f5imsaid servereid, mis tarbivad palju energiat nii t\u00f6\u00f6ks kui jahutuseks.<\/h5>\n<p>\u00d5ppej\u00f5ul on \u00f5igus oma \u00f5ppeaines otsustada, mil viisil v\u00f5ib tekstirobotit kasutada v\u00f5i vajaduse korral selle kasutamist piirata. Enne \u00fclesannete t\u00e4itmist uuri, kas tekstiroboti kasutamine kursusel on lubatud. Kui kasutad seda piirangust hoolimata, ei viita selle kasutamisele korrektselt v\u00f5i esitad tekstiroboti loodud teksti enda nime all, on see akadeemiline petturlus, mida k\u00e4sitatakse samamoodi nagu teisi akadeemilise petturluse juhtumeid. Kui kasutad tekstirobotit piirangust hoolimata ning esitad selle loodud ja n\u00f5uetekohaselt viidatud t\u00f6\u00f6, ei ole tegemist petturlusega, vaid \u00f5ppeaines hinde\/arvestuse saamiseks seatud tingimuste mittet\u00e4itmisega.<\/p>\n<p>Tekstiroboti kasutamisel on t\u00e4htis eesm\u00e4rgip\u00e4rasus, eetilisus, l\u00e4bipaistvus ja kriitiline suhtumine. Teise inimese isikuandmete tekstirobotisse sisestamine ja tema kohta otsingu tegemine on isikuandmete t\u00f6\u00f6tlemine, mist\u00f5ttu tuleks seda \u00f5ppet\u00f6\u00f6s v\u00e4ltida. Isikuandmete kaitse \u00fcldm\u00e4\u00e4ruse kohaselt saab seda m\u00f5ista kui inimese kohta profiilianal\u00fc\u00fcsi koostamist, milleks on aga tarvis inimese selges\u00f5nalist n\u00f5usolekut.<\/p>\n<p>\u00d5ppej\u00f5ud ei saa kohustada \u00fcli\u00f5pilast looma tekstiroboti kasutamiseks eraldi kontot v\u00f5i kasutama Google\u2019i v\u00f5i Facebooki kontot.<\/p>\n<h5>Tekstiroboti loodud teksti esitamine igasuguses akadeemilises tekstis oma isiklike m\u00f5tetena on akadeemiline petturlus.<\/h5>\n<p>Kui kasutad tekstirobotit kodut\u00f6\u00f6 kirjutamisel, tuleb selgitada (nt metoodikat k\u00e4sitlevas peat\u00fckis, muus tekstis v\u00f5i lisana) selle kasutusviisi: n\u00e4iteks kirjeldada, milliseid k\u00fcsimusi esitati, milline oli tekstirobotilt saadud v\u00e4ljund ja mil m\u00e4\u00e4ral seda muudeti (n\u00e4ide 1). Tekstiroboti kasutamise viisi kirjelduse j\u00e4rgi peab olema \u00fcheselt m\u00f5istetav, millises ulatuses ja millisel moel on seda t\u00f6\u00f6s rakendatud. Tekstirobot ei ole avaldatud allikas ega autor, vaid tekstiloomise mudel, mis v\u00f5ib olenevalt suhtlusolukorrast anda eri vastuseid.<\/p>\n<p style=\"padding-left: 40px;\">N\u00e4ide 1<br>Siinses t\u00f6\u00f6s kasutatud k\u00fcsitluse struktuuri loomiseks kasutati Microsoft Copiloti (2024) tekstiroboti abi. \u2026<\/p>\n<p style=\"margin-left: 40px;\">N\u00e4ide 2<br>J\u00e4rgnev definitsioon p\u00f5hineb ChatGPT 22. aprilli 2023. aasta vastusel k\u00fcsimusele \u201eMis on keelemudel?\u201c. Tulemus oli j\u00e4rgmine: \u201e[\u2014]\u201c (OpenAI, 2023).<\/p>\n<p>Tekstisisene viitamine s\u00f5ltub akadeemilises \u00fcksuses v\u00f5i ajakirjas kasutatavast viitamisstiilist (APA, Chicago, MLA vm).<\/p>\n<p>Kasutatud allikate loetelus tuleb \u00e4ra m\u00e4rkida tekstiroboti looja,\u00a0kasutatud tekstiroboti versiooni aasta, konkreetne tekstirobot ja selle versioon, keelemudeli t\u00fc\u00fcp v\u00f5i kirjeldus ning tekstiroboti veebiaadress.<\/p>\n<p>N\u00e4iteks v\u00f5ib APA stiilis viite vormistada nii:<\/p>\n<ul>\n<li>Microsoft. (2024). Microsoft Copilot (3. m\u00e4rtsi versioon) [suur keelemudel]. <a href=\"https:\/\/copilot.microsoft.com\/\" target=\"_blank\" rel=\"noopener noreferrer\">https:\/\/copilot.microsoft.com\/<\/a><\/li>\n<li>OpenAI. (2023). ChatGPT (22. aprilli versioon) [suur keelemudel]. <a href=\"https:\/\/chat.openai.com\/\" target=\"_blank\" rel=\"noopener noreferrer\">https:\/\/chat.openai.com\/<\/a><\/li>\n<\/ul>\n<h3>Uuri lisaks<\/h3>\n<ul>\n<li>Tartu \u00dclikooli suunis\u00a0tekstiroboti kasutamiseks \u00f5ppet\u00f6\u00f6s. <a title=\"\" href=\"https:\/\/ut.ee\/et\/sisu\/tartu-ulikooli-suunis-tekstiroboti-kasutamiseks-oppetoos\" target=\"_blank\" rel=\"noopener\" data-url=\"https:\/\/ut.ee\/et\/sisu\/tartu-ulikooli-suunis-tekstiroboti-kasutamiseks-oppetoos\">https:\/\/ut.ee\/et\/sisu\/tartu-ulikooli-suunis-tekstiroboti-kasutamiseks-oppetoos<\/a><\/li>\n<li>Juhised tehisintellekti (AI) kasutamise kohta Tartu \u00dclikoolis. <a title=\"\" href=\"https:\/\/wiki.ut.ee\/pages\/viewpage.action?pageId=218073591\" target=\"_blank\" rel=\"noopener\" data-url=\"https:\/\/wiki.ut.ee\/pages\/viewpage.action?pageId=218073591\">https:\/\/wiki.ut.ee\/pages\/viewpage.action?pageId=218073591<\/a><\/li>\n<li>Elements of AI (tasuta eestikeelne e-kursus). <a title=\"\" href=\"https:\/\/www.elementsofai.ee\/\" target=\"_blank\" rel=\"noopener\" data-url=\"https:\/\/www.elementsofai.ee\/\">https:\/\/www.elementsofai.ee\/<\/a><\/li>\n<li>Juhised Microsoft Copiloti\u2019i kasutamise kohta Microsoft Edge\u2019i ja Google Chrome veebilehitsejas.\u00a0 <a href=\"https:\/\/wiki.ut.ee\/spaces\/AA\/pages\/210994366\/Microsoft+365+Copilot+Chat\" target=\"_blank\" rel=\"noopener\">https:\/\/wiki.ut.ee\/spaces\/AA\/pages\/210994366\/Microsoft+365+Copilot+Chat<\/a><\/li>\n<\/ul>","protected":false},"excerpt":{"rendered":"<p>Vaata \u00f5ppematerjali \u201c\u00d5ppimine ja \u00f5petamine tehisintellekti ajastul: kuidas kasutada tekstiroboteid \u00f5ppet\u00f6\u00f6s\u201d: https:\/\/sisu.ut.ee\/ti\/oppematerjali-avaleht\/ Microsoft Copilot (https:\/\/copilot.microsoft.com\/), ChatGPT (https:\/\/chat.openai.com\/), Gemini (https:\/\/gemini.google.com\/), Claude AI (https:\/\/claude.ai\/) ja teised tekstiloomemootorid ehk tekstirobotid on tehisintellekti (ingl artificial intelligence, AI) keelemudelitel p\u00f5hinevad s\u00fcsteemid, mis suudavad luua teksti &#8230;<\/p>\n","protected":false},"author":9,"featured_media":0,"parent":0,"menu_order":0,"comment_status":"closed","ping_status":"closed","template":"","meta":{"_acf_changed":false,"inline_featured_image":false,"footnotes":""},"class_list":["post-30","page","type-page","status-publish","hentry"],"acf":[],"_links":{"self":[{"href":"https:\/\/sisu.ut.ee\/eoppija\/wp-json\/wp\/v2\/pages\/30","targetHints":{"allow":["GET"]}}],"collection":[{"href":"https:\/\/sisu.ut.ee\/eoppija\/wp-json\/wp\/v2\/pages"}],"about":[{"href":"https:\/\/sisu.ut.ee\/eoppija\/wp-json\/wp\/v2\/types\/page"}],"author":[{"embeddable":true,"href":"https:\/\/sisu.ut.ee\/eoppija\/wp-json\/wp\/v2\/users\/9"}],"replies":[{"embeddable":true,"href":"https:\/\/sisu.ut.ee\/eoppija\/wp-json\/wp\/v2\/comments?post=30"}],"version-history":[{"count":22,"href":"https:\/\/sisu.ut.ee\/eoppija\/wp-json\/wp\/v2\/pages\/30\/revisions"}],"predecessor-version":[{"id":533,"href":"https:\/\/sisu.ut.ee\/eoppija\/wp-json\/wp\/v2\/pages\/30\/revisions\/533"}],"wp:attachment":[{"href":"https:\/\/sisu.ut.ee\/eoppija\/wp-json\/wp\/v2\/media?parent=30"}],"curies":[{"name":"wp","href":"https:\/\/api.w.org\/{rel}","templated":true}]}}