{"id":29,"date":"2024-04-04T06:16:48","date_gmt":"2024-04-04T03:16:48","guid":{"rendered":"https:\/\/sisu.ut.ee\/eoppija\/avaleht\/"},"modified":"2025-10-03T08:33:27","modified_gmt":"2025-10-03T05:33:27","slug":"avaleht","status":"publish","type":"page","link":"https:\/\/sisu.ut.ee\/eoppija\/","title":{"rendered":"Avaleht"},"content":{"rendered":"<figure class=\"wp-block-pullquote alignright\"><blockquote><p>E-\u00f5ppija k\u00e4siraamatus saad \u00fclevaate T\u00dc e-\u00f5ppe v\u00f5imaluste kasutamisest.<\/p><\/blockquote><\/figure>\n\n\n\n<p>E-\u00f5pe ehk digi\u00f5pe on \u00f5ppet\u00f6\u00f6, mis toimub osaliselt v\u00f5i t\u00e4ielikult digitehnoloogiliste vahendite abil.\u00a0Tartu \u00dclikoolis \u00f5ppides v\u00f5id kokku puutuda j\u00e4rgmiste e-\u00f5ppe v\u00f5imalustega:<\/p>\n\n\n\n<ul class=\"wp-block-list\">\n<li>e-kursustega Moodle\u2019i \u00f5pikeskkonnas <a href=\"http:\/\/moodle.ut.ee\/\" target=\"_blank\" rel=\"noopener\">https:\/\/moodle.ut.ee<\/a><\/li>\n\n\n\n<li>elektrooniliste \u00f5ppematerjalidega Sisu@UT keskkonnas <a href=\"http:\/\/sisu.ut.ee\/\" target=\"_blank\" rel=\"noopener\">https:\/\/sisu.ut.ee<\/a>, T\u00dc arvutiteaduse instituudi keskkonnas <a data-ext-link-init=\"true\" href=\"https:\/\/courses.cs.ut.ee\/\" target=\"_blank\" rel=\"nofollow noopener\">https:\/\/courses.cs.ut.ee<\/a>, T\u00dc matemaatika ja statistika instituudi keskkonnas <a data-ext-link-init=\"true\" href=\"https:\/\/courses.ms.ut.ee\/\" target=\"_blank\" rel=\"nofollow noopener\">https:\/\/courses.ms.ut.ee<\/a><\/li>\n\n\n\n<li>audio- ja\/v\u00f5i videokonverentsidega Moodle\u2019is, BBBs <a title=\"\" data-url=\"https:\/\/button.ut.ee\" href=\"https:\/\/button.ut.ee\" target=\"_blank\" rel=\"noopener\">https:\/\/button.ut.ee<\/a>, Teamsis v\u00f5i Zoomis<\/li>\n\n\n\n<li>audio- ja \/v\u00f5i videoloengutega (Moodle\u2019is, Panoptos <a title=\"\" data-url=\"https:\/\/panopto.ut.ee\" href=\"https:\/\/panopto.ut.ee\" target=\"_blank\" rel=\"noopener\">https:\/\/panopto.ut.ee<\/a>, Tartu \u00dclikooli Televisioonis <a href=\"http:\/\/uttv.ee\/\" target=\"_blank\" rel=\"noopener\">https:\/\/uttv.ee\/<\/a>, YouTube\u2019is)<\/li>\n\n\n\n<li>MOOCidega, mis on k\u00f5igile soovijatele avatud tasuta veebip\u00f5hised t\u00e4iendus\u00f5ppekursused (ingl <em>massive open online course<\/em>) <a title=\"\" data-url=\"https:\/\/moocs.ut.ee\" href=\"https:\/\/moocs.ut.ee\" target=\"_blank\" rel=\"noopener\">https:\/\/moocs.ut.ee<\/a>. Eelnevalt uuri oma instituudi \u00f5ppekorralduse spetsialistilt v\u00f5i V\u00d5TA n\u00f5ustajalt (<a title=\"\" data-url=\"https:\/\/ut.ee\/et\/sisu\/vota-noustajad\" href=\"https:\/\/ut.ee\/et\/sisu\/vota-noustajad\" target=\"_blank\" rel=\"noopener\">https:\/\/ut.ee\/et\/sisu\/vota-noustajad<\/a>), kas saad l\u00e4bitud MOOCi ainepunktid V\u00d5TA kaudu enda \u00f5pingutesse \u00fcle kanda.<\/li>\n<\/ul>\n\n\n<p><\/p><div class=\"accordion mb-3\">\n        <div class=\"accordion-item accordion-item--white\">\n        <h2 class=\"accordion-header\" id=\"accordion-69e038f668289-heading\">\n            <button class=\"accordion-button collapsed\" type=\"button\" data-bs-toggle=\"collapse\" data-bs-target=\"#accordion-69e038f668289-collapse\" aria-expanded=\"true\" aria-controls=\"accordion-69e038f668289-collapse\">Vaata videosid Digivahendid \u00f5ppet\u00f6\u00f6s ja\u00a0Digi\u00f5ppe ja -t\u00f6\u00f6 juhised \u00fcli\u00f5pilasele<\/button>\n        <\/h2>\n        <div id=\"accordion-69e038f668289-collapse\" class=\"accordion-collapse collapse\" aria-labelledby=\"accordion-69e038f668289-heading\">\n            <div class=\"accordion-body\">\n<p><\/p><div class=\"ratio ratio-16x9 mb-3\"><div class=\"video-placeholder-wrapper video-placeholder-wrapper--16x9\">\n\t\t\t    <div class=\"video-placeholder d-flex justify-content-center align-items-center\">\n\t\t\t        <div class=\"overlay text-white p-2 w-100 text-center d-block justify-content-center align-items-center\">\n\t\t\t            <div>Kolmandate osapoolte sisu n\u00e4gemiseks palun n\u00f5ustu k\u00fcpsistega.<\/div>\n\t\t\t            <button class=\"btn btn-secondary btn-sm mt-1 consent-change\">Muuda n\u00f5usolekut<\/button>\n\t\t\t        <\/div>\n\t\t\t    <\/div>\n\t\t\t<\/div>\n<\/div>\n<p><\/p><\/div>\n        <\/div>\n        <\/div>\n    <\/div>\n\n\n\n<figure data-wp-context='{\"imageId\":\"69e038f667669\"}' data-wp-interactive=\"core\/image\" data-wp-key=\"69e038f667669\" class=\"wp-block-image size-full wp-lightbox-container\"><img loading=\"lazy\" decoding=\"async\" width=\"1218\" height=\"700\" data-wp-class--hide=\"state.isContentHidden\" data-wp-class--show=\"state.isContentVisible\" data-wp-init=\"callbacks.setButtonStyles\" data-wp-on--click=\"actions.showLightbox\" data-wp-on--load=\"callbacks.setButtonStyles\" data-wp-on-window--resize=\"callbacks.setButtonStyles\" src=\"https:\/\/sisu.ut.ee\/wp-content\/uploads\/sites\/445\/keskkonnad_ee.png\" alt=\"\" class=\"wp-image-527\" title=\"joonis3.png\" srcset=\"https:\/\/sisu.ut.ee\/wp-content\/uploads\/sites\/445\/keskkonnad_ee.png 1218w, https:\/\/sisu.ut.ee\/wp-content\/uploads\/sites\/445\/keskkonnad_ee-300x172.png 300w, https:\/\/sisu.ut.ee\/wp-content\/uploads\/sites\/445\/keskkonnad_ee-1024x589.png 1024w, https:\/\/sisu.ut.ee\/wp-content\/uploads\/sites\/445\/keskkonnad_ee-768x441.png 768w\" sizes=\"auto, (max-width: 1218px) 100vw, 1218px\"><button class=\"lightbox-trigger\" type=\"button\" aria-haspopup=\"dialog\" aria-label=\"Enlarge\" data-wp-init=\"callbacks.initTriggerButton\" data-wp-on--click=\"actions.showLightbox\" data-wp-style--right=\"state.imageButtonRight\" data-wp-style--top=\"state.imageButtonTop\">\n\t\t\t<svg xmlns=\"http:\/\/www.w3.org\/2000\/svg\" width=\"12\" height=\"12\" fill=\"none\" viewbox=\"0 0 12 12\">\n\t\t\t\t<path fill=\"#fff\" d=\"M2 0a2 2 0 0 0-2 2v2h1.5V2a.5.5 0 0 1 .5-.5h2V0H2Zm2 10.5H2a.5.5 0 0 1-.5-.5V8H0v2a2 2 0 0 0 2 2h2v-1.5ZM8 12v-1.5h2a.5.5 0 0 0 .5-.5V8H12v2a2 2 0 0 1-2 2H8Zm2-12a2 2 0 0 1 2 2v2h-1.5V2a.5.5 0 0 0-.5-.5H8V0h2Z\"><\/path>\n\t\t\t<\/svg>\n\t\t<\/button><\/figure>\n\n\n\n<p><\/p>\n\n\n\n<figure class=\"wp-block-pullquote alignright\"><blockquote><p>T\u00dc \u00fcli\u00f5pilased sisenevad e-\u00f5ppe keskkondadesse T\u00dc arvutiv\u00f5rgu kontoga.<\/p><\/blockquote><\/figure>\n\n\n\n<p>T\u00dc e-\u00f5ppe keskkondadesse saad siseneda T\u00dc arvutiv\u00f5rgu kasutajatunnuse ning parooliga (sama, millega sisened \u00d5ISi). Moodle\u2019i \u00f5pikeskkonda pead sisenema nupu T\u00dc arvutiv\u00f5rgu konto (OpenID) abil ning sisestama kasutajatunnuse kujul kasutajatunnus@ut.ee.\u00a0Oma konto parooli saad vahetada ID-kaardiga sisenedes aadressil <a title=\"\" href=\"https:\/\/parool.ut.ee\" target=\"_blank\" rel=\"noopener\" data-url=\"https:\/\/parool.ut.ee\">https:\/\/parool.ut.ee<\/a>.<\/p>\n\n\n\n<figure class=\"wp-block-pullquote alignright\"><blockquote><p>Enamikku e-\u00f5ppe keskkondadest saab kasutada ka mobiilses nutiseadmes.<\/p><\/blockquote><\/figure>\n\n\n\n<h2 class=\"wp-block-heading\">Milliseid vahendeid on e-\u00f5ppeks vaja?<\/h2>\n\n\n\n<p>Tartu \u00dclikooli e-\u00f5ppe keskkondade\/rakenduste kasutamiseks piisab tavaliselt internetti \u00fchendatud arvutist ja veebilehitsejast. Enamikku neist saab kasutada ka mobiilses nutiseadmes. Videosuhtluseks, veebiseminarideks\/praktikumideks, r\u00fchmat\u00f6\u00f6deks on vaja mikrofoni, k\u00f5rvaklappe ja kaamerat. Videoloengute vaatamiseks\/kuulamiseks piisab k\u00f5rvaklappidest\/k\u00f5laritest.<\/p>\n\n\n\n<h2 class=\"wp-block-heading\">Kus hoiustada enda faile?<\/h2>\n\n\n\n<p>K\u00f5igil Tartu \u00dclikooli tudengitel on olemas \u00fclikooli kasutajatunnusega seotud OneDrive konto. Teenust on v\u00f5imalik kasutada nii veebibrauseris (nt Mozilla Firefox v\u00f5i Chrome) kui ka arvutisse paigaldatud rakenduse kaudu. K\u00f5igis Windows 10 operatsioonis\u00fcsteemiga arvutites on OneDrive juba paigaldatud.<\/p>\n\n\n\n<p>Mac arvutitesse saab OneDrive-i paigaldades O365 komplekti v\u00f5i eraldi installeerides.<\/p>\n\n\n\n<p>Vaata juhiseid: <a title=\"\" href=\"https:\/\/wiki.ut.ee\/display\/AA\/Microsoft+OneDrive\" target=\"_blank\" rel=\"noopener\" data-url=\"https:\/\/wiki.ut.ee\/display\/AA\/Microsoft+OneDrive\">https:\/\/wiki.ut.ee\/display\/AA\/Microsoft+OneDrive<\/a><\/p>\n\n\n\n<h2 class=\"wp-block-heading\">Kust saab abi?<\/h2>\n\n\n\n<ul class=\"wp-block-list\">\n<li>Kui oled unustanud T\u00dc arvutiv\u00f5rgu kasutajatunnuse ja\/v\u00f5i salas\u00f5na, siis p\u00f6\u00f6rdu arvutiabi kasutajatoe telefonil 737 5500 v\u00f5i e-posti aadressil <a href=\"mailto:arvutiabi@ut.ee\" target=\"_blank\" rel=\"nofollow noopener\">arvutiabi@ut.ee<\/a>.<\/li>\n\n\n\n<li>E-kursusi ja \u00f5ppet\u00f6\u00f6d puudutavate sisuliste k\u00fcsimuste ja hindamisega seoses v\u00f5ta \u00fchendust kursuse \u00f5ppej\u00f5ududega.<\/li>\n\n\n\n<li>E-keskkondade kasutamisega seotud tehnilised probleemid edasta oma valdkonna \u00f5ppedisainerile (vt <a title=\"\" data-url=\"https:\/\/ut.ee\/et\/opetamisoskuste-konsultandid-oppedisainerid\" href=\"https:\/\/ut.ee\/et\/opetamisoskuste-konsultandid-oppedisainerid\" target=\"_blank\" rel=\"noopener\">https:\/\/ut.ee\/et\/opetamisoskuste-konsultandid-oppedisainerid<\/a>) v\u00f5i <a href=\"mailto:eope@ut.ee\" target=\"_blank\" rel=\"nofollow noopener\">eope@ut.ee<\/a>.<\/li>\n\n\n\n<li>Infot e-\u00f5ppe teemadel leiad T\u00dc kodulehelt aadressil <a title=\"\" data-url=\"https:\/\/ut.ee\/et\/e-oppe-voimalused\" href=\"https:\/\/ut.ee\/et\/e-oppe-voimalused\" target=\"_blank\" rel=\"noopener\">https:\/\/ut.ee\/et\/e-oppe-voimalused<\/a>.<\/li>\n\n\n\n<li>Kasulik info \u00fcli\u00f5pilaste infokirjas\u00a0<a title=\"\" data-url=\"https:\/\/sisu.ut.ee\/infokiri\/kasulik-info\" href=\"https:\/\/sisu.ut.ee\/infokiri\/kasulik-info\" target=\"_blank\" rel=\"noopener\">https:\/\/sisu.ut.ee\/infokiri\/kasulik-info<\/a>.<\/li>\n<\/ul>\n\n\n\n<h2 class=\"wp-block-heading\">K\u00e4siraamatu koostajad<\/h2>\n\n\n\n<p>E-\u00f5ppija k\u00e4siraamatu on koostanud T\u00dc \u00f5ppeosakonna elukestva \u00f5ppe keskuse \u00f5ppedisainer Triin Marandi ja haridustehnoloogia peaspetsialist Lehti Pilt. Autori\u00f5iguste peat\u00fcki loomisel oli abiks T\u00dc intellektuaalse omandi valdkonna jurist\u00a0Reet Adamsoo\u00a0ja andmekaitse peat\u00fcki loomisel andis n\u00f5u T\u00dc andmekaitse peaspetsialist Terje M\u00e4esalu.<\/p>\n\n\n\n<p class=\"has-text-align-center wp-block-heading has-extra-large-font-size\">2020, 2025<\/p>\n","protected":false},"excerpt":{"rendered":"<p>E-\u00f5ppija k\u00e4siraamatus saad \u00fclevaate T\u00dc e-\u00f5ppe v\u00f5imaluste kasutamisest. E-\u00f5pe ehk digi\u00f5pe on \u00f5ppet\u00f6\u00f6, mis toimub osaliselt v\u00f5i t\u00e4ielikult digitehnoloogiliste vahendite abil.\u00a0Tartu \u00dclikoolis \u00f5ppides v\u00f5id kokku puutuda j\u00e4rgmiste e-\u00f5ppe v\u00f5imalustega: T\u00dc \u00fcli\u00f5pilased sisenevad e-\u00f5ppe keskkondadesse T\u00dc arvutiv\u00f5rgu kontoga. T\u00dc e-\u00f5ppe keskkondadesse &#8230;<\/p>\n","protected":false},"author":9,"featured_media":0,"parent":0,"menu_order":0,"comment_status":"closed","ping_status":"closed","template":"","meta":{"_acf_changed":false,"inline_featured_image":false,"footnotes":""},"class_list":["post-29","page","type-page","status-publish","hentry"],"acf":[],"_links":{"self":[{"href":"https:\/\/sisu.ut.ee\/eoppija\/wp-json\/wp\/v2\/pages\/29","targetHints":{"allow":["GET"]}}],"collection":[{"href":"https:\/\/sisu.ut.ee\/eoppija\/wp-json\/wp\/v2\/pages"}],"about":[{"href":"https:\/\/sisu.ut.ee\/eoppija\/wp-json\/wp\/v2\/types\/page"}],"author":[{"embeddable":true,"href":"https:\/\/sisu.ut.ee\/eoppija\/wp-json\/wp\/v2\/users\/9"}],"replies":[{"embeddable":true,"href":"https:\/\/sisu.ut.ee\/eoppija\/wp-json\/wp\/v2\/comments?post=29"}],"version-history":[{"count":13,"href":"https:\/\/sisu.ut.ee\/eoppija\/wp-json\/wp\/v2\/pages\/29\/revisions"}],"predecessor-version":[{"id":529,"href":"https:\/\/sisu.ut.ee\/eoppija\/wp-json\/wp\/v2\/pages\/29\/revisions\/529"}],"wp:attachment":[{"href":"https:\/\/sisu.ut.ee\/eoppija\/wp-json\/wp\/v2\/media?parent=29"}],"curies":[{"name":"wp","href":"https:\/\/api.w.org\/{rel}","templated":true}]}}