{"id":14,"date":"2024-04-04T06:16:46","date_gmt":"2024-04-04T03:16:46","guid":{"rendered":"https:\/\/sisu.ut.ee\/eoppija\/videoloengute-vaatamine-ja-videote-salvestamine\/"},"modified":"2024-10-28T12:52:48","modified_gmt":"2024-10-28T10:52:48","slug":"videoloengute-vaatamine-ja-videote-salvestamine","status":"publish","type":"page","link":"https:\/\/sisu.ut.ee\/eoppija\/videoloengute-vaatamine-ja-videote-salvestamine\/","title":{"rendered":"Videoloengute vaatamine ja videote salvestamine"},"content":{"rendered":"<p>E-kursustel olevad videoloengud asuvad ise enamasti v\u00e4ljaspool Moodle\u2019it (Panoptos, UTTVs v\u00f5i YouTubes) ja on e-kursustele lingitud v\u00f5i vistutatud (embeeditud). Enamik videoid on salvestatud Panoptoga.<\/p>\n<h3>Videote vaatamine Panoptos<\/h3>\n<blockquote><p>NB! Alates 2024. aasta septembrist\u00a0 arhiveeritakse Panoptos videod, mida ei ole viimase 13 kuu jooksul kordagi vaadatud. Kui e-kursusel, kus sa \u00f5pid, on m\u00f5ni video arhiveeritud olekus, siis Moodle\u2019isse sisselogitud kasutajana on sul v\u00f5imalus need videod arhiivist taastada. Taastamine v\u00f5tab aega maksimaalset 48 tundi.<\/p><\/blockquote>\n<p>Panoptos olevaid videoid saad vaadata endale sobival viisil. Kl\u00f5psa interaktiivsel pildil olevatel infonuppudel, et saada teada m\u00e4rgitud v\u00f5imaluste t\u00e4hendust. Interaktiivse pildi all on need v\u00f5imalused veelkord kirjeldatud.<\/p>\n<div class=\"h5p-iframe-wrapper\"><div class=\"video-placeholder-wrapper video-placeholder-wrapper--fixed\" style=\"height: 366px;\">\n\t\t\t    <div class=\"video-placeholder d-flex justify-content-center align-items-center\">\n\t\t\t        <div class=\"overlay text-white p-2 w-100 text-center d-block justify-content-center align-items-center\">\n\t\t\t            <div>Kolmandate osapoolte sisu n\u00e4gemiseks palun n\u00f5ustu k\u00fcpsistega.<\/div>\n\t\t\t            <button class=\"btn btn-secondary btn-sm mt-1 consent-change\">Muuda n\u00f5usolekut<\/button>\n\t\t\t        <\/div>\n\t\t\t    <\/div>\n\t\t\t<\/div>\n<\/div>\n<h5>Siin kirjeldatud v\u00f5imalused toimivad arvutis. Videote vaatamisel telefonis pole n\u00e4iteks n\u00e4ha \u00f5ppej\u00f5u veebikaamera pilti, video sisse lisatud YouTube videoid, veebilehek\u00fclgi.<\/h5>\n<ol>\n<li>Video sees saab navigeerida sisukorra pealkirjadel v\u00f5i slaididel kl\u00f5psates.<\/li>\n<li>Pealkirjade ja slaidide sisust on v\u00f5imalik otsida m\u00e4rks\u00f5nade ja fraaside abil ning otsingu tulemusi saab sorteerida ajalise j\u00e4rjestuse ja olulisuse j\u00e4rgi. Suulisest k\u00f5nest pole v\u00f5imalik otsida.<\/li>\n<li>Slaidide eelvaate riba saab ka sulgeda, et slaide kuvataks video k\u00f5rval suuremana.<\/li>\n<li>Videoid saab vaadata erinevate kiirustega (aeglustatult v\u00f5i kuni 2 korda kiirendatult).<\/li>\n<li>Videoid saab vaadata erineva kvaliteediga.<\/li>\n<li>Saab teha \u00fcmberl\u00fclitust erinevate voogude vahel (nt slaidid ja ekraanisalvestus).<\/li>\n<li>Erinevate voogude paigutust saab k\u00f5rvuti paigutuse korral omavahel vahetada. N\u00e4iteks saab soovi korral paigutada slaidid vasakule ja videopildi paremale. Samuti saab voo l\u00fclitada t\u00e4isekraanile (nt slaidid v\u00f5i videokaamera pilt) ning tavavaatesse tagasi. Kasutada saab vastavat nuppu v\u00f5i siis topeltkl\u00f5psamist voo peal. T\u00e4isekraanilt tagasi saab <em>Esc-<\/em>klahvi kasutades.<\/li>\n<li>Videot saab nupust 10 sekundi kaupa tagasi kerida.<\/li>\n<li>Kui videol on subtiitrid, siis saab subtiitreid soovi korral v\u00e4lja l\u00fclitada.<\/li>\n<\/ol>\n<h3>Video salvestamine \u00fclesannete kausta Panoptos<\/h3>\n<p><span style=\"vertical-align: baseline;\"><span lang=\"EN-US\">Kui \u00f5ppej\u00f5ud on teinud Panoptos kursuse kaustale \u00fclesannete alamkausta (<i>Assignments<\/i>), siis saavad \u00f5ppijad \u00f5iguse endale Panopto installeerida ning sellesse kausta videoid salvestada v\u00f5i \u00fcles laadida. \u00dclesannete kausta salvestusi n\u00e4eb vaikimisi vaid \u00f5ppej\u00f5ud ning \u00f5ppija ise enda salvestust. \u00d5ppija \u00fclesannete kausta salvestatud teiste \u00f5ppijate videosid vaikimisi ei n\u00e4e (\u00f5ppej\u00f5ud saab seda seadistust vajadusel muuta).<\/span><\/span><\/p>\n<p class=\"wp-block-heading\">Kui \u00fclesannete kausta videoid n\u00e4eb vaikimisi vaid \u00f5ppej\u00f5ud ja \u00f5ppija ise, siis \u00f5ppijal on v\u00f5imalus oma video jagamise \u00f5igusi muuta, nt muuta video lingiga k\u00e4ttesaadavaks (<em>Anyone with the link<\/em>\u00a0valik).<\/p>\n<ol>\n<li><span style=\"vertical-align: baseline;\"><span lang=\"EN-US\">Esmasel salvestamise kasutamisel logi Moodle\u2019i autentimisviisi kaudu Panoptosse sisse <\/span><\/span><a title=\"\" href=\"https:\/\/panopto.ut.ee\/\" target=\"_blank\" rel=\"noopener\" data-url=\"https:\/\/panopto.ut.ee\/\">https:\/\/panopto.ut.ee<\/a><span lang=\"EN-US\" style=\"color: #0563c1;\">.<\/span><\/li>\n<li><span style=\"vertical-align: baseline;\"><span lang=\"EN-US\">Installeeri enda arvutisse Panopto salvestusprogramm (Windows v\u00f5i Mac). Kui vajad abi Panopto salvestusprogrammi installeerimisel, siis v\u00f5ta \u00fchendust <a href=\"mailto:arvutiabi@ut.ee\" target=\"_blank\" rel=\"noopener\"><span style=\"color: #0563c1;\">arvutiabi@ut.ee<\/span><\/a> v\u00f5i tel 7375500.<\/span><\/span><\/li>\n<li><span style=\"vertical-align: baseline;\"><span lang=\"EN-US\">Logi UT Moodle autentimisviisi kasutades Panopto salvestusprogrammi sisse. <\/span><\/span><\/li>\n<li><span style=\"vertical-align: baseline;\"><span lang=\"EN-US\" style=\"color: #333333;\">Kl\u00f5psa <strong><i>Start new recording<\/i><\/strong> ning vali rippmen\u00fc\u00fcst kaust (<em>Folder<\/em>), kuhu sa salvestama hakkad. Rippmen\u00fc\u00fcs on valikud kaustadest, kuhu sul on \u00f5igus salvestada.<\/span><\/span><\/li>\n<li><span style=\"vertical-align: baseline;\"><span lang=\"EN-US\" style=\"color: #333333;\">Vali salvestamise primaarne (<em>Primary Source<\/em>) ja sekundaarne allikas (<em>Secondary Sources<\/em>) vastavalt sellele, mida salvestama pead. Nt vali primaarseks allikaks veebikaamera (<em>FaceTime HD camera<\/em>) ning sekundaarseks arvutiekraan (<em>Built-in-display<\/em>). Kui pead salvestama ainult ekraanipilti, siis vali primaarseks allikaks heli, v\u00f5ta \u00e4ra video ehk m\u00e4\u00e4ra see <em>None<\/em> ning sekundaarseks allikaks m\u00e4\u00e4ra arvutiekraan. <\/span><\/span><\/li>\n<li><span style=\"vertical-align: baseline;\"><span lang=\"EN-US\" style=\"color: #333333;\">Salvestamise alustamiseks kl\u00f5psa suurel punase ringiga <em><strong>Record<\/strong><\/em> nupul. <\/span><\/span><\/li>\n<li><span style=\"vertical-align: baseline;\"><span lang=\"EN-US\" style=\"color: #333333;\">Salvestamise l\u00f5petamiseks kl\u00f5psa <em><strong>Stop recording<\/strong><\/em>. Seej\u00e4rel saad teate <em>Recording complete<\/em> ning saad salvestuse Panopto serverisse valitud kausta \u00fcles laadida (<strong><em>Upload<\/em><\/strong>).<\/span><\/span><\/li>\n<li><span style=\"vertical-align: baseline;\"><span lang=\"EN-US\" style=\"color: #333333;\">Kui sa logid veebilehitsejas Panoptosse (<\/span><\/span><a title=\"\" href=\"https:\/\/panopto.ut.ee\/\" target=\"_blank\" rel=\"noopener\" data-url=\"https:\/\/panopto.ut.ee\/\">https:\/\/panopto.ut.ee<\/a><span style=\"vertical-align: baseline;\"><span style=\"color: #333333;\">), siis saad veenduda, et salvestis on \u00fclesannete kausta ilmunud (NB! Kui tegemist on pika salvestusega, siis v\u00f5ib salvestuse \u00fcleslaadimine kauem aega v\u00f5tta). <\/span><\/span><\/li>\n<li><span style=\"vertical-align: baseline;\"><span lang=\"EN-US\" style=\"color: #333333;\">Sa saad \u00fcleslaetud salvestisi muuta ja kustutada, kui need on juba serverisse \u00fcles laetud. <\/span><\/span><\/li>\n<li><span style=\"vertical-align: baseline;\"><span lang=\"EN-US\" style=\"color: #333333;\">P\u00e4rast \u00fcleslaadimist on soovitatav vanad salvestused enda arvutist eemaldada, et s\u00e4\u00e4sta arvuti kettamahtu. Selleks tuleb Panopto salvestusprogrammis m\u00e4rkida vastav fail ning kasutada <em><strong>Delete<\/strong><\/em> nuppu.<\/span><\/span><\/li>\n<li><span style=\"vertical-align: baseline;\"><span lang=\"EN-US\" style=\"color: #333333;\">Lisaks v\u00f5id soovi korral Panopto salvestusprogrammi oma arvutist eemaldada kui sa seda edaspidi enam ei vaja. <\/span><\/span><\/li>\n<\/ol>\n<h3>Video salvestamine programmiga Screen-o-matic<\/h3>\n<p>Programmiga saab tasuta salvestada <strong>kuni 15-minutilisi <\/strong>klippe ning avaldada neid Screen-o-maticu ja YouTube keskkonnas v\u00f5i endale alla laadida ja sobivas keskkonnas avaldada. Salvestamiseks tuleb programmi kodulehelt nupust <em>Start Recording<\/em> salvestada enda arvutisse fail <em>WebLaunchRecorder.exe<\/em> ja see salvestamiseks k\u00e4ivitada ning installeerida. Screen-o-matic v\u00f5imaldab salvestada ekraanipilti (nt k\u00e4ivitatud esitlust vm programmi) koos (v\u00f5i ilma) audioga ja videoga. Video l\u00f5ikamiseks\/monteerimiseks peaksid aga kasutama m\u00f5nda teist tuttavat videot\u00f6\u00f6tlusprogrammi.<\/p>\n<p>Programmi koduleht: <a href=\"http:\/\/www.screencast-o-matic.com\/\" target=\"_blank\" rel=\"noopener\">http:\/\/www.screencast-o-matic.com\/<\/a><br>\nN\u00e4ide: <a href=\"http:\/\/www.uttv.ee\/naita?id=18701\" target=\"_blank\" rel=\"noopener\">http:\/\/www.uttv.ee\/naita?id=18701<\/a><\/p>\n<h3>Video salvestamine Moodle\u2019is<\/h3>\n<p>Osades e-kursuse tekstitoimetites (nt foorumipostitust tehes, veebitekstina \u00fclesannet esitades jm) saavad \u00f5ppijad <strong>kuni<\/strong> <strong>2-minutilisi <\/strong>video- ning audioklippe salvestada. Selleks pane kursor tekstitoimetis sobivasse paika ning kl\u00f5psa vastaval nupul ja alusta salvestamist.<\/p>\n<p style=\"text-align: center;\"><img loading=\"lazy\" decoding=\"async\" width=\"1394\" height=\"534\" class=\"alignnone wp-image-47\" style=\"width: 600px; height: 230px;\" title=\"snip20200805_113.png\" src=\"https:\/\/sisu.ut.ee\/wp-content\/uploads\/sites\/445\/snip20200805_113.png\" alt=\"video\" srcset=\"https:\/\/sisu.ut.ee\/wp-content\/uploads\/sites\/445\/snip20200805_113.png 1394w, https:\/\/sisu.ut.ee\/wp-content\/uploads\/sites\/445\/snip20200805_113-300x115.png 300w, https:\/\/sisu.ut.ee\/wp-content\/uploads\/sites\/445\/snip20200805_113-1024x392.png 1024w, https:\/\/sisu.ut.ee\/wp-content\/uploads\/sites\/445\/snip20200805_113-768x294.png 768w\" sizes=\"auto, (max-width: 1394px) 100vw, 1394px\"><\/p>\n","protected":false},"excerpt":{"rendered":"<p>E-kursustel olevad videoloengud asuvad ise enamasti v\u00e4ljaspool Moodle\u2019it (Panoptos, UTTVs v\u00f5i YouTubes) ja on e-kursustele lingitud v\u00f5i vistutatud (embeeditud). Enamik videoid on salvestatud Panoptoga. Videote vaatamine Panoptos NB! Alates 2024. aasta septembrist\u00a0 arhiveeritakse Panoptos videod, mida ei ole viimase 13 &#8230;<\/p>\n","protected":false},"author":9,"featured_media":0,"parent":0,"menu_order":0,"comment_status":"closed","ping_status":"closed","template":"","meta":{"_acf_changed":false,"inline_featured_image":false,"footnotes":""},"class_list":["post-14","page","type-page","status-publish","hentry"],"acf":[],"_links":{"self":[{"href":"https:\/\/sisu.ut.ee\/eoppija\/wp-json\/wp\/v2\/pages\/14","targetHints":{"allow":["GET"]}}],"collection":[{"href":"https:\/\/sisu.ut.ee\/eoppija\/wp-json\/wp\/v2\/pages"}],"about":[{"href":"https:\/\/sisu.ut.ee\/eoppija\/wp-json\/wp\/v2\/types\/page"}],"author":[{"embeddable":true,"href":"https:\/\/sisu.ut.ee\/eoppija\/wp-json\/wp\/v2\/users\/9"}],"replies":[{"embeddable":true,"href":"https:\/\/sisu.ut.ee\/eoppija\/wp-json\/wp\/v2\/comments?post=14"}],"version-history":[{"count":12,"href":"https:\/\/sisu.ut.ee\/eoppija\/wp-json\/wp\/v2\/pages\/14\/revisions"}],"predecessor-version":[{"id":445,"href":"https:\/\/sisu.ut.ee\/eoppija\/wp-json\/wp\/v2\/pages\/14\/revisions\/445"}],"wp:attachment":[{"href":"https:\/\/sisu.ut.ee\/eoppija\/wp-json\/wp\/v2\/media?parent=14"}],"curies":[{"name":"wp","href":"https:\/\/api.w.org\/{rel}","templated":true}]}}