{"id":13,"date":"2024-04-04T06:16:46","date_gmt":"2024-04-04T03:16:46","guid":{"rendered":"https:\/\/sisu.ut.ee\/eoppija\/andmekaitse\/"},"modified":"2024-06-06T09:50:49","modified_gmt":"2024-06-06T06:50:49","slug":"andmekaitse","status":"publish","type":"page","link":"https:\/\/sisu.ut.ee\/eoppija\/andmekaitse\/","title":{"rendered":"Andmekaitsest"},"content":{"rendered":"<h5>Isikuandmete kaitse reeglid on m\u00f5eldud selleks, et meist kellegi andmeid ei kasutataks nii, et tunneksime end seet\u00f5ttu halvasti, ebamugavalt v\u00f5i kahjustatuna.<\/h5>\n<p><strong>Millised andmed on isikuandmed, mida tuleks kaitsta ja miks?\u00a0<\/strong><br>\nIsikuandmeteks peetakse k\u00f5iki tuvastatud v\u00f5i tuvastatava f\u00fc\u00fcsilise isiku andmeid, mis v\u00e4ljendavad tema f\u00fc\u00fcsilisi, ps\u00fc\u00fchilisi, f\u00fcsioloogilisi, majanduslikke, kultuurilisi v\u00f5i sotsiaalseid omadusi, suhteid ja kuuluvust. N\u00e4iteks\u00a0ees- ja perekonnanimi, isikukood, s\u00fcnniaeg, p\u00e4ritolu, kodakondsus ning kontaktandmed, andmed hariduse, \u00f5ppimise ja t\u00f6\u00f6kogemuse kohta,\u00a0finantsandmed, n\u00e4iteks pangakonto number, andmed perekonnaliikmete kohta ning kaitsev\u00e4eteenistuses olemise andmed jms. Seega ka \u00f5pitulemused (punktid, hinnangud)\u00a0jm on \u00fcli\u00f5pilase isikuandmed. \u00d5ppej\u00f5ul v\u00f5i muul \u00fclikooli t\u00f6\u00f6tajal on \u00f5igus edastada neid peale \u00fcli\u00f5pilase enda veel ainult neile \u00fclikooli liikmetele, kellel on neid t\u00f6\u00f6ks vaja. Teistele isikutele, sh teistele \u00fcli\u00f5pilastele, v\u00f5ib isikuandmeid edastada ainult andmesubjekti n\u00f5usolekul v\u00f5i kui seadus seda n\u00f5uab.<\/p>\n<p><strong>Enamik \u00fclikooli e-\u00f5ppega seotud keskkondi <\/strong>eeldab T\u00dc arvutiv\u00f5rgu (T\u00dc \u00fcli\u00f5pilased ja t\u00f6\u00f6tajad) v\u00f5i automaatselt loodud (t\u00e4iendus\u00f5ppijad) kasutajakontoga sisenemist ja kasutustingimustega n\u00f5ustumist. Nende keskkondade kasutamine on v\u00f5imalik \u00fcksnes personaalse ja isiku tuvastamist v\u00f5imaldava kasutajakonto kaudu.\u00a0\u00dclikooli kesksest andmebaasist kantakse Moodle\u2019isse \u00fcle kasutaja ees- ja perekonnanimi, e-posti aadress, \u00fclikooli isikuregistri ID number ning isikukood (v\u00e4lisriikide kasutajate puhul perekonnanime ja s\u00fcnniaja j\u00e4rgi genereeritud kood).<\/p>\n<p><strong>\u00dclikool t\u00f6\u00f6tleb \u00fcli\u00f5pilase isikuandmeid<\/strong> mitmes e-\u00f5ppe keskkonnas: Moodle, Mahara, Panopto, LimeSurvey. Nende keskkondade kasutamiseks ei pea \u00fcli\u00f5pilane lisaandmeid esitama, sest need kantakse \u00d5ISist \u00fcle automaatselt. E\u00ad-\u00f5ppe keskkondade kasutajal on v\u00f5imalik t\u00e4iendada oma kasutajaprofiili vabatahtlike andmetega (n\u00e4iteks foto, linn, huvialad), mis aitavad parandada e-\u00f5ppe keskkonna kasutusmugavust. Nende andmete t\u00f6\u00f6tlemise \u00f5iguslik alus on kasutaja n\u00f5usolek. Kasutajal on \u00f5igus neid andmeid igal ajal muuta ja kustutada v.a ees- ja perekonnanimi, kasutajatunnus ning e-posti aadress. \u00dclikool t\u00f6\u00f6tleb\u00a0isikuandmeid vaid kasutajakontode loomise v\u00f5imaldamiseks ja \u00f5ppet\u00f6\u00f6 l\u00e4biviimise tagamiseks vastavalt\u00a0<a title=\"\" href=\"https:\/\/ut.ee\/et\/sisu\/andmekaitsetingimused\" target=\"_blank\" rel=\"noopener\" data-url=\"https:\/\/ut.ee\/et\/sisu\/andmekaitsetingimused\">\u00dclikooli andmekaitsetingimustes v\u00e4ljatoodule<\/a>\u00a0kasutajatoe pakkumiseks ning keskkonna kasutamise anal\u00fc\u00fcsimiseks teenuse kvaliteedi ja kasutusmugavuse t\u00f5stmise eesm\u00e4rkidel.<\/p>\n<h5>Ilma \u00f5ppija kirjaliku n\u00f5usolekuta pole \u00f5ppej\u00f5ul \u00f5igust \u00f5ppija isikuandmeid (sh punktid, protsendid ja hinded; isiklikud e-postiaadressid jms) teistele isikutele (sh teistele \u00f5ppijatele) avalikustada ega neid levitada.\u00a0Ka isiku nime,\u00a0 isikukoodiga v\u00f5i matriklinumbriga \u00f5pitulemuste avalikustamine ei ole korrektne.<\/h5>\n<p><strong>\u00dclikool avaldab isikuandmeid<\/strong> \u00fcksnes keskkonda administreerivatele isikutele, \u00f5ppej\u00f5u rollis olevatele isikutele oma kursustel osalevate \u00f5ppijate piires ning teistele isikutele, kui andmete avaldamise n\u00f5ue tuleneb \u00f5igusaktidest. \u00d5ppej\u00f5ud n\u00e4eb oma e-kursustel osalevate \u00f5ppijate ees- ja perekonnanime, kasutajatunnust, e-posti aadressi ning tegevuste logisid (sh IP-aadresse). Iga \u00f5ppija n\u00e4eb e-kursusel hindetabelis vaid enda \u00f5pitulemusi ja privaatselt antud tagasisidet. Foorumis k\u00f5igile \u00f5ppijatele n\u00e4htavalt tagasiside andmine on \u00f5ppet\u00f6\u00f6 osa ja toetab \u00f5ppimist.<\/p>\n<p><strong>K\u00f5ik T\u00dc e-\u00f5ppekeskkonnad kasutavad veebilehitsejasse salvestatavaid k\u00fcpsiseid<\/strong>:\u00a0nt\u00a0\u00a0seansik\u00fcpsist, mis haldab sisselogitust;\u00a0Google Analytics\u2019i k\u00fcpsiseid, mis koguvad andmeid kasutajate sessioonide ning tegevuste kohta; keeleseade ja kasutajanime salvestamise k\u00fcpsiseid jm.\u00a0Kui keskkonnast logitakse v\u00e4lja v\u00f5i suletakse veebilehitseja, siis see seansik\u00fcpsis kustutatakse automaatselt veebilehitsejast ja serverist. Google Analytics andmeid hoitakse kaks aastat. Osasid k\u00fcpsiseid lubamata ei saa neid keskkondi kasutada. Vajalike k\u00fcpsiste kasutamisega n\u00f5ustud kasutamistingimustega n\u00f5ustudes.<\/p>\n<p><strong>Enda andmete kaitsmiseks <\/strong>\u00e4ra ise sisesta kahtlasesse kohta oma andmeid;\u00a0kasuta salas\u00f5na, mis koosneb suurtest ja v\u00e4ikestest t\u00e4htedest, kirjavahem\u00e4rkidest, numbritest ja on piisavalt pikk; \u00e4ra anna oma kasutajakonto andmeid kellelegi teisele ja \u00e4ra salvesta neid v\u00f5\u00f5rasse arvutisse.<\/p>\n<h3>Kust saab abi?<\/h3>\n<p>K\u00f5igi k\u00fcsimustega, mis on seotud isikuandmete t\u00f6\u00f6tlemisega, p\u00f6\u00f6rdu julgelt\u00a0Tartu \u00dclikooli andmekaitse peaspetsialisti poole e-kirjaga aadressil\u00a0<a href=\"mailto:terje.maesalu@ut.ee\" target=\"_blank\" rel=\"noopener noreferrer\" data-auth=\"NotApplicable\">terje.maesalu@ut.ee<\/a>\u00a0ja kui on soovi konsulteerida, siis ka telefoni teel 5542466.<\/p>\n<h3>Uuri lisaks<\/h3>\n<ul>\n<li id=\"title-text\">Digi\u00f5ppe ja -t\u00f6\u00f6 juhised \u00fcli\u00f5pilasele:\u00a0<a title=\"\" href=\"https:\/\/wiki.ut.ee\/pages\/viewpage.action?pageId=90698384\" target=\"_blank\" rel=\"noopener\" data-url=\"https:\/\/wiki.ut.ee\/pages\/viewpage.action?pageId=90698384\">https:\/\/wiki.ut.ee\/pages\/viewpage.action?pageId=90698384<\/a><\/li>\n<li>Moodle\u2019i kasutustingimused:\u00a0<a title=\"\" href=\"https:\/\/moodle.ut.ee\/utpolicy.php\" target=\"_blank\" rel=\"noopener\" data-url=\"https:\/\/moodle.ut.ee\/utpolicy.php\">https:\/\/moodle.ut.ee\/utpolicy.php<\/a><\/li>\n<li>Andmekaitsetingimused:\u00a0<a title=\"\" href=\"https:\/\/ut.ee\/et\/sisu\/andmekaitsetingimused\" target=\"_blank\" rel=\"noopener\" data-url=\"https:\/\/ut.ee\/et\/sisu\/andmekaitsetingimused\">https:\/\/ut.ee\/et\/sisu\/andmekaitsetingimused<\/a><\/li>\n<li>\u00d5ppijate isikuandmete kaitsega seotud korduma kippuvad k\u00fcsimused:\u00a0<a title=\"\" href=\"https:\/\/sisu.ut.ee\/juhendid\/isikuandmete-kaitse-KKK\" target=\"_blank\" rel=\"noopener\" data-url=\"https:\/\/sisu.ut.ee\/juhendid\/isikuandmete-kaitse-KKK\">https:\/\/sisu.ut.ee\/juhendid\/isikuandmete-kaitse-KKK<\/a><\/li>\n<li>Andmekaitse teadust\u00f6\u00f6s: <a href=\"https:\/\/wiki.ut.ee\/pages\/viewpage.action?pageId=196183315\" target=\"_blank\" rel=\"noopener\">https:\/\/wiki.ut.ee\/pages\/viewpage.action?pageId=196183315<\/a><\/li>\n<\/ul>\n","protected":false},"excerpt":{"rendered":"<p>Isikuandmete kaitse reeglid on m\u00f5eldud selleks, et meist kellegi andmeid ei kasutataks nii, et tunneksime end seet\u00f5ttu halvasti, ebamugavalt v\u00f5i kahjustatuna. Millised andmed on isikuandmed, mida tuleks kaitsta ja miks?\u00a0 Isikuandmeteks peetakse k\u00f5iki tuvastatud v\u00f5i tuvastatava f\u00fc\u00fcsilise isiku andmeid, mis &#8230;<\/p>\n","protected":false},"author":9,"featured_media":0,"parent":0,"menu_order":0,"comment_status":"closed","ping_status":"closed","template":"","meta":{"_acf_changed":false,"inline_featured_image":false,"footnotes":""},"class_list":["post-13","page","type-page","status-publish","hentry"],"acf":[],"_links":{"self":[{"href":"https:\/\/sisu.ut.ee\/eoppija\/wp-json\/wp\/v2\/pages\/13","targetHints":{"allow":["GET"]}}],"collection":[{"href":"https:\/\/sisu.ut.ee\/eoppija\/wp-json\/wp\/v2\/pages"}],"about":[{"href":"https:\/\/sisu.ut.ee\/eoppija\/wp-json\/wp\/v2\/types\/page"}],"author":[{"embeddable":true,"href":"https:\/\/sisu.ut.ee\/eoppija\/wp-json\/wp\/v2\/users\/9"}],"replies":[{"embeddable":true,"href":"https:\/\/sisu.ut.ee\/eoppija\/wp-json\/wp\/v2\/comments?post=13"}],"version-history":[{"count":2,"href":"https:\/\/sisu.ut.ee\/eoppija\/wp-json\/wp\/v2\/pages\/13\/revisions"}],"predecessor-version":[{"id":349,"href":"https:\/\/sisu.ut.ee\/eoppija\/wp-json\/wp\/v2\/pages\/13\/revisions\/349"}],"wp:attachment":[{"href":"https:\/\/sisu.ut.ee\/eoppija\/wp-json\/wp\/v2\/media?parent=13"}],"curies":[{"name":"wp","href":"https:\/\/api.w.org\/{rel}","templated":true}]}}