{"id":12,"date":"2024-04-04T06:16:46","date_gmt":"2024-04-04T03:16:46","guid":{"rendered":"https:\/\/sisu.ut.ee\/eoppija\/kusitluste-loomine-ja-labiviimine-limesurveys\/"},"modified":"2024-04-12T15:17:33","modified_gmt":"2024-04-12T12:17:33","slug":"kusitluste-loomine-ja-labiviimine-limesurveys","status":"publish","type":"page","link":"https:\/\/sisu.ut.ee\/eoppija\/kusitluste-loomine-ja-labiviimine-limesurveys\/","title":{"rendered":"K\u00fcsitluste loomine ja l\u00e4biviimine LimeSurveys"},"content":{"rendered":"<h5>\n\tLimeSurvey asub aadressil <a data-url=\"https:\/\/survey.ut.ee\/\" href=\"https:\/\/survey.ut.ee\/\" target=\"_blank\" title=\"\" rel=\"noopener\">https:\/\/survey.ut.ee<\/a>.<br>\n<\/h5>\n<p>\n\tLimeSurvey on keskkond veebip\u00f5histe k\u00fcsimustike koostamiseks ja k\u00fcsitluste l\u00e4biviimiseks kodut\u00f6\u00f6de, l\u00f5put\u00f6\u00f6de v\u00f5i projektide raames. LimeSurvey v\u00f5imaldab kasutada viit erinevat k\u00fcsimuse p\u00f5hit\u00fc\u00fcpi (\u00fche valikuga k\u00fcsimused, maatriksid, erit\u00fc\u00fcbid, tekstk\u00fcsimused ja mitme valikuga k\u00fcsimused), millest iga\u00fche all on veel mitmeid variante. Kokku on 29 erinevat k\u00fcsimuset\u00fc\u00fcpi. Kogutud vastuseid n\u00e4eb LimeSurvey tulemuste tabelis ja neid on v\u00f5imalik eksportida programmi Excel, SPSS v\u00f5i VV. Enda k\u00fcsimustikule saad lisada teisi LS kasutajaid (kes on sinna korra sisenenud) vaatajaks ja ka toimetajaks. K\u00fcsimustike arv, k\u00fcsimuste arv ja vastuste arv on piiramatu.LimeSurvey on keskkond veebip\u00f5histe k\u00fcsimustike koostamiseks ja k\u00fcsitluste l\u00e4biviimiseks kodut\u00f6\u00f6de, l\u00f5put\u00f6\u00f6de v\u00f5i projektide raames. LimeSurvey v\u00f5imaldab kasutada viit erinevat k\u00fcsimuse p\u00f5hit\u00fc\u00fcpi (\u00fche valikuga k\u00fcsimused, maatriksid, erit\u00fc\u00fcbid, tekstk\u00fcsimused ja mitme valikuga k\u00fcsimused), millest iga\u00fche all on veel mitmeid variante. Kokku on 29 erinevat k\u00fcsimuset\u00fc\u00fcpi. Kogutud vastuseid n\u00e4eb LimeSurvey tulemuste tabelis ja neid on v\u00f5imalik eksportida programmi Excel, SPSS v\u00f5i VV. Enda k\u00fcsimustikule saad lisada teisi LS kasutajaid (kes on sinna korra sisenenud) vaatajaks ja ka toimetajaks. K\u00fcsimustike arv, k\u00fcsimuste arv ja vastuste arv on piiramatu.\n<\/p>\n<p>\n\tTartu \u00dclikooli t\u00f6\u00f6tajad ja \u00fcli\u00f5pilased saavad siseneda T\u00dc arvutiv\u00f5rgu kasutajatunnuse ja parooliga. Kasutajakontot on vaja vaid k\u00fcsimustiku loomiseks. K\u00fcsimustikule saavad vastata k\u00f5ik, kes k\u00fcsimustiku aadressi teavad v\u00f5i kellele on e-kirjaga saadetud suunatud k\u00fcsimustik.\u00a0Tartu \u00dclikooli t\u00f6\u00f6tajad ja \u00fcli\u00f5pilased saavad siseneda T\u00dc arvutiv\u00f5rgu kasutajatunnuse ja parooliga. Kasutajakontot on vaja vaid k\u00fcsimustiku loomiseks. K\u00fcsimustikule saavad vastata k\u00f5ik, kes k\u00fcsimustiku aadressi teavad v\u00f5i kellele on e-kirjaga saadetud suunatud k\u00fcsimustik.\n<\/p>\n<h3>\n\tUuri lisaks<br>\n<\/h3>\n<ul>\n<li>\n\t\tK\u00fcsimustiku n\u00e4ide: <a data-url=\"https:\/\/survey.ut.ee\/index.php\/58422\" href=\"https:\/\/survey.ut.ee\/index.php\/58422\" target=\"_blank\" title=\"\" rel=\"noopener\">https:\/\/survey.ut.ee\/index.php\/58422<\/a>\n\t<\/li>\n<\/ul>\n<h3>\n\tJuhendid<br>\n<\/h3>\n<ul>\n<li>\n\t\tLimeSurvey juhend: <a data-url=\"https:\/\/sisu.ut.ee\/juhendid\/limesurvey-ylevaade\" href=\"https:\/\/sisu.ut.ee\/juhendid\/limesurvey-ylevaade\" target=\"_blank\" title=\"\" rel=\"noopener\">https:\/\/sisu.ut.ee\/juhendid\/limesurvey-ylevaade<\/a>\n\t<\/li>\n<li>\n\t\tIngliskeelne (p\u00f5hjalikum) juhend: <a data-url=\"http:\/\/manual.limesurvey.org\/\" href=\"http:\/\/manual.limesurvey.org\/\" target=\"_blank\" title=\"\" rel=\"noopener\">http:\/\/manual.limesurvey.org\/<\/a>\n\t<\/li>\n<\/ul>\n<h3>\n\tKontakt ja abi<br>\n<\/h3>\n<p>\n\tTehniliste probleemide ja k\u00fcsimuste korral v\u00f5ta \u00fchendust oma valdkonna \u00f5ppedisaineriga (vt <a href=\"https:\/\/ut.ee\/et\/opetamisoskuste-konsultandid-oppedisainerid\" target=\"_blank\" title=\"\" rel=\"noopener\">https:\/\/ut.ee\/et\/opetamisoskuste-konsultandid-oppedisainerid<\/a>) v\u00f5i kirjuta aadressil eope@ut.ee. Sisulistes k\u00fcsimustes aitab juhendaja v\u00f5i kursuse \u00f5ppej\u00f5ud.<\/p>\n","protected":false},"excerpt":{"rendered":"<p>LimeSurvey asub aadressil https:\/\/survey.ut.ee. LimeSurvey on keskkond veebip\u00f5histe k\u00fcsimustike koostamiseks ja k\u00fcsitluste l\u00e4biviimiseks kodut\u00f6\u00f6de, l\u00f5put\u00f6\u00f6de v\u00f5i projektide raames. LimeSurvey v\u00f5imaldab kasutada viit erinevat k\u00fcsimuse p\u00f5hit\u00fc\u00fcpi (\u00fche valikuga k\u00fcsimused, maatriksid, erit\u00fc\u00fcbid, tekstk\u00fcsimused ja mitme valikuga k\u00fcsimused), millest iga\u00fche all on veel &#8230;<\/p>\n","protected":false},"author":9,"featured_media":0,"parent":0,"menu_order":0,"comment_status":"closed","ping_status":"closed","template":"","meta":{"_acf_changed":false,"inline_featured_image":false,"footnotes":""},"class_list":["post-12","page","type-page","status-publish","hentry"],"acf":[],"_links":{"self":[{"href":"https:\/\/sisu.ut.ee\/eoppija\/wp-json\/wp\/v2\/pages\/12","targetHints":{"allow":["GET"]}}],"collection":[{"href":"https:\/\/sisu.ut.ee\/eoppija\/wp-json\/wp\/v2\/pages"}],"about":[{"href":"https:\/\/sisu.ut.ee\/eoppija\/wp-json\/wp\/v2\/types\/page"}],"author":[{"embeddable":true,"href":"https:\/\/sisu.ut.ee\/eoppija\/wp-json\/wp\/v2\/users\/9"}],"replies":[{"embeddable":true,"href":"https:\/\/sisu.ut.ee\/eoppija\/wp-json\/wp\/v2\/comments?post=12"}],"version-history":[{"count":1,"href":"https:\/\/sisu.ut.ee\/eoppija\/wp-json\/wp\/v2\/pages\/12\/revisions"}],"predecessor-version":[{"id":166,"href":"https:\/\/sisu.ut.ee\/eoppija\/wp-json\/wp\/v2\/pages\/12\/revisions\/166"}],"wp:attachment":[{"href":"https:\/\/sisu.ut.ee\/eoppija\/wp-json\/wp\/v2\/media?parent=12"}],"curies":[{"name":"wp","href":"https:\/\/api.w.org\/{rel}","templated":true}]}}