{"id":11,"date":"2024-04-04T06:16:46","date_gmt":"2024-04-04T03:16:46","guid":{"rendered":"https:\/\/sisu.ut.ee\/eoppija\/e-kaitsmised\/"},"modified":"2024-04-12T15:16:43","modified_gmt":"2024-04-12T12:16:43","slug":"e-kaitsmised","status":"publish","type":"page","link":"https:\/\/sisu.ut.ee\/eoppija\/e-kaitsmised\/","title":{"rendered":"E-kaitsmised"},"content":{"rendered":"<h5>\n\tE-kaitsmised toimuvad videokonverentsina kaitsmiskomisjoni poolt valitud ja seadistatud keskkonnas.<br>\n<\/h5>\n<p>\n\tE-kaitsmised toimuvad videokonverentsina kaitsmiskomisjoni poolt valitud ja seadistatud keskkonnas, milleks v\u00f5ib olla BigBlueButton (BBB), Teams v\u00f5i Zoom. T\u00e4psed juhised keskkonna, sinna sisenemise ning protseduurireeglite kohta saadetakse sulle enne kaitsmist e-kirjana.\n<\/p>\n<p>\n\tE-kaitsmine v\u00f5ib olla avalik v\u00f5i kinnine. Esimesel juhul p\u00e4\u00e4sevad jagatava veebiaadressi kaudu kaitsmisele k\u00f5ik soovijad. Kinnisel kaitsmisel osalevad kaitsjad, retsensendid, juhendajad, kaitsmiskomisjoni liikmed ning isikud, kellele on antud eraldi juurdep\u00e4\u00e4s. S\u00f5ltuvalt olukorrast, v\u00f5ivad kaitsja ja komisjoniliikmed asuda \u00fches ruumis ning k\u00f5ik teised osaleda videokonverentsi teel.\n<\/p>\n<p>\n\tE-kaitsmiseks on vaja lisaks internetis olevale arvutile veebikaamerat, mikrofoni ning k\u00f5lareid. Hea oleks, kui arvutit saab kaitsmise ajaks vajadusel \u00fchendada juhtmega vooluv\u00f5rku ning kaabliga internetti. Vajadusel ja ette teatades (sinult k\u00fcsitakse selleks kirjalikku n\u00f5usolekut) kaitsmine salvestatakse. Salvestusi hoitakse \u00fclikooli serveris ning kustutatakse hiljemalt \u00f5ppeaasta l\u00f5pus. Salvestise edastamiseks v\u00f5i avalikustamiseks k\u00fcsitakse samuti kirjalikku luba.\n<\/p>\n<p>\n\tEnne kaitsmise algust veendu, et:\n<\/p>\n<ul>\n<li>\n\t\tsinu arvuti on juhtmega vooluv\u00f5rgus v\u00f5i aku on piisavalt laetud\n\t<\/li>\n<li>\n\t\tarvutis on k\u00f5ik vajalikud programmid\n\t<\/li>\n<li>\n\t\tarvutis toimivad kaamera\/mikrofon\/k\u00f5larid\n\t<\/li>\n<li>\n\t\tarvuti on kaabliga internetis, kuna wifi v\u00f5ib olla katkendlik\n\t<\/li>\n<li>\n\t\tterve kaitsmise aja pole ruumis segavaid isikuid\n\t<\/li>\n<li>\n\t\truumis on hea valgustus (p\u00e4evavalgus, \u00fcldvalgustid)\n\t<\/li>\n<li>\n\t\tk\u00f5ik sinu kaamerast n\u00e4htu (ise, laud, ruum jm) on teistele n\u00e4itamiseks sobilik\n\t<\/li>\n<\/ul>\n<p>\n\tKoosta kaitsmiseks ettekande slaidid ja salvesta need pdf-formaati. Siis on kindel, et k\u00f5ik slaididel olev j\u00e4\u00e4b erinevates keskkondades muutumatuks. V\u00f5imalusel testi e-kaitsmise keskkonda ja harjuta kaitsmist, et kaitsmine kulgeks viperusteta ning j\u00e4\u00e4ksid antud aja piiridesse. Ajal, mil oled kuulaja rollis, vaigista enda mikrofon.\n<\/p>\n<h3>\n\tJuhendid<br>\n<\/h3>\n<ul>\n<li>\n\t\tBBB keskkonnas toimuva e-kaitsmise juhend: <a data-url=\"https:\/\/sisu.ut.ee\/juhendid\/bbb-juhised-osalejale\" href=\"https:\/\/sisu.ut.ee\/juhendid\/bbb-juhised-osalejale\" target=\"_blank\" title=\"\" rel=\"noopener\">https:\/\/sisu.ut.ee\/juhendid\/bbb-juhised-osalejale<\/a>\n\t<\/li>\n<li>\n\t\tTeamsi juhend: <a data-url=\"https:\/\/wiki.ut.ee\/pages\/viewpage.action?pageId=90693829\" href=\"https:\/\/wiki.ut.ee\/pages\/viewpage.action?pageId=90693829\" target=\"_blank\" title=\"\" rel=\"noopener\">https:\/\/wiki.ut.ee\/pages\/viewpage.action?pageId=90693829<\/a>\n\t<\/li>\n<li>\n\t\tZoomi juhend: <a data-url=\"https:\/\/wiki.ut.ee\/pages\/viewpage.action?pageId=90695802\" href=\"https:\/\/wiki.ut.ee\/pages\/viewpage.action?pageId=90695802\" target=\"_blank\" title=\"\" rel=\"noopener\">https:\/\/wiki.ut.ee\/pages\/viewpage.action?pageId=90695802<\/a>\n\t<\/li>\n<\/ul>\n<h3>\n\tKontakt ja abi<br>\n<\/h3>\n<p>\n\tTehniliste probleemide ja k\u00fcsimuste korral v\u00f5ta \u00fchendust oma valdkonna \u00f5ppedisaineriga (vt <a data-url=\"https:\/\/ut.ee\/et\/opetamisoskuste-konsultandid-oppedisainerid\" href=\"https:\/\/ut.ee\/et\/opetamisoskuste-konsultandid-oppedisainerid\" target=\"_blank\" title=\"\" rel=\"noopener\">https:\/\/ut.ee\/et\/opetamisoskuste-konsultandid-oppedisainerid<\/a>) v\u00f5i kirjuta aadressil eope@ut.ee. Sisulistes k\u00fcsimustes aitab juhendaja v\u00f5i kaitsmiskomisjoni esimees.<\/p>\n","protected":false},"excerpt":{"rendered":"<p>E-kaitsmised toimuvad videokonverentsina kaitsmiskomisjoni poolt valitud ja seadistatud keskkonnas. E-kaitsmised toimuvad videokonverentsina kaitsmiskomisjoni poolt valitud ja seadistatud keskkonnas, milleks v\u00f5ib olla BigBlueButton (BBB), Teams v\u00f5i Zoom. T\u00e4psed juhised keskkonna, sinna sisenemise ning protseduurireeglite kohta saadetakse sulle enne kaitsmist e-kirjana. E-kaitsmine &#8230;<\/p>\n","protected":false},"author":9,"featured_media":0,"parent":0,"menu_order":0,"comment_status":"closed","ping_status":"closed","template":"","meta":{"_acf_changed":false,"inline_featured_image":false,"footnotes":""},"class_list":["post-11","page","type-page","status-publish","hentry"],"acf":[],"_links":{"self":[{"href":"https:\/\/sisu.ut.ee\/eoppija\/wp-json\/wp\/v2\/pages\/11","targetHints":{"allow":["GET"]}}],"collection":[{"href":"https:\/\/sisu.ut.ee\/eoppija\/wp-json\/wp\/v2\/pages"}],"about":[{"href":"https:\/\/sisu.ut.ee\/eoppija\/wp-json\/wp\/v2\/types\/page"}],"author":[{"embeddable":true,"href":"https:\/\/sisu.ut.ee\/eoppija\/wp-json\/wp\/v2\/users\/9"}],"replies":[{"embeddable":true,"href":"https:\/\/sisu.ut.ee\/eoppija\/wp-json\/wp\/v2\/comments?post=11"}],"version-history":[{"count":1,"href":"https:\/\/sisu.ut.ee\/eoppija\/wp-json\/wp\/v2\/pages\/11\/revisions"}],"predecessor-version":[{"id":167,"href":"https:\/\/sisu.ut.ee\/eoppija\/wp-json\/wp\/v2\/pages\/11\/revisions\/167"}],"wp:attachment":[{"href":"https:\/\/sisu.ut.ee\/eoppija\/wp-json\/wp\/v2\/media?parent=11"}],"curies":[{"name":"wp","href":"https:\/\/api.w.org\/{rel}","templated":true}]}}