{"id":10,"date":"2024-04-04T06:16:46","date_gmt":"2024-04-04T03:16:46","guid":{"rendered":"https:\/\/sisu.ut.ee\/eoppija\/e-eksamid-ja-e-arvestused\/"},"modified":"2024-04-12T15:15:46","modified_gmt":"2024-04-12T12:15:46","slug":"e-eksamid-ja-e-arvestused","status":"publish","type":"page","link":"https:\/\/sisu.ut.ee\/eoppija\/e-eksamid-ja-e-arvestused\/","title":{"rendered":"E-eksamid ja e-arvestused"},"content":{"rendered":"<h5>\n\tE-eksamid ja e-arvestused v\u00f5ivad olla suulised, kirjalikud v\u00f5i kombineeritud.<br>\n<\/h5>\n<p>\n\tE-eksamid ja e-arvestused v\u00f5ivad olla suulised, kirjalikud v\u00f5i kombineeritud. T\u00e4psed tingimused edastab sulle kursuse \u00f5ppej\u00f5ud. Kirjalikud e-eksamid\/arvestused v\u00f5ivad toimuda nt Moodle\u2019is testina v\u00f5i \u00fclesande kaudu. Reeglina on eksamile\/arvestusele m\u00e4\u00e4ratud avanemiseks konkreetne kuup\u00e4ev ja kellaaeg ning aeg, mille jooksul p\u00e4rast eksami algust tuleb enda vastused esitada.\u00a0\n<\/p>\n<p>\n\tTavaliselt on testides \u00f5ppej\u00f5u poolt m\u00e4\u00e4ratud arv k\u00fcsimusi, mis valitakse eksami jaoks loodud k\u00fcsimuste seast Moodle\u2019i poolt juhuslikult. K\u00fcsimused v\u00f5ivad eeldada kirjaliku teksti sisestamist v\u00f5i etteantud vastuste seast \u00f5igete vastuste valimist.\n<\/p>\n<p>\n\t\u00dclesande kaudu t\u00f6\u00f6 esitamine t\u00e4hendab n\u00f5utud t\u00e4htajaks enda vastuse kirjutamist veebitekstina v\u00f5i edastamist n\u00f5utud formaadis failina.\n<\/p>\n<h5>\n\tSEB takistab testi tegemise ajal teiste programmide ja keelatud klahvikombinatsioonide kasutamist.\u00a0<br>\n<\/h5>\n<p>\n\tMoodle\u2019is v\u00f5ib testi sooritamine toimuda SEB (Safe Exam Browser) vahendusel. SEB takistab testi tegemise ajal teiste programmide ja keelatud klahvikombinatsioonide kasutamist. Selleks pead kasutama Mac v\u00f5i Windows operatsioonis\u00fcsteemiga arvutit ning veebilehitsejana Google Chrome\u2019i. Eelnevalt tuleb sul installeerida oma arvutisse SEB programm (vali \u00f5ige versioon: kas Windowsi v\u00f5i MACi operatsioonis\u00fcsteemile): <a data-url=\"https:\/\/safeexambrowser.org\/download_en.html\" href=\"https:\/\/safeexambrowser.org\/download_en.html\" target=\"_blank\" title=\"\" rel=\"noopener\">https:\/\/safeexambrowser.org\/download_en.html<\/a> ja vajadusel vaata ingliskeelset videojuhendit: <a href=\"https:\/\/www.youtube.com\/watch?v=fEXZcj4G58g\" target=\"_blank\" rel=\"noopener\">https:\/\/www.youtube.com\/watch?v=fEXZcj4G58g<\/a>). Enne eksamit edastatakse sulle SEB fail, millest saab konkreetse testi \u00f5ppej\u00f5u m\u00e4\u00e4ratud tingimustel avada.\n<\/p>\n<p>\n\tKombineeritud e-eksam t\u00e4hendab, et kirjaliku testi v\u00f5i \u00fclesande sooritamisega samal ajal (soorituse reaalajas j\u00e4lgimiseks) v\u00f5i suulisel eksamil v\u00f5idakse kasutada videokonverentsi rakendust (nt BBB, Teams, Zoom).\u00a0Videokonverentsi rakenduse kasutamisel tuleb sul veenduda, et sinu arvutil on veebikaamera, mikrofon ning k\u00f5larid ja arvutit saab eksami ajaks vajadusel \u00fchendada juhtmega vooluv\u00f5rku ning soovitavalt kaabliga internetti. K\u00f5rvaklappide kasutamine v\u00f5ib olla keelatud. Vajadusel ja ette teatades (sa annad kirjaliku loa selleks) videokonverents salvestatakse. Salvestusi hoitakse \u00fclikooli serveris ning kustutatakse hiljemalt \u00f5ppeaasta l\u00f5pus.\n<\/p>\n<h5>\n\tVajadusel v\u00f5ib \u00f5ppej\u00f5ud n\u00f5uda sinult enda isiku t\u00f5estamist ja ruumi 360\u00b0 skannimist.<br>\n<\/h5>\n<p>\n\tVajadusel v\u00f5ib \u00f5ppej\u00f5ud n\u00f5uda sinult enda isiku t\u00f5estamist. Selleks peab sul olema fotoga isikut t\u00f5endav dokument, mida tuleb veebikaamerasse n\u00e4idata. Samuti v\u00f5idakse paluda sul veebikaameras n\u00e4idata ruumi (360\u00b0 skaneering), kus sa eksamit sooritad.\n<\/p>\n<p>\n\tTeatud juhtudel v\u00f5ib \u00f5ppej\u00f5ud sul paluda ise salvestada oma eksami v\u00f5i arvestuse tegemist Panopto vm rakendusega (veebikaamera pilti ja arvutiekraanil toimuvat) ning laadida salvestuse fail \u00fclikooli serverisse (Panopto, T\u00dc Onedrive\u2019i v\u00f5i Owncloudi keskkonda, kasutades T\u00dc kasutajakontot). Salvestused\u00a0kustutatakse hiljemalt \u00f5ppeaasta l\u00f5pus.\u00a0\n<\/p>\n<h5>\n\tEnne eksami\/arvestuse algust v\u00f5idakse sinult paluda kinnitada aususe lubadus.<br>\n<\/h5>\n<p>\n\tEnne eksami\/arvestuse algust v\u00f5idakse sinult paluda kinnitada aususe lubadus. See v\u00f5ib v\u00e4lja n\u00e4ha j\u00e4rgmine: Eksamit tehes kinnitan, et v\u00e4ldin igasugust akadeemilist petturlust, mis \u00f5ppekorralduseeskirja m\u00f5ttes on: \u00f5piv\u00e4ljundite hindamisel sellise materjali v\u00f5i abi kasutamine, mida \u00f5ppej\u00f5ud ei ole s\u00f5naselgelt lubanud; lubamatu abi k\u00fcsimine ja tarvitamine, n\u00e4iteks ette\u00fctlemine, mahakirjutamine, individuaalsel hindamisel koos osalemine; selline teadmiste vahetamine, mis ei ole \u00f5ppej\u00f5u poolt lubatud; teise \u00fcli\u00f5pilase hindamisel osalemine, kui see ei ole lubatud; kellegi teise t\u00f6\u00f6 esitamine oma nime all v\u00f5i selle osade tahtlik kasutamine n\u00f5uetekohase akadeemilise viitamiseta; iseenda t\u00f6\u00f6 uuesti esitamine samas v\u00f5i teises \u00f5ppeaines, v\u00e4lja arvatud juhul, kui \u00f5ppej\u00f5ud on seda lubanud.\n<\/p>\n<p>\n\tEnne eksami\/arvestuse algust veendu, et:\n<\/p>\n<ul>\n<li>\n\t\tsinu arvuti on juhtmega vooluv\u00f5rgus v\u00f5i aku on piisavalt laetud\n\t<\/li>\n<li>\n\t\tarvutis on k\u00f5ik vajalikud programmid\n\t<\/li>\n<li>\n\t\tarvutis toimivad kaamera\/mikrofon\/k\u00f5larid (kui kasutatakse videokonverentsi)\n\t<\/li>\n<li>\n\t\tarvuti on kaabliga internetis, kuna wifi v\u00f5ib olla katkendlik\n\t<\/li>\n<li>\n\t\tsa oled terve eksami\/arvestuse aja ruumis \u00fcksinda\n\t<\/li>\n<li>\n\t\truumis on hea valgustus (p\u00e4evavalgus, \u00fcldvalgustid)\n\t<\/li>\n<li>\n\t\tistud laua taga ja \u00fcmbritsevatelt pindadelt on eemaldatud k\u00f5ik keelatud abivahendid: raamatud, konspektid, kalkulaator, teised arvutid, lisaekraanid, k\u00f5rvaklapid (sh k\u00f5rvasisesed), telefon\n\t<\/li>\n<li>\n\t\tsinu k\u00f5rvad on n\u00e4ha (kanda ei tohi m\u00fctsi ja pikad juuksed peavad olema kinni)\n\t<\/li>\n<li>\n\t\tk\u00f5ik sinu veebikaamerast paistev on teistele n\u00e4itamiseks sobilik\n\t<\/li>\n<\/ul>\n<p>\n\tEksami\/arvestuse sooritamise ajal ei ole lubatud:\n<\/p>\n<ul>\n<li>\n\t\tkasutada keelatud abivahendeid;\n\t<\/li>\n<li>\n\t\tlahkuda (s\u00fcle)arvuti t\u00e4isekraanilt (avada k\u00f5rvalisi veebilehti v\u00f5i programme);\n\t<\/li>\n<li>\n\t\tv\u00e4lja l\u00fclitada v\u00f5i katta veebikaamerat.\n\t<\/li>\n<\/ul>\n<p>\n\tReeglina ei ole eksamisooritajal lubatud oma kohalt ega ruumist lahkuda. Telefoni v\u00f5ib kasutada ainult teavitamiseks tehnilistest t\u00f5rgetest.\n<\/p>\n<h5>\n\tE-eksamit saab sooritada ka T\u00dc raamatukogu arvutiklassi vabades arvutites ning samuti laenutada veebikaamerat.<br>\n<\/h5>\n<p>\n\tTudengid saavad e-eksamit sooritada ka T\u00dc raamatukogu arvutiklassi vabades arvutites. \u00dcksikut arvutit broneerida ei saa, kuid eksami ajaks saab instituut\/dekanaat broneerida terve arvutiklassi. Arvutiklassi broneerimiseks v\u00f5tta \u00fchendust Katriin Kaljoveega (katriin.kaljovee@ut.ee, tel 737 5727). Raamatukogu 2. korruse laenutusletis on tudengitele laenutamiseks 10 veebikaamera komplekti.\n<\/p>\n<h3>\n\tJuhendid<br>\n<\/h3>\n<ul>\n<li>\n\t\tBBB juhend: <a data-url=\"https:\/\/sisu.ut.ee\/juhendid\/bbb-juhised-osalejale\" href=\"https:\/\/sisu.ut.ee\/juhendid\/bbb-juhised-osalejale\" target=\"_blank\" title=\"\" rel=\"noopener\">https:\/\/sisu.ut.ee\/juhendid\/bbb-juhised-osalejale<\/a>\n\t<\/li>\n<li>\n\t\tTeamsi juhend: <a data-url=\"https:\/\/wiki.ut.ee\/pages\/viewpage.action?pageId=90693829\" href=\"https:\/\/wiki.ut.ee\/pages\/viewpage.action?pageId=90693829\" target=\"_blank\" title=\"\" rel=\"noopener\">https:\/\/wiki.ut.ee\/pages\/viewpage.action?pageId=90693829<\/a>\n\t<\/li>\n<li>\n\t\tZoomi juhend:\u00a0<a data-url=\"https:\/\/wiki.ut.ee\/pages\/viewpage.action?pageId=90695802\" href=\"https:\/\/wiki.ut.ee\/pages\/viewpage.action?pageId=90695802\" target=\"_blank\" title=\"\" rel=\"noopener\">https:\/\/wiki.ut.ee\/pages\/viewpage.action?pageId=90695802<\/a>\n\t<\/li>\n<\/ul>\n<h3>\n\tUuri lisaks<br>\n<\/h3>\n<ul>\n<li>\n\t\t\u00d5ppekorralduseeskiri:\u00a0<a data-url=\"https:\/\/ut.ee\/et\/sisu\/oppekorraldus-uliopilasele\" href=\"https:\/\/ut.ee\/et\/sisu\/oppekorraldus-uliopilasele\" target=\"_blank\" title=\"\" rel=\"noopener\">https:\/\/ut.ee\/et\/sisu\/oppekorraldus-uliopilasele<\/a>\n\t<\/li>\n<\/ul>\n<h3>\n\tKontakt ja abi<br>\n<\/h3>\n<p>\n\tTehniliste probleemide ja k\u00fcsimuste korral v\u00f5ta \u00fchendust oma valdkonna \u00f5ppedisaineriga (vt <a data-url=\"https:\/\/ut.ee\/et\/opetamisoskuste-konsultandid-oppedisainerid\" href=\"https:\/\/ut.ee\/et\/opetamisoskuste-konsultandid-oppedisainerid\" target=\"_blank\" title=\"\" rel=\"noopener\">https:\/\/ut.ee\/et\/opetamisoskuste-konsultandid-oppedisainerid<\/a>) v\u00f5i kirjuta aadressil eope@ut.ee. Sisulistes ja korralduslikes k\u00fcsimustes aitab kursuse \u00f5ppej\u00f5ud.<\/p>\n","protected":false},"excerpt":{"rendered":"<p>E-eksamid ja e-arvestused v\u00f5ivad olla suulised, kirjalikud v\u00f5i kombineeritud. E-eksamid ja e-arvestused v\u00f5ivad olla suulised, kirjalikud v\u00f5i kombineeritud. T\u00e4psed tingimused edastab sulle kursuse \u00f5ppej\u00f5ud. Kirjalikud e-eksamid\/arvestused v\u00f5ivad toimuda nt Moodle\u2019is testina v\u00f5i \u00fclesande kaudu. Reeglina on eksamile\/arvestusele m\u00e4\u00e4ratud avanemiseks konkreetne &#8230;<\/p>\n","protected":false},"author":9,"featured_media":0,"parent":0,"menu_order":0,"comment_status":"closed","ping_status":"closed","template":"","meta":{"_acf_changed":false,"inline_featured_image":false,"footnotes":""},"class_list":["post-10","page","type-page","status-publish","hentry"],"acf":[],"_links":{"self":[{"href":"https:\/\/sisu.ut.ee\/eoppija\/wp-json\/wp\/v2\/pages\/10","targetHints":{"allow":["GET"]}}],"collection":[{"href":"https:\/\/sisu.ut.ee\/eoppija\/wp-json\/wp\/v2\/pages"}],"about":[{"href":"https:\/\/sisu.ut.ee\/eoppija\/wp-json\/wp\/v2\/types\/page"}],"author":[{"embeddable":true,"href":"https:\/\/sisu.ut.ee\/eoppija\/wp-json\/wp\/v2\/users\/9"}],"replies":[{"embeddable":true,"href":"https:\/\/sisu.ut.ee\/eoppija\/wp-json\/wp\/v2\/comments?post=10"}],"version-history":[{"count":1,"href":"https:\/\/sisu.ut.ee\/eoppija\/wp-json\/wp\/v2\/pages\/10\/revisions"}],"predecessor-version":[{"id":168,"href":"https:\/\/sisu.ut.ee\/eoppija\/wp-json\/wp\/v2\/pages\/10\/revisions\/168"}],"wp:attachment":[{"href":"https:\/\/sisu.ut.ee\/eoppija\/wp-json\/wp\/v2\/media?parent=10"}],"curies":[{"name":"wp","href":"https:\/\/api.w.org\/{rel}","templated":true}]}}