{"id":8,"date":"2024-04-03T23:11:06","date_gmt":"2024-04-03T20:11:06","guid":{"rendered":"https:\/\/sisu.ut.ee\/enwebjuhend\/cite-while-you-write-viidete-lisamine-teksti\/"},"modified":"2026-02-19T13:54:58","modified_gmt":"2026-02-19T11:54:58","slug":"cite-while-you-write-viidete-lisamine-teksti","status":"publish","type":"page","link":"https:\/\/sisu.ut.ee\/enwebjuhend\/cite-while-you-write-viidete-lisamine-teksti\/","title":{"rendered":"Cite While You Write &#8211; viidete lisamine teksti"},"content":{"rendered":"<p><strong>Cite While You Write<\/strong> vahendiga on lihtne kirjutamise k\u00e4igus Wordi teksti viiteid lisada ja bibliograafiat vormistada.<br>\nSee tuleb k\u00f5igepealt alla laadida ja installeerida.\u00a0Valige EndNote Online\u00a0<strong>Format<\/strong> v\u00f5i <strong>Downloads<\/strong> men\u00fc\u00fcst <strong>Cite While You Write<\/strong>\u2122 Plug-In ja j\u00e4rgige juhiseid installeerimiseks.<\/p>\n<p><strong>EndNote\u2019i t\u00f6\u00f6riistariba Wordis<\/strong> v\u00f5imaldab t\u00f6\u00f6 kirjutamise k\u00e4igus kergesti viidete haldurist\u00a0allikaid leida ning neid oma t\u00f6\u00f6sse lisada.\u00a0<strong>Style<\/strong> h\u00fcpikaknast valige viitamise stiil.<\/p>\n<p><img loading=\"lazy\" decoding=\"async\" class=\"alignnone size-full wp-image-63\" src=\"https:\/\/sisu.ut.ee\/wp-content\/uploads\/sites\/26\/Screenshot-2025-02-05-204230.png\" alt=\"\" width=\"865\" height=\"102\" srcset=\"https:\/\/sisu.ut.ee\/wp-content\/uploads\/sites\/26\/Screenshot-2025-02-05-204230.png 865w, https:\/\/sisu.ut.ee\/wp-content\/uploads\/sites\/26\/Screenshot-2025-02-05-204230-300x35.png 300w, https:\/\/sisu.ut.ee\/wp-content\/uploads\/sites\/26\/Screenshot-2025-02-05-204230-768x91.png 768w\" sizes=\"auto, (max-width: 865px) 100vw, 865px\"><\/p>\n<p><img loading=\"lazy\" decoding=\"async\" width=\"571\" height=\"100\" class=\"alignnone wp-image-17\" title=\"2023-02-27_18_47_01-window.png\" src=\"https:\/\/sisu.ut.ee\/wp-content\/uploads\/sites\/26\/2023-02-27_18_47_01-window.png\" alt=\"s\" srcset=\"https:\/\/sisu.ut.ee\/wp-content\/uploads\/sites\/26\/2023-02-27_18_47_01-window.png 571w, https:\/\/sisu.ut.ee\/wp-content\/uploads\/sites\/26\/2023-02-27_18_47_01-window-300x53.png 300w\" sizes=\"auto, (max-width: 571px) 100vw, 571px\"><\/p>\n<p>Sobivaid viitamisstiile saate valida\u00a0EndNote Format men\u00fc\u00fcst, kl\u00f5psates\u00a0<strong>Select Favorites. <\/strong>Kl\u00f5psates<strong>\u00a0<\/strong><em>Copy to Favorites<\/em>\u00a0lisate need oma valikutesse.<\/p>\n<p><img loading=\"lazy\" decoding=\"async\" width=\"434\" height=\"273\" class=\"alignnone wp-image-18\" title=\"2023-02-27_18_53_28-window.png\" src=\"https:\/\/sisu.ut.ee\/wp-content\/uploads\/sites\/26\/2023-02-27_18_53_28-window.png\" alt=\"s\" srcset=\"https:\/\/sisu.ut.ee\/wp-content\/uploads\/sites\/26\/2023-02-27_18_53_28-window.png 434w, https:\/\/sisu.ut.ee\/wp-content\/uploads\/sites\/26\/2023-02-27_18_53_28-window-300x189.png 300w\" sizes=\"auto, (max-width: 434px) 100vw, 434px\"><\/p>\n<p>Pange Wordis kursor paika, kuhu soovite viite lisada. <span data-mce-mark=\"1\">Kl\u00f5psates\u00a0<\/span><strong>Insert Citations<\/strong><span data-mce-mark=\"1\">\u00a0 saate vajaliku viite viidete haldurist \u00fcles otsida, kl\u00f5psake <strong>Insert<\/strong> ning\u00a0<\/span>viide ongi lisatud. Mitme allika lisamiseks \u00fchte viitesse hoidke all Ctrl klahvi.<br>\nViide lisandub automaatselt ka bibliograafiasse dokumendi l\u00f5ppu.<\/p>\n<p>Viite muutmiseks valige viide ja kl\u00f5psake <em><strong>Edit Citation(s)<\/strong><\/em>. Siin saate lisada nt lehek\u00fcljenumbreid.<\/p>\n<p><em id=\"__mceDel\">\u00a0<\/em><\/p>\n","protected":false},"excerpt":{"rendered":"<p>Cite While You Write vahendiga on lihtne kirjutamise k\u00e4igus Wordi teksti viiteid lisada ja bibliograafiat vormistada. See tuleb k\u00f5igepealt alla laadida ja installeerida.\u00a0Valige EndNote Online\u00a0Format v\u00f5i Downloads men\u00fc\u00fcst Cite While You Write\u2122 Plug-In ja j\u00e4rgige juhiseid installeerimiseks. EndNote\u2019i t\u00f6\u00f6riistariba Wordis &#8230;<\/p>\n","protected":false},"author":5,"featured_media":0,"parent":0,"menu_order":0,"comment_status":"closed","ping_status":"closed","template":"","meta":{"_acf_changed":false,"inline_featured_image":false,"footnotes":""},"class_list":["post-8","page","type-page","status-publish","hentry"],"acf":[],"_links":{"self":[{"href":"https:\/\/sisu.ut.ee\/enwebjuhend\/wp-json\/wp\/v2\/pages\/8","targetHints":{"allow":["GET"]}}],"collection":[{"href":"https:\/\/sisu.ut.ee\/enwebjuhend\/wp-json\/wp\/v2\/pages"}],"about":[{"href":"https:\/\/sisu.ut.ee\/enwebjuhend\/wp-json\/wp\/v2\/types\/page"}],"author":[{"embeddable":true,"href":"https:\/\/sisu.ut.ee\/enwebjuhend\/wp-json\/wp\/v2\/users\/5"}],"replies":[{"embeddable":true,"href":"https:\/\/sisu.ut.ee\/enwebjuhend\/wp-json\/wp\/v2\/comments?post=8"}],"version-history":[{"count":3,"href":"https:\/\/sisu.ut.ee\/enwebjuhend\/wp-json\/wp\/v2\/pages\/8\/revisions"}],"predecessor-version":[{"id":87,"href":"https:\/\/sisu.ut.ee\/enwebjuhend\/wp-json\/wp\/v2\/pages\/8\/revisions\/87"}],"wp:attachment":[{"href":"https:\/\/sisu.ut.ee\/enwebjuhend\/wp-json\/wp\/v2\/media?parent=8"}],"curies":[{"name":"wp","href":"https:\/\/api.w.org\/{rel}","templated":true}]}}