{"id":7,"date":"2024-04-03T23:11:06","date_gmt":"2024-04-03T20:11:06","guid":{"rendered":"https:\/\/sisu.ut.ee\/enwebjuhend\/bibliograafia-moodustamine\/"},"modified":"2024-04-03T23:11:09","modified_gmt":"2024-04-03T20:11:09","slug":"bibliograafia-moodustamine","status":"publish","type":"page","link":"https:\/\/sisu.ut.ee\/enwebjuhend\/bibliograafia-moodustamine\/","title":{"rendered":"Lihtsa bibliograafia moodustamine ilma tekstisisese viitamiseta"},"content":{"rendered":"<p>\n\t<strong>Format <\/strong>saki alt leiate bibliograafia koostamise vahendid. V\u00f5imalik on valida v\u00e4ga paljude juhtivate\u00a0teadusajakirjade viitamisstiile. Bibliograafia tegemiseks saate valitud kirjed lisada ajutisse kausta <strong style=\"line-height: 1.6em\">Quick List<\/strong> v\u00f5i teha bibliograafiline loetelu juba olemasolevast kaustast. Sealt eraldi kirjeid v\u00e4lja valida ei saa. Valige ka viitamise stiil ning formaat. <strong>Select Favorites<\/strong> all saate valida sobivaid viitamisstiile ja valides <em>Copy to Favorites<\/em> lisate need oma valikutesse. Nupuga <strong style=\"line-height: 1.6em\">Preview &amp; Print<\/strong> n\u00e4ete bibliograafia eelvaadet.\n<\/p>\n<p>\n\t<img loading=\"lazy\" decoding=\"async\" width=\"718\" height=\"244\" class=\"alignnone wp-image-15\" src=\"https:\/\/sisu.ut.ee\/wp-content\/uploads\/sites\/26\/2020-02-07_13_09_48-endnote.png\" title=\"2020-02-07_13_09_48-endnote.png\" alt=\"f\" srcset=\"https:\/\/sisu.ut.ee\/wp-content\/uploads\/sites\/26\/2020-02-07_13_09_48-endnote.png 718w, https:\/\/sisu.ut.ee\/wp-content\/uploads\/sites\/26\/2020-02-07_13_09_48-endnote-300x102.png 300w\" sizes=\"auto, (max-width: 718px) 100vw, 718px\">\n<\/p>\n<p>\n\t<em>Bibliograafia loomine Endnote\u2019i\u00a0kirjetest<\/em>\n<\/p>\n<h4>\n\t<strong>Viidete vormistamine ja bibliograafia moodustamine Format Paper vahendiga<\/strong><br>\n<\/h4>\n<p>\n\t\u00a0\n<\/p>\n<p>\n\t<strong style=\"line-height: 1.6em\">Format Paper<\/strong> funktsiooniga saate arvutisse salvestatud .rtf dokumendi <strong style=\"line-height: 1.6em\">Browse<\/strong> nupuga \u00fcles otsida ning avada.\n<\/p>\n<p>\n\tKui dokumendis on viited loogelistes sulgudes ning kindlas formaadis, leiab programm need \u00fcles ja moodustab bibliograafia (vt t\u00e4psemalt <a href=\"http:\/\/www.myendnoteweb.com\/help\/en_us\/ENW\/hs_formatpaper.htm\" target=\"_blank\" rel=\"noopener\">http:\/\/www.myendnoteweb.com\/help\/en_us\/ENW\/hs_formatpaper.htm<\/a>).\u00a0\n<\/p>\n<p>\n\tKui teie arvutile sobib MS Wordi dokumendiga t\u00f6\u00f6tamiseks m\u00f5eldud vahend <strong>Cite While You Write<\/strong>, saate kirjutamise ajal dokumenti\u00a0 jooksvalt viiteid lisada. Vt \u00a0j\u00e4rgmine peat\u00fckk. \u00a0\n<\/p>\n<p>\n\t\u00a0<\/p>\n","protected":false},"excerpt":{"rendered":"<p>Format saki alt leiate bibliograafia koostamise vahendid. V\u00f5imalik on valida v\u00e4ga paljude juhtivate\u00a0teadusajakirjade viitamisstiile. Bibliograafia tegemiseks saate valitud kirjed lisada ajutisse kausta Quick List v\u00f5i teha bibliograafiline loetelu juba olemasolevast kaustast. Sealt eraldi kirjeid v\u00e4lja valida ei saa. Valige ka &#8230;<\/p>\n","protected":false},"author":5,"featured_media":0,"parent":0,"menu_order":0,"comment_status":"closed","ping_status":"closed","template":"","meta":{"_acf_changed":false,"inline_featured_image":false,"footnotes":""},"class_list":["post-7","page","type-page","status-publish","hentry"],"acf":[],"_links":{"self":[{"href":"https:\/\/sisu.ut.ee\/enwebjuhend\/wp-json\/wp\/v2\/pages\/7","targetHints":{"allow":["GET"]}}],"collection":[{"href":"https:\/\/sisu.ut.ee\/enwebjuhend\/wp-json\/wp\/v2\/pages"}],"about":[{"href":"https:\/\/sisu.ut.ee\/enwebjuhend\/wp-json\/wp\/v2\/types\/page"}],"author":[{"embeddable":true,"href":"https:\/\/sisu.ut.ee\/enwebjuhend\/wp-json\/wp\/v2\/users\/5"}],"replies":[{"embeddable":true,"href":"https:\/\/sisu.ut.ee\/enwebjuhend\/wp-json\/wp\/v2\/comments?post=7"}],"version-history":[{"count":1,"href":"https:\/\/sisu.ut.ee\/enwebjuhend\/wp-json\/wp\/v2\/pages\/7\/revisions"}],"predecessor-version":[{"id":44,"href":"https:\/\/sisu.ut.ee\/enwebjuhend\/wp-json\/wp\/v2\/pages\/7\/revisions\/44"}],"wp:attachment":[{"href":"https:\/\/sisu.ut.ee\/enwebjuhend\/wp-json\/wp\/v2\/media?parent=7"}],"curies":[{"name":"wp","href":"https:\/\/api.w.org\/{rel}","templated":true}]}}