{"id":6,"date":"2024-04-03T23:11:06","date_gmt":"2024-04-03T20:11:06","guid":{"rendered":"https:\/\/sisu.ut.ee\/enwebjuhend\/muud-kirjete-lisamise-viisid\/"},"modified":"2024-04-03T23:11:09","modified_gmt":"2024-04-03T20:11:09","slug":"muud-kirjete-lisamise-viisid","status":"publish","type":"page","link":"https:\/\/sisu.ut.ee\/enwebjuhend\/muud-kirjete-lisamise-viisid\/","title":{"rendered":"Muud kirjete lisamise viisid"},"content":{"rendered":"<p>\n\t<strong>Collect<\/strong> &gt;\u00a0<strong>New Reference <\/strong>all saate lisada kirjeid k\u00e4sitsi. Valige kirje t\u00fc\u00fcp vastavalt sellele, mis t\u00fc\u00fcpi materjaliga\u00a0on tegu (veebileht, artikkel, raamat vm)\u00a0ja t\u00e4itke vajalikud v\u00e4ljad. \u00a0<\/p>\n<p><strong>Collect<\/strong> &gt;\u00a0<strong>Online Search <\/strong>on raamatukogude kataloogides ja m\u00f5nedes\u00a0andmebaasides otsimiseks. V\u00f5imalikud andmebaasid avanevad rippmen\u00fc\u00fcs, kust valige andmebaas.\u00a0<br>Kirjete salvestamiseks m\u00e4rkige vajalikud kirjad \u00e4ra, ning rippmen\u00fc\u00fcst<strong> Add to group<\/strong> valige kaust, kuhu kirjed salvestada.<\/p>\n<p><strong>Organize &gt; Find Duplicates<\/strong> v\u00f5imaldab kustutada topeltkirjeid. M\u00e4rkige kirjed, mida soovite kustutada.\u00a0<\/p>\n","protected":false},"excerpt":{"rendered":"<p>Collect &gt;\u00a0New Reference all saate lisada kirjeid k\u00e4sitsi. Valige kirje t\u00fc\u00fcp vastavalt sellele, mis t\u00fc\u00fcpi materjaliga\u00a0on tegu (veebileht, artikkel, raamat vm)\u00a0ja t\u00e4itke vajalikud v\u00e4ljad. \u00a0 Collect &gt;\u00a0Online Search on raamatukogude kataloogides ja m\u00f5nedes\u00a0andmebaasides otsimiseks. V\u00f5imalikud andmebaasid avanevad rippmen\u00fc\u00fcs, kust valige &#8230;<\/p>\n","protected":false},"author":5,"featured_media":0,"parent":0,"menu_order":0,"comment_status":"closed","ping_status":"closed","template":"","meta":{"_acf_changed":false,"inline_featured_image":false,"footnotes":""},"class_list":["post-6","page","type-page","status-publish","hentry"],"acf":[],"_links":{"self":[{"href":"https:\/\/sisu.ut.ee\/enwebjuhend\/wp-json\/wp\/v2\/pages\/6","targetHints":{"allow":["GET"]}}],"collection":[{"href":"https:\/\/sisu.ut.ee\/enwebjuhend\/wp-json\/wp\/v2\/pages"}],"about":[{"href":"https:\/\/sisu.ut.ee\/enwebjuhend\/wp-json\/wp\/v2\/types\/page"}],"author":[{"embeddable":true,"href":"https:\/\/sisu.ut.ee\/enwebjuhend\/wp-json\/wp\/v2\/users\/5"}],"replies":[{"embeddable":true,"href":"https:\/\/sisu.ut.ee\/enwebjuhend\/wp-json\/wp\/v2\/comments?post=6"}],"version-history":[{"count":1,"href":"https:\/\/sisu.ut.ee\/enwebjuhend\/wp-json\/wp\/v2\/pages\/6\/revisions"}],"predecessor-version":[{"id":45,"href":"https:\/\/sisu.ut.ee\/enwebjuhend\/wp-json\/wp\/v2\/pages\/6\/revisions\/45"}],"wp:attachment":[{"href":"https:\/\/sisu.ut.ee\/enwebjuhend\/wp-json\/wp\/v2\/media?parent=6"}],"curies":[{"name":"wp","href":"https:\/\/api.w.org\/{rel}","templated":true}]}}