{"id":4,"date":"2024-04-03T23:11:06","date_gmt":"2024-04-03T20:11:06","guid":{"rendered":"https:\/\/sisu.ut.ee\/enwebjuhend\/kirjete-lisamine-andmebaasi\/"},"modified":"2026-02-19T14:23:56","modified_gmt":"2026-02-19T12:23:56","slug":"kirjete-lisamine-andmebaasi","status":"publish","type":"page","link":"https:\/\/sisu.ut.ee\/enwebjuhend\/kirjete-lisamine-andmebaasi\/","title":{"rendered":"Kirjete lisamine EndNote Online&#8217;i"},"content":{"rendered":"<p>M\u00f5ned teadusandmebaasid v\u00f5imaldavad kirjete vahetut \u00fclekandmist EndNote\u2019i (EBSCO Discovery, EBSCO andmebaasiod, Web of Science). Andmebaasi otsingutulemuste salvestamise v\u00f5i ekspordi funktsiooni juures on see siis ka n\u00e4idatud. M\u00f5ne andmebaasi puhul tuleb kirjed enne eraldi kausta salvestada.<\/p>\n<p><strong>EBSCO <\/strong>Discovery\u2019s ja EBSCO andmebaasides leiate iga avatud kirje juures paremal ja kirjete kausta \u00a0 juures nupu <strong>Cite.<\/strong> Edasi valige <strong>Export Citation<\/strong> ning allpool <strong>Export to EndNoteWeb<\/strong>.<\/p>\n<p>Kirjed ilmuvad EndNote\u2019i <strong>All My References<\/strong> kausta.<\/p>\n<p>Samal viisil saab kirjeid lisada andmebaasist Web of Science<em>.<\/em><\/p>\n<p>Andmebaasis <strong>Web of Science<\/strong> valige otsingutulemustes\u00a0\u00a0<strong>Export<\/strong> ja edasi\u00a0<strong>EndNote Online.\u00a0<\/strong><\/p>\n<p>\u00dcks v\u00f5imalus saada kiiresti k\u00e4tte artiklite pdf ja lisada selle kirje viitehaldusprogrammi on tasuta brauserilaiendus\u00a0 <strong>EndNote Click.\u00a0<\/strong>Selle kohta on info EndNote Web <strong>Dowloads<\/strong> saki all. Kui laiendus on brauserile paigaldatud,\u00a0 tuleb luua ka EndNote Click kasutajakonto. Andmebaasides artikleid avades aktiveerub EndNote Click automaatselt ja kuvab all vasakul\u00a0 <img loading=\"lazy\" decoding=\"async\" class=\"alignnone size-full wp-image-89\" src=\"https:\/\/sisu.ut.ee\/wp-content\/uploads\/sites\/26\/Kuvatommis-2026-02-19-140445.png\" alt=\"\" width=\"175\" height=\"51\"> nupu, kui t\u00e4istekst leitakse. Seal saab valida <img loading=\"lazy\" decoding=\"async\" class=\"alignnone size-full wp-image-91\" src=\"https:\/\/sisu.ut.ee\/wp-content\/uploads\/sites\/26\/Kuvatommis-2026-02-19-142201.png\" alt=\"\" width=\"265\" height=\"434\" srcset=\"https:\/\/sisu.ut.ee\/wp-content\/uploads\/sites\/26\/Kuvatommis-2026-02-19-142201.png 265w, https:\/\/sisu.ut.ee\/wp-content\/uploads\/sites\/26\/Kuvatommis-2026-02-19-142201-183x300.png 183w\" sizes=\"auto, (max-width: 265px) 100vw, 265px\"><\/p>\n<div>\u00a0<\/div>\n<p><span style=\"color: #333333;\">Paljudes andmebaasides, mis ei v\u00f5imalda kirjete vahetut \u00fclekandmist EndNote\u2019i, saab kasutada <strong>Capture Reference<\/strong> v\u00f5imalust.\u00a0 Seda ei saa k\u00fcll enam alla laadida, aga kui see on varem brauseri j\u00e4rjehoidjaribale paigutatud, saab edasi kasutada. Brauseri j\u00e4rjehoidjaribal <strong>Capture Reference<\/strong> nupul kl\u00f5psates n\u00e4ete kirjet, mida saate vajadusel muuta v\u00f5i t\u00e4iendada ja valida kausta, kuhu soovite selle lisada. Kl\u00f5psake <strong style=\"line-height: 1.6em;\">Save to<\/strong>, valides <strong>my.endnote.com<\/strong>. Vt t\u00e4psemalt\u00a0 <a style=\"line-height: 1.6em; color: #333333;\" href=\"http:\/\/www.myendnoteweb.com\/help\/en_us\/ENW\/he_capture.htm\" target=\"_blank\" rel=\"noopener\">http:\/\/www.myendnoteweb.com\/help\/en_us\/ENW\/he_capture.htm<\/a>, siin leiate ka nimekirja andmebaasidest ja veebilehtedest, kus <em style=\"line-height: 1.6em;\">Capture<\/em> funktsioon toimib.<\/span><br><span style=\"color: #333333;\">Ka veebilehti saab niimoodi salvestada.<\/span><\/p>\n\n\n<p><\/p>\n\n\n\n<p>Enamasti ei ole v\u00f5imalik kirjeid otse EndNote Online\u2019i \u00a0\u00fcle kanda. Sel juhul on alati v\u00f5imalik need vahepeal oma arvutisse salvestada, vt j\u00e4rgmine peat\u00fckk.<br>\u00a0<\/p>\n","protected":false},"excerpt":{"rendered":"<p>M\u00f5ned teadusandmebaasid v\u00f5imaldavad kirjete vahetut \u00fclekandmist EndNote\u2019i (EBSCO Discovery, EBSCO andmebaasiod, Web of Science). Andmebaasi otsingutulemuste salvestamise v\u00f5i ekspordi funktsiooni juures on see siis ka n\u00e4idatud. M\u00f5ne andmebaasi puhul tuleb kirjed enne eraldi kausta salvestada. EBSCO Discovery\u2019s ja EBSCO andmebaasides &#8230;<\/p>\n","protected":false},"author":5,"featured_media":0,"parent":0,"menu_order":0,"comment_status":"closed","ping_status":"closed","template":"","meta":{"_acf_changed":false,"inline_featured_image":false,"footnotes":""},"class_list":["post-4","page","type-page","status-publish","hentry"],"acf":[],"_links":{"self":[{"href":"https:\/\/sisu.ut.ee\/enwebjuhend\/wp-json\/wp\/v2\/pages\/4","targetHints":{"allow":["GET"]}}],"collection":[{"href":"https:\/\/sisu.ut.ee\/enwebjuhend\/wp-json\/wp\/v2\/pages"}],"about":[{"href":"https:\/\/sisu.ut.ee\/enwebjuhend\/wp-json\/wp\/v2\/types\/page"}],"author":[{"embeddable":true,"href":"https:\/\/sisu.ut.ee\/enwebjuhend\/wp-json\/wp\/v2\/users\/5"}],"replies":[{"embeddable":true,"href":"https:\/\/sisu.ut.ee\/enwebjuhend\/wp-json\/wp\/v2\/comments?post=4"}],"version-history":[{"count":11,"href":"https:\/\/sisu.ut.ee\/enwebjuhend\/wp-json\/wp\/v2\/pages\/4\/revisions"}],"predecessor-version":[{"id":92,"href":"https:\/\/sisu.ut.ee\/enwebjuhend\/wp-json\/wp\/v2\/pages\/4\/revisions\/92"}],"wp:attachment":[{"href":"https:\/\/sisu.ut.ee\/enwebjuhend\/wp-json\/wp\/v2\/media?parent=4"}],"curies":[{"name":"wp","href":"https:\/\/api.w.org\/{rel}","templated":true}]}}