{"id":3,"date":"2024-04-03T23:11:06","date_gmt":"2024-04-03T20:11:06","guid":{"rendered":"https:\/\/sisu.ut.ee\/enwebjuhend\/avaleht\/"},"modified":"2026-02-12T11:13:40","modified_gmt":"2026-02-12T09:13:40","slug":"avaleht","status":"publish","type":"page","link":"https:\/\/sisu.ut.ee\/enwebjuhend\/","title":{"rendered":"\u00dclevaade"},"content":{"rendered":"<p>EndNote on viidete haldamise tarkvara, mis v\u00f5imaldab<\/p>\n<ul>\n<li>importida kirjeid EndNote\u2019i\u00a0ning luua neist omale andmebaas,<\/li>\n<li>lisada andmebaasist t\u00f6\u00f6 k\u00e4igus\u00a0viiteid oma dokumenti,<\/li>\n<li>lisatud viidete p\u00f5hjal koostada automaatselt bibliograafia etteantud stiilis.<\/li>\n<\/ul>\n<p>EndNote Desktop on tasuline tarkvara, mille kasutamiseks tuleb hankida litsents. On olemas ka EndNote Basic versioon, mis on vabalt k\u00e4ttesaadav k\u00f5igile.<\/p>\n<p>T\u00dc liikmetele on andmebaasi Web of Science kaudu k\u00e4ttesaadav <strong>EndNote Online<\/strong>.<\/p>\n<p>EndNote\u2019i erinevaid versioone saab v\u00f5rrelda siin:\u00a0<a title=\"\" href=\"https:\/\/endnote.com\/product-details\/compare-current-versions\/\" target=\"_blank\" rel=\"noopener\" data-url=\"https:\/\/endnote.com\/product-details\/compare-current-versions\/\">https:\/\/endnote.com\/product-details\/compare-current-versions\/<\/a>.<\/p>\n<p><strong>EndNote Online<\/strong> kasutamiseks tuleb k\u00f5igepealt siseneda andmebaasi<strong> Web of Science <\/strong><a href=\"https:\/\/www.webofscience.com\" target=\"_blank\" rel=\"noopener\">https:\/\/www.webofscience.com<\/a> ning seal valida k\u00f5ige \u00fclemisel mustal ribal paremal\u00a0<em><strong>Products<\/strong><\/em>\u00a0all <strong>EndNote<\/strong>.<br>\nTehke endale kasutajakonto, logige sisse ja saate <strong>EndNote\u00a0<\/strong>esilehele. Kui Web of Science kasutajakonto on juba olemas, siis kasutage seda. Esmakordsel sisenemisel n\u00e4ete \u00fclevaadet p\u00f5himen\u00fc\u00fcdest.<\/p>\n<p><img loading=\"lazy\" decoding=\"async\" width=\"561\" height=\"100\" class=\"alignnone wp-image-11\" title=\"2020-02-07_10_56_50-endnote2.png\" src=\"https:\/\/sisu.ut.ee\/wp-content\/uploads\/sites\/26\/2020-02-07_10_56_50-endnote2.png\" alt=\"d\" srcset=\"https:\/\/sisu.ut.ee\/wp-content\/uploads\/sites\/26\/2020-02-07_10_56_50-endnote2.png 561w, https:\/\/sisu.ut.ee\/wp-content\/uploads\/sites\/26\/2020-02-07_10_56_50-endnote2-300x53.png 300w\" sizes=\"auto, (max-width: 561px) 100vw, 561px\"><\/p>\n<p><strong>My References<\/strong>: N\u00e4ete k\u00f5iki kirjeid oma raamatukogus ja kaustu, mis te olete loonud. On ka v\u00f5imalus oma kaustadest kirjeid otsida.<\/p>\n<p><strong>Collect: <\/strong>Kuvatakse kolm v\u00f5imalust kirjete lisamiseks oma raamatukokku<\/p>\n<p><strong>Organize<\/strong>: Siin saab n\u00e4ha oma kaustu ja nendega toimetada ning leida topeltkirjeid.<\/p>\n<p><strong>Format<\/strong>: V\u00f5imalused bibliograafiate loomiseks ja kirjete eksportimiseks.<\/p>\n<p><strong>Options<\/strong>: Siin saab muuta oma kasutajatunnuseid ja n\u00e4ha oma kasutajakonto informatsiooni, nt millal peate uuendama oma juurdep\u00e4\u00e4su\u00f5igusi \u00fclikooli arvutiv\u00f5rgust sisse logides.<\/p>\n","protected":false},"excerpt":{"rendered":"<p>EndNote on viidete haldamise tarkvara, mis v\u00f5imaldab importida kirjeid EndNote\u2019i\u00a0ning luua neist omale andmebaas, lisada andmebaasist t\u00f6\u00f6 k\u00e4igus\u00a0viiteid oma dokumenti, lisatud viidete p\u00f5hjal koostada automaatselt bibliograafia etteantud stiilis. EndNote Desktop on tasuline tarkvara, mille kasutamiseks tuleb hankida litsents. On olemas &#8230;<\/p>\n","protected":false},"author":5,"featured_media":0,"parent":0,"menu_order":0,"comment_status":"closed","ping_status":"closed","template":"","meta":{"_acf_changed":false,"inline_featured_image":false,"footnotes":""},"class_list":["post-3","page","type-page","status-publish","hentry"],"acf":[],"_links":{"self":[{"href":"https:\/\/sisu.ut.ee\/enwebjuhend\/wp-json\/wp\/v2\/pages\/3","targetHints":{"allow":["GET"]}}],"collection":[{"href":"https:\/\/sisu.ut.ee\/enwebjuhend\/wp-json\/wp\/v2\/pages"}],"about":[{"href":"https:\/\/sisu.ut.ee\/enwebjuhend\/wp-json\/wp\/v2\/types\/page"}],"author":[{"embeddable":true,"href":"https:\/\/sisu.ut.ee\/enwebjuhend\/wp-json\/wp\/v2\/users\/5"}],"replies":[{"embeddable":true,"href":"https:\/\/sisu.ut.ee\/enwebjuhend\/wp-json\/wp\/v2\/comments?post=3"}],"version-history":[{"count":4,"href":"https:\/\/sisu.ut.ee\/enwebjuhend\/wp-json\/wp\/v2\/pages\/3\/revisions"}],"predecessor-version":[{"id":78,"href":"https:\/\/sisu.ut.ee\/enwebjuhend\/wp-json\/wp\/v2\/pages\/3\/revisions\/78"}],"wp:attachment":[{"href":"https:\/\/sisu.ut.ee\/enwebjuhend\/wp-json\/wp\/v2\/media?parent=3"}],"curies":[{"name":"wp","href":"https:\/\/api.w.org\/{rel}","templated":true}]}}