{"id":12,"date":"2025-01-22T11:13:47","date_gmt":"2025-01-22T09:13:47","guid":{"rendered":"https:\/\/sisu.ut.ee\/entangledborderlands\/?page_id=12"},"modified":"2025-11-19T17:42:59","modified_gmt":"2025-11-19T15:42:59","slug":"media-and-public-engagement","status":"publish","type":"page","link":"https:\/\/sisu.ut.ee\/entangledborderlands\/media-and-public-engagement\/","title":{"rendered":"Media &amp; Public Engagement"},"content":{"rendered":"<p><\/p>\n\n\n\n<p>Silvia Luik, \u201c<a href=\"https:\/\/novaator.err.ee\/1609581169\/ajaloolane-tartu-parmivabriku-juht-laks-dorpati-nime-parast-kohtusse\" target=\"_blank\" rel=\"noreferrer noopener\">Ajaloolane: Tartu p\u00e4rmivabriku juht l\u00e4ks Dorpati nime p\u00e4rast kohtusse<\/a>\u201d (<em>Novaator<\/em>, 20.01.2025)\u00a0<\/p>\n\n\n\n<p>Emily Lieberg, \u201c<a href=\"https:\/\/tartu.postimees.ee\/8178782\/intervjuu-soti-politoloog-kaevab-arhiivihamarusest-valja-ulikoolilinna-ajalugu\">\u0160oti politoloog kaevab arhiivih\u00e4marusest v\u00e4lja \u00fclikoolilinna ajalugu<\/a>\u201d (<em>Tartu Postimees<\/em>, 27.01.2025)<\/p>\n\n\n\n<p>Julia Malitska, \u201c<a href=\"https:\/\/perspektivost.se\/kultur\/sa-spreds-ideer-och-manniskor-i-romanov-imperiets-gransomraden\/\" data-type=\"link\" data-id=\"https:\/\/perspektivost.se\/kultur\/sa-spreds-ideer-och-manniskor-i-romanov-imperiets-gransomraden\/\">S\u00e5 spreds id\u00e9er och m\u00e4nniskor i Romanov-imperiets gr\u00e4nsomr\u00e5den<\/a>\u201d (<em>Perspektiv \u00d6st<\/em>, S\u00f6dert\u00f6rn University, 10.02.2025)<\/p>\n\n\n\n<p>David Feest, \u201c<a href=\"https:\/\/www.hsozkult.de\/conferencereport\/id\/fdkn-155337\" data-type=\"link\" data-id=\"https:\/\/www.hsozkult.de\/conferencereport\/id\/fdkn-155337.\" target=\"_blank\" rel=\"noreferrer noopener\">Tagungsbericht:\u00a0Imperial Mirrors: Streetscapes of the Romanov Empire, 1860s\u20131917<\/a>\u201d (<em>H-Soz-Kult<\/em>, 29.05.2025)<\/p>\n\n\n\n<p>Anton Kotenko, \u201c<a href=\"https:\/\/blogs.uni-bielefeld.de\/blog\/zif\/entry\/what-do-maps-tell-us\" data-type=\"link\" data-id=\"https:\/\/blogs.uni-bielefeld.de\/blog\/zif\/entry\/what-do-maps-tell-us\">What Do Maps Tell Us About An Empire: Workshop Report<\/a>\u201d (ZiF, Bielefeld University, 29.08.2025)<\/p>\n\n\n\n<p>Janet Laidla, \u201c<a href=\"https:\/\/skytte.ut.ee\/et\/uudis\/skytte-instituudi-koridoris-saab-vaadata-naitust-naised-tartu-ulikoolis-1919-aastani\">Skytte instituudi koridoris saab vaadata n\u00e4itust \u201eNaised Tartu \u00fclikoolis 1919. aastani<\/a>\u201c (<em>Tartu \u00dclikool, <\/em>17.09.2025)<\/p>\n\n\n\n<p><\/p>\n","protected":false},"excerpt":{"rendered":"<p>Silvia Luik, \u201cAjaloolane: Tartu p\u00e4rmivabriku juht l\u00e4ks Dorpati nime p\u00e4rast kohtusse\u201d (Novaator, 20.01.2025)\u00a0 Emily Lieberg, \u201c\u0160oti politoloog kaevab arhiivih\u00e4marusest v\u00e4lja \u00fclikoolilinna ajalugu\u201d (Tartu Postimees, 27.01.2025) Julia Malitska, \u201cS\u00e5 spreds id\u00e9er och m\u00e4nniskor i Romanov-imperiets gr\u00e4nsomr\u00e5den\u201d (Perspektiv \u00d6st, S\u00f6dert\u00f6rn University, 10.02.2025) &#8230;<\/p>\n","protected":false},"author":697,"featured_media":0,"parent":0,"menu_order":0,"comment_status":"closed","ping_status":"closed","template":"","meta":{"_acf_changed":false,"inline_featured_image":false,"footnotes":""},"class_list":["post-12","page","type-page","status-publish","hentry"],"acf":[],"_links":{"self":[{"href":"https:\/\/sisu.ut.ee\/entangledborderlands\/wp-json\/wp\/v2\/pages\/12","targetHints":{"allow":["GET"]}}],"collection":[{"href":"https:\/\/sisu.ut.ee\/entangledborderlands\/wp-json\/wp\/v2\/pages"}],"about":[{"href":"https:\/\/sisu.ut.ee\/entangledborderlands\/wp-json\/wp\/v2\/types\/page"}],"author":[{"embeddable":true,"href":"https:\/\/sisu.ut.ee\/entangledborderlands\/wp-json\/wp\/v2\/users\/697"}],"replies":[{"embeddable":true,"href":"https:\/\/sisu.ut.ee\/entangledborderlands\/wp-json\/wp\/v2\/comments?post=12"}],"version-history":[{"count":11,"href":"https:\/\/sisu.ut.ee\/entangledborderlands\/wp-json\/wp\/v2\/pages\/12\/revisions"}],"predecessor-version":[{"id":193,"href":"https:\/\/sisu.ut.ee\/entangledborderlands\/wp-json\/wp\/v2\/pages\/12\/revisions\/193"}],"wp:attachment":[{"href":"https:\/\/sisu.ut.ee\/entangledborderlands\/wp-json\/wp\/v2\/media?parent=12"}],"curies":[{"name":"wp","href":"https:\/\/api.w.org\/{rel}","templated":true}]}}