{"id":22,"date":"2024-04-04T08:24:35","date_gmt":"2024-04-04T05:24:35","guid":{"rendered":"https:\/\/sisu.ut.ee\/enesejuhtimine\/harjutused\/"},"modified":"2024-04-04T08:24:42","modified_gmt":"2024-04-04T05:24:42","slug":"harjutused","status":"publish","type":"page","link":"https:\/\/sisu.ut.ee\/enesejuhtimine\/harjutused\/","title":{"rendered":"HARJUTUSED"},"content":{"rendered":"<p>\n\t<span><b>Harjutus 1<\/b><\/span>\n<\/p>\n<p>\n\t<span>Vaata l\u00e4bi video nr. 2 (\u201eAlusta p\u00f5hjusest ja sihist\u201c), mille\u00a0teises pooles tutvustatakse Dave Evansi ja Bill Burnetti raamatut \u201cDesigning Your Life\u201d.\u00a0Lae alla \u201cL\u00f5uendid\u201d men\u00fc\u00fcriba alt\u00a0t\u00e4idetav l\u00f5uend \u201cElukaare disain\u201d ning kaardista\u00a0enda j\u00e4rgmise viie aasta visioon kolmes erinevas versioonis, vastates j\u00e4rgmistele k\u00fcsimustele:<\/span>\n<\/p>\n<ul>\n<li>\n\t\t<span>Kus ma elan?<\/span>\n\t<\/li>\n<li>\n\t\t<span>Kellena ma t\u00f6\u00f6tan?<\/span>\n\t<\/li>\n<li>\n\t\t<span>Kui palju ma teenin?<\/span>\n\t<\/li>\n<li>\n\t\t<span>Kuhu ma reisida soovin?<\/span>\n\t<\/li>\n<li>\n\t\t<span>Mida ma \u00f5ppida soovin?<\/span>\n\t<\/li>\n<li>\n\t\t<span>Millega ma vabal ajal tegelen?<\/span>\n\t<\/li>\n<li>\n\t\t<span>Milline on minu perekonnaseis?<\/span>\n\t<\/li>\n<li>\n\t\t<span>Milline mu n\u00e4dalavahetus v\u00e4lja n\u00e4eb?<\/span>\n\t<\/li>\n<\/ul>\n<p>\n\tJ\u00e4gi, kus kolm erinevat versiooni kattuvad ning kus nad lahknevad.\u00a0Kas m\u00e4rkad sarnaseid m\u00e4rks\u00f5nu ja mustreid? Kas kolmest versioonist annaks kokku panna \u00fche, mida proovida?\n<\/p>\n<p>\n\t\u00a0\n<\/p>\n<p>\n\t<span><b>Harjutus 2<\/b><\/span>\n<\/p>\n<p>\n\t<span>Koosta nimekiri 25 m\u00e4rks\u00f5nast, mis sulle elus olulised on (erinevad suhted, tegevused, hobid). N\u00fc\u00fcd reasta need m\u00e4rks\u00f5nad t\u00e4htsuse j\u00e4rjekorras (1-25). Koosta uus nimekiri, kuhu lisad esimesest nimekirjast ainult viis k\u00f5ige olulisemat m\u00e4rks\u00f5na.<\/span>\n<\/p>\n<p>\n\t<span>M\u00f5tle ja arutle j\u00e4rgmiste k\u00fcsimuste \u00fcle:<\/span>\n<\/p>\n<ul>\n<li>\n\t\tMiks sa just need m\u00e4rks\u00f5nad valisid?\n\t<\/li>\n<li>\n\t\tMis on sinu elus peaaegu olulised suhted, tegevused ja hobid, mille v\u00f5iks k\u00f5rvale j\u00e4tta, et p\u00fchendada rohkem esimesele viiele m\u00e4rks\u00f5nale?\n\t<\/li>\n<li>\n\t\tMillised olulised eluvaldkonnad j\u00e4id esimese viie m\u00e4rks\u00f5na hulgast v\u00e4lja?\n\t<\/li>\n<li>\n\t\tKui soovid j\u00e4rele m\u00f5eldes midagi esimese viie m\u00e4rks\u00f5na hulka lisada, millised vahetused teeksid?\n\t<\/li>\n<\/ul>\n","protected":false},"excerpt":{"rendered":"<p>Harjutus 1 Vaata l\u00e4bi video nr. 2 (\u201eAlusta p\u00f5hjusest ja sihist\u201c), mille\u00a0teises pooles tutvustatakse Dave Evansi ja Bill Burnetti raamatut \u201cDesigning Your Life\u201d.\u00a0Lae alla \u201cL\u00f5uendid\u201d men\u00fc\u00fcriba alt\u00a0t\u00e4idetav l\u00f5uend \u201cElukaare disain\u201d ning kaardista\u00a0enda j\u00e4rgmise viie aasta visioon kolmes erinevas versioonis, vastates &#8230;<\/p>\n","protected":false},"author":281,"featured_media":0,"parent":0,"menu_order":0,"comment_status":"closed","ping_status":"closed","template":"","meta":{"_acf_changed":false,"inline_featured_image":false,"footnotes":""},"class_list":["post-22","page","type-page","status-publish","hentry"],"acf":[],"_links":{"self":[{"href":"https:\/\/sisu.ut.ee\/enesejuhtimine\/wp-json\/wp\/v2\/pages\/22","targetHints":{"allow":["GET"]}}],"collection":[{"href":"https:\/\/sisu.ut.ee\/enesejuhtimine\/wp-json\/wp\/v2\/pages"}],"about":[{"href":"https:\/\/sisu.ut.ee\/enesejuhtimine\/wp-json\/wp\/v2\/types\/page"}],"author":[{"embeddable":true,"href":"https:\/\/sisu.ut.ee\/enesejuhtimine\/wp-json\/wp\/v2\/users\/281"}],"replies":[{"embeddable":true,"href":"https:\/\/sisu.ut.ee\/enesejuhtimine\/wp-json\/wp\/v2\/comments?post=22"}],"version-history":[{"count":1,"href":"https:\/\/sisu.ut.ee\/enesejuhtimine\/wp-json\/wp\/v2\/pages\/22\/revisions"}],"predecessor-version":[{"id":64,"href":"https:\/\/sisu.ut.ee\/enesejuhtimine\/wp-json\/wp\/v2\/pages\/22\/revisions\/64"}],"wp:attachment":[{"href":"https:\/\/sisu.ut.ee\/enesejuhtimine\/wp-json\/wp\/v2\/media?parent=22"}],"curies":[{"name":"wp","href":"https:\/\/api.w.org\/{rel}","templated":true}]}}