{"id":21,"date":"2024-04-04T08:24:35","date_gmt":"2024-04-04T05:24:35","guid":{"rendered":"https:\/\/sisu.ut.ee\/enesejuhtimine\/videod\/"},"modified":"2024-04-29T15:18:03","modified_gmt":"2024-04-29T12:18:03","slug":"videod","status":"publish","type":"page","link":"https:\/\/sisu.ut.ee\/enesejuhtimine\/videod\/","title":{"rendered":"VIDEOD"},"content":{"rendered":"<p>J\u00e4rgnevalt leiate videote esitusloendi ja sissejuhatava loengu. Men\u00fc\u00fcst on v\u00f5imalik avada ka iga\u00a0teema video\u00a0eraldi.<\/p>\n\n\n\n<p class=\"ratio ratio-16x9\"><\/p><div class=\"ratio ratio-16x9 mb-3\"><div class=\"video-placeholder-wrapper video-placeholder-wrapper--16x9\">\n\t\t\t    <div class=\"video-placeholder d-flex justify-content-center align-items-center\">\n\t\t\t        <div class=\"overlay text-white p-2 w-100 text-center d-block justify-content-center align-items-center\">\n\t\t\t            <div>Kolmandate osapoolte sisu n\u00e4gemiseks palun n\u00f5ustu k\u00fcpsistega.<\/div>\n\t\t\t            <button class=\"btn btn-secondary btn-sm mt-1 consent-change\">Muuda n\u00f5usolekut<\/button>\n\t\t\t        <\/div>\n\t\t\t    <\/div>\n\t\t\t<\/div>\n<\/div>\n","protected":false},"excerpt":{"rendered":"<p>J\u00e4rgnevalt leiate videote esitusloendi ja sissejuhatava loengu. Men\u00fc\u00fcst on v\u00f5imalik avada ka iga\u00a0teema video\u00a0eraldi. Kolmandate osapoolte sisu n\u00e4gemiseks palun n\u00f5ustu k\u00fcpsistega. Muuda n\u00f5usolekut<\/p>\n","protected":false},"author":281,"featured_media":0,"parent":0,"menu_order":0,"comment_status":"closed","ping_status":"closed","template":"","meta":{"_acf_changed":false,"inline_featured_image":false,"footnotes":""},"class_list":["post-21","page","type-page","status-publish","hentry"],"acf":[],"_links":{"self":[{"href":"https:\/\/sisu.ut.ee\/enesejuhtimine\/wp-json\/wp\/v2\/pages\/21","targetHints":{"allow":["GET"]}}],"collection":[{"href":"https:\/\/sisu.ut.ee\/enesejuhtimine\/wp-json\/wp\/v2\/pages"}],"about":[{"href":"https:\/\/sisu.ut.ee\/enesejuhtimine\/wp-json\/wp\/v2\/types\/page"}],"author":[{"embeddable":true,"href":"https:\/\/sisu.ut.ee\/enesejuhtimine\/wp-json\/wp\/v2\/users\/281"}],"replies":[{"embeddable":true,"href":"https:\/\/sisu.ut.ee\/enesejuhtimine\/wp-json\/wp\/v2\/comments?post=21"}],"version-history":[{"count":5,"href":"https:\/\/sisu.ut.ee\/enesejuhtimine\/wp-json\/wp\/v2\/pages\/21\/revisions"}],"predecessor-version":[{"id":98,"href":"https:\/\/sisu.ut.ee\/enesejuhtimine\/wp-json\/wp\/v2\/pages\/21\/revisions\/98"}],"wp:attachment":[{"href":"https:\/\/sisu.ut.ee\/enesejuhtimine\/wp-json\/wp\/v2\/media?parent=21"}],"curies":[{"name":"wp","href":"https:\/\/api.w.org\/{rel}","templated":true}]}}