{"id":20,"date":"2024-04-04T08:24:35","date_gmt":"2024-04-04T05:24:35","guid":{"rendered":"https:\/\/sisu.ut.ee\/enesejuhtimine\/avaleht\/"},"modified":"2025-09-16T09:35:37","modified_gmt":"2025-09-16T06:35:37","slug":"avaleht","status":"publish","type":"page","link":"https:\/\/sisu.ut.ee\/enesejuhtimine\/","title":{"rendered":"Enesejuhtimise kursus"},"content":{"rendered":"<p><span style=\"font-size: 18px;\"><strong>Tere tulemast enesejuhtimise kursusele!<\/strong><\/span><\/p>\n<p>Enesejuhtimine on katustermin mitmetele allteemadele nagu n\u00e4iteks produktiivne aja- ja energiajuhtimine, eesm\u00e4rkide p\u00fcstitamine,\u00a0motivatsiooni s\u00e4ilitamine, mustrite m\u00e4rkamine, harjumuste kujundamine v\u00f5i tervislike eluviiside harrastamine.<\/p>\n<p>T\u00f5hus enesejuhtimine aitab meil elus teadlikumaid valikuid teha, meie jaoks olulisi eesm\u00e4rke p\u00fcstitada, mis on piisavalt ambitsioonikaid ja samas realistlikud, ning nende poole liikudes erinevaid takistusi \u00fcletada.<\/p>\n<p>K\u00e4esolev \u00f5piobjekt on sissejuhatus enesejuhtimise teemasse, tutvustades erinevate autorite teoreetilisi k\u00e4sitlusi, j\u00f5udes\u00a0praktiliste harjutuste ja t\u00f6\u00f6riistadeni, mille abil enda elu t\u00f5husamalt ja teadlikumalt juhtida.<\/p>\n<p style=\"text-align: justify;\"><span style=\"font-size: 18px;\"><strong>Autorist l\u00e4hemalt<\/strong><\/span><\/p>\n<p>Juko-Mart K\u00f5lar on Tartu \u00dclikooli Viljandi kultuuriakadeemia direktor, ettev\u00f5tluse ja juhtimise lektor ning loovettev\u00f5tluse eestvedaja. Ta annab erinevates \u00fclikoolides ja ettev\u00f5tlusprogrammides loenguid ja praktilisi t\u00f6\u00f6tubasid \u00e4riideede mudeldamise, arendamise ja innovatsiooni ning meeskondade juhtimise teemadel. Juko-Mart K\u00f5lari doktorit\u00f6\u00f6 k\u00e4sitles digitaliseerimise m\u00f5ju muusikat\u00f6\u00f6stusele ning ta on \u00fchtlasi kahe muusikavaldkonna iduettev\u00f5tte kaasasutaja.<\/p>\n","protected":false},"excerpt":{"rendered":"<p>Tere tulemast enesejuhtimise kursusele! Enesejuhtimine on katustermin mitmetele allteemadele nagu n\u00e4iteks produktiivne aja- ja energiajuhtimine, eesm\u00e4rkide p\u00fcstitamine,\u00a0motivatsiooni s\u00e4ilitamine, mustrite m\u00e4rkamine, harjumuste kujundamine v\u00f5i tervislike eluviiside harrastamine. T\u00f5hus enesejuhtimine aitab meil elus teadlikumaid valikuid teha, meie jaoks olulisi eesm\u00e4rke p\u00fcstitada, mis &#8230;<\/p>\n","protected":false},"author":281,"featured_media":0,"parent":0,"menu_order":0,"comment_status":"closed","ping_status":"closed","template":"","meta":{"_acf_changed":false,"inline_featured_image":false,"footnotes":""},"class_list":["post-20","page","type-page","status-publish","hentry"],"acf":[],"_links":{"self":[{"href":"https:\/\/sisu.ut.ee\/enesejuhtimine\/wp-json\/wp\/v2\/pages\/20","targetHints":{"allow":["GET"]}}],"collection":[{"href":"https:\/\/sisu.ut.ee\/enesejuhtimine\/wp-json\/wp\/v2\/pages"}],"about":[{"href":"https:\/\/sisu.ut.ee\/enesejuhtimine\/wp-json\/wp\/v2\/types\/page"}],"author":[{"embeddable":true,"href":"https:\/\/sisu.ut.ee\/enesejuhtimine\/wp-json\/wp\/v2\/users\/281"}],"replies":[{"embeddable":true,"href":"https:\/\/sisu.ut.ee\/enesejuhtimine\/wp-json\/wp\/v2\/comments?post=20"}],"version-history":[{"count":2,"href":"https:\/\/sisu.ut.ee\/enesejuhtimine\/wp-json\/wp\/v2\/pages\/20\/revisions"}],"predecessor-version":[{"id":128,"href":"https:\/\/sisu.ut.ee\/enesejuhtimine\/wp-json\/wp\/v2\/pages\/20\/revisions\/128"}],"wp:attachment":[{"href":"https:\/\/sisu.ut.ee\/enesejuhtimine\/wp-json\/wp\/v2\/media?parent=20"}],"curies":[{"name":"wp","href":"https:\/\/api.w.org\/{rel}","templated":true}]}}