{"id":7,"date":"2024-04-04T03:43:07","date_gmt":"2024-04-04T00:43:07","guid":{"rendered":"https:\/\/sisu.ut.ee\/endothelialcentre\/dissertations\/"},"modified":"2024-04-22T14:36:16","modified_gmt":"2024-04-22T11:36:16","slug":"dissertations","status":"publish","type":"page","link":"https:\/\/sisu.ut.ee\/endothelialcentre\/dissertations\/","title":{"rendered":"DISSERTATIONS &amp; THESES"},"content":{"rendered":"<p><span style=\"color: #ffffff;\">.<\/span><span style=\"color: #000000;\"><span style=\"font-family: Arial,Helvetica,sans-serif;\"><span style=\"font-size: 16px;\"><strong>Dissertations<\/strong><\/span><\/span><\/span><\/p>\n<ul>\n<li><span style=\"color: #000000;\"><span style=\"font-family: Arial,Helvetica,sans-serif;\"><span style=\"font-size: 16px;\">Priit Pauklin, Doctor\u2019s Degree, 2023, (sup) Priit Kampus; Jaan Eha.\u00a0Hemodynamic and biochemical characteristics of patients with atrial fibrillation and anticoagulation of &gt;65-year-old patients with atrial fibrillation in Estonia, University of Tartu, Faculty of Medicine<\/span><\/span><\/span><\/li>\n<li><span style=\"color: #000000;\"><span style=\"font-family: Arial,Helvetica,sans-serif;\"><span style=\"font-size: 16px;\">Teele Kasepalu, Doctor\u2019s Degree, 2020, (sup) Jaak Kals; Joel Starkopf; Mihkel Zilmer; Urmas Lepner. Effects of remote ischaemic preconditioning on organ damage and acylcarnitines\u2019 metabolism in vascular surgery. University of Tartu, Faculty of Medicine.<\/span><\/span><\/span><\/li>\n<\/ul>\n<div class=\"control-group\">\n<div class=\"large\" style=\"text-align: justify;\">\n<ul>\n<li><span style=\"color: #000000;\"><span style=\"font-family: Arial,Helvetica,sans-serif;\"><span style=\"font-size: 16px;\">Kaspar Tootsi, Doctor\u2019s Degree, 2017, (sup) Aare M\u00e4rtson; Jaak Kals; Mihkel Zilmer. Cardiovascular and Metabolomic Profiling of Osteoarthritis. University of Tartu, Faculty of Medicine.<\/span><\/span><\/span><\/li>\n<li><span style=\"color: #000000;\"><span style=\"font-family: Arial,Helvetica,sans-serif;\"><span style=\"font-size: 16px;\">Kaido Paapstel, Doctor\u2019s Degree, 2016, (sup) Jaak Kals; Mihkel Zilmer; Jaan Eha, Metabolomic Profile of Arterial Stiffness and Early Biomarkers of Renal Damage in Atherosclerosis.\u00a0University of Tartu, Faculty of Medicine.<\/span><\/span><\/span><\/li>\n<li><span style=\"color: #000000;\"><span style=\"font-family: Arial,Helvetica,sans-serif;\"><span style=\"font-size: 16px;\">Erik Salum, Doctor\u2019s Degree, 2013, (sup) Mihkel Zilmer; Priit Kampus; Jaak Kals; Jaan Eha, Beneficial Effects of Vitamin D and Angiotensin II Receptor Blocker on Arterial Damage. University of Tartu, Faculty of Medicine.<\/span><\/span><\/span><\/li>\n<li><span style=\"color: #000000;\"><span style=\"font-family: Arial,Helvetica,sans-serif;\"><span style=\"font-size: 16px;\">Martin Serg, Doctor\u2019s Degree, 2012, (sup) Jaan Eha; Mihkel Zilmer; Priit Kampus. Therapeutic Aspects of Central Haemodynamics, Arterial Stiffness and Oxidative Stress in Hypertension. University of Tartu, Faculty of Medicine.<\/span><\/span><\/span><\/li>\n<li><span style=\"color: #000000;\"><span style=\"font-family: Arial,Helvetica,sans-serif;\"><span style=\"font-size: 16px;\">Maksim Zagura, Doctor\u2019s Degree, 2012, (sup) Mihkel Zilmer; Jaan Eha; Jaak Kals. Biochemical, Functional and Structural Profiling of Arterial Damage in Atherosclerosis. University of Tartu, Faculty of Medicine.<\/span><\/span><\/span><\/li>\n<li><span style=\"color: #000000;\"><span style=\"font-family: Arial,Helvetica,sans-serif;\"><span style=\"font-size: 16px;\">Kaire Heilman, Doctor\u2019s Degree, 2009, (sup) Mihkel Zilmer; Vallo Tillmann. Risk Markers for Cardiovascular Diseases and Low Bone Mineral Density in Children with Type 1 Diabetes, University of Tartu, Faculty of Medicine.<\/span><\/span><\/span><\/li>\n<li><span style=\"color: #000000;\"><span style=\"font-family: Arial,Helvetica,sans-serif;\"><span style=\"font-size: 16px;\">Priit Kampus, Doctor\u2019s Degree, 2007, (sup) Rein Teesalu; Mihkel Zilmer. Impact of Inflammation, Oxidative Stress and Age on Arterial Stiffness and Carotid Artery Intima-Media Thickness. University of Tartu, Faculty of Medicine.<\/span><\/span><\/span><\/li>\n<li><span style=\"color: #000000;\"><span style=\"font-family: Arial,Helvetica,sans-serif;\"><span style=\"font-size: 16px;\">Jaak Kals, Doctor\u2019s Degree, 2007, (sup) Mihkel Zilmer; Andres Pulges. Endothelial Function and Arterial Stiffness in Patients with Atherosclerosis and in Healthy Subjects. University of Tartu, Faculty of Medicine.<\/span><\/span><\/span><\/li>\n<li><span style=\"color: #000000;\"><span style=\"font-family: Arial,Helvetica,sans-serif;\"><span style=\"font-size: 16px;\">Inga Soveri, Doctor\u2019s Degree, 2006, (sup) Mihkel Zilmer. Renal dysfunction and cardiovascular diseases. Uppsala University.<\/span><\/span><\/span><\/li>\n<li><span style=\"color: #000000;\"><span style=\"font-family: Arial,Helvetica,sans-serif;\"><span style=\"font-size: 16px;\">Piibe Muda, Doctor\u2019s Degree, 2005, (sup) Rein Teesalu; Mihkel Zilmer. Homocysteine and Hypertension: Associations Between Homocysteine and Essential Hypertension in Treated and Untreated Hypertensive Patients with and without Coronary Artery Disease), University of Tartu, Faculty of Medicine.<\/span><\/span><\/span><\/li>\n<\/ul>\n<p><span style=\"color: #000000;\"><span style=\"font-family: Arial,Helvetica,sans-serif;\"><span style=\"font-size: 16px;\"><strong style=\"color: #000000;\">Dissertations Under Supervision<\/strong><\/span><\/span><\/span><\/p>\n<ul>\n<li><span style=\"color: #000000;\"><span style=\"font-family: Arial,Helvetica,sans-serif;\"><span style=\"font-size: 16px;\">Triin Kaldur, PhD student, (sup) Eve Unt; Jaak Kals. Effect of Heat Stress to Arterial Stiffness and Work Capacity. University of Tartu,\u00a0Faculty of Exercise and Sport Sciences.<\/span><\/span><\/span><\/li>\n<li><span style=\"color: #000000;\"><span style=\"font-family: Arial,Helvetica,sans-serif;\"><span style=\"font-size: 16px;\">Karl Kuusik, PhD student, (sup) Jaan Eha; Jaak Kals; Mihkel Zilmer. Study of Remote Ischemic Preconditioning as a Preventative Method Against Subclinical Renal Injury and Contrast-Induced Nephropathy. University of Tartu, Faculty of Medicine.<\/span><\/span><\/span><\/li>\n<li><span style=\"color: #000000;\"><span style=\"font-family: Arial,Helvetica,sans-serif;\"><span style=\"font-size: 16px;\">Tuuli Tee\u00e4\u00e4r, PhD student, (sup) Priit Kampus; Mihkel Zilmer; Jaan Eha. The Impact of Heart Rate on Central Hemodynamics of Antihypertensive Therapy. University of Tartu, Faculty of Medicine.<\/span><\/span><\/span><\/li>\n<li><span style=\"color: #000000;\"><span style=\"font-family: Arial,Helvetica,sans-serif;\"><span style=\"font-size: 16px;\">Tuljo \u00d6\u00f6bik, PhD student, (sup) Jaak Kals; Jaan Eha; Kaido Paapstel; Mihkel Zilmer. Local Endothelial Function, Oxidative Stress and Metabolomics in Chronically Ischemic Lower Limb.\u00a0University of Tartu, Faculty of Medicine.<\/span><\/span><\/span><\/li>\n<li><span style=\"color: #000000;\"><span style=\"font-family: Arial,Helvetica,sans-serif;\"><span style=\"font-size: 16px;\">Holger Post, PhD student, (sup) Jaak Kals; Kaido Paapstel; Kalle Kilk, Acute Local Metabolomic Alterations of Blood and Muscle Tissue in Intermittent Claudication, University of Tartu, Faculty of Medicine.<\/span><\/span><\/span><\/li>\n<\/ul>\n<p><span style=\"color: #000000;\"><span style=\"font-family: Arial,Helvetica,sans-serif;\"><span style=\"font-size: 16px;\"><strong>Theses<\/strong><\/span><\/span><\/span><\/p>\n<\/div>\n<div class=\"large\" style=\"text-align: justify;\">\n<ul>\n<li><span style=\"color: #000000;\"><span style=\"font-family: Arial,Helvetica,sans-serif;\"><span style=\"font-size: 16px;\">Triin Kaldur, Master\u2019s Degree, 2009, (sup) Eve Unt; Jaak Kals, Verer\u00f5hu, kehalise aktiivsuse ja maksimaalse hapnikutarbimise v\u00f5ime seosed arterite j\u00e4ikusega ning erinevate s\u00fcdametervist m\u00f5jutavate teguritega keskealistel meestel. University of Tartu, Faculty of Exercise and Sport Sciences.<\/span><\/span><\/span><\/li>\n<li><span style=\"color: #000000;\"><span style=\"font-family: Arial,Helvetica,sans-serif;\"><span style=\"font-size: 16px;\">Priit Kampus, Master\u2019s Degree, 2005, (sup) Mihkel Zilmer; Rein Teesalu, Subkliinilise p\u00f5letiku seos arteriaalse s\u00fcsteemi j\u00e4ikusega as\u00fcmptomaatilistel meestel ja naistel (Association of subclinical inflammation and arterial stiffness in asymptomatic men and women). University of Tartu, Faculty of Medicine.<\/span><\/span><\/span><\/li>\n<li><span style=\"color: #000000;\"><span style=\"font-family: Arial,Helvetica,sans-serif;\"><span style=\"font-size: 16px;\">Jaak Kals, Master\u2019s Degree, 2005, (sup) Andres Pulges; Mihkel Zilmer, Endoteeli poolt vahendatud muutuste hindamine veresoonkonnas pulsilaine anal\u00fc\u00fcsiga ateroskleroosiga patsientide (Assessment of endothelium-mediated alterations with pulse wave analysis in atherosclerosis patients). University of Tartu, Faculty of Medicine.<\/span><\/span><\/span><\/li>\n<\/ul>\n<\/div>\n<\/div>\n","protected":false},"excerpt":{"rendered":"<p>.Dissertations Priit Pauklin, Doctor\u2019s Degree, 2023, (sup) Priit Kampus; Jaan Eha.\u00a0Hemodynamic and biochemical characteristics of patients with atrial fibrillation and anticoagulation of &gt;65-year-old patients with atrial fibrillation in Estonia, University of Tartu, Faculty of Medicine Teele Kasepalu, Doctor\u2019s Degree, 2020, &#8230;<\/p>\n","protected":false},"author":127,"featured_media":0,"parent":0,"menu_order":0,"comment_status":"closed","ping_status":"closed","template":"","meta":{"_acf_changed":false,"inline_featured_image":false,"footnotes":""},"class_list":["post-7","page","type-page","status-publish","hentry"],"acf":[],"_links":{"self":[{"href":"https:\/\/sisu.ut.ee\/endothelialcentre\/wp-json\/wp\/v2\/pages\/7","targetHints":{"allow":["GET"]}}],"collection":[{"href":"https:\/\/sisu.ut.ee\/endothelialcentre\/wp-json\/wp\/v2\/pages"}],"about":[{"href":"https:\/\/sisu.ut.ee\/endothelialcentre\/wp-json\/wp\/v2\/types\/page"}],"author":[{"embeddable":true,"href":"https:\/\/sisu.ut.ee\/endothelialcentre\/wp-json\/wp\/v2\/users\/127"}],"replies":[{"embeddable":true,"href":"https:\/\/sisu.ut.ee\/endothelialcentre\/wp-json\/wp\/v2\/comments?post=7"}],"version-history":[{"count":2,"href":"https:\/\/sisu.ut.ee\/endothelialcentre\/wp-json\/wp\/v2\/pages\/7\/revisions"}],"predecessor-version":[{"id":115,"href":"https:\/\/sisu.ut.ee\/endothelialcentre\/wp-json\/wp\/v2\/pages\/7\/revisions\/115"}],"wp:attachment":[{"href":"https:\/\/sisu.ut.ee\/endothelialcentre\/wp-json\/wp\/v2\/media?parent=7"}],"curies":[{"name":"wp","href":"https:\/\/api.w.org\/{rel}","templated":true}]}}