{"id":3,"date":"2024-04-04T03:43:07","date_gmt":"2024-04-04T00:43:07","guid":{"rendered":"https:\/\/sisu.ut.ee\/endothelialcentre\/about-centre\/"},"modified":"2024-04-22T14:31:25","modified_gmt":"2024-04-22T11:31:25","slug":"about-centre","status":"publish","type":"page","link":"https:\/\/sisu.ut.ee\/endothelialcentre\/","title":{"rendered":"ABOUT THE CENTRE"},"content":{"rendered":"<p><img loading=\"lazy\" decoding=\"async\" class=\"alignnone size-full wp-image-20\" src=\"https:\/\/sisu.ut.ee\/wp-content\/uploads\/sites\/250\/pilt.jpg\" alt=\"\" width=\"1024\" height=\"683\" srcset=\"https:\/\/sisu.ut.ee\/wp-content\/uploads\/sites\/250\/pilt.jpg 1024w, https:\/\/sisu.ut.ee\/wp-content\/uploads\/sites\/250\/pilt-300x200.jpg 300w, https:\/\/sisu.ut.ee\/wp-content\/uploads\/sites\/250\/pilt-768x512.jpg 768w\" sizes=\"auto, (max-width: 1024px) 100vw, 1024px\"><\/p>\n<p style=\"text-align: justify;\"><span style=\"color: #000000; font-family: helvetica;\">Since its foundation within the University of Tartu in 2004, the Endothelial Research Centre has aimed to deliver relevant clinical and translational research in the fields of <em>atherosclerosis,\u00a0<\/em><em>arterial stiffness and hemodynamics<\/em>. The Centre is located at Tartu University Hospital and coordinates vascular research in the University as well as in different hospitals in Estonia. In recent years, we have also evolved our expertise in <em>metabolomics<\/em> to identify novel cardiovascular biomarkers and to study the complex role of metabolic pathways in the pathogenesis of cardiovascular diseases.<\/span><\/p>\n<hr>\n<p style=\"text-align: justify;\"><span style=\"color: #000000; font-family: helvetica;\"><span style=\"color: #000000; font-family: helvetica;\">We are committed t<\/span><span style=\"color: #000000; font-family: helvetica;\"><span style=\"color: #000000; font-family: helvetica;\">o <\/span><span style=\"color: #000000; font-family: helvetica;\"><em>supporting graduate student success<\/em><\/span> <span style=\"color: #000000; font-family: helvetica;\">during their time at our Centre. A growing number of PhD theses based on original research conducted here have been defended at the University of Tartu in a timely manner.<\/span><\/span><\/span><\/p>\n<hr>\n<p style=\"text-align: justify;\"><span style=\"color: #000000; font-family: helvetica;\"><span style=\"color: #000000; font-family: helvetica;\">Over the years, <\/span><span style=\"color: #000000; font-family: helvetica;\"><span style=\"color: #000000; font-family: helvetica;\"><em>international scientific partnerships and collaborations<\/em><\/span> <span style=\"color: #000000; font-family: helvetica;\">with several leading universities in the field of vascular research have been developed: Cardiff University (prof. J Cockcroft), University of Cambridge (prof. IB Wilkinson), Uppsala University (prof. B Fellstr\u00f6m, prof. L. Lind, prof. M Bj\u00f6rck), Link\u00f6ping University (prof. T. L\u00e4nne) and Macquarie University (prof. A Avolio, dr. M Butlin).\u00a0<\/span><\/span><\/span><\/p>\n<hr>\n<p style=\"text-align: right;\"><span style=\"color: #000000; font-family: helvetica;\"><strong>For any inquiries, please<\/strong> <strong>contact us<\/strong>:<\/span><\/p>\n<p style=\"text-align: right;\"><span style=\"color: #000000; font-family: helvetica;\"><span style=\"color: #000000; font-family: helvetica;\">Endothelial Research Centre<\/span><br>\n<span style=\"color: #000000; font-family: helvetica;\">University of Tartu<\/span><br>\n<span style=\"color: #000000; font-family: helvetica;\">8 Puusepa Street, Tartu 51014, Estonia<\/span><br>\n<span style=\"color: #000000; font-family: helvetica;\">Phone: +372 731 8457<\/span><br>\n<span style=\"color: #000000; font-family: helvetica;\"><span style=\"color: #000000; font-family: helvetica;\">E-mail:\u00a0<a href=\"mailto:endothelialcentre@gmail.com\" target=\"_blank\" rel=\"noopener\">endothelialcentre@gmail.com<\/a><\/span><\/span><\/span><\/p>\n","protected":false},"excerpt":{"rendered":"<p>Since its foundation within the University of Tartu in 2004, the Endothelial Research Centre has aimed to deliver relevant clinical and translational research in the fields of atherosclerosis,\u00a0arterial stiffness and hemodynamics. The Centre is located at Tartu University Hospital and &#8230;<\/p>\n","protected":false},"author":127,"featured_media":0,"parent":0,"menu_order":0,"comment_status":"closed","ping_status":"closed","template":"","meta":{"_acf_changed":false,"inline_featured_image":false,"footnotes":""},"class_list":["post-3","page","type-page","status-publish","hentry"],"acf":[],"_links":{"self":[{"href":"https:\/\/sisu.ut.ee\/endothelialcentre\/wp-json\/wp\/v2\/pages\/3","targetHints":{"allow":["GET"]}}],"collection":[{"href":"https:\/\/sisu.ut.ee\/endothelialcentre\/wp-json\/wp\/v2\/pages"}],"about":[{"href":"https:\/\/sisu.ut.ee\/endothelialcentre\/wp-json\/wp\/v2\/types\/page"}],"author":[{"embeddable":true,"href":"https:\/\/sisu.ut.ee\/endothelialcentre\/wp-json\/wp\/v2\/users\/127"}],"replies":[{"embeddable":true,"href":"https:\/\/sisu.ut.ee\/endothelialcentre\/wp-json\/wp\/v2\/comments?post=3"}],"version-history":[{"count":2,"href":"https:\/\/sisu.ut.ee\/endothelialcentre\/wp-json\/wp\/v2\/pages\/3\/revisions"}],"predecessor-version":[{"id":110,"href":"https:\/\/sisu.ut.ee\/endothelialcentre\/wp-json\/wp\/v2\/pages\/3\/revisions\/110"}],"wp:attachment":[{"href":"https:\/\/sisu.ut.ee\/endothelialcentre\/wp-json\/wp\/v2\/media?parent=3"}],"curies":[{"name":"wp","href":"https:\/\/api.w.org\/{rel}","templated":true}]}}