{"id":75,"date":"2025-01-03T12:15:46","date_gmt":"2025-01-03T10:15:46","guid":{"rendered":"https:\/\/sisu.ut.ee\/empsolid\/?page_id=75"},"modified":"2025-06-19T19:25:42","modified_gmt":"2025-06-19T16:25:42","slug":"media-and-public-engagement","status":"publish","type":"page","link":"https:\/\/sisu.ut.ee\/empsolid\/media-and-public-engagement\/","title":{"rendered":"Media and Public Engagement"},"content":{"rendered":"<p>UT Press release, \u201c<a href=\"https:\/\/skytte.ut.ee\/et\/sisu\/tartu-ulikooli-poliitikateadlane-uurib-euroopa-tippgrandi-toel-romanovite-impeeriumi\" target=\"_blank\" rel=\"noreferrer noopener\">Tartu \u00dclikooli poliitikateadlane uurib Euroopa tippgrandi toel Romanovite impeeriumi solidaarsuse ajalugu<\/a>\u201d (06.09.2024)\u00a0<span style=\"font-family: georgia, palatino, serif;\"><\/span><\/p>\n\n\n\n<p>UT Press release, \u201c<a href=\"https:\/\/skytte.ut.ee\/en\/content\/university-tartu-scholar-received-erc-grant-study-history-solidarities-across-romanov\" target=\"_blank\" rel=\"noreferrer noopener\">University of Tartu scholar received an ERC grant to study the history of solidarities across the Romanov Empire<\/a>\u201d (06.09.2024)\u00a0<span style=\"font-family: georgia, palatino, serif;\"><\/span><\/p>\n\n\n\n<p>Airika Harrik, \u201c<a href=\"https:\/\/novaator.err.ee\/1609450637\/romanovite-impeeriumi-rahvaid-uhendas-vastastikune-abi-rohujuuretasandil\" target=\"_blank\" rel=\"noreferrer noopener\">Romanovite impeeriumi rahvaid \u00fchendas vastastikune abi rohujuuretasandil<\/a>\u201d (Novaator,\u00a012.09.2024)\u00a0\u00a0<span style=\"font-family: georgia, palatino, serif;\"><\/span><\/p>\n\n\n\n<p>Silvia Luik, \u201c<a href=\"https:\/\/novaator.err.ee\/1609581169\/ajaloolane-tartu-parmivabriku-juht-laks-dorpati-nime-parast-kohtusse\" target=\"_blank\" rel=\"noreferrer noopener\">Ajaloolane: Tartu p\u00e4rmivabriku juht l\u00e4ks Dorpati nime p\u00e4rast kohtusse<\/a>\u201d (Novaator, 20.01.2025)\u00a0<span style=\"font-family: georgia, palatino, serif;\"><\/span><\/p>\n\n\n\n<p>Emily Lieberg, \u201c<a href=\"https:\/\/tartu.postimees.ee\/8178782\/intervjuu-soti-politoloog-kaevab-arhiivihamarusest-valja-ulikoolilinna-ajalugu\">\u0160oti politoloog kaevab arhiivih\u00e4marusest v\u00e4lja \u00fclikoolilinna ajalugu<\/a>\u201d (Tartu Postimees, 27.01.2025)<\/p>\n\n\n\n<p>Estonian Research Council, \u201c<a href=\"https:\/\/etag.ee\/en\/the-exhibition-estonian-research-excellence-showcase-erc-grants-across-the-years-is-now-also-open-for-virtual-viewing\/\" target=\"_blank\" rel=\"noreferrer noopener\">The exhibition \u201cEstonian Research Excellence Showcase: ERC Grants Across the Years\u201d is now also open for virtual viewing!<\/a>\u201d (15.04.2025)<\/p>\n\n\n\n<p>Catherine Gibson was invited to present at the roundtable \u201cIntroduction to ERC Funding Opportunities\u201d at the <a href=\"https:\/\/aabs-balticstudies.org\/cbse-2025-at-cambridge\/\" data-type=\"link\" data-id=\"https:\/\/aabs-balticstudies.org\/cbse-2025-at-cambridge\/\">Conference on Baltic Studies in Europe<\/a>, University of Cambridge (24.04.2025)<\/p>\n\n\n\n<p>EMPSOLID is featured in a new\u00a0<a href=\"https:\/\/utlib.ut.ee\/en\/news\/new-exhibition-introduces-researchers-receiving-european-research-council-grants\">exhibition at the University of Tartu Library<\/a>\u00a0devoted to researchers of Estonian origin or those working in Estonia who have received European Research Council grants (10.06.2025\u201319.08.2025)<\/p>\n\n\n\n<p>Catherine Gibson participated in the roundtable \u201cEuropean Research Council funding grants: mission (im)possible for scholars in the \u201cnew\u201d member states?\u201d at the\u00a0<a href=\"https:\/\/sisu.ut.ee\/tartuconference\/programme\/\">Ninth Annual Tartu Conference on East European and Eurasian Studies<\/a>, University of Tartu (13.06.2025)<\/p>\n","protected":false},"excerpt":{"rendered":"<p>UT Press release, \u201cTartu \u00dclikooli poliitikateadlane uurib Euroopa tippgrandi toel Romanovite impeeriumi solidaarsuse ajalugu\u201d (06.09.2024)\u00a0 UT Press release, \u201cUniversity of Tartu scholar received an ERC grant to study the history of solidarities across the Romanov Empire\u201d (06.09.2024)\u00a0 Airika Harrik, \u201cRomanovite &#8230;<\/p>\n","protected":false},"author":697,"featured_media":0,"parent":0,"menu_order":0,"comment_status":"closed","ping_status":"closed","template":"","meta":{"_acf_changed":false,"inline_featured_image":false,"footnotes":""},"class_list":["post-75","page","type-page","status-publish","hentry"],"acf":[],"_links":{"self":[{"href":"https:\/\/sisu.ut.ee\/empsolid\/wp-json\/wp\/v2\/pages\/75","targetHints":{"allow":["GET"]}}],"collection":[{"href":"https:\/\/sisu.ut.ee\/empsolid\/wp-json\/wp\/v2\/pages"}],"about":[{"href":"https:\/\/sisu.ut.ee\/empsolid\/wp-json\/wp\/v2\/types\/page"}],"author":[{"embeddable":true,"href":"https:\/\/sisu.ut.ee\/empsolid\/wp-json\/wp\/v2\/users\/697"}],"replies":[{"embeddable":true,"href":"https:\/\/sisu.ut.ee\/empsolid\/wp-json\/wp\/v2\/comments?post=75"}],"version-history":[{"count":13,"href":"https:\/\/sisu.ut.ee\/empsolid\/wp-json\/wp\/v2\/pages\/75\/revisions"}],"predecessor-version":[{"id":486,"href":"https:\/\/sisu.ut.ee\/empsolid\/wp-json\/wp\/v2\/pages\/75\/revisions\/486"}],"wp:attachment":[{"href":"https:\/\/sisu.ut.ee\/empsolid\/wp-json\/wp\/v2\/media?parent=75"}],"curies":[{"name":"wp","href":"https:\/\/api.w.org\/{rel}","templated":true}]}}