{"id":169,"date":"2025-03-27T11:10:08","date_gmt":"2025-03-27T09:10:08","guid":{"rendered":"https:\/\/sisu.ut.ee\/empowerai\/?page_id=169"},"modified":"2025-08-14T14:46:11","modified_gmt":"2025-08-14T11:46:11","slug":"guide","status":"publish","type":"page","link":"https:\/\/sisu.ut.ee\/empowerai\/guide\/","title":{"rendered":"Guide: Practical Case Studies"},"content":{"rendered":"<figure class=\"wp-block-image size-full is-resized\"><img loading=\"lazy\" decoding=\"async\" width=\"752\" height=\"876\" src=\"https:\/\/sisu.ut.ee\/wp-content\/uploads\/sites\/716\/Screenshot-2025-03-27-at-12.55.04-3.png\" alt=\"\" class=\"wp-image-273\" style=\"width:397px;height:auto\" srcset=\"https:\/\/sisu.ut.ee\/wp-content\/uploads\/sites\/716\/Screenshot-2025-03-27-at-12.55.04-3.png 752w, https:\/\/sisu.ut.ee\/wp-content\/uploads\/sites\/716\/Screenshot-2025-03-27-at-12.55.04-3-258x300.png 258w\" sizes=\"auto, (max-width: 752px) 100vw, 752px\"><\/figure>\n\n\n\n<h2 class=\"wp-block-heading\"><strong><mark style=\"background-color:rgba(0, 0, 0, 0)\" class=\"has-inline-color has-primary-color\">Introduction<\/mark><\/strong><\/h2>\n\n\n\n<p>On this page, you will find an overview of activities related to the implementation of artificial intelligence (AI) in teaching and learning activities by the partners of EmpowerAI consortium.\u00a0<\/p>\n\n\n\n<p>The following guide is aimed at the academic staff members in the field of social science and humanities, who are interested in using and integrating AI tools in their teaching practices.<\/p>\n\n\n\n<p>The following guide brings together practical case studies, recommendations and tips of how AI could be integrated in a purposeful, ethical, transparent, and critical way to enhance teaching and learning activities.\u00a0<\/p>\n\n\n\n<p>The guide consists of:<\/p>\n\n\n\n<ul class=\"wp-block-list\">\n<li>Introduction <\/li>\n\n\n\n<li>Definition of AI<\/li>\n\n\n\n<li>Glossary<\/li>\n\n\n\n<li>Ethical considerations<\/li>\n\n\n\n<li>Tips for prompt writing<\/li>\n\n\n\n<li>Practical case studies from EmpowerAI consortium:\n<ul class=\"wp-block-list\">\n<li>AI &amp; critical thinking: (University of Turku) Promoting critical thinking with AI-based tools\u00a0<\/li>\n\n\n\n<li>AI &amp; research methods: (University of Tampere) \u201cHive-minding\u201d AI in Higher Education<\/li>\n\n\n\n<li>AI &amp; thesis writing: (University of Tampere) Insights from Workshop \u201cAI in Bachelor Thesis Writing\u201d<\/li>\n\n\n\n<li>AI &amp; classroom activities: (University of Tartu) Integration of AI into classroom activities<\/li>\n\n\n\n<li>AI &amp; simulations: (University of Tartu) How to enhance IR simulations with an AI tool?<\/li>\n\n\n\n<li>AI &amp; exam prep: Kaunas University of Technology) How AI Summaries Help Students Prepare for Exams<\/li>\n\n\n\n<li>AI &amp; feedback writing: (University of Tartu) AI as grading assistant (writing assistance)<\/li>\n\n\n\n<li>AI &amp; grading: (University of Tartu) AI as grading assistant (automated)\u00a0<\/li>\n<\/ul>\n<\/li>\n\n\n\n<li>Useful material for piloting<\/li>\n<\/ul>\n\n\n\n<p>Each case study includes a) general description of the context when AI was used in study process; b) implementation stages; c) advantages for learners and teaching staff and d) key take-away and recommendation. To read more about each case study, navigate to the left side of the webpage and click on the corresponding drop-down section. <\/p>\n\n\n\n<p>The webpage is managed by the coordinator of EmpowerAI consortium \u2013 University of Tartu, which will update the page for the duration of the project. If you have any feedback or suggestions, concerning the page \u2013 please contact Anna Beitane (Head of Digital Education Projects), <a href=\"mailto:anna.beitane@ut.ee\">anna.beitane@ut.ee<\/a>\u00a0<\/p>\n\n\n\n<p><strong><mark style=\"background-color:rgba(0, 0, 0, 0)\" class=\"has-inline-color has-primary-color\">Disclaimer<\/mark><\/strong><\/p>\n\n\n\n<p>The authors of this guide have used various AI tools, such as ChatGPT, Co-pilot, NotebookLM, and others, as examples. The mention of these tools is solely for illustrative purposes and does not constitute promotion or endorsement. When selecting any AI tool, please ensure it complies with your university\u2019s privacy and security policies, and verify its compatibility with institutional requirements before use.<\/p>\n\n\n\n<p><strong><mark style=\"background-color:rgba(0, 0, 0, 0)\" class=\"has-inline-color has-primary-color\">How to reference the guide\u00a0<\/mark><\/strong><\/p>\n\n\n\n<p>Beitane, A. Danilavi\u010dien\u0117, G. Kasper\u0117, R. Kondratyk, Y. Motiej\u016bnien\u0117, J. Peltonen, H. P\u00e4\u00e4bo, H. Riekkinen, J. Salmi, L. Sipinen, J. Veivo, O. (2025). <em>Practical examples on the use of AI in teaching and learning activities.<\/em> Guide developed as part of Nordplus project \u201cEmpowering Social Sciences Educators on the Use of Artificial Intelligence in the Classroom\u201d.\u00a0<\/p>\n\n\n\n<p><\/p>\n","protected":false},"excerpt":{"rendered":"<p>Introduction On this page, you will find an overview of activities related to the implementation of artificial intelligence (AI) in teaching and learning activities by the partners of EmpowerAI consortium.\u00a0 The following guide is aimed at the academic staff members &#8230;<\/p>\n","protected":false},"author":188,"featured_media":0,"parent":0,"menu_order":0,"comment_status":"closed","ping_status":"closed","template":"","meta":{"_acf_changed":false,"inline_featured_image":false,"footnotes":""},"class_list":["post-169","page","type-page","status-publish","hentry"],"acf":[],"_links":{"self":[{"href":"https:\/\/sisu.ut.ee\/empowerai\/wp-json\/wp\/v2\/pages\/169","targetHints":{"allow":["GET"]}}],"collection":[{"href":"https:\/\/sisu.ut.ee\/empowerai\/wp-json\/wp\/v2\/pages"}],"about":[{"href":"https:\/\/sisu.ut.ee\/empowerai\/wp-json\/wp\/v2\/types\/page"}],"author":[{"embeddable":true,"href":"https:\/\/sisu.ut.ee\/empowerai\/wp-json\/wp\/v2\/users\/188"}],"replies":[{"embeddable":true,"href":"https:\/\/sisu.ut.ee\/empowerai\/wp-json\/wp\/v2\/comments?post=169"}],"version-history":[{"count":21,"href":"https:\/\/sisu.ut.ee\/empowerai\/wp-json\/wp\/v2\/pages\/169\/revisions"}],"predecessor-version":[{"id":523,"href":"https:\/\/sisu.ut.ee\/empowerai\/wp-json\/wp\/v2\/pages\/169\/revisions\/523"}],"wp:attachment":[{"href":"https:\/\/sisu.ut.ee\/empowerai\/wp-json\/wp\/v2\/media?parent=169"}],"curies":[{"name":"wp","href":"https:\/\/api.w.org\/{rel}","templated":true}]}}