{"id":7,"date":"2024-04-04T05:53:38","date_gmt":"2024-04-04T02:53:38","guid":{"rendered":"https:\/\/sisu.ut.ee\/emp422succ\/kontakt\/"},"modified":"2024-04-04T05:53:58","modified_gmt":"2024-04-04T02:53:58","slug":"kontakt","status":"publish","type":"page","link":"https:\/\/sisu.ut.ee\/emp422succ\/kontakt\/","title":{"rendered":"Kontakt"},"content":{"rendered":"<p>\n\tProjekti partnerid<br>Eestit esindab Tartu \u00dclikooli Loodus- ja t\u00e4ppisteaduste valdkonna \u00f6koloogia ja maateaduste instituudi m\u00fckoriisauuringute juhtivteadur Leho Tedersoo (leho.tedersoo \u00e4tt ut.ee).<br>Norra Arktika \u00dclikooli arktilise ja merebioloogia osakonnast Prof. Kari Anne Br\u00e5then. (<a data-url=\"https:\/\/en.uit.no\/startsida\" href=\"https:\/\/en.uit.no\/startsida\" target=\"_blank\" title=\"\" rel=\"noopener\">https:\/\/en.uit.no\/startsida<\/a>)<br>L\u00e4ti Riikliku Metsa Uurimise Instituudi \u201cSilava\u201d teadlaste gruppi juhib Dr. biol. Dainis Ru\u0146\u0123is. (<a data-url=\"http:\/\/www.silava.lv\/mainen\/aboutus.aspx\" href=\"http:\/\/www.silava.lv\/mainen\/aboutus.aspx\" target=\"_blank\" title=\"\" rel=\"noopener\">http:\/\/www.silava.lv\/mainen\/aboutus.aspx<\/a>)<br>Leedu P\u00f5llumajanduse ja Metsanduse Uurimiskeskust (LAMMC) esindab Dr. Jelena Ankuda. (<a data-url=\"https:\/\/www.lammc.lt\/en\" href=\"https:\/\/www.lammc.lt\/en\" target=\"_blank\" title=\"\" rel=\"noopener\">https:\/\/www.lammc.lt\/en<\/a>)\n<\/p>\n<p>\n\tKolmandad osapooled<br>Prof. Lars Vesterdal, Kopenhaageni \u00dclikool. (<a data-url=\"https:\/\/www.ku.dk\/english\/\" href=\"https:\/\/www.ku.dk\/english\/\" target=\"_blank\" title=\"\" rel=\"noopener\">https:\/\/www.ku.dk\/english\/<\/a>)<br>Prof. Taina Pennanen, Soome Loodusvarade Instituut (<a data-url=\"https:\/\/www.luke.fi\/en\/\" href=\"https:\/\/www.luke.fi\/en\/\" target=\"_blank\" title=\"\" rel=\"noopener\">Luke<\/a>).<\/p>\n","protected":false},"excerpt":{"rendered":"<p>Projekti partneridEestit esindab Tartu \u00dclikooli Loodus- ja t\u00e4ppisteaduste valdkonna \u00f6koloogia ja maateaduste instituudi m\u00fckoriisauuringute juhtivteadur Leho Tedersoo (leho.tedersoo \u00e4tt ut.ee).Norra Arktika \u00dclikooli arktilise ja merebioloogia osakonnast Prof. Kari Anne Br\u00e5then. (https:\/\/en.uit.no\/startsida)L\u00e4ti Riikliku Metsa Uurimise Instituudi \u201cSilava\u201d teadlaste gruppi juhib Dr. &#8230;<\/p>\n","protected":false},"author":221,"featured_media":0,"parent":0,"menu_order":0,"comment_status":"closed","ping_status":"closed","template":"","meta":{"_acf_changed":false,"inline_featured_image":false,"footnotes":""},"class_list":["post-7","page","type-page","status-publish","hentry"],"acf":[],"_links":{"self":[{"href":"https:\/\/sisu.ut.ee\/emp422succ\/wp-json\/wp\/v2\/pages\/7","targetHints":{"allow":["GET"]}}],"collection":[{"href":"https:\/\/sisu.ut.ee\/emp422succ\/wp-json\/wp\/v2\/pages"}],"about":[{"href":"https:\/\/sisu.ut.ee\/emp422succ\/wp-json\/wp\/v2\/types\/page"}],"author":[{"embeddable":true,"href":"https:\/\/sisu.ut.ee\/emp422succ\/wp-json\/wp\/v2\/users\/221"}],"replies":[{"embeddable":true,"href":"https:\/\/sisu.ut.ee\/emp422succ\/wp-json\/wp\/v2\/comments?post=7"}],"version-history":[{"count":1,"href":"https:\/\/sisu.ut.ee\/emp422succ\/wp-json\/wp\/v2\/pages\/7\/revisions"}],"predecessor-version":[{"id":42,"href":"https:\/\/sisu.ut.ee\/emp422succ\/wp-json\/wp\/v2\/pages\/7\/revisions\/42"}],"wp:attachment":[{"href":"https:\/\/sisu.ut.ee\/emp422succ\/wp-json\/wp\/v2\/media?parent=7"}],"curies":[{"name":"wp","href":"https:\/\/api.w.org\/{rel}","templated":true}]}}