{"id":5,"date":"2024-04-04T05:53:38","date_gmt":"2024-04-04T02:53:38","guid":{"rendered":"https:\/\/sisu.ut.ee\/emp422succ\/tulemused\/"},"modified":"2024-04-04T05:53:58","modified_gmt":"2024-04-04T02:53:58","slug":"tulemused","status":"publish","type":"page","link":"https:\/\/sisu.ut.ee\/emp422succ\/tulemused\/","title":{"rendered":"Tulemused"},"content":{"rendered":"<p>\n\t<span style=\"font-size:18px\"><strong>AVALDATUD ARTIKLID<\/strong><\/span>\n<\/p>\n<p>\n\t\u00a0\n<\/p>\n<p style=\"margin:0cm\">\n\t<span><span style=\"line-height:normal\"><span style=\"sans-serif\"><span style=\"background-color:white\"><span style=\"vertical-align:baseline\"><span lang=\"ET\"><span style=\",serif\"><span style=\"color:#201f1e\">Tedersoo L, Anslan S, Bahram M, et al. 2020. Regional-scale in-depth analysis of soil fungal diversity reveals strong pH and plant species effects in Northern Europe. <i>Frontiers in Microbiology <\/i>11:1953.\u00a0<\/span><\/span><\/span><\/span><\/span><\/span><\/span><\/span><a href=\"https:\/\/www.frontiersin.org\/articles\/10.3389\/fmicb.2020.01953\/full\">https:\/\/www.frontiersin.org\/articles\/10.3389\/fmicb.2020.01953\/full<\/a>\n<\/p>\n<p style=\"margin:0cm\">\n\t\u00a0\n<\/p>\n<p style=\"margin:0cm\">\n\t<span><span style=\"line-height:normal\"><span style=\"sans-serif\"><span style=\"background-color:white\"><span style=\"vertical-align:baseline\"><span lang=\"ET\"><span style=\",serif\"><span style=\"color:#201f1e\">Tedersoo L, Bahram M, Zobel M. 2020. How mycorrhizal associations drive plant population and community biology. <i>Science<\/i> 367:eaba1223.\u00a0<\/span><\/span><\/span><\/span><\/span><\/span><\/span><\/span><a href=\"https:\/\/www.science.org\/doi\/10.1126\/science.aba1223\">https:\/\/www.science.org\/doi\/10.1126\/science.aba1223<\/a>\n<\/p>\n<p style=\"margin:0cm\">\n\t\u00a0\n<\/p>\n<p style=\"margin:0cm\">\n\t<span><span style=\"line-height:15.693334px\"><span style=\"sans-serif\">Tedersoo, L.; Mikryukov, V.; Zizka, A.; Bahram, M.; Hagh-Doust, N.; Anslan, S.; Prylutskyi, O.; Delgado-Baquerizo, M.; Maestre, F. T.; Parn, J.; Opik, M.; Moora, M.; Zobel, M.; Espenberg, M.; Mander, U.; Khalid, A. N.; Corrales, A.; Agan, A.; Vasco-Palacios, A.-M.; Saitta, A. \u2026 Abarenkov, K. (2022). Global patterns in endemicity and vulnerability of soil fungi. <i>Global Change Biology, 28<\/i> (22), 6696\u22126710. <a href=\"https:\/\/doi.org\/10.1111\/gcb.16398\" style=\"color:#954f72\">https:\/\/doi.org\/10.1111\/gcb.16398<\/a><\/span><\/span><\/span>\n<\/p>\n<p style=\"margin:0cm0cm8pt\">\n\t<span><span style=\"line-height:15.693334px\"><span style=\"sans-serif\">Klavina, D.; Tedersoo, L.; Agan, A.; Adamson, K.; Bitenieks, K.; Gaitnieks, T.; Drenkhan, R. (2022). Soil fungal communities in young Norway spruce-dominant stands: footprints of former land use and selective thinning. <i>European Journal of Forest Research, 141<\/i> (3), 503\u2212516. <a href=\"https:\/\/doi.org\/10.1007\/s10342-022-01454-8\" style=\"color:#954f72\">https:\/\/doi.org\/10.1007\/s10342-022-01454-8<\/a><\/span><\/span><\/span>\n<\/p>\n<p style=\"margin:0cm0cm8pt\">\n\tAnslan S.;\u00a0Mikryukov, V.;\u00a0Armolaitis, K.;\u00a0Ankuda, J.;\u00a0Lazdina, D.;\u00a0Makovskis, K.;\u00a0Vesterdal, L.;\u00a0Schmidt, I.K.;\u00a0Tedersoo, L..\u00a02021.\u00a0Highly comparable metabarcoding results from MGI-Tech and Illumina sequencing platforms.\u00a0PeerJ\u00a09:e12254.\u00a0<a href=\"https:\/\/doi.org\/10.7717\/peerj.12254\">https:\/\/doi.org\/10.7717\/peerj.12254<\/a>\n<\/p>\n<p style=\"margin:0cm0cm8pt\">\n\tB\u0101rdulis, A., Purvina, D.; Makovskis, K.;B\u0101rdule, A.; Lazdina, D. Soil-to-Atmosphere GHG Fluxes in Hemiboreal Deciuous Tree and Willow Coppice Based Agroforestry Systems with Mineral Soil. Land 2023, 12, 715.\u00a0<a href=\"https:\/\/doi.org\/10.3390\/land12030715\">https:\/\/doi.org\/10.3390\/land12030715<\/a>\n<\/p>\n<p style=\"margin:0cm0cm8pt\">\n\t<span><span style=\"line-height:15.693334px\"><span style=\"sans-serif\">Vladimir Mikryukov <i>et al. <\/i>Connecting the multiple dimensions of global soil fungal diversity.Sci. Adv.9,eadj8016(2023). DOI: <a href=\"https:\/\/doi.org\/10.1126\/sciadv.adj8016\" style=\"color:#954f72\">https:\/\/doi.org\/10.1126\/sciadv.adj8016<\/a><\/span><\/span><\/span>\n<\/p>\n<p style=\"margin:0cm0cm8pt\">\n\tAnkuda, J.; Sivojien\u0117, D.; Armolaitis, K.; Jakutis, A.; Aleinikovien\u0117, J.; Drapanauskait\u0117, D.; Marozas, V.; Mishcherikova, V.; Stak\u0117nas, V.; Mikryukov, V.; et al. Soil Fungi and Soil Organic Carbon Stocks in the Profile of a Forest Arenosol.\u00a0<em>Diversity<\/em>\u00a0<b>2024<\/b>,\u00a0<em>16<\/em>, 66.<a href=\"https:\/\/doi.org\/10.3390\/d16010066\" target=\"_blank\" title=\"\" rel=\"noopener\">https:\/\/doi.org\/10.3390\/d16010066<\/a>\u00a0\u00a0\n<\/p>\n<p style=\"margin:0cm0cm8pt\">\n\t\u00a0\n<\/p>\n<p style=\"margin:0cm0cm8pt\">\n\t<span style=\"font-size:18px\"><strong>OSALEMINE KONVERENTSIDEL<\/strong><\/span>\n<\/p>\n<p>\n\tLeedu partner osaleb juulis 2023 FEMS2023 (Federation of European Microbiological Societies)\u00a0konverentsil, kus on plaan teha kaks esitlust. Esitluste teemad on:\n<\/p>\n<p>\n\t1. Soil fungi and soil organic carbon stocks in Arenosol profile on Scots pine stand.\u00a0Autorid:\u00a0Diana Sivojien\u0117, Jelena Ankuda, K\u0119stutis Armolaitis, Audrius Jakutis, Donata Drapanauskait\u0117, J\u016brat\u0117 Aleinikovien\u0117, Leho Tedersoo ja\u00a0Vladimir Mikryukov;\u00a0<br>2. Influence of the afforestation process on soil fungi and soil organic carbon stocks in Arenosols.\u00a0Autorid:\u00a0Jelena Ankuda, Diana Sivojien\u0117, K\u0119stutis Armolaitis, Audrius Jakutis, Donata Drapanauskait\u0117, J\u016brat\u0117 Aleinikovien\u0117, Leho Tedersoo ja\u00a0Vladimir Mikryukov.\u00a0<\/p>\n","protected":false},"excerpt":{"rendered":"<p>AVALDATUD ARTIKLID \u00a0 Tedersoo L, Anslan S, Bahram M, et al. 2020. Regional-scale in-depth analysis of soil fungal diversity reveals strong pH and plant species effects in Northern Europe. Frontiers in Microbiology 11:1953.\u00a0https:\/\/www.frontiersin.org\/articles\/10.3389\/fmicb.2020.01953\/full \u00a0 Tedersoo L, Bahram M, Zobel M. &#8230;<\/p>\n","protected":false},"author":221,"featured_media":0,"parent":0,"menu_order":0,"comment_status":"closed","ping_status":"closed","template":"","meta":{"_acf_changed":false,"inline_featured_image":false,"footnotes":""},"class_list":["post-5","page","type-page","status-publish","hentry"],"acf":[],"_links":{"self":[{"href":"https:\/\/sisu.ut.ee\/emp422succ\/wp-json\/wp\/v2\/pages\/5","targetHints":{"allow":["GET"]}}],"collection":[{"href":"https:\/\/sisu.ut.ee\/emp422succ\/wp-json\/wp\/v2\/pages"}],"about":[{"href":"https:\/\/sisu.ut.ee\/emp422succ\/wp-json\/wp\/v2\/types\/page"}],"author":[{"embeddable":true,"href":"https:\/\/sisu.ut.ee\/emp422succ\/wp-json\/wp\/v2\/users\/221"}],"replies":[{"embeddable":true,"href":"https:\/\/sisu.ut.ee\/emp422succ\/wp-json\/wp\/v2\/comments?post=5"}],"version-history":[{"count":1,"href":"https:\/\/sisu.ut.ee\/emp422succ\/wp-json\/wp\/v2\/pages\/5\/revisions"}],"predecessor-version":[{"id":40,"href":"https:\/\/sisu.ut.ee\/emp422succ\/wp-json\/wp\/v2\/pages\/5\/revisions\/40"}],"wp:attachment":[{"href":"https:\/\/sisu.ut.ee\/emp422succ\/wp-json\/wp\/v2\/media?parent=5"}],"curies":[{"name":"wp","href":"https:\/\/api.w.org\/{rel}","templated":true}]}}