{"id":3,"date":"2024-04-04T05:53:37","date_gmt":"2024-04-04T02:53:37","guid":{"rendered":"https:\/\/sisu.ut.ee\/emp422succ\/avaleht\/"},"modified":"2024-04-09T13:06:23","modified_gmt":"2024-04-09T10:06:23","slug":"avaleht","status":"publish","type":"page","link":"https:\/\/sisu.ut.ee\/emp422succ\/","title":{"rendered":"Avaleht"},"content":{"rendered":"<p style=\"text-align: center\">\n\t<span style=\"font-size:16px\">Projekt EMP442<\/span>\n<\/p>\n<p style=\"text-align: center\">\n\t<span style=\"font-size:22px\">Mullaressursside s\u00e4\u00e4stlik kasutamine kliimamuutuste ajal<\/span>\n<\/p>\n<p style=\"text-align: center\">\n\t<span style=\"font-size:16px\">1.01.2020 \u2013 30.03.2024<\/span>\n<\/p>\n<p style=\"text-align: center\">\n\t\u00a0\n<\/p>\n<p style=\"text-align: center\">\n\t<\/p><div class=\"ratio ratio-16x9 mb-3\"><div class=\"video-placeholder-wrapper video-placeholder-wrapper--16x9\">\n\t\t\t    <div class=\"video-placeholder d-flex justify-content-center align-items-center\">\n\t\t\t        <div class=\"overlay text-white p-2 w-100 text-center d-block justify-content-center align-items-center\">\n\t\t\t            <div>Kolmandate osapoolte sisu n\u00e4gemiseks palun n\u00f5ustu k\u00fcpsistega.<\/div>\n\t\t\t            <button class=\"btn btn-secondary btn-sm mt-1 consent-change\">Muuda n\u00f5usolekut<\/button>\n\t\t\t        <\/div>\n\t\t\t    <\/div>\n\t\t\t<\/div>\n<\/div>\n\n<p style=\"text-align: center\">\n\tVideo on loonud Loovagentuur DADA ning selle loomist rahastas EEA Grants (BRP in Estonia).<\/p>\n","protected":false},"excerpt":{"rendered":"<p>Projekt EMP442 Mullaressursside s\u00e4\u00e4stlik kasutamine kliimamuutuste ajal 1.01.2020 \u2013 30.03.2024 \u00a0 Kolmandate osapoolte sisu n\u00e4gemiseks palun n\u00f5ustu k\u00fcpsistega. Muuda n\u00f5usolekut Video on loonud Loovagentuur DADA ning selle loomist rahastas EEA Grants (BRP in Estonia).<\/p>\n","protected":false},"author":221,"featured_media":0,"parent":0,"menu_order":0,"comment_status":"closed","ping_status":"closed","template":"","meta":{"_acf_changed":false,"inline_featured_image":false,"footnotes":""},"class_list":["post-3","page","type-page","status-publish","hentry"],"acf":[],"_links":{"self":[{"href":"https:\/\/sisu.ut.ee\/emp422succ\/wp-json\/wp\/v2\/pages\/3","targetHints":{"allow":["GET"]}}],"collection":[{"href":"https:\/\/sisu.ut.ee\/emp422succ\/wp-json\/wp\/v2\/pages"}],"about":[{"href":"https:\/\/sisu.ut.ee\/emp422succ\/wp-json\/wp\/v2\/types\/page"}],"author":[{"embeddable":true,"href":"https:\/\/sisu.ut.ee\/emp422succ\/wp-json\/wp\/v2\/users\/221"}],"replies":[{"embeddable":true,"href":"https:\/\/sisu.ut.ee\/emp422succ\/wp-json\/wp\/v2\/comments?post=3"}],"version-history":[{"count":2,"href":"https:\/\/sisu.ut.ee\/emp422succ\/wp-json\/wp\/v2\/pages\/3\/revisions"}],"predecessor-version":[{"id":68,"href":"https:\/\/sisu.ut.ee\/emp422succ\/wp-json\/wp\/v2\/pages\/3\/revisions\/68"}],"wp:attachment":[{"href":"https:\/\/sisu.ut.ee\/emp422succ\/wp-json\/wp\/v2\/media?parent=3"}],"curies":[{"name":"wp","href":"https:\/\/api.w.org\/{rel}","templated":true}]}}