{"id":13,"date":"2024-04-04T05:53:38","date_gmt":"2024-04-04T02:53:38","guid":{"rendered":"https:\/\/sisu.ut.ee\/emp422succ\/succ-ja-silva-nova-seminar\/"},"modified":"2024-04-04T05:53:59","modified_gmt":"2024-04-04T02:53:59","slug":"succ-ja-silva-nova-seminar","status":"publish","type":"page","link":"https:\/\/sisu.ut.ee\/emp422succ\/succ-ja-silva-nova-seminar\/","title":{"rendered":"SUCC ja Silva Nova seminar"},"content":{"rendered":"<p>\n\t30. mail 2023 oli projektide SUCC\u00a0ja\u00a0<a data-url=\"https:\/\/ign.ku.dk\/english\/silvanova\/\" href=\"https:\/\/ign.ku.dk\/english\/silvanova\/\" target=\"_blank\" title=\"\" rel=\"noopener\">Silva Nova<\/a>\u00a0\u00fchine seminar Tartus Oecologicumi \u00f5ppehoones.\n<\/p>\n<p>\n\tLisaks projektide SUCC ja Silva Nova inimestele, oli meil r\u00f5\u00f5m tutvustada oma tegemisi ka Haridus- ja Teadusministeeriumi ning Eesti Teadusagentuuri esindajaile.\u00a0<img loading=\"lazy\" decoding=\"async\" width=\"2560\" height=\"1920\" class=\"alignnone wp-image-18\" style=\"width: 600px;height: 450px\" src=\"https:\/\/sisu.ut.ee\/wp-content\/uploads\/sites\/420\/20230530_113240-scaled.jpg\" title=\"Mathias Just Justeseni esitlus\" alt=\"Mathias Just Justeseni esitlus\" srcset=\"https:\/\/sisu.ut.ee\/wp-content\/uploads\/sites\/420\/20230530_113240-scaled.jpg 2560w, https:\/\/sisu.ut.ee\/wp-content\/uploads\/sites\/420\/20230530_113240-300x225.jpg 300w, https:\/\/sisu.ut.ee\/wp-content\/uploads\/sites\/420\/20230530_113240-1024x768.jpg 1024w, https:\/\/sisu.ut.ee\/wp-content\/uploads\/sites\/420\/20230530_113240-768x576.jpg 768w, https:\/\/sisu.ut.ee\/wp-content\/uploads\/sites\/420\/20230530_113240-1536x1152.jpg 1536w, https:\/\/sisu.ut.ee\/wp-content\/uploads\/sites\/420\/20230530_113240-2048x1536.jpg 2048w, https:\/\/sisu.ut.ee\/wp-content\/uploads\/sites\/420\/20230530_113240-1920x1440.jpg 1920w\" sizes=\"auto, (max-width: 2560px) 100vw, 2560px\">\n<\/p>\n<p>\n\tP\u00e4rast ettekandeid k\u00fclastasime \u00fcheskoos R\u00f5hu katsebaasi ning J\u00e4rvselja \u00fcrgmetsa.\n<\/p>\n<p>\n\t<img loading=\"lazy\" decoding=\"async\" width=\"2560\" height=\"1920\" class=\"alignnone wp-image-19\" style=\"width: 355px;height: 266px;float: left\" src=\"https:\/\/sisu.ut.ee\/wp-content\/uploads\/sites\/420\/20230530_141134-scaled.jpg\" title=\"Leho Tedersoo tutvustab R\u00f5hu katsebaasi\" alt=\"R\u00f5hu eksperiment 2\" srcset=\"https:\/\/sisu.ut.ee\/wp-content\/uploads\/sites\/420\/20230530_141134-scaled.jpg 2560w, https:\/\/sisu.ut.ee\/wp-content\/uploads\/sites\/420\/20230530_141134-300x225.jpg 300w, https:\/\/sisu.ut.ee\/wp-content\/uploads\/sites\/420\/20230530_141134-1024x768.jpg 1024w, https:\/\/sisu.ut.ee\/wp-content\/uploads\/sites\/420\/20230530_141134-768x576.jpg 768w, https:\/\/sisu.ut.ee\/wp-content\/uploads\/sites\/420\/20230530_141134-1536x1152.jpg 1536w, https:\/\/sisu.ut.ee\/wp-content\/uploads\/sites\/420\/20230530_141134-2048x1536.jpg 2048w, https:\/\/sisu.ut.ee\/wp-content\/uploads\/sites\/420\/20230530_141134-1920x1440.jpg 1920w\" sizes=\"auto, (max-width: 2560px) 100vw, 2560px\"><img loading=\"lazy\" decoding=\"async\" width=\"2560\" height=\"1920\" class=\"alignnone wp-image-17\" style=\"width: 355px;height: 266px;float: right\" src=\"https:\/\/sisu.ut.ee\/wp-content\/uploads\/sites\/420\/20230530_141905-scaled.jpg\" title=\"Tutvumine R\u00f5hu katsebaasiga\" alt=\"R\u00f5hu Eksperiment 1\" srcset=\"https:\/\/sisu.ut.ee\/wp-content\/uploads\/sites\/420\/20230530_141905-scaled.jpg 2560w, https:\/\/sisu.ut.ee\/wp-content\/uploads\/sites\/420\/20230530_141905-300x225.jpg 300w, https:\/\/sisu.ut.ee\/wp-content\/uploads\/sites\/420\/20230530_141905-1024x768.jpg 1024w, https:\/\/sisu.ut.ee\/wp-content\/uploads\/sites\/420\/20230530_141905-768x576.jpg 768w, https:\/\/sisu.ut.ee\/wp-content\/uploads\/sites\/420\/20230530_141905-1536x1152.jpg 1536w, https:\/\/sisu.ut.ee\/wp-content\/uploads\/sites\/420\/20230530_141905-2048x1536.jpg 2048w, https:\/\/sisu.ut.ee\/wp-content\/uploads\/sites\/420\/20230530_141905-1920x1440.jpg 1920w\" sizes=\"auto, (max-width: 2560px) 100vw, 2560px\">\n<\/p>\n<p>\n\t<img loading=\"lazy\" decoding=\"async\" width=\"1920\" height=\"2560\" class=\"alignnone wp-image-20\" style=\"width: 355px;height: 473px\" src=\"https:\/\/sisu.ut.ee\/wp-content\/uploads\/sites\/420\/20230530_152908-scaled.jpg\" title=\"J\u00e4rvselja \u00dcrgmetsa matkaraja alguses\" alt=\"J\u00e4rvselja\" srcset=\"https:\/\/sisu.ut.ee\/wp-content\/uploads\/sites\/420\/20230530_152908-scaled.jpg 1920w, https:\/\/sisu.ut.ee\/wp-content\/uploads\/sites\/420\/20230530_152908-225x300.jpg 225w, https:\/\/sisu.ut.ee\/wp-content\/uploads\/sites\/420\/20230530_152908-768x1024.jpg 768w, https:\/\/sisu.ut.ee\/wp-content\/uploads\/sites\/420\/20230530_152908-1152x1536.jpg 1152w, https:\/\/sisu.ut.ee\/wp-content\/uploads\/sites\/420\/20230530_152908-1536x2048.jpg 1536w\" sizes=\"auto, (max-width: 1920px) 100vw, 1920px\">\n<\/p>\n<p>\n\tMeeldiva \u00fcllatusena avastati J\u00e4rvselja \u00fcrgmetsast VU kaitsekategooria liik Gyromitra sphaerospora, mida on Eestist varem leitud vaid kolmel korral.\u00a0<img loading=\"lazy\" decoding=\"async\" width=\"923\" height=\"2048\" class=\"alignnone wp-image-21\" style=\"width: 300px;height: 666px;float: left\" src=\"https:\/\/sisu.ut.ee\/wp-content\/uploads\/sites\/420\/348358401_665825752040086_4432178839015102563_n.jpg\" title=\"Gyromitra sphaerospora\" alt=\"Gyromitra sphaerospora\" srcset=\"https:\/\/sisu.ut.ee\/wp-content\/uploads\/sites\/420\/348358401_665825752040086_4432178839015102563_n.jpg 923w, https:\/\/sisu.ut.ee\/wp-content\/uploads\/sites\/420\/348358401_665825752040086_4432178839015102563_n-135x300.jpg 135w, https:\/\/sisu.ut.ee\/wp-content\/uploads\/sites\/420\/348358401_665825752040086_4432178839015102563_n-462x1024.jpg 462w, https:\/\/sisu.ut.ee\/wp-content\/uploads\/sites\/420\/348358401_665825752040086_4432178839015102563_n-768x1704.jpg 768w, https:\/\/sisu.ut.ee\/wp-content\/uploads\/sites\/420\/348358401_665825752040086_4432178839015102563_n-692x1536.jpg 692w\" sizes=\"auto, (max-width: 923px) 100vw, 923px\"><\/p>\n","protected":false},"excerpt":{"rendered":"<p>30. mail 2023 oli projektide SUCC\u00a0ja\u00a0Silva Nova\u00a0\u00fchine seminar Tartus Oecologicumi \u00f5ppehoones. Lisaks projektide SUCC ja Silva Nova inimestele, oli meil r\u00f5\u00f5m tutvustada oma tegemisi ka Haridus- ja Teadusministeeriumi ning Eesti Teadusagentuuri esindajaile.\u00a0 P\u00e4rast ettekandeid k\u00fclastasime \u00fcheskoos R\u00f5hu katsebaasi ning J\u00e4rvselja &#8230;<\/p>\n","protected":false},"author":221,"featured_media":0,"parent":0,"menu_order":0,"comment_status":"closed","ping_status":"closed","template":"","meta":{"_acf_changed":false,"inline_featured_image":false,"footnotes":""},"class_list":["post-13","page","type-page","status-publish","hentry"],"acf":[],"_links":{"self":[{"href":"https:\/\/sisu.ut.ee\/emp422succ\/wp-json\/wp\/v2\/pages\/13","targetHints":{"allow":["GET"]}}],"collection":[{"href":"https:\/\/sisu.ut.ee\/emp422succ\/wp-json\/wp\/v2\/pages"}],"about":[{"href":"https:\/\/sisu.ut.ee\/emp422succ\/wp-json\/wp\/v2\/types\/page"}],"author":[{"embeddable":true,"href":"https:\/\/sisu.ut.ee\/emp422succ\/wp-json\/wp\/v2\/users\/221"}],"replies":[{"embeddable":true,"href":"https:\/\/sisu.ut.ee\/emp422succ\/wp-json\/wp\/v2\/comments?post=13"}],"version-history":[{"count":1,"href":"https:\/\/sisu.ut.ee\/emp422succ\/wp-json\/wp\/v2\/pages\/13\/revisions"}],"predecessor-version":[{"id":48,"href":"https:\/\/sisu.ut.ee\/emp422succ\/wp-json\/wp\/v2\/pages\/13\/revisions\/48"}],"wp:attachment":[{"href":"https:\/\/sisu.ut.ee\/emp422succ\/wp-json\/wp\/v2\/media?parent=13"}],"curies":[{"name":"wp","href":"https:\/\/api.w.org\/{rel}","templated":true}]}}