{"id":51,"date":"2025-10-02T13:48:03","date_gmt":"2025-10-02T10:48:03","guid":{"rendered":"https:\/\/sisu.ut.ee\/embl-eesti\/?page_id=51"},"modified":"2025-10-06T16:10:52","modified_gmt":"2025-10-06T13:10:52","slug":"kontakt","status":"publish","type":"page","link":"https:\/\/sisu.ut.ee\/embl-eesti\/kontakt\/","title":{"rendered":"Kontakt"},"content":{"rendered":"<p><\/p>\n\n\n\n<p><em><strong>Kui oled Eestis tegutsev era- v\u00f5i avalik\u00f5iguslik organisatsioon v\u00f5i ettev\u00f5te ja tunned huvi EMBL taristu v\u00f5imaluste kasutamise vastu, kontakteeru!<\/strong><\/em><\/p>\n\n\n\n<div class=\"wp-block-columns is-layout-flex wp-container-core-columns-is-layout-9d6595d7 wp-block-columns-is-layout-flex\">\n<div class=\"wp-block-column is-layout-flow wp-block-column-is-layout-flow\"><div class=\"person-card border rounded p-2 pb-4 mb-4\">\n\t<div class=\"d-flex \">\n\t\t\t\t<div class=\"person-card__info\">\n\t\t\t\t\t\t\t<h3 class=\"h4 mb-2\">Ants Kurg<\/h3>\n\t\t\t\t\t\t\t\t\t\t<div class=\"mb-2\">\n\t\t\t\t\t<p>molekulaarse biotehnoloogia professor-taristu juht<\/p>\n\n\t\t\t\t<\/div>\n\t\t\t\t\t\t\t\t\t\t<p class=\"mb-0\">+372 737 5018.<\/p>\n\t\t\t\t\t\t\t\t\t\t\t\t\t<a href=\"mailto:ants.kurg@ut.ee\" class=\"mb-0\">ants.kurg@ut.ee<\/a>\n\t\t\t\t\t<\/div>\n\t<\/div>\n\t\t\t<div class=\"person-card__description mt-2\">\n\t\t\t<p>Tartu \u00dclikool<\/p>\n\n\t\t<\/div>\n\t<\/div>\n<\/div>\n\n\n\n<div class=\"wp-block-column is-layout-flow wp-block-column-is-layout-flow\"><div class=\"person-card border rounded p-2 pb-4 mb-4\">\n\t<div class=\"d-flex \">\n\t\t\t\t<div class=\"person-card__info\">\n\t\t\t\t\t\t\t<h3 class=\"h4 mb-2\">Maikki Moosus<\/h3>\n\t\t\t\t\t\t\t\t\t\t<div class=\"mb-2\">\n\t\t\t\t\t<p> projektijuht<\/p>\n\n\t\t\t\t<\/div>\n\t\t\t\t\t\t\t\t\t\t<p class=\"mb-0\">+372 737 6802<\/p>\n\t\t\t\t\t\t\t\t\t\t\t\t\t<a href=\"mailto:maikki.moosus@ut.ee\" class=\"mb-0\">maikki.moosus@ut.ee<\/a>\n\t\t\t\t\t<\/div>\n\t<\/div>\n\t\t\t<div class=\"person-card__description mt-2\">\n\t\t\t<p>Tartu \u00dclikool<\/p>\n\n\t\t<\/div>\n\t<\/div>\n<\/div>\n<\/div>\n\n\n\n<p>Teadustaristusse on kaasatud Eesti molekulaarbioloogia ja -meditsiiniga tegelevad juhtivad institutsioonid: Tartu \u00dclikool, Tallinna Tehnika\u00fclikool, Tallinna \u00dclikool, Eesti Maa\u00fclikool, Keemilise ja Bioloogilise F\u00fc\u00fcsika Instituut ning Tervise Arengu Insituut, koos oma teadlaste, teadusgruppide ja instituutide vastavate kompetentsidega ning Icosagen Cell Factory O\u00dc, AS TFTAK ning Celvia CC AS. <\/p>\n\n\n\n<figure class=\"wp-block-image aligncenter size-large\"><img loading=\"lazy\" decoding=\"async\" width=\"1024\" height=\"768\" src=\"https:\/\/sisu.ut.ee\/wp-content\/uploads\/sites\/951\/IMG_5823-1024x768.jpg\" alt=\"\" class=\"wp-image-85\" srcset=\"https:\/\/sisu.ut.ee\/wp-content\/uploads\/sites\/951\/IMG_5823-1024x768.jpg 1024w, https:\/\/sisu.ut.ee\/wp-content\/uploads\/sites\/951\/IMG_5823-300x225.jpg 300w, https:\/\/sisu.ut.ee\/wp-content\/uploads\/sites\/951\/IMG_5823-768x576.jpg 768w, https:\/\/sisu.ut.ee\/wp-content\/uploads\/sites\/951\/IMG_5823-1536x1152.jpg 1536w, https:\/\/sisu.ut.ee\/wp-content\/uploads\/sites\/951\/IMG_5823-2048x1536.jpg 2048w, https:\/\/sisu.ut.ee\/wp-content\/uploads\/sites\/951\/IMG_5823-1920x1440.jpg 1920w\" sizes=\"auto, (max-width: 1024px) 100vw, 1024px\"><\/figure>\n\n\n\n<p><\/p>\n","protected":false},"excerpt":{"rendered":"<p>Kui oled Eestis tegutsev era- v\u00f5i avalik\u00f5iguslik organisatsioon v\u00f5i ettev\u00f5te ja tunned huvi EMBL taristu v\u00f5imaluste kasutamise vastu, kontakteeru! Teadustaristusse on kaasatud Eesti molekulaarbioloogia ja -meditsiiniga tegelevad juhtivad institutsioonid: Tartu \u00dclikool, Tallinna Tehnika\u00fclikool, Tallinna \u00dclikool, Eesti Maa\u00fclikool, Keemilise ja Bioloogilise &#8230;<\/p>\n","protected":false},"author":911,"featured_media":0,"parent":0,"menu_order":0,"comment_status":"closed","ping_status":"closed","template":"","meta":{"_acf_changed":false,"inline_featured_image":false,"footnotes":""},"class_list":["post-51","page","type-page","status-publish","hentry"],"acf":[],"_links":{"self":[{"href":"https:\/\/sisu.ut.ee\/embl-eesti\/wp-json\/wp\/v2\/pages\/51","targetHints":{"allow":["GET"]}}],"collection":[{"href":"https:\/\/sisu.ut.ee\/embl-eesti\/wp-json\/wp\/v2\/pages"}],"about":[{"href":"https:\/\/sisu.ut.ee\/embl-eesti\/wp-json\/wp\/v2\/types\/page"}],"author":[{"embeddable":true,"href":"https:\/\/sisu.ut.ee\/embl-eesti\/wp-json\/wp\/v2\/users\/911"}],"replies":[{"embeddable":true,"href":"https:\/\/sisu.ut.ee\/embl-eesti\/wp-json\/wp\/v2\/comments?post=51"}],"version-history":[{"count":28,"href":"https:\/\/sisu.ut.ee\/embl-eesti\/wp-json\/wp\/v2\/pages\/51\/revisions"}],"predecessor-version":[{"id":247,"href":"https:\/\/sisu.ut.ee\/embl-eesti\/wp-json\/wp\/v2\/pages\/51\/revisions\/247"}],"wp:attachment":[{"href":"https:\/\/sisu.ut.ee\/embl-eesti\/wp-json\/wp\/v2\/media?parent=51"}],"curies":[{"name":"wp","href":"https:\/\/api.w.org\/{rel}","templated":true}]}}