{"id":414,"date":"2025-10-27T13:05:52","date_gmt":"2025-10-27T11:05:52","guid":{"rendered":"https:\/\/sisu.ut.ee\/embl-eesti\/?page_id=414"},"modified":"2025-10-27T13:21:05","modified_gmt":"2025-10-27T11:21:05","slug":"kandideeri-jareldoktorantuuri","status":"publish","type":"page","link":"https:\/\/sisu.ut.ee\/embl-eesti\/kandideeri-jareldoktorantuuri\/","title":{"rendered":"Kandideeri j\u00e4reldoktorantuuri"},"content":{"rendered":"<p><\/p>\n\n\n\n<p>28. novembril 2025 avaneb\u00a0<strong>EIPOD-LinC<\/strong>\u00a0programmi taotlusvoor j\u00e4reldoktorantuuri kandideerimiseks.<br>K\u00f5ik taotlemiseks vajalikud materjalid tuleb esitada\u00a0<strong>hiljemalt 2. veebruariks 2026.<\/strong><\/p>\n\n\n\n<p><strong>EIPOD-LinC<\/strong>\u00a0(<em>Exploring Life in Context<\/em>) on Euroopa Molekulaarbioloogia Laboratooriumi (<strong>EMBL<\/strong>) j\u00e4reldoktorantuuri programm, mis toetab andekaid ja motiveeritud teadlasi \u00fcle kogu maailma, kes on huvitatud\u00a0<strong>interdistsiplinaarsest uurimist\u00f6\u00f6st<\/strong>.<\/p>\n\n\n\n<p>Programm on m\u00f5eldud doktorikraadi kaitsnud v\u00f5i kraadi kohe kaitsvatele teadlastele (tingimusel, et kraad saadakse enne 2. veebruari 2026). Kandideerida v\u00f5ivad k\u00f5ikide riikide kodanikud.<\/p>\n\n\n\n<p>EIPOD-LinC pakub v\u00f5imalust t\u00f6\u00f6tada iseseisvalt kavandatud uurimisprojekti\u00a0<strong>EMBL-i teadusprogrammi \u201cMolecules to Ecosystems\u201d<\/strong>\u00a0raames.<br>Iga projekt peab toimuma koost\u00f6\u00f6s:<\/p>\n\n\n\n<ul class=\"wp-block-list\">\n<li><strong>EMBL-i poolse juhendajaga (Host)<\/strong>\u00a0ning<\/li>\n\n\n\n<li><strong>partnerinstitutsiooniga<\/strong>, mis v\u00f5ib olla akadeemiline asutus, t\u00f6\u00f6stusettev\u00f5te v\u00f5i kliinik m\u00f5nes\u00a0<strong>EMBL-i liikmesriigis, assotsieerunud v\u00f5i perspektiivses liikmesriigis<\/strong>.<\/li>\n<\/ul>\n\n\n\n<p>Programmi eesm\u00e4rk on toetada interdistsiplinaarsete oskuste arengut, pakkuda kvaliteetset juhendamist, koolitusi ning karj\u00e4\u00e4riarenduse tuge, aidates teadlastel kujuneda tulevasteks juhtideks nii akadeemias kui ka v\u00e4ljaspool seda.<\/p>\n\n\n\n<p>\ud83d\udccd\u00a0<strong>Lisainfo ja kandideerimisjuhised:<\/strong><br><a href=\"https:\/\/www.embl.org\/about\/info\/postdoctoral-programme\/eipod-linc-exploring-life-in-context\/?utm_source=chatgpt.com\">https:\/\/www.embl.org\/about\/info\/postdoctoral-programme\/eipod-linc-exploring-life-in-context\/<\/a><\/p>\n\n\n\n<figure class=\"wp-block-image size-full\"><img loading=\"lazy\" decoding=\"async\" width=\"940\" height=\"788\" src=\"https:\/\/sisu.ut.ee\/wp-content\/uploads\/sites\/951\/EIPOD-LinC-2025-1.png\" alt=\"\" class=\"wp-image-425\" srcset=\"https:\/\/sisu.ut.ee\/wp-content\/uploads\/sites\/951\/EIPOD-LinC-2025-1.png 940w, https:\/\/sisu.ut.ee\/wp-content\/uploads\/sites\/951\/EIPOD-LinC-2025-1-300x251.png 300w, https:\/\/sisu.ut.ee\/wp-content\/uploads\/sites\/951\/EIPOD-LinC-2025-1-768x644.png 768w\" sizes=\"auto, (max-width: 940px) 100vw, 940px\"><\/figure>\n","protected":false},"excerpt":{"rendered":"<p>28. novembril 2025 avaneb\u00a0EIPOD-LinC\u00a0programmi taotlusvoor j\u00e4reldoktorantuuri kandideerimiseks.K\u00f5ik taotlemiseks vajalikud materjalid tuleb esitada\u00a0hiljemalt 2. veebruariks 2026. EIPOD-LinC\u00a0(Exploring Life in Context) on Euroopa Molekulaarbioloogia Laboratooriumi (EMBL) j\u00e4reldoktorantuuri programm, mis toetab andekaid ja motiveeritud teadlasi \u00fcle kogu maailma, kes on huvitatud\u00a0interdistsiplinaarsest uurimist\u00f6\u00f6st. Programm &#8230;<\/p>\n","protected":false},"author":911,"featured_media":0,"parent":0,"menu_order":0,"comment_status":"closed","ping_status":"closed","template":"","meta":{"_acf_changed":false,"inline_featured_image":false,"footnotes":""},"class_list":["post-414","page","type-page","status-publish","hentry"],"acf":[],"_links":{"self":[{"href":"https:\/\/sisu.ut.ee\/embl-eesti\/wp-json\/wp\/v2\/pages\/414","targetHints":{"allow":["GET"]}}],"collection":[{"href":"https:\/\/sisu.ut.ee\/embl-eesti\/wp-json\/wp\/v2\/pages"}],"about":[{"href":"https:\/\/sisu.ut.ee\/embl-eesti\/wp-json\/wp\/v2\/types\/page"}],"author":[{"embeddable":true,"href":"https:\/\/sisu.ut.ee\/embl-eesti\/wp-json\/wp\/v2\/users\/911"}],"replies":[{"embeddable":true,"href":"https:\/\/sisu.ut.ee\/embl-eesti\/wp-json\/wp\/v2\/comments?post=414"}],"version-history":[{"count":2,"href":"https:\/\/sisu.ut.ee\/embl-eesti\/wp-json\/wp\/v2\/pages\/414\/revisions"}],"predecessor-version":[{"id":427,"href":"https:\/\/sisu.ut.ee\/embl-eesti\/wp-json\/wp\/v2\/pages\/414\/revisions\/427"}],"wp:attachment":[{"href":"https:\/\/sisu.ut.ee\/embl-eesti\/wp-json\/wp\/v2\/media?parent=414"}],"curies":[{"name":"wp","href":"https:\/\/api.w.org\/{rel}","templated":true}]}}