{"id":159,"date":"2025-10-06T13:23:07","date_gmt":"2025-10-06T10:23:07","guid":{"rendered":"https:\/\/sisu.ut.ee\/embl-eesti\/?page_id=159"},"modified":"2025-10-15T11:40:45","modified_gmt":"2025-10-15T08:40:45","slug":"noukogu","status":"publish","type":"page","link":"https:\/\/sisu.ut.ee\/embl-eesti\/noukogu\/","title":{"rendered":"N\u00f5ukogu"},"content":{"rendered":"<p><\/p>\n\n\n\n<p><strong>N\u00f5ukogu roll<\/strong><br><em>N\u00f5ukogu juhib EMBL-Eesti tegevust strateegilisel tasandil ning tema p\u00e4devuses on:<\/em><\/p>\n\n\n\n<ul class=\"wp-block-list\">\n<li>EMBL-Eesti tegevuskava ja eelarvet puudutavate muudatusettepanekute koosk\u00f5lastamine enne nende esitamist projekti rahastajale;<\/li>\n\n\n\n<li>EMBL-Eesti arengukava ja tegevuskava ning nende alusel EMBL tegevuste ja eelarve kinnitamine, sh vastavate teenuste ja hinnakirja kinnitamine EMBL konsortsiumi pooltele ning konsortsiumiv\u00e4listele tellijatele;<\/li>\n\n\n\n<li>EMBL-Eesti projekti raames loodava infrastruktuuri kasutamise korra ja tingimuste kehtestamine;<\/li>\n\n\n\n<li>EMBL-Eesti tegevuse kohta hinnangu andmine;<\/li>\n\n\n\n<li>Muude strateegilise t\u00e4htsusega k\u00fcsimuste k\u00e4sitlemine, mis ei ole seotud taristu igap\u00e4evase (operatiivse) juhtimisega.<\/li>\n<\/ul>\n\n\n\n<p>N\u00f5ukogu teeb otsuseid konsensuslikult. Kui konsensust ei saavutata, otsustatakse h\u00e4\u00e4letamise teel. Otsuse j\u00f5ustumiseks peab selle poolt olema \u00fcle poole n\u00f5ukogu liikmetest.<\/p>\n\n\n\n<h4 class=\"wp-block-heading\"><strong>N\u00f5ukogu liikmed<\/strong><\/h4>\n\n\n\n<figure class=\"wp-block-table\"><table class=\"table table-hover\"><thead><tr><th>Nimi<\/th><th>Ametinimetus<\/th><th>Asutus<\/th><th>Kontakt<\/th><\/tr><\/thead><tbody><tr><td><strong>Jaak Vilo<\/strong><\/td><td>Bioinformaatika professor<\/td><td>Tartu \u00dclikool<\/td><td>\ud83d\udcde +372 737 5483 \u2022 \u2709\ufe0f <a>jaak.vilo@ut.ee<\/a><\/td><\/tr><tr><td><strong>Tiina Tamm<\/strong><\/td><td>Molekulaarbioloogia professor<\/td><td>Tartu \u00dclikool<\/td><td>\ud83d\udcde +372 737 4059 \u2022 \u2709\ufe0f <a>tiina.tamm.001@ut.ee<\/a><\/td><\/tr><tr><td><strong>Peep Palumaa<\/strong><\/td><td>T\u00e4isprofessor tenuuris<\/td><td>Tallinna Tehnika\u00fclikool<\/td><td>\ud83d\udcde +372 620 4410 \u2022 \u2709\ufe0f <a>peep.palumaa@taltech.ee<\/a><\/td><\/tr><tr><td><strong>Toomas Toomsoo<\/strong><\/td><td>Neuroloogia professor<\/td><td>Tallinna \u00dclikool<\/td><td>\ud83d\udcde +372 522 8332 \u2022 \u2709\ufe0f <a>toomas.toomsoo@tlu.ee<\/a><\/td><\/tr><tr><td><strong>Toomas Veidebaum<\/strong><\/td><td>Juhtivteadur<\/td><td>Tervise Arengu Instituut<\/td><td>\ud83d\udcde +372 502 0544 \u2022 \u2709\ufe0f <a>toomas.veidebaum@tai.ee<\/a><\/td><\/tr><tr><td><strong>Kristel Rose<\/strong><\/td><td>Projektijuht<\/td><td>Celvia CC AS<\/td><td>\u2709\ufe0f <a>kristel.rose@ccht.ee<\/a><\/td><\/tr><tr><td><strong>Taavi Riit<\/strong><\/td><td>Botaanika ja \u00f6koloogia nooremteadur<\/td><td>Eesti Maa\u00fclikool<\/td><td>\ud83d\udcde +372 555 70970 \u2022 \u2709\ufe0f <a>taavi.riit@emu.ee<\/a><\/td><\/tr><tr><td><strong> Kaja Kasemets<\/strong><\/td><td>Juhtivteadur<\/td><td>Keemilise ja Bioloogilise F\u00fc\u00fcsika Instituut<\/td><td>\u2709\ufe0f <a>kaja.kasemets@kbfi.ee<\/a><\/td><\/tr><tr><td><strong>Andres M\u00e4nnik<\/strong><\/td><td>Tehnoloogiadirektor<\/td><td>Icosagen Cell Factory O\u00dc<\/td><td>\ud83d\udcde +372 561 53144 \u2022 \u2709\ufe0f <a>andres.mannik@icosagen.ee<\/a><\/td><\/tr><tr><td><strong>Hindrek Teder<\/strong><\/td><td>Bioinformaatika vanemteadlane<\/td><td>AS TFTAK<\/td><td>\u2709\ufe0f <a>hindrek.teder@tftak.eu<\/a><\/td><\/tr><tr><td><strong>Priit Tamm<\/strong><\/td><td>Teadustaristu valdkonna juht<\/td><td>Eesti Teadusagentuur<\/td><td>\ud83d\udcde +372 501 6624 \u2022 \u2709\ufe0f <a>priit.tamm@etag.ee<\/a><\/td><\/tr><\/tbody><\/table><\/figure>\n\n\n\n<p>K<em>\u00e4eoleva teadusprojekti l\u00e4biviimisel kasutatakse teadustaristut \u201cEuroopa Molekulaarbioloogia laborotoorium\u201d, mida rahastab Eesti Teadausagentuur (projekt TARISTU24-TK25).<\/em><\/p>\n\n\n\n<p><\/p>\n","protected":false},"excerpt":{"rendered":"<p>N\u00f5ukogu rollN\u00f5ukogu juhib EMBL-Eesti tegevust strateegilisel tasandil ning tema p\u00e4devuses on: N\u00f5ukogu teeb otsuseid konsensuslikult. Kui konsensust ei saavutata, otsustatakse h\u00e4\u00e4letamise teel. Otsuse j\u00f5ustumiseks peab selle poolt olema \u00fcle poole n\u00f5ukogu liikmetest. N\u00f5ukogu liikmed Nimi Ametinimetus Asutus Kontakt Jaak Vilo &#8230;<\/p>\n","protected":false},"author":911,"featured_media":0,"parent":0,"menu_order":0,"comment_status":"closed","ping_status":"closed","template":"","meta":{"_acf_changed":false,"inline_featured_image":false,"footnotes":""},"class_list":["post-159","page","type-page","status-publish","hentry"],"acf":[],"_links":{"self":[{"href":"https:\/\/sisu.ut.ee\/embl-eesti\/wp-json\/wp\/v2\/pages\/159","targetHints":{"allow":["GET"]}}],"collection":[{"href":"https:\/\/sisu.ut.ee\/embl-eesti\/wp-json\/wp\/v2\/pages"}],"about":[{"href":"https:\/\/sisu.ut.ee\/embl-eesti\/wp-json\/wp\/v2\/types\/page"}],"author":[{"embeddable":true,"href":"https:\/\/sisu.ut.ee\/embl-eesti\/wp-json\/wp\/v2\/users\/911"}],"replies":[{"embeddable":true,"href":"https:\/\/sisu.ut.ee\/embl-eesti\/wp-json\/wp\/v2\/comments?post=159"}],"version-history":[{"count":30,"href":"https:\/\/sisu.ut.ee\/embl-eesti\/wp-json\/wp\/v2\/pages\/159\/revisions"}],"predecessor-version":[{"id":291,"href":"https:\/\/sisu.ut.ee\/embl-eesti\/wp-json\/wp\/v2\/pages\/159\/revisions\/291"}],"wp:attachment":[{"href":"https:\/\/sisu.ut.ee\/embl-eesti\/wp-json\/wp\/v2\/media?parent=159"}],"curies":[{"name":"wp","href":"https:\/\/api.w.org\/{rel}","templated":true}]}}