{"id":97,"date":"2024-04-04T05:55:47","date_gmt":"2024-04-04T02:55:47","guid":{"rendered":"https:\/\/sisu.ut.ee\/eluarengmaal\/sisekojalised\/"},"modified":"2024-04-04T05:56:24","modified_gmt":"2024-04-04T02:56:24","slug":"sisekojalised","status":"publish","type":"page","link":"https:\/\/sisu.ut.ee\/eluarengmaal\/sisekojalised\/","title":{"rendered":"Sisekojalised"},"content":{"rendered":"<p>\n\t<font face=\"Arial\"><font style=\"medium;font-style:normal;font-weight:400;letter-spacing:normal;text-align:start;text-indent:0px;text-transform:none\"><b>Sisekojaliste<\/b>\u00a0(<i>Coleoidea<\/i>) hulka kuuluvad kaheksajalad, seepiad ja kalmaarid. Sisekojaliste esimesed leiud p\u00e4rinevad Vara-Karbonist, arvukamaks muutusid nad alles Mesosoikumis. Belemniidid on v\u00e4ljasurnud\u00a0<\/font><\/font><a data-url=\"https:\/\/sisu.ut.ee\/eluarengmaal\/peajalgsed\" href=\"https:\/\/sisu.ut.ee\/eluarengmaal\/peajalgsed\" target=\"_blank\" title=\"\" rel=\"noopener\">peajalgsed<\/a><font face=\"Arial\"><font style=\"medium;font-style:normal;font-weight:400;letter-spacing:normal;text-align:start;text-indent:0px;text-transform:none\">, kes elasid\u00a0<\/font><\/font><a data-url=\"https:\/\/sisu.ut.ee\/eluarengmaal\/karbon\" href=\"https:\/\/sisu.ut.ee\/eluarengmaal\/karbon\" target=\"_blank\" title=\"\" rel=\"noopener\">Karbonist<\/a><font face=\"Arial\"><font style=\"medium;font-style:normal;font-weight:400;letter-spacing:normal;text-align:start;text-indent:0px;text-transform:none\">\u00a0<\/font><\/font><a data-url=\"https:\/\/sisu.ut.ee\/eluarengmaal\/kriit\" href=\"https:\/\/sisu.ut.ee\/eluarengmaal\/kriit\" target=\"_blank\" title=\"\" rel=\"noopener\">Kriidi<\/a><font face=\"Arial\"><font style=\"medium;font-style:normal;font-weight:400;letter-spacing:normal;text-align:start;text-indent:0px;text-transform:none\">\u00a0l\u00f5puni. Nad sarnanesid n\u00fc\u00fcdisaegsete kalmaaridega (joonis), nende koonilisi sisekodasid kutsutakse rahvap\u00e4raselt kuradi s\u00f5rmedeks (fotod 1, 2). Sisemine koda s\u00e4ilitas oma \u00fcrgse kambriteks jaotunud koonuse kuju (foto 2).<\/font><\/font><br><img loading=\"lazy\" decoding=\"async\" width=\"280\" height=\"99\" class=\"alignnone wp-image-384\" src=\"https:\/\/sisu.ut.ee\/wp-content\/uploads\/sites\/426\/belem1.jpg\" title=\"belem1.jpg\" alt=\"belem\"><br><font face=\"Arial\"><font style=\"medium;font-style:normal;font-weight:400;letter-spacing:normal;text-align:start;text-indent:0px;text-transform:none\">Joonis. Belemniidi rekonstruktsioon<\/font><\/font><br><img loading=\"lazy\" decoding=\"async\" width=\"120\" height=\"76\" class=\"alignnone wp-image-385\" src=\"https:\/\/sisu.ut.ee\/wp-content\/uploads\/sites\/426\/belemniit1a.jpg\" title=\"belemniit1a.jpg\" alt=\"belemniit\"><img loading=\"lazy\" decoding=\"async\" width=\"120\" height=\"68\" class=\"alignnone wp-image-386\" src=\"https:\/\/sisu.ut.ee\/wp-content\/uploads\/sites\/426\/belemniit2a.jpg\" title=\"belemniit2a.jpg\" alt=\"belemniit2\"><br><font face=\"Arial\"><font style=\"medium;font-style:normal;font-weight:400;letter-spacing:normal;text-align:start;text-indent:0px;text-transform:none\">Foto 1. Belemniidi\u00a0<i>Belemnites benderianus<\/i>\u00a0sisekojad, Juura, Papile<\/font><\/font><\/p>\n<p><img loading=\"lazy\" decoding=\"async\" width=\"120\" height=\"104\" class=\"alignnone wp-image-387\" src=\"https:\/\/sisu.ut.ee\/wp-content\/uploads\/sites\/426\/belemniit3a.jpg\" title=\"belemniit3a.jpg\" alt=\"belemniit3\"><img loading=\"lazy\" decoding=\"async\" width=\"120\" height=\"120\" class=\"alignnone wp-image-388\" src=\"https:\/\/sisu.ut.ee\/wp-content\/uploads\/sites\/426\/belemniit4a.jpg\" title=\"belemniit4a.jpg\" alt=\"belemniit4\"><br><font face=\"Arial\"><font style=\"medium;font-style:normal;font-weight:400;letter-spacing:normal;text-align:start;text-indent:0px;text-transform:none\">Foto 2. Belemniidi\u00a0<i>Belemnitella mucronata<\/i>\u00a0Schlotheim sisekoda, Kriit, Belaja j\u00f5gi<\/font><\/font>\n<\/p>\n<p style=\"text-align:start\">\n\t<br><span><span style=\"color:#000000\"><span><span style=\"font-style:normal\"><span><span><span style=\"font-weight:400\"><span style=\"letter-spacing:normal\"><span><span style=\"text-transform:none\"><span><span><span><span><span>Koostanud ja fotografeerinud \u00a9 2003 Mare Isakar<\/span><\/span><\/span><\/span><\/span><\/span><\/span><\/span><\/span><\/span><\/span><\/span><\/span><\/span><\/span><\/p>\n","protected":false},"excerpt":{"rendered":"<p>Sisekojaliste\u00a0(Coleoidea) hulka kuuluvad kaheksajalad, seepiad ja kalmaarid. Sisekojaliste esimesed leiud p\u00e4rinevad Vara-Karbonist, arvukamaks muutusid nad alles Mesosoikumis. Belemniidid on v\u00e4ljasurnud\u00a0peajalgsed, kes elasid\u00a0Karbonist\u00a0Kriidi\u00a0l\u00f5puni. Nad sarnanesid n\u00fc\u00fcdisaegsete kalmaaridega (joonis), nende koonilisi sisekodasid kutsutakse rahvap\u00e4raselt kuradi s\u00f5rmedeks (fotod 1, 2). Sisemine koda s\u00e4ilitas &#8230;<\/p>\n","protected":false},"author":226,"featured_media":0,"parent":0,"menu_order":0,"comment_status":"closed","ping_status":"closed","template":"","meta":{"_acf_changed":false,"inline_featured_image":false,"footnotes":""},"class_list":["post-97","page","type-page","status-publish","hentry"],"acf":[],"_links":{"self":[{"href":"https:\/\/sisu.ut.ee\/eluarengmaal\/wp-json\/wp\/v2\/pages\/97","targetHints":{"allow":["GET"]}}],"collection":[{"href":"https:\/\/sisu.ut.ee\/eluarengmaal\/wp-json\/wp\/v2\/pages"}],"about":[{"href":"https:\/\/sisu.ut.ee\/eluarengmaal\/wp-json\/wp\/v2\/types\/page"}],"author":[{"embeddable":true,"href":"https:\/\/sisu.ut.ee\/eluarengmaal\/wp-json\/wp\/v2\/users\/226"}],"replies":[{"embeddable":true,"href":"https:\/\/sisu.ut.ee\/eluarengmaal\/wp-json\/wp\/v2\/comments?post=97"}],"version-history":[{"count":1,"href":"https:\/\/sisu.ut.ee\/eluarengmaal\/wp-json\/wp\/v2\/pages\/97\/revisions"}],"predecessor-version":[{"id":404,"href":"https:\/\/sisu.ut.ee\/eluarengmaal\/wp-json\/wp\/v2\/pages\/97\/revisions\/404"}],"wp:attachment":[{"href":"https:\/\/sisu.ut.ee\/eluarengmaal\/wp-json\/wp\/v2\/media?parent=97"}],"curies":[{"name":"wp","href":"https:\/\/api.w.org\/{rel}","templated":true}]}}