{"id":91,"date":"2024-04-04T05:55:46","date_gmt":"2024-04-04T02:55:46","guid":{"rendered":"https:\/\/sisu.ut.ee\/eluarengmaal\/nautiloidid\/"},"modified":"2024-04-04T05:56:24","modified_gmt":"2024-04-04T02:56:24","slug":"nautiloidid","status":"publish","type":"page","link":"https:\/\/sisu.ut.ee\/eluarengmaal\/nautiloidid\/","title":{"rendered":"Nautiloidid"},"content":{"rendered":"<p>\n\t<font face=\"Arial\"><font style=\"medium;font-style:normal;font-weight:400;letter-spacing:normal;text-align:start;text-indent:0px;text-transform:none\"><b>Nautiloidid<\/b>\u00a0(<i>Nautiloidea<\/i>) on primitiivsed, v\u00e4lise mitmekambrilise kojaga\u00a0<\/font><\/font><a data-url=\"https:\/\/sisu.ut.ee\/eluarengmaal\/peajalgsed\" href=\"https:\/\/sisu.ut.ee\/eluarengmaal\/peajalgsed\" target=\"_blank\" title=\"\" rel=\"noopener\">peajalgsed<\/a><font face=\"Arial\"><font style=\"medium;font-style:normal;font-weight:400;letter-spacing:normal;text-align:start;text-indent:0px;text-transform:none\">. Koda oli kas lamespiraalselt keerdunud v\u00f5i sirge (joonis 1, 2), kambrid olid \u00fcksteisest vaheseintega eraldatud ja gaasiga t\u00e4idetud. Gaasi r\u00f5hku sai muuta kambreid \u00fchendava sifooniga (joonis 1). K\u00f5ige v\u00e4limises elukambris elas loom ise. Vanimad nautiloidide kivistised on leitud\u00a0<\/font><\/font><a data-url=\"https:\/\/sisu.ut.ee\/eluarengmaal\/kambriumi-ajastu\" href=\"https:\/\/sisu.ut.ee\/eluarengmaal\/kambriumi-ajastu\" target=\"_blank\" title=\"\" rel=\"noopener\">Kambriumi<\/a><font face=\"Arial\"><font style=\"medium;font-style:normal;font-weight:400;letter-spacing:normal;text-align:start;text-indent:0px;text-transform:none\">\u00a0kivimitest.<\/font><\/font><\/p>\n<p><img loading=\"lazy\" decoding=\"async\" width=\"169\" height=\"173\" class=\"alignnone wp-image-361\" src=\"https:\/\/sisu.ut.ee\/wp-content\/uploads\/sites\/426\/peajalg4a.gif\" title=\"peajalg4a.gif\" alt=\"peajalg4\"><br><font face=\"Arial\"><font style=\"medium;font-style:normal;font-weight:400;letter-spacing:normal;text-align:start;text-indent:0px;text-transform:none\">Joonis 1. Spiraalse kojaga peajalgse ehitus<\/font><\/font><br><img loading=\"lazy\" decoding=\"async\" width=\"125\" height=\"144\" class=\"alignnone wp-image-362\" src=\"https:\/\/sisu.ut.ee\/wp-content\/uploads\/sites\/426\/peajalg.gif\" title=\"peajalg.gif\" alt=\"peajalg\"><img loading=\"lazy\" decoding=\"async\" width=\"80\" height=\"138\" class=\"alignnone wp-image-363\" src=\"https:\/\/sisu.ut.ee\/wp-content\/uploads\/sites\/426\/peajalg1.gif\" title=\"peajalg1.gif\" alt=\"peajalg1\"><br><font face=\"Arial\"><font style=\"medium;font-style:normal;font-weight:400;letter-spacing:normal;text-align:start;text-indent:0px;text-transform:none\">Joonis 2. Sirge kojaga peajalgse ehitus<\/font><\/font><\/p>\n<p><img loading=\"lazy\" decoding=\"async\" width=\"120\" height=\"79\" class=\"alignnone wp-image-364\" src=\"https:\/\/sisu.ut.ee\/wp-content\/uploads\/sites\/426\/cef1a.jpg\" title=\"cef1a.jpg\" alt=\"cef1a\"><br><font face=\"Arial\"><font style=\"medium;font-style:normal;font-weight:400;letter-spacing:normal;text-align:start;text-indent:0px;text-transform:none\">Foto 1.\u00a0<i>Cochlioceras commune<\/i>\u00a0(Wahlenberg), Tondi, Ordoviitsium, Kunda lade<\/font><\/font><br><img loading=\"lazy\" decoding=\"async\" width=\"120\" height=\"114\" class=\"alignnone wp-image-365\" src=\"https:\/\/sisu.ut.ee\/wp-content\/uploads\/sites\/426\/cef2a.jpg\" title=\"cef2a.jpg\" alt=\"cef2\"><br><font face=\"Arial\"><font style=\"medium;font-style:normal;font-weight:400;letter-spacing:normal;text-align:start;text-indent:0px;text-transform:none\">Foto 2.\u00a0<i>Lituites convolens<\/i>\u00a0(Wahlenberg), Tallinn, Ordoviitsium, Kunda lade<\/font><\/font><br><img loading=\"lazy\" decoding=\"async\" width=\"101\" height=\"120\" class=\"alignnone wp-image-366\" src=\"https:\/\/sisu.ut.ee\/wp-content\/uploads\/sites\/426\/cef3a.jpg\" title=\"cef3a.jpg\" alt=\"cef3\"><img loading=\"lazy\" decoding=\"async\" width=\"115\" height=\"120\" class=\"alignnone wp-image-367\" src=\"https:\/\/sisu.ut.ee\/wp-content\/uploads\/sites\/426\/cef4a.jpg\" title=\"cef4a.jpg\" alt=\"cef4\"><br><font face=\"Arial\"><font style=\"medium;font-style:normal;font-weight:400;letter-spacing:normal;text-align:start;text-indent:0px;text-transform:none\">Foto 3.\u00a0<i>Lituites<\/i>\u00a0sp.,\u00a0<i>sine loco<\/i>, Ordoviitsium, Lasnam\u00e4e lade<\/font><\/font><br><img loading=\"lazy\" decoding=\"async\" width=\"61\" height=\"120\" class=\"alignnone wp-image-368\" src=\"https:\/\/sisu.ut.ee\/wp-content\/uploads\/sites\/426\/cef5a.gif\" title=\"cef5a.gif\" alt=\"cef5\"><br><font face=\"Arial\"><font style=\"medium;font-style:normal;font-weight:400;letter-spacing:normal;text-align:start;text-indent:0px;text-transform:none\">Foto 4.\u00a0<i>Orthoceras nilssoni<\/i>\u00a0Boll, Valaste, Ordoviitsium, Aseri lade<\/font><\/font><br><img loading=\"lazy\" decoding=\"async\" width=\"30\" height=\"120\" class=\"alignnone wp-image-369\" src=\"https:\/\/sisu.ut.ee\/wp-content\/uploads\/sites\/426\/cef6a.jpg\" title=\"cef6a.jpg\" alt=\"cef6\"><br><font face=\"Arial\"><font style=\"medium;font-style:normal;font-weight:400;letter-spacing:normal;text-align:start;text-indent:0px;text-transform:none\">Foto 5.\u00a0<i>Cyclenoceras vaginatum<\/i>\u00a0(Schlotheim), Nehatu, Ordoviitsium, Kunda lade<\/font><\/font><br><img loading=\"lazy\" decoding=\"async\" width=\"120\" height=\"107\" class=\"alignnone wp-image-370\" src=\"https:\/\/sisu.ut.ee\/wp-content\/uploads\/sites\/426\/cef7a.jpg\" title=\"cef7a.jpg\" alt=\"cef7\"><br><font face=\"Arial\"><font style=\"medium;font-style:normal;font-weight:400;letter-spacing:normal;text-align:start;text-indent:0px;text-transform:none\">Foto 6.\u00a0<i>Discoceras<\/i>\u00a0sp., Kohtla-J\u00e4rve, Ordoviitsium, Kukruse lade<\/font><\/font><br><img loading=\"lazy\" decoding=\"async\" width=\"66\" height=\"120\" class=\"alignnone wp-image-371\" src=\"https:\/\/sisu.ut.ee\/wp-content\/uploads\/sites\/426\/cef8a.jpg\" title=\"cef8a.jpg\" alt=\"cef8\"><br><font face=\"Arial\"><font style=\"medium;font-style:normal;font-weight:400;letter-spacing:normal;text-align:start;text-indent:0px;text-transform:none\">Foto 7.\u00a0<i>Trocholites ignatum<\/i>\u00a0Stumbur, Vasalemma, Ordoviitsium, Oandu lade<\/font><\/font><\/p>\n<p><img loading=\"lazy\" decoding=\"async\" width=\"69\" height=\"120\" class=\"alignnone wp-image-372\" src=\"https:\/\/sisu.ut.ee\/wp-content\/uploads\/sites\/426\/cef11a.jpg\" title=\"cef11a.jpg\" alt=\"cef11\"><br><font face=\"Arial\"><font style=\"medium;font-style:normal;font-weight:400;letter-spacing:normal;text-align:start;text-indent:0px;text-transform:none\">Foto 8.\u00a0<i>Strandoceras sphinx<\/i>\u00a0(Schmidt), Moe, Ordoviitsium, Pirgu lade<\/font><\/font><br><img loading=\"lazy\" decoding=\"async\" width=\"48\" height=\"120\" class=\"alignnone wp-image-373\" src=\"https:\/\/sisu.ut.ee\/wp-content\/uploads\/sites\/426\/cef12a.jpg\" title=\"cef12a.jpg\" alt=\"cef12\"><br><font face=\"Arial\"><font style=\"medium;font-style:normal;font-weight:400;letter-spacing:normal;text-align:start;text-indent:0px;text-transform:none\">Foto 9.\u00a0<i>Michelinoceras<\/i>\u00a0sp., Ohesaare, Silur, Ohesaare lade<\/font><\/font>\n<\/p>\n<p style=\"text-align:start\">\n\t<br><span><span style=\"color:#000000\"><span><span style=\"font-style:normal\"><span><span><span style=\"font-weight:400\"><span style=\"letter-spacing:normal\"><span><span style=\"text-transform:none\"><span><span><span><span><span>Koostanud ja fotografeerinud \u00a9 2003 Mare Isakar<\/span><\/span><\/span><\/span><\/span><\/span><\/span><\/span><\/span><\/span><\/span><\/span><\/span><\/span><\/span><\/p>\n","protected":false},"excerpt":{"rendered":"<p>Nautiloidid\u00a0(Nautiloidea) on primitiivsed, v\u00e4lise mitmekambrilise kojaga\u00a0peajalgsed. Koda oli kas lamespiraalselt keerdunud v\u00f5i sirge (joonis 1, 2), kambrid olid \u00fcksteisest vaheseintega eraldatud ja gaasiga t\u00e4idetud. Gaasi r\u00f5hku sai muuta kambreid \u00fchendava sifooniga (joonis 1). K\u00f5ige v\u00e4limises elukambris elas loom ise. Vanimad &#8230;<\/p>\n","protected":false},"author":226,"featured_media":0,"parent":0,"menu_order":0,"comment_status":"closed","ping_status":"closed","template":"","meta":{"_acf_changed":false,"inline_featured_image":false,"footnotes":""},"class_list":["post-91","page","type-page","status-publish","hentry"],"acf":[],"_links":{"self":[{"href":"https:\/\/sisu.ut.ee\/eluarengmaal\/wp-json\/wp\/v2\/pages\/91","targetHints":{"allow":["GET"]}}],"collection":[{"href":"https:\/\/sisu.ut.ee\/eluarengmaal\/wp-json\/wp\/v2\/pages"}],"about":[{"href":"https:\/\/sisu.ut.ee\/eluarengmaal\/wp-json\/wp\/v2\/types\/page"}],"author":[{"embeddable":true,"href":"https:\/\/sisu.ut.ee\/eluarengmaal\/wp-json\/wp\/v2\/users\/226"}],"replies":[{"embeddable":true,"href":"https:\/\/sisu.ut.ee\/eluarengmaal\/wp-json\/wp\/v2\/comments?post=91"}],"version-history":[{"count":1,"href":"https:\/\/sisu.ut.ee\/eluarengmaal\/wp-json\/wp\/v2\/pages\/91\/revisions"}],"predecessor-version":[{"id":413,"href":"https:\/\/sisu.ut.ee\/eluarengmaal\/wp-json\/wp\/v2\/pages\/91\/revisions\/413"}],"wp:attachment":[{"href":"https:\/\/sisu.ut.ee\/eluarengmaal\/wp-json\/wp\/v2\/media?parent=91"}],"curies":[{"name":"wp","href":"https:\/\/api.w.org\/{rel}","templated":true}]}}