{"id":90,"date":"2024-04-04T05:55:46","date_gmt":"2024-04-04T02:55:46","guid":{"rendered":"https:\/\/sisu.ut.ee\/eluarengmaal\/peajalgsed\/"},"modified":"2024-04-04T05:56:24","modified_gmt":"2024-04-04T02:56:24","slug":"peajalgsed","status":"publish","type":"page","link":"https:\/\/sisu.ut.ee\/eluarengmaal\/peajalgsed\/","title":{"rendered":"Peajalgsed"},"content":{"rendered":"<p>\n\t<b>Peajalgsed<\/b>\u00a0(<i>Cephalopoda<\/i>) on k\u00f5rge arengutasemega\u00a0<a data-url=\"https:\/\/sisu.ut.ee\/eluarengmaal\/limused-ehk-molluskid\" href=\"https:\/\/sisu.ut.ee\/eluarengmaal\/limused-ehk-molluskid\" target=\"_blank\" title=\"\" rel=\"noopener\">limused<\/a>. Peajalgsete torpeedokujuline v\u00f5i \u00fcmmargune (kotjas) keha koosneb kerest ja peast. Keha \u00fcmbritseb seljapoolel kokku kasvanud mantel. Suuava \u00fcmbritsevad iminappadega kombitsate ehk haarmete p\u00e4rg (vaata nautiloidid). Peaaju on neil h\u00e4sti arenenud, silmad on suured ja sarnanevad ehituselt selgroogsete silmadega.\n<\/p>\n<p>\n\tPeajalgsed jagunevad\n<\/p>\n<ul>\n<li>\n\t\t<a data-url=\"https:\/\/sisu.ut.ee\/eluarengmaal\/nautiloidid\" href=\"https:\/\/sisu.ut.ee\/eluarengmaal\/nautiloidid\" target=\"_blank\" title=\"\" rel=\"noopener\">laevukeselised ehk nautiloidid (Nautiloidea)<\/a>\n\t<\/li>\n<li>\n\t\t<a data-url=\"https:\/\/sisu.ut.ee\/eluarengmaal\/ammoniidid\" href=\"https:\/\/sisu.ut.ee\/eluarengmaal\/ammoniidid\" target=\"_blank\" title=\"\" rel=\"noopener\">ammoniidid (Ammonoidea)<\/a>\n\t<\/li>\n<li>\n\t\t<a data-url=\"https:\/\/sisu.ut.ee\/eluarengmaal\/sisekojalised\" href=\"https:\/\/sisu.ut.ee\/eluarengmaal\/sisekojalised\" target=\"_blank\" title=\"\" rel=\"noopener\">sisekojalised (Coleoidea)<\/a>\n\t<\/li>\n<\/ul>\n<p>\n\tPeajalgsete vanimad kivistised p\u00e4rinevad\u00a0<a data-url=\"https:\/\/sisu.ut.ee\/eluarengmaal\/kambriumi-ajastu\" href=\"https:\/\/sisu.ut.ee\/eluarengmaal\/kambriumi-ajastu\" target=\"_blank\" title=\"\" rel=\"noopener\">Kambriumi<\/a>\u00a0ladestust. Osa peajalgsete v\u00e4ljasurnud r\u00fchmi <u>(<\/u><a data-url=\"https:\/\/sisu.ut.ee\/eluarengmaal\/ammoniidid\" href=\"https:\/\/sisu.ut.ee\/eluarengmaal\/ammoniidid\" target=\"_blank\" title=\"\" rel=\"noopener\">ammoniidid<\/a><u>,<\/u>\u00a0<a data-url=\"https:\/\/sisu.ut.ee\/eluarengmaal\/sisekojalised\" href=\"https:\/\/sisu.ut.ee\/eluarengmaal\/sisekojalised\" target=\"_blank\" title=\"\" rel=\"noopener\">belemniidid<\/a><u>)<\/u> on olulised\u00a0<a data-url=\"https:\/\/sisu.ut.ee\/eluarengmaal\/juhtkivistis\" href=\"https:\/\/sisu.ut.ee\/eluarengmaal\/juhtkivistis\" target=\"_blank\" title=\"\" rel=\"noopener\">juhtkivistised<\/a>.\n<\/p>\n<p>\t<img loading=\"lazy\" decoding=\"async\" width=\"69\" height=\"59\" class=\"alignnone wp-image-360\" src=\"https:\/\/sisu.ut.ee\/wp-content\/uploads\/sites\/426\/ammonite.gif\" title=\"ammonite.gif\" alt=\"ammonite\"><\/p>\n","protected":false},"excerpt":{"rendered":"<p>Peajalgsed\u00a0(Cephalopoda) on k\u00f5rge arengutasemega\u00a0limused. Peajalgsete torpeedokujuline v\u00f5i \u00fcmmargune (kotjas) keha koosneb kerest ja peast. Keha \u00fcmbritseb seljapoolel kokku kasvanud mantel. Suuava \u00fcmbritsevad iminappadega kombitsate ehk haarmete p\u00e4rg (vaata nautiloidid). Peaaju on neil h\u00e4sti arenenud, silmad on suured ja sarnanevad ehituselt &#8230;<\/p>\n","protected":false},"author":226,"featured_media":0,"parent":0,"menu_order":0,"comment_status":"closed","ping_status":"closed","template":"","meta":{"_acf_changed":false,"inline_featured_image":false,"footnotes":""},"class_list":["post-90","page","type-page","status-publish","hentry"],"acf":[],"_links":{"self":[{"href":"https:\/\/sisu.ut.ee\/eluarengmaal\/wp-json\/wp\/v2\/pages\/90","targetHints":{"allow":["GET"]}}],"collection":[{"href":"https:\/\/sisu.ut.ee\/eluarengmaal\/wp-json\/wp\/v2\/pages"}],"about":[{"href":"https:\/\/sisu.ut.ee\/eluarengmaal\/wp-json\/wp\/v2\/types\/page"}],"author":[{"embeddable":true,"href":"https:\/\/sisu.ut.ee\/eluarengmaal\/wp-json\/wp\/v2\/users\/226"}],"replies":[{"embeddable":true,"href":"https:\/\/sisu.ut.ee\/eluarengmaal\/wp-json\/wp\/v2\/comments?post=90"}],"version-history":[{"count":1,"href":"https:\/\/sisu.ut.ee\/eluarengmaal\/wp-json\/wp\/v2\/pages\/90\/revisions"}],"predecessor-version":[{"id":412,"href":"https:\/\/sisu.ut.ee\/eluarengmaal\/wp-json\/wp\/v2\/pages\/90\/revisions\/412"}],"wp:attachment":[{"href":"https:\/\/sisu.ut.ee\/eluarengmaal\/wp-json\/wp\/v2\/media?parent=90"}],"curies":[{"name":"wp","href":"https:\/\/api.w.org\/{rel}","templated":true}]}}