{"id":9,"date":"2024-04-04T05:55:39","date_gmt":"2024-04-04T02:55:39","guid":{"rendered":"https:\/\/sisu.ut.ee\/eluarengmaal\/karbid\/"},"modified":"2024-04-04T05:56:27","modified_gmt":"2024-04-04T02:56:27","slug":"karbid","status":"publish","type":"page","link":"https:\/\/sisu.ut.ee\/eluarengmaal\/karbid\/","title":{"rendered":"Karbid"},"content":{"rendered":"<p>\n\t<font face=\"Arial\"><font style=\"medium;font-style:normal;font-weight:400;letter-spacing:normal;text-align:start;text-indent:0px;text-transform:none\"><b>Karbid<\/b>\u00a0(<i>Bivalvia<\/i>) on vees elutsevad, kahest poolmest koosneva lubikojaga ja lameda kehaga\u00a0<\/font><\/font><a data-url=\"https:\/\/sisu.ut.ee\/eluarengmaal\/limused-ehk-molluskid\" href=\"https:\/\/sisu.ut.ee\/eluarengmaal\/limused-ehk-molluskid\" target=\"_blank\" title=\"\" rel=\"noopener\">limused<\/a><font face=\"Arial\"><font style=\"medium;font-style:normal;font-weight:400;letter-spacing:normal;text-align:start;text-indent:0px;text-transform:none\">. Karpidel ei ole eristunud pead ega l\u00f5ugu. Neil on 2 paari liistakl\u00f5puseid ja liikumiselundina talitlev tugev lihaseline j\u00e4tke \u2013 jalg (joonis 1).<\/font><\/font>\n<\/p>\n<p>\n\t<font face=\"Arial\">Vanimad karpide kivistised p\u00e4rinevad\u00a0<\/font><a data-url=\"https:\/\/sisu.ut.ee\/eluarengmaal\/kambriumi-ajastu\" href=\"https:\/\/sisu.ut.ee\/eluarengmaal\/kambriumi-ajastu\" target=\"_blank\" title=\"\" rel=\"noopener\">Kambriumi<\/a><font face=\"Arial\">\u00a0settekivimeist, eriti rohkesti leidub neid aga\u00a0<\/font><a data-url=\"https:\/\/sisu.ut.ee\/eluarengmaal\/mesosoikum\" href=\"https:\/\/sisu.ut.ee\/eluarengmaal\/mesosoikum\" target=\"_blank\" title=\"\" rel=\"noopener\">Meso-<\/a><font face=\"Arial\">\u00a0ja\u00a0<\/font><a data-url=\"https:\/\/sisu.ut.ee\/eluarengmaal\/kainosoikum\" href=\"https:\/\/sisu.ut.ee\/eluarengmaal\/kainosoikum\" target=\"_blank\" title=\"\" rel=\"noopener\">Kainosoikumi<\/a><font face=\"Arial\">\u00a0settekivimeis.<\/font><br><img loading=\"lazy\" decoding=\"async\" width=\"115\" height=\"120\" class=\"alignnone wp-image-108\" src=\"https:\/\/sisu.ut.ee\/wp-content\/uploads\/sites\/426\/bivalvia1a.jpg\" title=\"bivalvia1a.jpg\" alt=\"bivalvia1\"><img loading=\"lazy\" decoding=\"async\" width=\"118\" height=\"120\" class=\"alignnone wp-image-109\" src=\"https:\/\/sisu.ut.ee\/wp-content\/uploads\/sites\/426\/bivalvia2a.jpg\" title=\"bivalvia2a.jpg\" alt=\"bivalvia2\"><br><font face=\"Arial\">Joonis 1. Karbi rekonstruktsioon<\/font><br><img loading=\"lazy\" decoding=\"async\" width=\"120\" height=\"68\" class=\"alignnone wp-image-110\" src=\"https:\/\/sisu.ut.ee\/wp-content\/uploads\/sites\/426\/bi_4a.jpg\" title=\"bi_4a.jpg\" alt=\"bi4\"><br><font face=\"Arial\">Foto 1.\u00a0<i>Ahtioconcha auris<\/i>\u00a0\u00f5pik, K\u00fcttej\u00f5u, Ordoviitsium, Kukruse lade<\/font><br><img loading=\"lazy\" decoding=\"async\" width=\"120\" height=\"99\" class=\"alignnone wp-image-111\" src=\"https:\/\/sisu.ut.ee\/wp-content\/uploads\/sites\/426\/bi1a.jpg\" title=\"bi1a.jpg\" alt=\"bi1\"><img loading=\"lazy\" decoding=\"async\" width=\"120\" height=\"106\" class=\"alignnone wp-image-112\" src=\"https:\/\/sisu.ut.ee\/wp-content\/uploads\/sites\/426\/bi2a.jpg\" title=\"bi2a.jpg\" alt=\"bi2\"><img loading=\"lazy\" decoding=\"async\" width=\"120\" height=\"35\" class=\"alignnone wp-image-113\" src=\"https:\/\/sisu.ut.ee\/wp-content\/uploads\/sites\/426\/bi3a.jpg\" title=\"bi3a.jpg\" alt=\"bi3\"><br><font face=\"Arial\">Foto 2. Karp\u00a0<i>Ilionia prisca<\/i>\u00a0Hisinger, Paadla, Silur, Paadla lade<\/font><br><img loading=\"lazy\" decoding=\"async\" width=\"99\" height=\"120\" class=\"alignnone wp-image-114\" src=\"https:\/\/sisu.ut.ee\/wp-content\/uploads\/sites\/426\/bi4a.jpg\" title=\"bi4a.jpg\" alt=\"bi4\"><img loading=\"lazy\" decoding=\"async\" width=\"120\" height=\"60\" class=\"alignnone wp-image-115\" src=\"https:\/\/sisu.ut.ee\/wp-content\/uploads\/sites\/426\/bi5a.jpg\" title=\"bi5a.jpg\" alt=\"bi5\"><img loading=\"lazy\" decoding=\"async\" width=\"101\" height=\"120\" class=\"alignnone wp-image-116\" src=\"https:\/\/sisu.ut.ee\/wp-content\/uploads\/sites\/426\/bi6a.jpg\" title=\"bi6a.jpg\" alt=\"bi6\"><img loading=\"lazy\" decoding=\"async\" width=\"102\" height=\"120\" class=\"alignnone wp-image-117\" src=\"https:\/\/sisu.ut.ee\/wp-content\/uploads\/sites\/426\/bi7a.jpg\" title=\"bi7a.jpg\" alt=\"bi7\"><br><font face=\"Arial\">Foto 3. Karp\u00a0<i>Gryphaea corrugata<\/i>\u00a0Say., Kriit, L\u00f5una-Kansas<\/font><br><img loading=\"lazy\" decoding=\"async\" width=\"120\" height=\"117\" class=\"alignnone wp-image-118\" src=\"https:\/\/sisu.ut.ee\/wp-content\/uploads\/sites\/426\/bi8a.jpg\" title=\"bi8a.jpg\" alt=\"bi8\"><img loading=\"lazy\" decoding=\"async\" width=\"120\" height=\"120\" class=\"alignnone wp-image-119\" src=\"https:\/\/sisu.ut.ee\/wp-content\/uploads\/sites\/426\/bi9a.jpg\" title=\"bi9a.jpg\" alt=\"bi9\"><br><font face=\"Arial\">Foto 4. Austrikarp\u00a0<i>Ostrea callifera<\/i>\u00a0Lamarck, Paleogeen, Eotseen, Weinheim<\/font>\n<\/p>\n<p style=\"text-align:start\">\n\t<br><span><span style=\"color:#000000\"><span><span style=\"font-style:normal\"><span><span><span style=\"font-weight:400\"><span style=\"letter-spacing:normal\"><span><span style=\"text-transform:none\"><span><span><span><span><span>Koostanud ja fotografeerinud \u00a9 2003 Mare Isakar<\/span><\/span><\/span><\/span><\/span><\/span><\/span><\/span><\/span><\/span><\/span><\/span><\/span><\/span><\/span><\/p>\n","protected":false},"excerpt":{"rendered":"<p>Karbid\u00a0(Bivalvia) on vees elutsevad, kahest poolmest koosneva lubikojaga ja lameda kehaga\u00a0limused. Karpidel ei ole eristunud pead ega l\u00f5ugu. Neil on 2 paari liistakl\u00f5puseid ja liikumiselundina talitlev tugev lihaseline j\u00e4tke \u2013 jalg (joonis 1). Vanimad karpide kivistised p\u00e4rinevad\u00a0Kambriumi\u00a0settekivimeist, eriti rohkesti leidub &#8230;<\/p>\n","protected":false},"author":226,"featured_media":0,"parent":0,"menu_order":0,"comment_status":"closed","ping_status":"closed","template":"","meta":{"_acf_changed":false,"inline_featured_image":false,"footnotes":""},"class_list":["post-9","page","type-page","status-publish","hentry"],"acf":[],"_links":{"self":[{"href":"https:\/\/sisu.ut.ee\/eluarengmaal\/wp-json\/wp\/v2\/pages\/9","targetHints":{"allow":["GET"]}}],"collection":[{"href":"https:\/\/sisu.ut.ee\/eluarengmaal\/wp-json\/wp\/v2\/pages"}],"about":[{"href":"https:\/\/sisu.ut.ee\/eluarengmaal\/wp-json\/wp\/v2\/types\/page"}],"author":[{"embeddable":true,"href":"https:\/\/sisu.ut.ee\/eluarengmaal\/wp-json\/wp\/v2\/users\/226"}],"replies":[{"embeddable":true,"href":"https:\/\/sisu.ut.ee\/eluarengmaal\/wp-json\/wp\/v2\/comments?post=9"}],"version-history":[{"count":1,"href":"https:\/\/sisu.ut.ee\/eluarengmaal\/wp-json\/wp\/v2\/pages\/9\/revisions"}],"predecessor-version":[{"id":482,"href":"https:\/\/sisu.ut.ee\/eluarengmaal\/wp-json\/wp\/v2\/pages\/9\/revisions\/482"}],"wp:attachment":[{"href":"https:\/\/sisu.ut.ee\/eluarengmaal\/wp-json\/wp\/v2\/media?parent=9"}],"curies":[{"name":"wp","href":"https:\/\/api.w.org\/{rel}","templated":true}]}}