{"id":87,"date":"2024-04-04T05:55:46","date_gmt":"2024-04-04T02:55:46","guid":{"rendered":"https:\/\/sisu.ut.ee\/eluarengmaal\/lasnjalgsed\/"},"modified":"2024-04-04T05:56:24","modified_gmt":"2024-04-04T02:56:24","slug":"lasnjalgsed","status":"publish","type":"page","link":"https:\/\/sisu.ut.ee\/eluarengmaal\/lasnjalgsed\/","title":{"rendered":"Lasnjalgsed"},"content":{"rendered":"<p>\n\t<font face=\"Arial\"><font style=\"medium;font-style:normal;font-weight:400;letter-spacing:normal;text-align:start;text-indent:0px;text-transform:none\"><b>Lasnjalgsed<\/b>\u00a0(<i>Scaphopoda<\/i>) on v\u00e4ikesed\u00a0<\/font><\/font><a data-url=\"https:\/\/sisu.ut.ee\/eluarengmaal\/limused-ehk-molluskid\" href=\"https:\/\/sisu.ut.ee\/eluarengmaal\/limused-ehk-molluskid\" target=\"_blank\" title=\"\" rel=\"noopener\">merelimused<\/a><font face=\"Arial\"><font style=\"medium;font-style:normal;font-weight:400;letter-spacing:normal;text-align:start;text-indent:0px;text-transform:none\">. Nende piklik keha paikneb torujas kojas, mis sarnaneb tillukese elevandikihvaga ja on m\u00f5lemast otsast lahti (foto 1). L\u00f5puseid ja silmi neil pole, pea on taandarenenud. Elavad merep\u00f5hja kaevununa, toituvad pisiloomadest, mida haaravad niitjate kombitsatega. Vanimad lasnjalgsed on leitud\u00a0<\/font><\/font><a data-url=\"https:\/\/sisu.ut.ee\/eluarengmaal\/ordoviitsium\" href=\"https:\/\/sisu.ut.ee\/eluarengmaal\/ordoviitsium\" target=\"_blank\" title=\"\" rel=\"noopener\">Ordoviitsiumi<\/a><font face=\"Arial\"><font style=\"medium;font-style:normal;font-weight:400;letter-spacing:normal;text-align:start;text-indent:0px;text-transform:none\">\u00a0kivimitest.<\/font><\/font><br><img loading=\"lazy\" decoding=\"async\" width=\"425\" height=\"209\" class=\"alignnone wp-image-355\" src=\"https:\/\/sisu.ut.ee\/wp-content\/uploads\/sites\/426\/scaphod.gif\" title=\"scaphod.gif\" alt=\"scaphod\"><br><font face=\"Arial\"><font style=\"medium;font-style:normal;font-weight:400;letter-spacing:normal;text-align:start;text-indent:0px;text-transform:none\">Joonis 1. T\u00e4nap\u00e4eval levinuim lasnjalgne harilik merikihv (<i>Dentalium<\/i>)<\/font><\/font><br><img loading=\"lazy\" decoding=\"async\" width=\"120\" height=\"66\" class=\"alignnone wp-image-356\" src=\"https:\/\/sisu.ut.ee\/wp-content\/uploads\/sites\/426\/dentalim1a.jpg\" title=\"dentalim1a.jpg\" alt=\"dentalim1\"><img loading=\"lazy\" decoding=\"async\" width=\"120\" height=\"105\" class=\"alignnone wp-image-357\" src=\"https:\/\/sisu.ut.ee\/wp-content\/uploads\/sites\/426\/dentalium2a.jpg\" title=\"dentalium2a.jpg\" alt=\"dentalium2\"><br><font face=\"Arial\"><font style=\"medium;font-style:normal;font-weight:400;letter-spacing:normal;text-align:start;text-indent:0px;text-transform:none\">Foto 1. Merikihv\u00a0<i>Dentalium (Entalis) badense<\/i>\u00a0Partch., Neogeen, Miotseen, Lapugy, Ungari<\/font><\/font>\n<\/p>\n<p style=\"text-align:start\">\n\t<br><span><span style=\"color:#000000\"><span><span style=\"font-style:normal\"><span><span><span style=\"font-weight:400\"><span style=\"letter-spacing:normal\"><span><span style=\"text-transform:none\"><span><span><span><span><span>Koostanud ja fotografeerinud \u00a9 2003 Mare Isakar<\/span><\/span><\/span><\/span><\/span><\/span><\/span><\/span><\/span><\/span><\/span><\/span><\/span><\/span><\/span><\/p>\n","protected":false},"excerpt":{"rendered":"<p>Lasnjalgsed\u00a0(Scaphopoda) on v\u00e4ikesed\u00a0merelimused. Nende piklik keha paikneb torujas kojas, mis sarnaneb tillukese elevandikihvaga ja on m\u00f5lemast otsast lahti (foto 1). L\u00f5puseid ja silmi neil pole, pea on taandarenenud. Elavad merep\u00f5hja kaevununa, toituvad pisiloomadest, mida haaravad niitjate kombitsatega. Vanimad lasnjalgsed on &#8230;<\/p>\n","protected":false},"author":226,"featured_media":0,"parent":0,"menu_order":0,"comment_status":"closed","ping_status":"closed","template":"","meta":{"_acf_changed":false,"inline_featured_image":false,"footnotes":""},"class_list":["post-87","page","type-page","status-publish","hentry"],"acf":[],"_links":{"self":[{"href":"https:\/\/sisu.ut.ee\/eluarengmaal\/wp-json\/wp\/v2\/pages\/87","targetHints":{"allow":["GET"]}}],"collection":[{"href":"https:\/\/sisu.ut.ee\/eluarengmaal\/wp-json\/wp\/v2\/pages"}],"about":[{"href":"https:\/\/sisu.ut.ee\/eluarengmaal\/wp-json\/wp\/v2\/types\/page"}],"author":[{"embeddable":true,"href":"https:\/\/sisu.ut.ee\/eluarengmaal\/wp-json\/wp\/v2\/users\/226"}],"replies":[{"embeddable":true,"href":"https:\/\/sisu.ut.ee\/eluarengmaal\/wp-json\/wp\/v2\/comments?post=87"}],"version-history":[{"count":1,"href":"https:\/\/sisu.ut.ee\/eluarengmaal\/wp-json\/wp\/v2\/pages\/87\/revisions"}],"predecessor-version":[{"id":409,"href":"https:\/\/sisu.ut.ee\/eluarengmaal\/wp-json\/wp\/v2\/pages\/87\/revisions\/409"}],"wp:attachment":[{"href":"https:\/\/sisu.ut.ee\/eluarengmaal\/wp-json\/wp\/v2\/media?parent=87"}],"curies":[{"name":"wp","href":"https:\/\/api.w.org\/{rel}","templated":true}]}}