{"id":80,"date":"2024-04-04T05:55:45","date_gmt":"2024-04-04T02:55:45","guid":{"rendered":"https:\/\/sisu.ut.ee\/eluarengmaal\/ediacara-fauna\/"},"modified":"2024-04-04T05:56:25","modified_gmt":"2024-04-04T02:56:25","slug":"ediacara-fauna","status":"publish","type":"page","link":"https:\/\/sisu.ut.ee\/eluarengmaal\/ediacara-fauna\/","title":{"rendered":"Ediacara fauna"},"content":{"rendered":"<p>\n\t1946. aastal avastati L\u00f5una Austraalias\u00a0Ediacara m\u00e4gedest\u00a0\u00fclem-Proterosoikumi kivimitest pehmekehaliste loomade j\u00e4ljendeid. Sellest ajast peale on leitud Ediacara fauna esindajaid (nn\u00a0<a data-url=\"https:\/\/sisu.ut.ee\/eluarengmaal\/vend\" href=\"https:\/\/sisu.ut.ee\/eluarengmaal\/vend\" target=\"_blank\" title=\"\" rel=\"noopener\">Vendi<\/a>\u00a0pehmekehalisi kivistisi) k\u00f5ikidelt kontinentidelt, kivimitest, mille vanuseks on m\u00e4\u00e4ratud \u00fcle 540 miljoni aasta. On kirjeldatud rohkem kui 100 liiki pehmekehalisi organisme, kellel k\u00f5igil on suur keha pind ja m\u00e4rgatav radiaalne v\u00f5i bilateraalne s\u00fcmmeetria (skeem 1). \u00fckski neist ei piirdu kindla geograafilise piirkonnaga, k\u00fcll aga on m\u00f5ned levinud \u00fclemaailmselt.<br><img loading=\"lazy\" decoding=\"async\" width=\"189\" height=\"171\" class=\"alignnone wp-image-335\" src=\"https:\/\/sisu.ut.ee\/wp-content\/uploads\/sites\/426\/ediac_maed.gif\" title=\"ediac_maed.gif\" alt=\"Ediacara m\u00e4ed\">\n<\/p>\n<p>\n\t<em>Ediacara m\u00e4ed L\u00f5una-Austraalias<\/em><br><img loading=\"lazy\" decoding=\"async\" width=\"239\" height=\"200\" class=\"alignnone wp-image-336\" src=\"https:\/\/sisu.ut.ee\/wp-content\/uploads\/sites\/426\/ediacara.jpg\" title=\"ediacara.jpg\" alt=\"ediacara\"><br>Skeem 1. Ediacara hulkraksete rekonstruktsioon<\/p>\n","protected":false},"excerpt":{"rendered":"<p>1946. aastal avastati L\u00f5una Austraalias\u00a0Ediacara m\u00e4gedest\u00a0\u00fclem-Proterosoikumi kivimitest pehmekehaliste loomade j\u00e4ljendeid. Sellest ajast peale on leitud Ediacara fauna esindajaid (nn\u00a0Vendi\u00a0pehmekehalisi kivistisi) k\u00f5ikidelt kontinentidelt, kivimitest, mille vanuseks on m\u00e4\u00e4ratud \u00fcle 540 miljoni aasta. On kirjeldatud rohkem kui 100 liiki pehmekehalisi organisme, kellel &#8230;<\/p>\n","protected":false},"author":226,"featured_media":0,"parent":0,"menu_order":0,"comment_status":"closed","ping_status":"closed","template":"","meta":{"_acf_changed":false,"inline_featured_image":false,"footnotes":""},"class_list":["post-80","page","type-page","status-publish","hentry"],"acf":[],"_links":{"self":[{"href":"https:\/\/sisu.ut.ee\/eluarengmaal\/wp-json\/wp\/v2\/pages\/80","targetHints":{"allow":["GET"]}}],"collection":[{"href":"https:\/\/sisu.ut.ee\/eluarengmaal\/wp-json\/wp\/v2\/pages"}],"about":[{"href":"https:\/\/sisu.ut.ee\/eluarengmaal\/wp-json\/wp\/v2\/types\/page"}],"author":[{"embeddable":true,"href":"https:\/\/sisu.ut.ee\/eluarengmaal\/wp-json\/wp\/v2\/users\/226"}],"replies":[{"embeddable":true,"href":"https:\/\/sisu.ut.ee\/eluarengmaal\/wp-json\/wp\/v2\/comments?post=80"}],"version-history":[{"count":1,"href":"https:\/\/sisu.ut.ee\/eluarengmaal\/wp-json\/wp\/v2\/pages\/80\/revisions"}],"predecessor-version":[{"id":423,"href":"https:\/\/sisu.ut.ee\/eluarengmaal\/wp-json\/wp\/v2\/pages\/80\/revisions\/423"}],"wp:attachment":[{"href":"https:\/\/sisu.ut.ee\/eluarengmaal\/wp-json\/wp\/v2\/media?parent=80"}],"curies":[{"name":"wp","href":"https:\/\/api.w.org\/{rel}","templated":true}]}}