{"id":76,"date":"2024-04-04T05:55:45","date_gmt":"2024-04-04T02:55:45","guid":{"rendered":"https:\/\/sisu.ut.ee\/eluarengmaal\/fanerosoikum\/"},"modified":"2024-04-04T05:56:24","modified_gmt":"2024-04-04T02:56:24","slug":"fanerosoikum","status":"publish","type":"page","link":"https:\/\/sisu.ut.ee\/eluarengmaal\/fanerosoikum\/","title":{"rendered":"Fanerosoikum"},"content":{"rendered":"<p>\n\t<span style=\"font-family:Arial,Helvetica,sans-serif\"><span style=\"font-size:14px\"><b>Fanerosoikumiks<\/b>\u00a0loetakse Maa geoloogilises ajaloos ajavahemikku, mille v\u00e4ltel on toimunud skeletiga hulkraksete organismide areng. Ta vastab\u00a0<\/span><\/span><a data-url=\"https:\/\/sisu.ut.ee\/eluarengmaal\/paleosoikum\" href=\"https:\/\/sisu.ut.ee\/eluarengmaal\/paleosoikum\" target=\"_blank\" title=\"\" rel=\"noopener\">Paleosoikumile<\/a><span style=\"font-family:Arial,Helvetica,sans-serif\"><span style=\"font-size:14px\">, <\/span><\/span><a data-url=\"https:\/\/sisu.ut.ee\/eluarengmaal\/mesosoikum\" href=\"https:\/\/sisu.ut.ee\/eluarengmaal\/mesosoikum\" target=\"_blank\" title=\"\" rel=\"noopener\">Mesosoikumile<\/a><span style=\"font-family:Arial,Helvetica,sans-serif\"><span style=\"font-size:14px\">\u00a0ja\u00a0<\/span><\/span><a data-url=\"https:\/\/sisu.ut.ee\/eluarengmaal\/kainosoikum\" href=\"https:\/\/sisu.ut.ee\/eluarengmaal\/kainosoikum\" target=\"_blank\" title=\"\" rel=\"noopener\">Kainosoikumile<\/a><span style=\"font-family:Arial,Helvetica,sans-serif\"><span style=\"font-size:14px\">.<\/span><\/span>\n<\/p>\n<p>\n\t<span style=\"font-family:Arial,Helvetica,sans-serif\"><span style=\"font-size:14px\">Fanerosoikum j\u00e4rgnes\u00a0<\/span><\/span><a data-url=\"https:\/\/sisu.ut.ee\/eluarengmaal\/proterosoikum\" href=\"https:\/\/sisu.ut.ee\/eluarengmaal\/proterosoikum\" target=\"_blank\" title=\"\" rel=\"noopener\">Proterosoikumile<\/a><span style=\"font-family:Arial,Helvetica,sans-serif\"><span style=\"font-size:14px\">, mil elasid v\u00e4hesed peamiselt skeletita organismid.<\/span><\/span>\n<\/p>\n<p>\n\t<span style=\"font-family:Arial,Helvetica,sans-serif\"><span style=\"font-size:14px\">Elustiku arengu j\u00e4rgi eristatakse Kr\u00fcptosoikumit, mil elasid v\u00e4hesed peamiselt skeletita organismid ja Fanerosoikumit, mille alguses (Kambriumi ajastul) algas orgaanilise maailma pidev mitmekesistumine.<\/span><\/span><\/p>\n","protected":false},"excerpt":{"rendered":"<p>Fanerosoikumiks\u00a0loetakse Maa geoloogilises ajaloos ajavahemikku, mille v\u00e4ltel on toimunud skeletiga hulkraksete organismide areng. Ta vastab\u00a0Paleosoikumile, Mesosoikumile\u00a0ja\u00a0Kainosoikumile. Fanerosoikum j\u00e4rgnes\u00a0Proterosoikumile, mil elasid v\u00e4hesed peamiselt skeletita organismid. Elustiku arengu j\u00e4rgi eristatakse Kr\u00fcptosoikumit, mil elasid v\u00e4hesed peamiselt skeletita organismid ja Fanerosoikumit, mille alguses (Kambriumi &#8230;<\/p>\n","protected":false},"author":226,"featured_media":0,"parent":0,"menu_order":0,"comment_status":"closed","ping_status":"closed","template":"","meta":{"_acf_changed":false,"inline_featured_image":false,"footnotes":""},"class_list":["post-76","page","type-page","status-publish","hentry"],"acf":[],"_links":{"self":[{"href":"https:\/\/sisu.ut.ee\/eluarengmaal\/wp-json\/wp\/v2\/pages\/76","targetHints":{"allow":["GET"]}}],"collection":[{"href":"https:\/\/sisu.ut.ee\/eluarengmaal\/wp-json\/wp\/v2\/pages"}],"about":[{"href":"https:\/\/sisu.ut.ee\/eluarengmaal\/wp-json\/wp\/v2\/types\/page"}],"author":[{"embeddable":true,"href":"https:\/\/sisu.ut.ee\/eluarengmaal\/wp-json\/wp\/v2\/users\/226"}],"replies":[{"embeddable":true,"href":"https:\/\/sisu.ut.ee\/eluarengmaal\/wp-json\/wp\/v2\/comments?post=76"}],"version-history":[{"count":1,"href":"https:\/\/sisu.ut.ee\/eluarengmaal\/wp-json\/wp\/v2\/pages\/76\/revisions"}],"predecessor-version":[{"id":419,"href":"https:\/\/sisu.ut.ee\/eluarengmaal\/wp-json\/wp\/v2\/pages\/76\/revisions\/419"}],"wp:attachment":[{"href":"https:\/\/sisu.ut.ee\/eluarengmaal\/wp-json\/wp\/v2\/media?parent=76"}],"curies":[{"name":"wp","href":"https:\/\/api.w.org\/{rel}","templated":true}]}}