{"id":74,"date":"2024-04-04T05:55:45","date_gmt":"2024-04-04T02:55:45","guid":{"rendered":"https:\/\/sisu.ut.ee\/eluarengmaal\/kasutatud-kirjandus-1\/"},"modified":"2024-04-04T05:56:24","modified_gmt":"2024-04-04T02:56:24","slug":"kasutatud-kirjandus-1","status":"publish","type":"page","link":"https:\/\/sisu.ut.ee\/eluarengmaal\/kasutatud-kirjandus-1\/","title":{"rendered":"Kasutatud kirjandus"},"content":{"rendered":"<header id=\"main-content-header\">\n<p id=\"page-title\">\n\t\t<span style=\"font-family:Arial,Helvetica,sans-serif\"><span style=\"font-size:12px\"><button data-toggle=\"dropdown\"><\/button><\/span><\/span><span style=\"font-size:13px\"><b style=\"font-size: 12px\">Clarkson, E. N. K.<\/b>\u00a01993. Invertebrate Palaeontology and Evolution. Chapman &amp; Hall, 434 lk.<\/span>\n\t<\/p>\n<\/header>\n<p>\n\t<span style=\"font-size:13px\"><span style=\"font-family:Arial,Helvetica,sans-serif\"><b>Haines, T.<\/b>\u00a02000. Dinosauruste radadel. Looduslooline \u00fclevaade. Varrak, 288 lk.<\/span><\/span>\n<\/p>\n<p>\n\t<span style=\"font-size:13px\"><span style=\"font-family:Arial,Helvetica,sans-serif\"><b>Klaamann, E., M\u00fc\u00fcrisepp, K., Viiding, H.<\/b>\u00a01980. Eesti maavarad, kivimid ja kivistised. Abimaterjal \u00f5petajale. Tallinn, 67 lk.<\/span><\/span>\n<\/p>\n<p>\n\t<span style=\"font-size:13px\"><span style=\"font-family:Arial,Helvetica,sans-serif\"><b>Levin, H. L.<\/b>\u00a01999. The Earth Through Time. Saunders College Publishing, 568 lk.<\/span><\/span>\n<\/p>\n<p>\n\t<span style=\"font-size:13px\"><span style=\"font-family:Arial,Helvetica,sans-serif\"><b>Stanley, S. M.<\/b>\u00a01986. Earth and Life Through Time. W. H. Freeman and Company, New York, 690 lk.<\/span><\/span>\n<\/p>\n<p>\n\t<u><span style=\"font-size:13px\"><span style=\"font-family:Arial,Helvetica,sans-serif\">Siluri kivististest<\/span><\/span><\/u>\n<\/p>\n<p>\n\t<span style=\"font-size:13px\"><span style=\"font-family:Arial,Helvetica,sans-serif\"><b>Isakar, M., Ebbestad, J. O. R., Peel, J. S.<\/b>\u00a01999. Homeomorphic gastropods from the Silurian of Norway, Estonia and Bohemia. Norsk Geologisk Tidsskrift, 79, 281-288.\u00a0<a href=\"http:\/\/www.ut.ee\/BGGM\/eluareng\/Isakar1999.pdf\">http:\/\/www.ut.ee\/BGGM\/eluareng\/Isakar1999.pdf<\/a><\/span><\/span><\/p>\n","protected":false},"excerpt":{"rendered":"<p>Clarkson, E. N. K.\u00a01993. Invertebrate Palaeontology and Evolution. Chapman &amp; Hall, 434 lk. Haines, T.\u00a02000. Dinosauruste radadel. Looduslooline \u00fclevaade. Varrak, 288 lk. Klaamann, E., M\u00fc\u00fcrisepp, K., Viiding, H.\u00a01980. Eesti maavarad, kivimid ja kivistised. Abimaterjal \u00f5petajale. Tallinn, 67 lk. Levin, H. &#8230;<\/p>\n","protected":false},"author":226,"featured_media":0,"parent":0,"menu_order":0,"comment_status":"closed","ping_status":"closed","template":"","meta":{"_acf_changed":false,"inline_featured_image":false,"footnotes":""},"class_list":["post-74","page","type-page","status-publish","hentry"],"acf":[],"_links":{"self":[{"href":"https:\/\/sisu.ut.ee\/eluarengmaal\/wp-json\/wp\/v2\/pages\/74","targetHints":{"allow":["GET"]}}],"collection":[{"href":"https:\/\/sisu.ut.ee\/eluarengmaal\/wp-json\/wp\/v2\/pages"}],"about":[{"href":"https:\/\/sisu.ut.ee\/eluarengmaal\/wp-json\/wp\/v2\/types\/page"}],"author":[{"embeddable":true,"href":"https:\/\/sisu.ut.ee\/eluarengmaal\/wp-json\/wp\/v2\/users\/226"}],"replies":[{"embeddable":true,"href":"https:\/\/sisu.ut.ee\/eluarengmaal\/wp-json\/wp\/v2\/comments?post=74"}],"version-history":[{"count":1,"href":"https:\/\/sisu.ut.ee\/eluarengmaal\/wp-json\/wp\/v2\/pages\/74\/revisions"}],"predecessor-version":[{"id":417,"href":"https:\/\/sisu.ut.ee\/eluarengmaal\/wp-json\/wp\/v2\/pages\/74\/revisions\/417"}],"wp:attachment":[{"href":"https:\/\/sisu.ut.ee\/eluarengmaal\/wp-json\/wp\/v2\/media?parent=74"}],"curies":[{"name":"wp","href":"https:\/\/api.w.org\/{rel}","templated":true}]}}