{"id":73,"date":"2024-04-04T05:55:45","date_gmt":"2024-04-04T02:55:45","guid":{"rendered":"https:\/\/sisu.ut.ee\/eluarengmaal\/avaleht\/"},"modified":"2024-04-16T13:44:27","modified_gmt":"2024-04-16T10:44:27","slug":"avaleht","status":"publish","type":"page","link":"https:\/\/sisu.ut.ee\/eluarengmaal\/","title":{"rendered":"Avaleht"},"content":{"rendered":"<p>Tuhandeid aastaid on inimkond vaaginud k\u00fcsimusi: mil moel maailm alguse sai? kuidas elu tekkis? kust p\u00e4rinevad loomad ja taimed?<br>\nV\u00e4lja on pakutud mitmeid seletusi m\u00fc\u00fctilistest oletustest teaduslike h\u00fcpoteesideni.<\/p>\n<p>15. sajandil arvutas Salisbury anglikaani piiskop James Ussher \u201cPiiblile\u201d tuginedes v\u00e4lja, et Maa loodi kell 9 hommikul 20. oktoobril 4004. aastal eKr. Sellest peale on Maa vanus j\u00e4rjest kasvanud.<\/p>\n<p>Praeguste arvutuste j\u00e4rgi on Maa ligikaudu 4,6 miljardit aastat vana. Allolevast maakoore kihtide tekkimise j\u00e4rjekorda kujutavast tabelist (nn geoloogilise ajaarvamise ehk geokronoloogilisest skaalast) on kerge leida erinevatele ajastutele iseloomulikke organisme ja taimi (mida allpool, seda vanemad).<\/p>\n<table class=\"table table-hover\" border=\"1\" cellspacing=\"0\" cellpadding=\"4\">\n<tbody>\n<tr>\n<td>EOON<\/td>\n<td>AEGKOND<\/td>\n<td>AJASTU<\/td>\n<td>VANUS (MILJONIT AASTAT)<\/td>\n<\/tr>\n<tr>\n<td rowspan=\"48\"><a title=\"\" href=\"https:\/\/sisu.ut.ee\/eluarengmaal\/fanerosoikum\" target=\"_blank\" rel=\"noopener\" data-url=\"https:\/\/sisu.ut.ee\/eluarengmaal\/fanerosoikum\">Fanerosoikum<\/a><\/td>\n<td rowspan=\"12\"><a title=\"\" href=\"https:\/\/sisu.ut.ee\/eluarengmaal\/kainosoikum\" target=\"_blank\" rel=\"noopener\" data-url=\"https:\/\/sisu.ut.ee\/eluarengmaal\/kainosoikum\">Kainosoikum<\/a>\u00a0<i>Uusaegkond<\/i><\/td>\n<td rowspan=\"4\"><a title=\"\" href=\"https:\/\/sisu.ut.ee\/eluarengmaal\/kvaternaar\" target=\"_blank\" rel=\"noopener\" data-url=\"https:\/\/sisu.ut.ee\/eluarengmaal\/kvaternaar\">Kvaternaar<\/a><\/td>\n<td rowspan=\"6\">1,806<\/td>\n<\/tr>\n<tr>\n<td rowspan=\"4\"><a title=\"\" href=\"https:\/\/sisu.ut.ee\/eluarengmaal\/neogeen\" target=\"_blank\" rel=\"noopener\" data-url=\"https:\/\/sisu.ut.ee\/eluarengmaal\/neogeen\">Neogeen<\/a><\/td>\n<\/tr>\n<tr>\n<td rowspan=\"4\">23,03<\/td>\n<\/tr>\n<tr>\n<td rowspan=\"4\"><a title=\"\" href=\"https:\/\/sisu.ut.ee\/eluarengmaal\/paleogeen\" target=\"_blank\" rel=\"noopener\" data-url=\"https:\/\/sisu.ut.ee\/eluarengmaal\/paleogeen\">Paleogeen<\/a><\/td>\n<\/tr>\n<tr>\n<td rowspan=\"4\">65,5<\/td>\n<\/tr>\n<tr>\n<td rowspan=\"12\"><a title=\"\" href=\"https:\/\/sisu.ut.ee\/eluarengmaal\/mesosoikum\" target=\"_blank\" rel=\"noopener\" data-url=\"https:\/\/sisu.ut.ee\/eluarengmaal\/mesosoikum\">Mesosoikum<\/a>\u00a0<i>Keskaegkond<\/i><\/td>\n<td rowspan=\"4\"><a title=\"\" href=\"https:\/\/sisu.ut.ee\/eluarengmaal\/kriit\" target=\"_blank\" rel=\"noopener\" data-url=\"https:\/\/sisu.ut.ee\/eluarengmaal\/kriit\">Kriit<\/a><\/td>\n<\/tr>\n<tr>\n<td rowspan=\"4\">145,5<\/td>\n<\/tr>\n<tr>\n<td rowspan=\"4\"><a title=\"\" href=\"https:\/\/sisu.ut.ee\/eluarengmaal\/juura\" target=\"_blank\" rel=\"noopener\" data-url=\"https:\/\/sisu.ut.ee\/eluarengmaal\/juura\">Juura<\/a><\/td>\n<\/tr>\n<tr>\n<td rowspan=\"4\">199,6<\/td>\n<\/tr>\n<tr>\n<td rowspan=\"4\"><a title=\"\" href=\"https:\/\/sisu.ut.ee\/eluarengmaal\/triias\" target=\"_blank\" rel=\"noopener\" data-url=\"https:\/\/sisu.ut.ee\/eluarengmaal\/triias\">Triias<\/a><\/td>\n<\/tr>\n<tr>\n<td rowspan=\"4\">251<\/td>\n<\/tr>\n<tr>\n<td rowspan=\"24\"><a title=\"\" href=\"https:\/\/sisu.ut.ee\/eluarengmaal\/paleosoikum\" target=\"_blank\" rel=\"noopener\" data-url=\"https:\/\/sisu.ut.ee\/eluarengmaal\/paleosoikum\">Paleosoikum<\/a>\u00a0<i>Vanaaegkond<\/i><\/td>\n<td rowspan=\"4\"><a title=\"\" href=\"https:\/\/sisu.ut.ee\/eluarengmaal\/perm\" target=\"_blank\" rel=\"noopener\" data-url=\"https:\/\/sisu.ut.ee\/eluarengmaal\/perm\">Perm<\/a><\/td>\n<\/tr>\n<tr>\n<td rowspan=\"4\">299<\/td>\n<\/tr>\n<tr>\n<td rowspan=\"4\"><a title=\"\" href=\"https:\/\/sisu.ut.ee\/eluarengmaal\/karbon\" target=\"_blank\" rel=\"noopener\" data-url=\"https:\/\/sisu.ut.ee\/eluarengmaal\/karbon\">Karbon<\/a><\/td>\n<\/tr>\n<tr>\n<td rowspan=\"4\">359,2<\/td>\n<\/tr>\n<tr>\n<td rowspan=\"4\"><a title=\"\" href=\"https:\/\/sisu.ut.ee\/eluarengmaal\/devon\" target=\"_blank\" rel=\"noopener\" data-url=\"https:\/\/sisu.ut.ee\/eluarengmaal\/devon\">Devon<\/a><\/td>\n<\/tr>\n<tr>\n<td rowspan=\"4\">416<\/td>\n<\/tr>\n<tr>\n<td rowspan=\"4\"><a title=\"\" href=\"https:\/\/sisu.ut.ee\/eluarengmaal\/silur\" target=\"_blank\" rel=\"noopener\" data-url=\"https:\/\/sisu.ut.ee\/eluarengmaal\/silur\">Silur<\/a><\/td>\n<\/tr>\n<tr>\n<td rowspan=\"4\">443,7<\/td>\n<\/tr>\n<tr>\n<td rowspan=\"4\"><a title=\"\" href=\"https:\/\/sisu.ut.ee\/eluarengmaal\/ordoviitsium\" target=\"_blank\" rel=\"noopener\" data-url=\"https:\/\/sisu.ut.ee\/eluarengmaal\/ordoviitsium\">Ordoviitsium<\/a><\/td>\n<\/tr>\n<tr>\n<td rowspan=\"4\">488,3<\/td>\n<\/tr>\n<tr>\n<td rowspan=\"4\"><a title=\"\" href=\"https:\/\/sisu.ut.ee\/eluarengmaal\/kambriumi-ajastu\" target=\"_blank\" rel=\"noopener\" data-url=\"https:\/\/sisu.ut.ee\/eluarengmaal\/kambriumi-ajastu\">Kambrium<\/a><\/td>\n<\/tr>\n<tr>\n<td rowspan=\"4\">542<\/td>\n<\/tr>\n<tr>\n<td colspan=\"3\" rowspan=\"4\"><a title=\"\" href=\"https:\/\/sisu.ut.ee\/eluarengmaal\/proterosoikum\" target=\"_blank\" rel=\"noopener\" data-url=\"https:\/\/sisu.ut.ee\/eluarengmaal\/proterosoikum\">Proterosoikum<\/a>\u00a0<i>Agueoon<\/i><\/td>\n<\/tr>\n<tr>\n<td rowspan=\"6\">25004600<\/td>\n<\/tr>\n<tr>\n<td colspan=\"3\" rowspan=\"4\"><a title=\"\" href=\"https:\/\/sisu.ut.ee\/eluarengmaal\/arhaikum-ehk-%C3%BCrgeoon\" target=\"_blank\" rel=\"noopener\" data-url=\"https:\/\/sisu.ut.ee\/eluarengmaal\/arhaikum-ehk-%C3%BCrgeoon\">Arhaikum<\/a>\u00a0<i>\u00fcrgeoon<\/i><\/td>\n<\/tr>\n<\/tbody>\n<\/table>\n<p><a title=\"\" href=\"https:\/\/sisu.ut.ee\/eluarengmaal\/register\" target=\"_blank\" rel=\"noopener\" data-url=\"https:\/\/sisu.ut.ee\/eluarengmaal\/register\">Pildistatud kivististe register<\/a><\/p>\n<p><a title=\"\" href=\"https:\/\/sisu.ut.ee\/eluarengmaal\/kasutatud-kirjandus-1\" target=\"_blank\" rel=\"noopener\" data-url=\"https:\/\/sisu.ut.ee\/eluarengmaal\/kasutatud-kirjandus-1\">Kasutatud kirjandus<\/a><\/p>\n<p>\u00d5ppematerjalide koostamist toetas Keskkonnainsvesteeringute Keskus.<\/p>\n<p><img loading=\"lazy\" decoding=\"async\" class=\"alignnone size-medium wp-image-499\" src=\"https:\/\/sisu.ut.ee\/wp-content\/uploads\/sites\/426\/KIK-logo-300x41.png\" alt=\"\" width=\"300\" height=\"41\" srcset=\"https:\/\/sisu.ut.ee\/wp-content\/uploads\/sites\/426\/KIK-logo-300x41.png 300w, https:\/\/sisu.ut.ee\/wp-content\/uploads\/sites\/426\/KIK-logo.png 600w\" sizes=\"auto, (max-width: 300px) 100vw, 300px\"><\/p>\n<p>K\u00e4esoleva lehek\u00fclje\u00a0on \u00a0koostanud\u00a0<b>Mare Isakar<\/b>\u00a0<a title=\"\" href=\"https:\/\/sisu.ut.ee\/eluarengmaal\/kasutatud-kirjandus-1\" target=\"_blank\" rel=\"noopener\" data-url=\"https:\/\/sisu.ut.ee\/eluarengmaal\/kasutatud-kirjandus-1\">erinevate algmaterjalide p\u00f5hjal<\/a>.<br>\nCopyright \u00a9 2003 Mare Isakar<\/p>\n","protected":false},"excerpt":{"rendered":"<p>Tuhandeid aastaid on inimkond vaaginud k\u00fcsimusi: mil moel maailm alguse sai? kuidas elu tekkis? kust p\u00e4rinevad loomad ja taimed? V\u00e4lja on pakutud mitmeid seletusi m\u00fc\u00fctilistest oletustest teaduslike h\u00fcpoteesideni. 15. sajandil arvutas Salisbury anglikaani piiskop James Ussher \u201cPiiblile\u201d tuginedes v\u00e4lja, et &#8230;<\/p>\n","protected":false},"author":226,"featured_media":0,"parent":0,"menu_order":0,"comment_status":"closed","ping_status":"closed","template":"","meta":{"_acf_changed":false,"inline_featured_image":false,"footnotes":""},"class_list":["post-73","page","type-page","status-publish","hentry"],"acf":[],"_links":{"self":[{"href":"https:\/\/sisu.ut.ee\/eluarengmaal\/wp-json\/wp\/v2\/pages\/73","targetHints":{"allow":["GET"]}}],"collection":[{"href":"https:\/\/sisu.ut.ee\/eluarengmaal\/wp-json\/wp\/v2\/pages"}],"about":[{"href":"https:\/\/sisu.ut.ee\/eluarengmaal\/wp-json\/wp\/v2\/types\/page"}],"author":[{"embeddable":true,"href":"https:\/\/sisu.ut.ee\/eluarengmaal\/wp-json\/wp\/v2\/users\/226"}],"replies":[{"embeddable":true,"href":"https:\/\/sisu.ut.ee\/eluarengmaal\/wp-json\/wp\/v2\/comments?post=73"}],"version-history":[{"count":4,"href":"https:\/\/sisu.ut.ee\/eluarengmaal\/wp-json\/wp\/v2\/pages\/73\/revisions"}],"predecessor-version":[{"id":502,"href":"https:\/\/sisu.ut.ee\/eluarengmaal\/wp-json\/wp\/v2\/pages\/73\/revisions\/502"}],"wp:attachment":[{"href":"https:\/\/sisu.ut.ee\/eluarengmaal\/wp-json\/wp\/v2\/media?parent=73"}],"curies":[{"name":"wp","href":"https:\/\/api.w.org\/{rel}","templated":true}]}}