{"id":72,"date":"2024-04-04T05:55:45","date_gmt":"2024-04-04T02:55:45","guid":{"rendered":"https:\/\/sisu.ut.ee\/eluarengmaal\/kordaiidid\/"},"modified":"2024-04-04T05:56:24","modified_gmt":"2024-04-04T02:56:24","slug":"kordaiidid","status":"publish","type":"page","link":"https:\/\/sisu.ut.ee\/eluarengmaal\/kordaiidid\/","title":{"rendered":"Kordaiidid"},"content":{"rendered":"<p>\n\t<font face=\"Arial\"><font style=\"medium;font-style:normal;font-weight:400;letter-spacing:normal;text-align:start;text-indent:0px;text-transform:none\"><b>Kordaiidid<\/b>\u00a0ehk ihnlehikulaadsed (<i>Cordaites<\/i>) on v\u00e4ljasurnud\u00a0<\/font><\/font><a data-url=\"https:\/\/sisu.ut.ee\/eluarengmaal\/paljasseemnetaimed\" href=\"https:\/\/sisu.ut.ee\/eluarengmaal\/paljasseemnetaimed\" target=\"_blank\" title=\"\" rel=\"noopener\">paljasseemnetaimed<\/a><font face=\"Arial\"><font style=\"medium;font-style:normal;font-weight:400;letter-spacing:normal;text-align:start;text-indent:0px;text-transform:none\">, mis meenutavad okaspuid. Nad ilmusid\u00a0<\/font><\/font><a data-url=\"https:\/\/sisu.ut.ee\/eluarengmaal\/karbon\" href=\"https:\/\/sisu.ut.ee\/eluarengmaal\/karbon\" target=\"_blank\" title=\"\" rel=\"noopener\">Vara-Karbonis<\/a><font face=\"Arial\"><font style=\"medium;font-style:normal;font-weight:400;letter-spacing:normal;text-align:start;text-indent:0px;text-transform:none\">, saavutaid suurima arvukuse Karboni l\u00f5pus ning surid v\u00e4lja\u00a0<\/font><\/font><a data-url=\"https:\/\/sisu.ut.ee\/eluarengmaal\/triias\" href=\"https:\/\/sisu.ut.ee\/eluarengmaal\/triias\" target=\"_blank\" title=\"\" rel=\"noopener\">Triiases<\/a><font face=\"Arial\"><font style=\"medium;font-style:normal;font-weight:400;letter-spacing:normal;text-align:start;text-indent:0px;text-transform:none\">. Kordaiidid olid siledat\u00fcvelised puud (foto 1a), mille t\u00fcve l\u00e4bim\u00f5\u00f5t\u00a0v\u00f5is ulatuda kuni 1 meetrini ja k\u00f5rgus ulatuda kuni 30 meetrini. Nende latvades paiknesid kimpudena kuni 1 meetri pikkused s\u00fcstjad lehed (skeem 1b). Hilis-Karbonis moodustasid nad tihedaid metsi. Nende kivistunud t\u00fcvesid on s\u00e4ilinud kivis\u00f6ekihtides.<\/font><\/font><br><img loading=\"lazy\" decoding=\"async\" width=\"106\" height=\"235\" class=\"alignnone wp-image-322\" src=\"https:\/\/sisu.ut.ee\/wp-content\/uploads\/sites\/426\/kordaiit1a.gif\" title=\"kordaiit1a.gif\" alt=\"kordaiit1\"><font face=\"Arial\"><font style=\"medium;font-style:normal;font-weight:400;letter-spacing:normal;text-align:start;text-indent:0px;text-transform:none\">\u00a0a\u00a0<\/font><\/font><img loading=\"lazy\" decoding=\"async\" width=\"113\" height=\"170\" class=\"alignnone wp-image-323\" src=\"https:\/\/sisu.ut.ee\/wp-content\/uploads\/sites\/426\/kord1.gif\" title=\"kord1.gif\" alt=\"kord1\"><font face=\"Arial\"><font style=\"medium;font-style:normal;font-weight:400;letter-spacing:normal;text-align:start;text-indent:0px;text-transform:none\">\u00a0b<br>Skeem 1. Kordaiidi puu ja ladva rekonstruktsioon<\/font><\/font><br><img loading=\"lazy\" decoding=\"async\" width=\"120\" height=\"95\" class=\"alignnone wp-image-324\" src=\"https:\/\/sisu.ut.ee\/wp-content\/uploads\/sites\/426\/kordaiit3a.jpg\" title=\"kordaiit3a.jpg\" alt=\"kordaiit3\"><font face=\"Arial\"><font style=\"medium;font-style:normal;font-weight:400;letter-spacing:normal;text-align:start;text-indent:0px;text-transform:none\">\u00a0a\u00a0<\/font><\/font><img loading=\"lazy\" decoding=\"async\" width=\"120\" height=\"71\" class=\"alignnone wp-image-325\" src=\"https:\/\/sisu.ut.ee\/wp-content\/uploads\/sites\/426\/kordaiit2a.jpg\" title=\"kordaiit2a.jpg\" alt=\"kordaiit2\"><font face=\"Arial\"><font style=\"medium;font-style:normal;font-weight:400;letter-spacing:normal;text-align:start;text-indent:0px;text-transform:none\">\u00a0b<br>Foto 1. Kordaiidid: a \u2013\u00a0<i>Dadoxylon tchichatcheffi<\/i>\u00a0Goepperl., Karbon, Kuznetsk, t\u00fcve osa; b \u2013\u00a0<i>Noeggerathiopsis bishopi<\/i>\u00a0Bunburg, Karbon, Salairsk, lehed<\/font><\/font>\n<\/p>\n<p style=\"text-align:start\">\n\t<br><span><span style=\"color:#000000\"><span><span style=\"font-style:normal\"><span><span><span style=\"font-weight:400\"><span style=\"letter-spacing:normal\"><span><span style=\"text-transform:none\"><span><span><span><span><span>Koostanud ja fotografeerinud \u00a9 2003 Mare Isakar<\/span><\/span><\/span><\/span><\/span><\/span><\/span><\/span><\/span><\/span><\/span><\/span><\/span><\/span><\/span><\/p>\n","protected":false},"excerpt":{"rendered":"<p>Kordaiidid\u00a0ehk ihnlehikulaadsed (Cordaites) on v\u00e4ljasurnud\u00a0paljasseemnetaimed, mis meenutavad okaspuid. Nad ilmusid\u00a0Vara-Karbonis, saavutaid suurima arvukuse Karboni l\u00f5pus ning surid v\u00e4lja\u00a0Triiases. Kordaiidid olid siledat\u00fcvelised puud (foto 1a), mille t\u00fcve l\u00e4bim\u00f5\u00f5t\u00a0v\u00f5is ulatuda kuni 1 meetrini ja k\u00f5rgus ulatuda kuni 30 meetrini. Nende latvades paiknesid &#8230;<\/p>\n","protected":false},"author":226,"featured_media":0,"parent":0,"menu_order":0,"comment_status":"closed","ping_status":"closed","template":"","meta":{"_acf_changed":false,"inline_featured_image":false,"footnotes":""},"class_list":["post-72","page","type-page","status-publish","hentry"],"acf":[],"_links":{"self":[{"href":"https:\/\/sisu.ut.ee\/eluarengmaal\/wp-json\/wp\/v2\/pages\/72","targetHints":{"allow":["GET"]}}],"collection":[{"href":"https:\/\/sisu.ut.ee\/eluarengmaal\/wp-json\/wp\/v2\/pages"}],"about":[{"href":"https:\/\/sisu.ut.ee\/eluarengmaal\/wp-json\/wp\/v2\/types\/page"}],"author":[{"embeddable":true,"href":"https:\/\/sisu.ut.ee\/eluarengmaal\/wp-json\/wp\/v2\/users\/226"}],"replies":[{"embeddable":true,"href":"https:\/\/sisu.ut.ee\/eluarengmaal\/wp-json\/wp\/v2\/comments?post=72"}],"version-history":[{"count":1,"href":"https:\/\/sisu.ut.ee\/eluarengmaal\/wp-json\/wp\/v2\/pages\/72\/revisions"}],"predecessor-version":[{"id":415,"href":"https:\/\/sisu.ut.ee\/eluarengmaal\/wp-json\/wp\/v2\/pages\/72\/revisions\/415"}],"wp:attachment":[{"href":"https:\/\/sisu.ut.ee\/eluarengmaal\/wp-json\/wp\/v2\/media?parent=72"}],"curies":[{"name":"wp","href":"https:\/\/api.w.org\/{rel}","templated":true}]}}