{"id":70,"date":"2024-04-04T05:55:44","date_gmt":"2024-04-04T02:55:44","guid":{"rendered":"https:\/\/sisu.ut.ee\/eluarengmaal\/stromatopoorid\/"},"modified":"2024-04-04T05:56:25","modified_gmt":"2024-04-04T02:56:25","slug":"stromatopoorid","status":"publish","type":"page","link":"https:\/\/sisu.ut.ee\/eluarengmaal\/stromatopoorid\/","title":{"rendered":"Stromatopoorid"},"content":{"rendered":"<p>\n\t<font face=\"Arial\"><font style=\"medium;font-style:normal;font-weight:400;letter-spacing:normal;text-align:start;text-indent:0px;text-transform:none\"><b>Stromatopoorid<\/b>, ka stromatoporaadid ehk kihtpoorsed on\u00a0<\/font><\/font><a data-url=\"https:\/\/sisu.ut.ee\/eluarengmaal\/paleosoikum\" href=\"https:\/\/sisu.ut.ee\/eluarengmaal\/paleosoikum\" target=\"_blank\" title=\"\" rel=\"noopener\">Paleosoikumi<\/a><font face=\"Arial\"><font style=\"medium;font-style:normal;font-weight:400;letter-spacing:normal;text-align:start;text-indent:0px;text-transform:none\">\u00a0ja\u00a0<\/font><\/font><a data-url=\"https:\/\/sisu.ut.ee\/eluarengmaal\/mesosoikum\" href=\"https:\/\/sisu.ut.ee\/eluarengmaal\/mesosoikum\" target=\"_blank\" title=\"\" rel=\"noopener\">Mesosoikumi<\/a><font face=\"Arial\"><font style=\"medium;font-style:normal;font-weight:400;letter-spacing:normal;text-align:start;text-indent:0px;text-transform:none\">\u00a0madalmeredes elanud ainu\u00f5\u00f5ssete v\u00f5i kasnade (kuuluvus on ebaselge) hulka kuuluvad v\u00e4ljasurnud loomad. Stromatopoorid on kihilise v\u00f5i v\u00f5relise siseehitusega (joonis), nende lubiskelett on koloonialiste korallide t\u00fc\u00fcpi. Nad on s\u00e4ilinud kera-, kuhiku- v\u00f5i p\u00e4tsikujuliste kivististena (fotod 1-3), mille l\u00e4bim\u00f5\u00f5t ei \u00fcleta tavaliselt 25 cm, harva esineb ka 1 meetriseid kolooniaid. Stromatopoorid moodustasid riffe.<\/font><\/font>\n<\/p>\n<p>\n\t<font face=\"Arial\">Stromatopoorid on olulised\u00a0<\/font><a data-url=\"https:\/\/sisu.ut.ee\/eluarengmaal\/stratigraafia\" href=\"https:\/\/sisu.ut.ee\/eluarengmaal\/stratigraafia\" target=\"_blank\" title=\"\" rel=\"noopener\">stratigraafias<\/a><font face=\"Arial\">\u00a0\u2013 nende abil saab m\u00e4\u00e4rata\u00a0<\/font><a data-url=\"https:\/\/sisu.ut.ee\/eluarengmaal\/silur\" href=\"https:\/\/sisu.ut.ee\/eluarengmaal\/silur\" target=\"_blank\" title=\"\" rel=\"noopener\">Siluri<\/a><font face=\"Arial\">\u00a0ja\u00a0<\/font><a data-url=\"https:\/\/sisu.ut.ee\/eluarengmaal\/devon\" href=\"https:\/\/sisu.ut.ee\/eluarengmaal\/devon\" target=\"_blank\" title=\"\" rel=\"noopener\">Devoni<\/a><font face=\"Arial\">\u00a0lademete vanust. Eestis on nende kivistisi rohkesti Siluri lubjakivides.<\/font><br><img loading=\"lazy\" decoding=\"async\" width=\"265\" height=\"177\" class=\"alignnone wp-image-310\" src=\"https:\/\/sisu.ut.ee\/wp-content\/uploads\/sites\/426\/stroma2.gif\" title=\"stroma2.gif\" alt=\"stroma2\"><br><font face=\"Arial\">Joonis. Stromatopoori siseehitus<\/font><br><img loading=\"lazy\" decoding=\"async\" width=\"120\" height=\"117\" class=\"alignnone wp-image-311\" src=\"https:\/\/sisu.ut.ee\/wp-content\/uploads\/sites\/426\/stroma_1a.jpg\" title=\"stroma_1a.jpg\" alt=\"stroma1\">\u00a0<img loading=\"lazy\" decoding=\"async\" width=\"120\" height=\"69\" class=\"alignnone wp-image-312\" src=\"https:\/\/sisu.ut.ee\/wp-content\/uploads\/sites\/426\/stroma_2a.jpg\" title=\"stroma_2a.jpg\" alt=\"stroma2\"><br><font face=\"Arial\">Foto 1.\u00a0<i>Clathrodictyon boreale<\/i>\u00a0Riabinin, Tamsalu, Silur, Juuru lade<\/font><br><img loading=\"lazy\" decoding=\"async\" width=\"120\" height=\"79\" class=\"alignnone wp-image-313\" src=\"https:\/\/sisu.ut.ee\/wp-content\/uploads\/sites\/426\/stroma_3a.jpg\" title=\"stroma_3a.jpg\" alt=\"stroma3\">\u00a0<img loading=\"lazy\" decoding=\"async\" width=\"120\" height=\"58\" class=\"alignnone wp-image-314\" src=\"https:\/\/sisu.ut.ee\/wp-content\/uploads\/sites\/426\/stroma_4a.jpg\" title=\"stroma_4a.jpg\" alt=\"stroma4\">\u00a0<img loading=\"lazy\" decoding=\"async\" width=\"120\" height=\"80\" class=\"alignnone wp-image-315\" src=\"https:\/\/sisu.ut.ee\/wp-content\/uploads\/sites\/426\/stroma_7a.jpg\" title=\"stroma_7a.jpg\" alt=\"stroma7\"><br><font face=\"Arial\">Foto 2.\u00a0<i>Clathrodictyon delicatulum<\/i>\u00a0Nestor, Haapsa (r\u00e4ndkivi), Silur<\/font><br><img loading=\"lazy\" decoding=\"async\" width=\"110\" height=\"120\" class=\"alignnone wp-image-316\" src=\"https:\/\/sisu.ut.ee\/wp-content\/uploads\/sites\/426\/stroma_8a.jpg\" title=\"stroma_8a.jpg\" alt=\"stroma8\"><br><font face=\"Arial\">Foto 3.\u00a0<i>Densastroma pexisum<\/i>\u00a0(Yavorski), Ninase, Silur, Jaani lade<\/font>\n<\/p>\n<p style=\"text-align:start\">\n\t<br><span><span style=\"color:#000000\"><span><span style=\"font-style:normal\"><span><span><span style=\"font-weight:400\"><span style=\"letter-spacing:normal\"><span><span style=\"text-transform:none\"><span><span><span><span><span>Koostanud ja fotografeerinud \u00a9 2003 Mare Isakar<\/span><\/span><\/span><\/span><\/span><\/span><\/span><\/span><\/span><\/span><\/span><\/span><\/span><\/span><\/span><\/p>\n","protected":false},"excerpt":{"rendered":"<p>Stromatopoorid, ka stromatoporaadid ehk kihtpoorsed on\u00a0Paleosoikumi\u00a0ja\u00a0Mesosoikumi\u00a0madalmeredes elanud ainu\u00f5\u00f5ssete v\u00f5i kasnade (kuuluvus on ebaselge) hulka kuuluvad v\u00e4ljasurnud loomad. Stromatopoorid on kihilise v\u00f5i v\u00f5relise siseehitusega (joonis), nende lubiskelett on koloonialiste korallide t\u00fc\u00fcpi. Nad on s\u00e4ilinud kera-, kuhiku- v\u00f5i p\u00e4tsikujuliste kivististena (fotod 1-3), &#8230;<\/p>\n","protected":false},"author":226,"featured_media":0,"parent":0,"menu_order":0,"comment_status":"closed","ping_status":"closed","template":"","meta":{"_acf_changed":false,"inline_featured_image":false,"footnotes":""},"class_list":["post-70","page","type-page","status-publish","hentry"],"acf":[],"_links":{"self":[{"href":"https:\/\/sisu.ut.ee\/eluarengmaal\/wp-json\/wp\/v2\/pages\/70","targetHints":{"allow":["GET"]}}],"collection":[{"href":"https:\/\/sisu.ut.ee\/eluarengmaal\/wp-json\/wp\/v2\/pages"}],"about":[{"href":"https:\/\/sisu.ut.ee\/eluarengmaal\/wp-json\/wp\/v2\/types\/page"}],"author":[{"embeddable":true,"href":"https:\/\/sisu.ut.ee\/eluarengmaal\/wp-json\/wp\/v2\/users\/226"}],"replies":[{"embeddable":true,"href":"https:\/\/sisu.ut.ee\/eluarengmaal\/wp-json\/wp\/v2\/comments?post=70"}],"version-history":[{"count":1,"href":"https:\/\/sisu.ut.ee\/eluarengmaal\/wp-json\/wp\/v2\/pages\/70\/revisions"}],"predecessor-version":[{"id":435,"href":"https:\/\/sisu.ut.ee\/eluarengmaal\/wp-json\/wp\/v2\/pages\/70\/revisions\/435"}],"wp:attachment":[{"href":"https:\/\/sisu.ut.ee\/eluarengmaal\/wp-json\/wp\/v2\/media?parent=70"}],"curies":[{"name":"wp","href":"https:\/\/api.w.org\/{rel}","templated":true}]}}