{"id":7,"date":"2024-04-04T05:55:39","date_gmt":"2024-04-04T02:55:39","guid":{"rendered":"https:\/\/sisu.ut.ee\/eluarengmaal\/stratigraafia\/"},"modified":"2024-04-04T05:56:27","modified_gmt":"2024-04-04T02:56:27","slug":"stratigraafia","status":"publish","type":"page","link":"https:\/\/sisu.ut.ee\/eluarengmaal\/stratigraafia\/","title":{"rendered":"Stratigraafia"},"content":{"rendered":"<p>\n\t<b>Stratigraafia<\/b>\u00a0on geoloogia haru, mis k\u00e4sitleb maakoort moodustavate kivimkehade vanuselist j\u00e4rjestust ja ruumilisi suhteid ning m\u00e4\u00e4rab nende suhtelise vanuse. Biostratigraafia on stratigraafia haru, mis uurib paleontoloogilist meetodit rakendades kivististe p\u00f5hjal maakoore kihtide suhtelist vanust. P\u00f5hineb organismide evolutsiooni etappidel, st. et \u00fchtedes kihtides esinevad \u00fchesugused kivistised ja teistes teised. Ainult \u00fches kihis esinevaid kivistisi nimetatakse\u00a0<a data-url=\"https:\/\/sisu.ut.ee\/eluarengmaal\/juhtkivistis\" href=\"https:\/\/sisu.ut.ee\/eluarengmaal\/juhtkivistis\" target=\"_blank\" title=\"\" rel=\"noopener\"><b>juhtkivististeks<\/b><\/a>\u00a0(skeem 1). Leides sellise kivistise, saame kindlalt v\u00e4ita, et tegu on just selle \u00fche ja ainsa kihiga.<br><img loading=\"lazy\" decoding=\"async\" width=\"480\" height=\"429\" class=\"alignnone wp-image-106\" src=\"https:\/\/sisu.ut.ee\/wp-content\/uploads\/sites\/426\/strat.jpg\" title=\"strat.jpg\" alt=\"strat\" srcset=\"https:\/\/sisu.ut.ee\/wp-content\/uploads\/sites\/426\/strat.jpg 480w, https:\/\/sisu.ut.ee\/wp-content\/uploads\/sites\/426\/strat-300x268.jpg 300w\" sizes=\"auto, (max-width: 480px) 100vw, 480px\"><br>Skeem 1. Sarnased trilobiidid ja k\u00e4sijalgsed viitavad kihi samaegsele tekkele\n<\/p>\n<p>\n\tKuna liigid evolutsioneeruvad (muutuvad) aja jooksul ja v\u00e4ljasurnud liigid ei ilmu enam kunagi hiljem, siis saab neid kasutada teatud kihtide ligikaudse vanuse m\u00e4\u00e4ramiseks. Geoloogia l\u00e4htub eeldusest, et normaal-lasuvuse korral allpool lasuvad kihid on vanemad kui \u00fclal olevad kihid. Samal ajal moodustunud kivimid sisaldavad aga sarnaseid kivistisi, mis v\u00f5imaldabki erinevates piirkondades asuvaid kihte v\u00f5rrelda.<\/p>\n","protected":false},"excerpt":{"rendered":"<p>Stratigraafia\u00a0on geoloogia haru, mis k\u00e4sitleb maakoort moodustavate kivimkehade vanuselist j\u00e4rjestust ja ruumilisi suhteid ning m\u00e4\u00e4rab nende suhtelise vanuse. Biostratigraafia on stratigraafia haru, mis uurib paleontoloogilist meetodit rakendades kivististe p\u00f5hjal maakoore kihtide suhtelist vanust. P\u00f5hineb organismide evolutsiooni etappidel, st. et \u00fchtedes &#8230;<\/p>\n","protected":false},"author":226,"featured_media":0,"parent":0,"menu_order":0,"comment_status":"closed","ping_status":"closed","template":"","meta":{"_acf_changed":false,"inline_featured_image":false,"footnotes":""},"class_list":["post-7","page","type-page","status-publish","hentry"],"acf":[],"_links":{"self":[{"href":"https:\/\/sisu.ut.ee\/eluarengmaal\/wp-json\/wp\/v2\/pages\/7","targetHints":{"allow":["GET"]}}],"collection":[{"href":"https:\/\/sisu.ut.ee\/eluarengmaal\/wp-json\/wp\/v2\/pages"}],"about":[{"href":"https:\/\/sisu.ut.ee\/eluarengmaal\/wp-json\/wp\/v2\/types\/page"}],"author":[{"embeddable":true,"href":"https:\/\/sisu.ut.ee\/eluarengmaal\/wp-json\/wp\/v2\/users\/226"}],"replies":[{"embeddable":true,"href":"https:\/\/sisu.ut.ee\/eluarengmaal\/wp-json\/wp\/v2\/comments?post=7"}],"version-history":[{"count":1,"href":"https:\/\/sisu.ut.ee\/eluarengmaal\/wp-json\/wp\/v2\/pages\/7\/revisions"}],"predecessor-version":[{"id":480,"href":"https:\/\/sisu.ut.ee\/eluarengmaal\/wp-json\/wp\/v2\/pages\/7\/revisions\/480"}],"wp:attachment":[{"href":"https:\/\/sisu.ut.ee\/eluarengmaal\/wp-json\/wp\/v2\/media?parent=7"}],"curies":[{"name":"wp","href":"https:\/\/api.w.org\/{rel}","templated":true}]}}