{"id":68,"date":"2024-04-04T05:55:44","date_gmt":"2024-04-04T02:55:44","guid":{"rendered":"https:\/\/sisu.ut.ee\/eluarengmaal\/kitiinikud-ehk-kitiinloomad\/"},"modified":"2024-04-04T05:56:25","modified_gmt":"2024-04-04T02:56:25","slug":"kitiinikud-ehk-kitiinloomad","status":"publish","type":"page","link":"https:\/\/sisu.ut.ee\/eluarengmaal\/kitiinikud-ehk-kitiinloomad\/","title":{"rendered":"Kitiinikud ehk kitiinloomad"},"content":{"rendered":"<p>\n\t<b>Kitiinikud ehk kitiinloomad<\/b>\u00a0on v\u00e4ljasurnud planktiline, teadmata sugulusega mereliste organismide grupp.\n<\/p>\n<p>\n\tNeid on kasutatud k\u00f5ikide n\u00fc\u00fcdisaegsete\u00a0<a data-url=\"https:\/\/sisu.ut.ee\/eluarengmaal\/stratigraafia\" href=\"https:\/\/sisu.ut.ee\/eluarengmaal\/stratigraafia\" target=\"_blank\" title=\"\" rel=\"noopener\">stratigraafiliste<\/a>\u00a0skeemide korreleerimiseks.\u00a0<a data-url=\"https:\/\/sisu.ut.ee\/eluarengmaal\/ordoviitsium\" href=\"https:\/\/sisu.ut.ee\/eluarengmaal\/ordoviitsium\" target=\"_blank\" title=\"\" rel=\"noopener\">Ordoviitsiumi<\/a>\u00a0ladestust on neid leitud umbes 130,\u00a0<a data-url=\"https:\/\/sisu.ut.ee\/eluarengmaal\/silur\" href=\"https:\/\/sisu.ut.ee\/eluarengmaal\/silur\" target=\"_blank\" title=\"\" rel=\"noopener\">Siluri<\/a>\u00a0ladestust 100 liiki. Kujult on nad kelluka-, kurika-, nuia-, pulga- ja pudelikujulised, esineb ka \u00fcmaraid ja amforat meenutavaid vorme. Tavaliselt on nad 0,2-0,4 mm pikad, v\u00e4iksemad k\u00fc\u00fcnivad 0,05 mm, suuremad 2,3 mm-ni. Kesta aines on veel m\u00e4\u00e4ramata. Tegu on keeruka keemilise koostisega orgaanilise ainega (pseudokitiiniga), mis ei lahustu isegi kontsentreeritud soolhappes. Kitiinikute kohta ei ole veel t\u00e4pselt teada, kas nad kuuluvad looma-, taime- v\u00f5i koguni seeneriiki ja kas nad olid ainu- v\u00f5i hulkraksed.\n<\/p>\n<p>\n\t<img loading=\"lazy\" decoding=\"async\" width=\"175\" height=\"186\" class=\"alignnone wp-image-307\" src=\"https:\/\/sisu.ut.ee\/wp-content\/uploads\/sites\/426\/kitin.gif\" title=\"kitin.gif\" alt=\"kitin\"><\/p>\n<p>Foto 1. Kitiinloom<\/p>\n","protected":false},"excerpt":{"rendered":"<p>Kitiinikud ehk kitiinloomad\u00a0on v\u00e4ljasurnud planktiline, teadmata sugulusega mereliste organismide grupp. Neid on kasutatud k\u00f5ikide n\u00fc\u00fcdisaegsete\u00a0stratigraafiliste\u00a0skeemide korreleerimiseks.\u00a0Ordoviitsiumi\u00a0ladestust on neid leitud umbes 130,\u00a0Siluri\u00a0ladestust 100 liiki. Kujult on nad kelluka-, kurika-, nuia-, pulga- ja pudelikujulised, esineb ka \u00fcmaraid ja amforat meenutavaid vorme. Tavaliselt &#8230;<\/p>\n","protected":false},"author":226,"featured_media":0,"parent":0,"menu_order":0,"comment_status":"closed","ping_status":"closed","template":"","meta":{"_acf_changed":false,"inline_featured_image":false,"footnotes":""},"class_list":["post-68","page","type-page","status-publish","hentry"],"acf":[],"_links":{"self":[{"href":"https:\/\/sisu.ut.ee\/eluarengmaal\/wp-json\/wp\/v2\/pages\/68","targetHints":{"allow":["GET"]}}],"collection":[{"href":"https:\/\/sisu.ut.ee\/eluarengmaal\/wp-json\/wp\/v2\/pages"}],"about":[{"href":"https:\/\/sisu.ut.ee\/eluarengmaal\/wp-json\/wp\/v2\/types\/page"}],"author":[{"embeddable":true,"href":"https:\/\/sisu.ut.ee\/eluarengmaal\/wp-json\/wp\/v2\/users\/226"}],"replies":[{"embeddable":true,"href":"https:\/\/sisu.ut.ee\/eluarengmaal\/wp-json\/wp\/v2\/comments?post=68"}],"version-history":[{"count":1,"href":"https:\/\/sisu.ut.ee\/eluarengmaal\/wp-json\/wp\/v2\/pages\/68\/revisions"}],"predecessor-version":[{"id":433,"href":"https:\/\/sisu.ut.ee\/eluarengmaal\/wp-json\/wp\/v2\/pages\/68\/revisions\/433"}],"wp:attachment":[{"href":"https:\/\/sisu.ut.ee\/eluarengmaal\/wp-json\/wp\/v2\/media?parent=68"}],"curies":[{"name":"wp","href":"https:\/\/api.w.org\/{rel}","templated":true}]}}