{"id":63,"date":"2024-04-04T05:55:44","date_gmt":"2024-04-04T02:55:44","guid":{"rendered":"https:\/\/sisu.ut.ee\/eluarengmaal\/kidad\/"},"modified":"2024-04-04T05:56:25","modified_gmt":"2024-04-04T02:56:25","slug":"kidad","status":"publish","type":"page","link":"https:\/\/sisu.ut.ee\/eluarengmaal\/kidad\/","title":{"rendered":"Kidad"},"content":{"rendered":"<p>\n\t<font face=\"Arial\"><font style=\"medium;font-style:normal;font-weight:400;letter-spacing:normal;text-align:start;text-indent:0px;text-transform:none\"><b>Kidad<\/b>\u00a0(<i>Sphenopsida<\/i>) on v\u00e4ljasurnud suured eostaimed, mille k\u00f5ige tuntum v\u00e4ljasurnud esindaja on kalamiit (<i>Calamites<\/i>) (skeem 1). Neil oli horisontaalne risoom, l\u00fcline vars (l\u00e4bim\u00f5\u00f5t ulatus kuni 40 cm-ni) ja soomusjad lehed. Nad ilmusid\u00a0<\/font><\/font><a data-url=\"https:\/\/sisu.ut.ee\/eluarengmaal\/devon\" href=\"https:\/\/sisu.ut.ee\/eluarengmaal\/devon\" target=\"_blank\" title=\"\" rel=\"noopener\">Hilis-Devonis<\/a><font face=\"Arial\"><font style=\"medium;font-style:normal;font-weight:400;letter-spacing:normal;text-align:start;text-indent:0px;text-transform:none\">\u00a0ja surid v\u00e4lja\u00a0<\/font><\/font><a data-url=\"https:\/\/sisu.ut.ee\/eluarengmaal\/perm\" href=\"https:\/\/sisu.ut.ee\/eluarengmaal\/perm\" target=\"_blank\" title=\"\" rel=\"noopener\">Permis<\/a><font face=\"Arial\"><font style=\"medium;font-style:normal;font-weight:400;letter-spacing:normal;text-align:start;text-indent:0px;text-transform:none\">. Kivis\u00fcsi koosneb kohati fossiliseerunud kalamiitide t\u00fcvedest.<br>T\u00e4nap\u00e4eval elavad sellest klassist ainult\u00a0<b>osjade<\/b>\u00a0perekonna esindajad.<\/font><\/font><br><img loading=\"lazy\" decoding=\"async\" width=\"85\" height=\"192\" class=\"alignnone wp-image-288\" src=\"https:\/\/sisu.ut.ee\/wp-content\/uploads\/sites\/426\/calamites1a.gif\" title=\"calamites1a.gif\" alt=\"calamites1\"><img loading=\"lazy\" decoding=\"async\" width=\"86\" height=\"199\" class=\"alignnone wp-image-287\" src=\"https:\/\/sisu.ut.ee\/wp-content\/uploads\/sites\/426\/sphenopsida1a.gif\" title=\"sphenopsida1a.gif\" alt=\"sphenopsida1\"><br><font face=\"Arial\"><font style=\"medium;font-style:normal;font-weight:400;letter-spacing:normal;text-align:start;text-indent:0px;text-transform:none\">Skeem 1. Kalamiidi (vasakul) ja Karboni kida\u00a0<i>Sphenophyllum<\/i>\u00a0rekonstruktsioon<\/font><\/font><br><img loading=\"lazy\" decoding=\"async\" width=\"106\" height=\"120\" class=\"alignnone wp-image-289\" src=\"https:\/\/sisu.ut.ee\/wp-content\/uploads\/sites\/426\/calamites1a.jpg\" title=\"calamites1a.jpg\" alt=\"calamites1\"><br><font face=\"Arial\"><font style=\"medium;font-style:normal;font-weight:400;letter-spacing:normal;text-align:start;text-indent:0px;text-transform:none\">Foto 1. Kalamiidi\u00a0<i>Calamites varians<\/i>\u00a0varre osa, Karbon, L\u00f6bejun<\/font><\/font><br><img loading=\"lazy\" decoding=\"async\" width=\"109\" height=\"120\" class=\"alignnone wp-image-291\" src=\"https:\/\/sisu.ut.ee\/wp-content\/uploads\/sites\/426\/calamites3a.jpg\" title=\"calamites3a.jpg\" alt=\"calamites3\"><img loading=\"lazy\" decoding=\"async\" width=\"90\" height=\"120\" class=\"alignnone wp-image-290\" src=\"https:\/\/sisu.ut.ee\/wp-content\/uploads\/sites\/426\/calamites2a.jpg\" title=\"calamites2a.jpg\" alt=\"calamites2\"><br><font face=\"Arial\"><font style=\"medium;font-style:normal;font-weight:400;letter-spacing:normal;text-align:start;text-indent:0px;text-transform:none\">Foto 2. Kalamiit\u00a0<i>Asterophyllites hyppuroides<\/i>\u00a0Brogniart, Karbon, Radnitz, T\u0161ehhi<\/font><\/font>\n<\/p>\n<p style=\"text-align:start\">\n\t<br><span><span style=\"color:#000000\"><span><span style=\"font-style:normal\"><span><span><span style=\"font-weight:400\"><span style=\"letter-spacing:normal\"><span><span style=\"text-transform:none\"><span><span><span><span><span>Koostanud ja fotografeerinud \u00a9 2003 Mare Isakar<\/span><\/span><\/span><\/span><\/span><\/span><\/span><\/span><\/span><\/span><\/span><\/span><\/span><\/span><\/span><\/p>\n","protected":false},"excerpt":{"rendered":"<p>Kidad\u00a0(Sphenopsida) on v\u00e4ljasurnud suured eostaimed, mille k\u00f5ige tuntum v\u00e4ljasurnud esindaja on kalamiit (Calamites) (skeem 1). Neil oli horisontaalne risoom, l\u00fcline vars (l\u00e4bim\u00f5\u00f5t ulatus kuni 40 cm-ni) ja soomusjad lehed. Nad ilmusid\u00a0Hilis-Devonis\u00a0ja surid v\u00e4lja\u00a0Permis. Kivis\u00fcsi koosneb kohati fossiliseerunud kalamiitide t\u00fcvedest.T\u00e4nap\u00e4eval elavad &#8230;<\/p>\n","protected":false},"author":226,"featured_media":0,"parent":0,"menu_order":0,"comment_status":"closed","ping_status":"closed","template":"","meta":{"_acf_changed":false,"inline_featured_image":false,"footnotes":""},"class_list":["post-63","page","type-page","status-publish","hentry"],"acf":[],"_links":{"self":[{"href":"https:\/\/sisu.ut.ee\/eluarengmaal\/wp-json\/wp\/v2\/pages\/63","targetHints":{"allow":["GET"]}}],"collection":[{"href":"https:\/\/sisu.ut.ee\/eluarengmaal\/wp-json\/wp\/v2\/pages"}],"about":[{"href":"https:\/\/sisu.ut.ee\/eluarengmaal\/wp-json\/wp\/v2\/types\/page"}],"author":[{"embeddable":true,"href":"https:\/\/sisu.ut.ee\/eluarengmaal\/wp-json\/wp\/v2\/users\/226"}],"replies":[{"embeddable":true,"href":"https:\/\/sisu.ut.ee\/eluarengmaal\/wp-json\/wp\/v2\/comments?post=63"}],"version-history":[{"count":1,"href":"https:\/\/sisu.ut.ee\/eluarengmaal\/wp-json\/wp\/v2\/pages\/63\/revisions"}],"predecessor-version":[{"id":428,"href":"https:\/\/sisu.ut.ee\/eluarengmaal\/wp-json\/wp\/v2\/pages\/63\/revisions\/428"}],"wp:attachment":[{"href":"https:\/\/sisu.ut.ee\/eluarengmaal\/wp-json\/wp\/v2\/media?parent=63"}],"curies":[{"name":"wp","href":"https:\/\/api.w.org\/{rel}","templated":true}]}}