{"id":57,"date":"2024-04-04T05:55:43","date_gmt":"2024-04-04T02:55:43","guid":{"rendered":"https:\/\/sisu.ut.ee\/eluarengmaal\/palmlehikud\/"},"modified":"2024-04-04T05:56:25","modified_gmt":"2024-04-04T02:56:25","slug":"palmlehikud","status":"publish","type":"page","link":"https:\/\/sisu.ut.ee\/eluarengmaal\/palmlehikud\/","title":{"rendered":"Palmlehikud"},"content":{"rendered":"<p>\n\t<font face=\"Arial\"><font style=\"medium;font-style:normal;font-weight:400;letter-spacing:normal;text-align:start;text-indent:0px;text-transform:none\"><b>Palmlehikud<\/b>\u00a0(<i>Cycadopsida<\/i>) olid\u00a0<\/font><\/font><a data-url=\"https:\/\/sisu.ut.ee\/eluarengmaal\/mesosoikum\" href=\"https:\/\/sisu.ut.ee\/eluarengmaal\/mesosoikum\" target=\"_blank\" title=\"\" rel=\"noopener\">Mesosoikumile<\/a><font face=\"Arial\"><font style=\"medium;font-style:normal;font-weight:400;letter-spacing:normal;text-align:start;text-indent:0px;text-transform:none\">\u00a0iseloomulikud\u00a0<\/font><\/font><a data-url=\"https:\/\/sisu.ut.ee\/eluarengmaal\/paljasseemnetaimed\" href=\"https:\/\/sisu.ut.ee\/eluarengmaal\/paljasseemnetaimed\" target=\"_blank\" title=\"\" rel=\"noopener\">paljasseemnetaimed<\/a><font face=\"Arial\"><font style=\"medium;font-style:normal;font-weight:400;letter-spacing:normal;text-align:start;text-indent:0px;text-transform:none\">, millest t\u00e4nap\u00e4eval on s\u00e4ilinud \u00fcks selts \u2013 palmlehikulaadsed. Palmlehikud on palmi v\u00f5i s\u00f5najalga meenutavad suurte sulgjate lehtedega madalad puud. V\u00e4ljasurnud taimer\u00fchmadest kuuluvad siia\u00a0<b>bennetiidid<\/b>\u00a0ehk \u00fcrgpalmlehikud.<\/font><\/font><br><img loading=\"lazy\" decoding=\"async\" width=\"135\" height=\"181\" class=\"alignnone wp-image-273\" src=\"https:\/\/sisu.ut.ee\/wp-content\/uploads\/sites\/426\/bennett1a.gif\" title=\"bennett1a.gif\" alt=\"bennett\">\u00a0<img loading=\"lazy\" decoding=\"async\" width=\"131\" height=\"193\" class=\"alignnone wp-image-272\" src=\"https:\/\/sisu.ut.ee\/wp-content\/uploads\/sites\/426\/cycad1a.gif\" title=\"cycad1a.gif\" alt=\"cycad1\"><br><font face=\"Arial\"><font style=\"medium;font-style:normal;font-weight:400;letter-spacing:normal;text-align:start;text-indent:0px;text-transform:none\">Skeem 1. V\u00e4ljasurnud bennetiidi ja Hilis-Triiase palmlehiku rekonstruktsioon<\/font><\/font><br><img loading=\"lazy\" decoding=\"async\" width=\"120\" height=\"117\" class=\"alignnone wp-image-274\" src=\"https:\/\/sisu.ut.ee\/wp-content\/uploads\/sites\/426\/pteroph1a.jpg\" title=\"pteroph1a.jpg\" alt=\"pteroph1\"><font face=\"Arial\"><font style=\"medium;font-style:normal;font-weight:400;letter-spacing:normal;text-align:start;text-indent:0px;text-transform:none\">\u00a0a\u00a0<\/font><\/font><img loading=\"lazy\" decoding=\"async\" width=\"120\" height=\"104\" class=\"alignnone wp-image-275\" src=\"https:\/\/sisu.ut.ee\/wp-content\/uploads\/sites\/426\/pteroph2a.jpg\" title=\"pteroph2a.jpg\" alt=\"pteroph2\"><font face=\"Arial\"><font style=\"medium;font-style:normal;font-weight:400;letter-spacing:normal;text-align:start;text-indent:0px;text-transform:none\">\u00a0b\u00a0<\/font><\/font><img loading=\"lazy\" decoding=\"async\" width=\"54\" height=\"120\" class=\"alignnone wp-image-276\" src=\"https:\/\/sisu.ut.ee\/wp-content\/uploads\/sites\/426\/pteroph3a.jpg\" title=\"pteroph3a.jpg\" alt=\"pteroph3\"><font face=\"Arial\"><font style=\"medium;font-style:normal;font-weight:400;letter-spacing:normal;text-align:start;text-indent:0px;text-transform:none\">\u00a0c<br>Foto 1. Palmlehikud: a \u2013\u00a0<i>Pterophyllum longifolium<\/i>\u00a0lehe osa, Triias, Lunz; b \u2013\u00a0<i>Pterophyllum lipoldi<\/i>\u00a0lehe osa, Triias, Lunz; c \u2013\u00a0<i>Pterophyllum jaegeri<\/i>\u00a0leht, Triias, Stuttgart<\/font><\/font>\n<\/p>\n<p style=\"text-align:start\">\n\t<br><span><span style=\"color:#000000\"><span><span style=\"font-style:normal\"><span><span><span style=\"font-weight:400\"><span style=\"letter-spacing:normal\"><span><span style=\"text-transform:none\"><span><span><span><span><span>Koostanud ja fotografeerinud \u00a9 2003 Mare Isakar<\/span><\/span><\/span><\/span><\/span><\/span><\/span><\/span><\/span><\/span><\/span><\/span><\/span><\/span><\/span><\/p>\n","protected":false},"excerpt":{"rendered":"<p>Palmlehikud\u00a0(Cycadopsida) olid\u00a0Mesosoikumile\u00a0iseloomulikud\u00a0paljasseemnetaimed, millest t\u00e4nap\u00e4eval on s\u00e4ilinud \u00fcks selts \u2013 palmlehikulaadsed. Palmlehikud on palmi v\u00f5i s\u00f5najalga meenutavad suurte sulgjate lehtedega madalad puud. V\u00e4ljasurnud taimer\u00fchmadest kuuluvad siia\u00a0bennetiidid\u00a0ehk \u00fcrgpalmlehikud.\u00a0Skeem 1. V\u00e4ljasurnud bennetiidi ja Hilis-Triiase palmlehiku rekonstruktsioon\u00a0a\u00a0\u00a0b\u00a0\u00a0cFoto 1. Palmlehikud: a \u2013\u00a0Pterophyllum longifolium\u00a0lehe osa, Triias, &#8230;<\/p>\n","protected":false},"author":226,"featured_media":0,"parent":0,"menu_order":0,"comment_status":"closed","ping_status":"closed","template":"","meta":{"_acf_changed":false,"inline_featured_image":false,"footnotes":""},"class_list":["post-57","page","type-page","status-publish","hentry"],"acf":[],"_links":{"self":[{"href":"https:\/\/sisu.ut.ee\/eluarengmaal\/wp-json\/wp\/v2\/pages\/57","targetHints":{"allow":["GET"]}}],"collection":[{"href":"https:\/\/sisu.ut.ee\/eluarengmaal\/wp-json\/wp\/v2\/pages"}],"about":[{"href":"https:\/\/sisu.ut.ee\/eluarengmaal\/wp-json\/wp\/v2\/types\/page"}],"author":[{"embeddable":true,"href":"https:\/\/sisu.ut.ee\/eluarengmaal\/wp-json\/wp\/v2\/users\/226"}],"replies":[{"embeddable":true,"href":"https:\/\/sisu.ut.ee\/eluarengmaal\/wp-json\/wp\/v2\/comments?post=57"}],"version-history":[{"count":1,"href":"https:\/\/sisu.ut.ee\/eluarengmaal\/wp-json\/wp\/v2\/pages\/57\/revisions"}],"predecessor-version":[{"id":444,"href":"https:\/\/sisu.ut.ee\/eluarengmaal\/wp-json\/wp\/v2\/pages\/57\/revisions\/444"}],"wp:attachment":[{"href":"https:\/\/sisu.ut.ee\/eluarengmaal\/wp-json\/wp\/v2\/media?parent=57"}],"curies":[{"name":"wp","href":"https:\/\/api.w.org\/{rel}","templated":true}]}}